{"id":3561,"date":"2023-06-12T17:29:53","date_gmt":"2023-06-12T15:29:53","guid":{"rendered":"https:\/\/www.cafedelhomme.com\/?page_id=3561"},"modified":"2023-07-11T14:23:48","modified_gmt":"2023-07-11T12:23:48","slug":"personal-data","status":"publish","type":"page","link":"https:\/\/www.cafedelhomme.com\/en\/personal-data","title":{"rendered":"Personal data"},"content":{"rendered":"<div class=\"wpb-content-wrapper\"><p>[vc_row sticky_row=&#8221;yes&#8221; css=&#8221;.vc_custom_1686584680030{background-image: url(https:\/\/www.cafedelhomme.com\/wp-content\/uploads\/2023\/06\/helicot.jpg?id=2448) !important;background-position: center !important;background-repeat: no-repeat !important;background-size: cover !important;}&#8221; el_id=&#8221;header-page-simple&#8221;][vc_column responsive_css=&#8221;padding_top_large:220px|padding_bottom_large:220px&#8221; css=&#8221;.vc_custom_1683277774171{padding-top: 120px !important;padding-bottom: 230px !important;}&#8221;][vc_custom_heading text=&#8221;Personal data&#8221; font_container=&#8221;tag:h1|text_align:center&#8221; css=&#8221;.vc_custom_1688111670311{margin-bottom: 0px !important;}&#8221;][vc_column_text]<\/p>\n<p style=\"text-align: center;\">Learn more about the personal data we collect.<\/p>\n<p>[\/vc_column_text][\/vc_column][\/vc_row][vc_row responsive_css=&#8221;padding_top_large:40px|padding_bottom_large:80px&#8221; css=&#8221;.vc_custom_1686584601510{padding-top: 40px !important;padding-bottom: 40px !important;background-color: #ffffff !important;}&#8221;][vc_column][vc_custom_heading text=&#8221;Who are we?&#8221;][vc_column_text]Cafe de l\u2019Homme (\u201cWe\u201d), is a public limited company whose registered address is 17 PLACE DU TROCADERO, 75116 PARIS, FRANCE; we are the data controller responsible for the processing of your personal data.[\/vc_column_text][vc_custom_heading text=&#8221;The personal data that we gather&#8221; css=&#8221;.vc_custom_1688111709102{margin-top: 30px !important;}&#8221;][vc_column_text]We only gather and use the data that we need in order to provide you with personalised and high-quality services in the course of our activities.<\/p>\n<p>We may gather various categories of personal data, including:<\/p>\n<p>\u2013 Contact information (first name, family name, date of birth, postal and e-mail addresses, telephone number, gender and age).<br \/>\n\u2013 Identification and authentication data for instance when users access our online stores (logs, data from trackers, information about the security and the use of the terminal, IP address).[\/vc_column_text][vc_custom_heading text=&#8221;How we use your personal data&#8221; css=&#8221;.vc_custom_1688111728442{margin-top: 30px !important;}&#8221;][vc_column_text]We guarantee you full transparency over the use of your personal data; please refer to the table below to understand how and why we process your data.[\/vc_column_text][vc_row_inner][vc_column_inner width=&#8221;1\/3&#8243;][vc_custom_heading text=&#8221;Purpose&#8221; font_container=&#8221;tag:h3|text_align:left&#8221;][vc_column_text]To enable you to navigate seamlessly on our web site[\/vc_column_text][vc_column_text]To provide you with targeted information via paid advertisements (social networks, Google Ads, etc.) about our news and products[\/vc_column_text][vc_column_text]To inform you about our news and products via newsletters[\/vc_column_text][vc_column_text]To inform you about our news and products via newsletters[\/vc_column_text][vc_column_text]To measure and analyse traffic on the web site[\/vc_column_text][vc_column_text]To respond to your requests via our contact form, one of our e-mail addresses or one of the telephone numbers that are made available to you[\/vc_column_text][\/vc_column_inner][vc_column_inner width=&#8221;1\/3&#8243;][vc_custom_heading text=&#8221;Type of data&#8221; font_container=&#8221;tag:h3|text_align:left&#8221;][vc_column_text]P\/Mac address Data on the browser and\/or the type of terminal used Data on your connections to and browsing of the web site[\/vc_column_text][vc_column_text]IP\/Mac address Data on the type of browser and\/or terminal used Data on your connections to and browsing of the web[\/vc_column_text][vc_column_text]Email address[\/vc_column_text][vc_column_text]Family name and first name Title e-mail address (Postal address) Telephone number[\/vc_column_text][vc_column_text]IP\/Mac address Data on the type of browser and\/or terminal used Data on your connections to and browsing of the web site[\/vc_column_text][vc_column_text]Family name and first name Title e-mail address Delivery and billing address Telephone number Other information that you may wish to disclose to us[\/vc_column_text][\/vc_column_inner][vc_column_inner width=&#8221;1\/3&#8243;][vc_custom_heading text=&#8221;Legal basis&#8221; font_container=&#8221;tag:h3|text_align:left&#8221;][vc_column_text]Our legitimate interests (only \u201cstrictly necessary\u201d trackers that do not require your prior consent)[\/vc_column_text][vc_column_text]Our legitimate interests (to develop our activity and attain our marketing strategy)[\/vc_column_text][vc_column_text]Your consent to receiving marketing material by e-mail Our legitimate interests (to develop our activity and attain our marketing strategy)[\/vc_column_text][vc_column_text]Needed to perform a contract drawn up and signed with you[\/vc_column_text][vc_column_text]Our legitimate interests (keeping our web site up-to-date and relevant, gathering usage statistics, developing our activity and attaining our marketing strategy)[\/vc_column_text][vc_column_text]Needed to perform a contract drawn up and signed with you[\/vc_column_text][\/vc_column_inner][\/vc_row_inner][vc_custom_heading text=&#8221;The sharing of your personal data&#8221; css=&#8221;.vc_custom_1688111982440{margin-top: 30px !important;}&#8221;][vc_column_text]In order to accomplish the purposes that are described above, we disclose your personal data only to the service providers and subcontractors that provide services on our behalf. We keep your personal data for a period of 3 years as of its gathering or as of the date of your last activity.[\/vc_column_text][vc_custom_heading text=&#8221;Cookies&#8221; css=&#8221;.vc_custom_1688111999824{margin-top: 30px !important;}&#8221;][vc_column_text]His web site uses cookies. Cookies are files containing an identifier that are sent from a web server to a user\u2019s Web browser, and stored on the user\u2019s computer. They can be used to facilitate a user\u2019s access and track their browsing behaviour while connected to our web site. While browsing our web site, users may also receive cookies from third parties, such as Google Analytics. This solution enables us to analyse the use of our web site and to generate viewing statistics. Google\u2019s confidentiality policy may be accessed at the following address<\/p>\n<p>Users may opt to accept or reject cookies The configuration of one\u2019s browser to manage cookies depends on the type of browser involved. Information concerning the management of cookies for the main browsers on the market may be accessed at the following addresses :<\/p>\n<p>\u2022 For Internet Explorer<br \/>\n\u2022 For Chrome<br \/>\n\u2022 For Safari<br \/>\n\u2022 For Firefox<br \/>\n\u2022 For Op\u00e9ra[\/vc_column_text][vc_custom_heading text=&#8221;Your rights&#8221; css=&#8221;.vc_custom_1688112020188{margin-top: 30px !important;}&#8221;][vc_column_text]In accordance with the applicable regulations, you have a number of rights, to wit:<\/p>\n<p>\u2022 A right of access: you can obtain information concerning the processing of your personal data as well as a copy of this data.<br \/>\n\u2022 A right of rectification: if you believe that your personal data is incorrect or incomplete, you can request that it be modified accordingly<br \/>\n\u2022 A right to be forgotten: you may request that your personal data be erased to the extent of up to what is permitted by the prevailing regulations.<br \/>\n\u2022 A right to limit the processing of your personal data: you may request that the processing of your personal data be limited.<br \/>\n\u2022 A right of opposition: you may oppose the processing of your personal data for reasons linked to your personal circumstances. You have the right to oppose the processing of your personal data for marketing purposes under all circumstances, including profiling linked to such marketing purposes.<br \/>\n\u2022 A right to request the portability of your data: where this right is applicable, you may request that the personal data that you provided to us be returned to you, or where this is technically possible, transferred to a third party.<br \/>\n\u2022 A right to issue directives concerning the preservation, erasure or disclosure of your personal data after your death<br \/>\n\u2022 A right to withdraw your consent: if you have granted your consent to the processing of your personal data, you have the right to withdraw your consent at any point in time.<br \/>\nYou may exercise the abovementioned rights by sending a letter to CAFE DE L\u2019HOMME, D\u00c9L\u00c9GU\u00c9 \u00c0 LA PROTECTION DES DONN\u00c9ES, 17 PLACE DU TROCADERO \u2013 75116 PARIS, FRANCE, or by sending an e-mail to dpo@cafedelhomme.com<\/p>\n<p>In accordance with the applicable regulations, you are entitled to file a complaint with the appropriate regulating body, such as France\u2019s data protection authority, CNIL, 3 Place de Fontenoy, TSA 80715, 75334 Paris 07, France.[\/vc_column_text][vc_custom_heading text=&#8221;Modifications of this confidentiality and data protection policy&#8221; css=&#8221;.vc_custom_1688112045316{margin-top: 30px !important;}&#8221;][vc_column_text]We shall be entitled to modify this confidentiality policy from time to time. Please ensure that you familiarise yourself with the latest version of this document on our web sites and we shall inform you about any substantial modification through our web sites or via our usual communication channels.[\/vc_column_text][vc_custom_heading text=&#8221;How to contact us?&#8221; css=&#8221;.vc_custom_1688112062745{margin-top: 30px !important;}&#8221;][vc_column_text]If you have any questions concerning the use of your personal data mentioned in this document, please contact our data protection officer by sending a letter to CAFE DE L\u2019HOMME, D\u00c9L\u00c9GU\u00c9 \u00c0 LA PROTECTION DES DONN\u00c9ES, 17 PLACE DU TROCADERO \u2013 75116 PARIS, FRANCE, or by sending an e-mail to dpo@cafedelhomme.com[\/vc_column_text][\/vc_column][\/vc_row]<\/p>\n<\/div>","protected":false},"excerpt":{"rendered":"<p>[vc_row sticky_row=&#8221;yes&#8221; css=&#8221;.vc_custom_1686584680030{background-image: url(https:\/\/www.cafedelhomme.com\/wp-content\/uploads\/2023\/06\/helicot.jpg?id=2448) !important;background-position: center !important;background-repeat: no-repeat !important;background-size: cover !important;}&#8221; el_id=&#8221;header-page-simple&#8221;][vc_column responsive_css=&#8221;padding_top_large:220px|padding_bottom_large:220px&#8221; css=&#8221;.vc_custom_1683277774171{padding-top: 120px !important;padding-bottom: 230px !important;}&#8221;][vc_custom_heading text=&#8221;Personal data&#8221; font_container=&#8221;tag:h1|text_align:center&#8221; css=&#8221;.vc_custom_1688111670311{margin-bottom: 0px !important;}&#8221;][vc_column_text] Learn more about the personal data we collect. [\/vc_column_text][\/vc_column][\/vc_row][vc_row responsive_css=&#8221;padding_top_large:40px|padding_bottom_large:80px&#8221; css=&#8221;.vc_custom_1686584601510{padding-top: 40px !important;padding-bottom: 40px !important;background-color: #ffffff !important;}&#8221;][vc_column][vc_custom_heading text=&#8221;Who are we?&#8221;][vc_column_text]Cafe de&#8230;<\/p>\n","protected":false},"author":1,"featured_media":3264,"parent":0,"menu_order":0,"comment_status":"closed","ping_status":"closed","template":"","meta":{"_acf_changed":false,"footnotes":""},"class_list":["post-3561","page","type-page","status-publish","has-post-thumbnail","hentry"],"acf":[],"yoast_head":"<!-- This site is optimized with the Yoast SEO Premium plugin v20.10 (Yoast SEO v27.0) - https:\/\/yoast.com\/product\/yoast-seo-premium-wordpress\/ -->\n<title>Personal data - Caf\u00e9 de l&#039;Homme<\/title>\n<meta name=\"robots\" content=\"index, follow, max-snippet:-1, max-image-preview:large, max-video-preview:-1\" \/>\n<link rel=\"canonical\" href=\"https:\/\/www.cafedelhomme.com\/en\/personal-data\" \/>\n<meta property=\"og:locale\" content=\"en_US\" \/>\n<meta property=\"og:type\" content=\"article\" \/>\n<meta property=\"og:title\" content=\"Personal data - Caf\u00e9 de l&#039;Homme\" \/>\n<meta property=\"og:description\" content=\"[vc_row sticky_row=&#8221;yes&#8221; css=&#8221;.vc_custom_1686584680030{background-image: url(https:\/\/www.cafedelhomme.com\/wp-content\/uploads\/2023\/06\/helicot.jpg?id=2448) !important;background-position: center !important;background-repeat: no-repeat !important;background-size: cover !important;}&#8221; el_id=&#8221;header-page-simple&#8221;][vc_column responsive_css=&#8221;padding_top_large:220px|padding_bottom_large:220px&#8221; css=&#8221;.vc_custom_1683277774171{padding-top: 120px !important;padding-bottom: 230px !important;}&#8221;][vc_custom_heading text=&#8221;Personal data&#8221; font_container=&#8221;tag:h1|text_align:center&#8221; css=&#8221;.vc_custom_1688111670311{margin-bottom: 0px !important;}&#8221;][vc_column_text] Learn more about the personal data we collect. [\/vc_column_text][\/vc_column][\/vc_row][vc_row responsive_css=&#8221;padding_top_large:40px|padding_bottom_large:80px&#8221; css=&#8221;.vc_custom_1686584601510{padding-top: 40px !important;padding-bottom: 40px !important;background-color: #ffffff !important;}&#8221;][vc_column][vc_custom_heading text=&#8221;Who are we?&#8221;][vc_column_text]Cafe de...\" \/>\n<meta property=\"og:url\" content=\"https:\/\/www.cafedelhomme.com\/en\/personal-data\" \/>\n<meta property=\"og:site_name\" content=\"Caf\u00e9 de l&#039;Homme\" \/>\n<meta property=\"article:publisher\" content=\"https:\/\/www.facebook.com\/cafedelhomme\" \/>\n<meta property=\"article:modified_time\" content=\"2023-07-11T12:23:48+00:00\" \/>\n<meta property=\"og:image\" content=\"https:\/\/www.cafedelhomme.com\/wp-content\/uploads\/2023\/06\/helicot.jpg\" \/>\n\t<meta property=\"og:image:width\" content=\"1138\" \/>\n\t<meta property=\"og:image:height\" content=\"765\" \/>\n\t<meta property=\"og:image:type\" content=\"image\/jpeg\" \/>\n<meta name=\"twitter:card\" content=\"summary_large_image\" \/>\n<meta name=\"twitter:label1\" content=\"Est. reading time\" \/>\n\t<meta name=\"twitter:data1\" content=\"6 minutes\" \/>\n<script type=\"application\/ld+json\" class=\"yoast-schema-graph\">{\"@context\":\"https:\/\/schema.org\",\"@graph\":[{\"@type\":\"WebPage\",\"@id\":\"https:\/\/www.cafedelhomme.com\/en\/personal-data\",\"url\":\"https:\/\/www.cafedelhomme.com\/en\/personal-data\",\"name\":\"Personal data - Caf\u00e9 de l&#039;Homme\",\"isPartOf\":{\"@id\":\"https:\/\/www.cafedelhomme.com\/en#website\"},\"primaryImageOfPage\":{\"@id\":\"https:\/\/www.cafedelhomme.com\/en\/personal-data#primaryimage\"},\"image\":{\"@id\":\"https:\/\/www.cafedelhomme.com\/en\/personal-data#primaryimage\"},\"thumbnailUrl\":\"https:\/\/www.cafedelhomme.com\/wp-content\/uploads\/2023\/06\/helicot.jpg\",\"datePublished\":\"2023-06-12T15:29:53+00:00\",\"dateModified\":\"2023-07-11T12:23:48+00:00\",\"inLanguage\":\"en-US\",\"potentialAction\":[{\"@type\":\"ReadAction\",\"target\":[\"https:\/\/www.cafedelhomme.com\/en\/personal-data\"]}]},{\"@type\":\"ImageObject\",\"inLanguage\":\"en-US\",\"@id\":\"https:\/\/www.cafedelhomme.com\/en\/personal-data#primaryimage\",\"url\":\"https:\/\/www.cafedelhomme.com\/wp-content\/uploads\/2023\/06\/helicot.jpg\",\"contentUrl\":\"https:\/\/www.cafedelhomme.com\/wp-content\/uploads\/2023\/06\/helicot.jpg\",\"width\":1138,\"height\":765},{\"@type\":\"WebSite\",\"@id\":\"https:\/\/www.cafedelhomme.com\/en#website\",\"url\":\"https:\/\/www.cafedelhomme.com\/en\",\"name\":\"Caf\u00e9 de l'Homme\",\"description\":\"\",\"publisher\":{\"@id\":\"https:\/\/www.cafedelhomme.com\/en#organization\"},\"potentialAction\":[{\"@type\":\"SearchAction\",\"target\":{\"@type\":\"EntryPoint\",\"urlTemplate\":\"https:\/\/www.cafedelhomme.com\/en?s={search_term_string}\"},\"query-input\":{\"@type\":\"PropertyValueSpecification\",\"valueRequired\":true,\"valueName\":\"search_term_string\"}}],\"inLanguage\":\"en-US\"},{\"@type\":\"Organization\",\"@id\":\"https:\/\/www.cafedelhomme.com\/en#organization\",\"name\":\"Caf\u00e9 de l'Homme\",\"url\":\"https:\/\/www.cafedelhomme.com\/en\",\"logo\":{\"@type\":\"ImageObject\",\"inLanguage\":\"en-US\",\"@id\":\"https:\/\/www.cafedelhomme.com\/en#\/schema\/logo\/image\/\",\"url\":\"https:\/\/www.cafedelhomme.com\/wp-content\/uploads\/2023\/04\/big-logo-300x163-1.png\",\"contentUrl\":\"https:\/\/www.cafedelhomme.com\/wp-content\/uploads\/2023\/04\/big-logo-300x163-1.png\",\"width\":300,\"height\":163,\"caption\":\"Caf\u00e9 de l'Homme\"},\"image\":{\"@id\":\"https:\/\/www.cafedelhomme.com\/en#\/schema\/logo\/image\/\"},\"sameAs\":[\"https:\/\/www.facebook.com\/cafedelhomme\",\"https:\/\/www.instagram.com\/cafedelhomme\/\"]}]}<\/script>\n<!-- \/ Yoast SEO Premium plugin. -->","yoast_head_json":{"title":"Personal data - Caf\u00e9 de l&#039;Homme","robots":{"index":"index","follow":"follow","max-snippet":"max-snippet:-1","max-image-preview":"max-image-preview:large","max-video-preview":"max-video-preview:-1"},"canonical":"https:\/\/www.cafedelhomme.com\/en\/personal-data","og_locale":"en_US","og_type":"article","og_title":"Personal data - Caf\u00e9 de l&#039;Homme","og_description":"[vc_row sticky_row=&#8221;yes&#8221; css=&#8221;.vc_custom_1686584680030{background-image: url(https:\/\/www.cafedelhomme.com\/wp-content\/uploads\/2023\/06\/helicot.jpg?id=2448) !important;background-position: center !important;background-repeat: no-repeat !important;background-size: cover !important;}&#8221; el_id=&#8221;header-page-simple&#8221;][vc_column responsive_css=&#8221;padding_top_large:220px|padding_bottom_large:220px&#8221; css=&#8221;.vc_custom_1683277774171{padding-top: 120px !important;padding-bottom: 230px !important;}&#8221;][vc_custom_heading text=&#8221;Personal data&#8221; font_container=&#8221;tag:h1|text_align:center&#8221; css=&#8221;.vc_custom_1688111670311{margin-bottom: 0px !important;}&#8221;][vc_column_text] Learn more about the personal data we collect. [\/vc_column_text][\/vc_column][\/vc_row][vc_row responsive_css=&#8221;padding_top_large:40px|padding_bottom_large:80px&#8221; css=&#8221;.vc_custom_1686584601510{padding-top: 40px !important;padding-bottom: 40px !important;background-color: #ffffff !important;}&#8221;][vc_column][vc_custom_heading text=&#8221;Who are we?&#8221;][vc_column_text]Cafe de...","og_url":"https:\/\/www.cafedelhomme.com\/en\/personal-data","og_site_name":"Caf\u00e9 de l&#039;Homme","article_publisher":"https:\/\/www.facebook.com\/cafedelhomme","article_modified_time":"2023-07-11T12:23:48+00:00","og_image":[{"width":1138,"height":765,"url":"https:\/\/www.cafedelhomme.com\/wp-content\/uploads\/2023\/06\/helicot.jpg","type":"image\/jpeg"}],"twitter_card":"summary_large_image","twitter_misc":{"Est. reading time":"6 minutes"},"schema":{"@context":"https:\/\/schema.org","@graph":[{"@type":"WebPage","@id":"https:\/\/www.cafedelhomme.com\/en\/personal-data","url":"https:\/\/www.cafedelhomme.com\/en\/personal-data","name":"Personal data - Caf\u00e9 de l&#039;Homme","isPartOf":{"@id":"https:\/\/www.cafedelhomme.com\/en#website"},"primaryImageOfPage":{"@id":"https:\/\/www.cafedelhomme.com\/en\/personal-data#primaryimage"},"image":{"@id":"https:\/\/www.cafedelhomme.com\/en\/personal-data#primaryimage"},"thumbnailUrl":"https:\/\/www.cafedelhomme.com\/wp-content\/uploads\/2023\/06\/helicot.jpg","datePublished":"2023-06-12T15:29:53+00:00","dateModified":"2023-07-11T12:23:48+00:00","inLanguage":"en-US","potentialAction":[{"@type":"ReadAction","target":["https:\/\/www.cafedelhomme.com\/en\/personal-data"]}]},{"@type":"ImageObject","inLanguage":"en-US","@id":"https:\/\/www.cafedelhomme.com\/en\/personal-data#primaryimage","url":"https:\/\/www.cafedelhomme.com\/wp-content\/uploads\/2023\/06\/helicot.jpg","contentUrl":"https:\/\/www.cafedelhomme.com\/wp-content\/uploads\/2023\/06\/helicot.jpg","width":1138,"height":765},{"@type":"WebSite","@id":"https:\/\/www.cafedelhomme.com\/en#website","url":"https:\/\/www.cafedelhomme.com\/en","name":"Caf\u00e9 de l'Homme","description":"","publisher":{"@id":"https:\/\/www.cafedelhomme.com\/en#organization"},"potentialAction":[{"@type":"SearchAction","target":{"@type":"EntryPoint","urlTemplate":"https:\/\/www.cafedelhomme.com\/en?s={search_term_string}"},"query-input":{"@type":"PropertyValueSpecification","valueRequired":true,"valueName":"search_term_string"}}],"inLanguage":"en-US"},{"@type":"Organization","@id":"https:\/\/www.cafedelhomme.com\/en#organization","name":"Caf\u00e9 de l'Homme","url":"https:\/\/www.cafedelhomme.com\/en","logo":{"@type":"ImageObject","inLanguage":"en-US","@id":"https:\/\/www.cafedelhomme.com\/en#\/schema\/logo\/image\/","url":"https:\/\/www.cafedelhomme.com\/wp-content\/uploads\/2023\/04\/big-logo-300x163-1.png","contentUrl":"https:\/\/www.cafedelhomme.com\/wp-content\/uploads\/2023\/04\/big-logo-300x163-1.png","width":300,"height":163,"caption":"Caf\u00e9 de l'Homme"},"image":{"@id":"https:\/\/www.cafedelhomme.com\/en#\/schema\/logo\/image\/"},"sameAs":["https:\/\/www.facebook.com\/cafedelhomme","https:\/\/www.instagram.com\/cafedelhomme\/"]}]}},"_links":{"self":[{"href":"https:\/\/www.cafedelhomme.com\/en\/wp-json\/wp\/v2\/pages\/3561","targetHints":{"allow":["GET"]}}],"collection":[{"href":"https:\/\/www.cafedelhomme.com\/en\/wp-json\/wp\/v2\/pages"}],"about":[{"href":"https:\/\/www.cafedelhomme.com\/en\/wp-json\/wp\/v2\/types\/page"}],"author":[{"embeddable":true,"href":"https:\/\/www.cafedelhomme.com\/en\/wp-json\/wp\/v2\/users\/1"}],"replies":[{"embeddable":true,"href":"https:\/\/www.cafedelhomme.com\/en\/wp-json\/wp\/v2\/comments?post=3561"}],"version-history":[{"count":1,"href":"https:\/\/www.cafedelhomme.com\/en\/wp-json\/wp\/v2\/pages\/3561\/revisions"}],"predecessor-version":[{"id":3562,"href":"https:\/\/www.cafedelhomme.com\/en\/wp-json\/wp\/v2\/pages\/3561\/revisions\/3562"}],"wp:featuredmedia":[{"embeddable":true,"href":"https:\/\/www.cafedelhomme.com\/en\/wp-json\/wp\/v2\/media\/3264"}],"wp:attachment":[{"href":"https:\/\/www.cafedelhomme.com\/en\/wp-json\/wp\/v2\/media?parent=3561"}],"curies":[{"name":"wp","href":"https:\/\/api.w.org\/{rel}","templated":true}]}}