{"id":15142,"date":"2026-01-19T14:11:43","date_gmt":"2026-01-19T13:11:43","guid":{"rendered":"https:\/\/www.cafedelhomme.com\/produit\/lelegance-a-la-francaise-gift-set"},"modified":"2026-02-03T12:13:47","modified_gmt":"2026-02-03T11:13:47","slug":"lelegance-a-la-francaise-gift-set","status":"publish","type":"product","link":"https:\/\/www.cafedelhomme.com\/en\/produit\/lelegance-a-la-francaise-gift-set","title":{"rendered":"L&#8217;\u00e9l\u00e9gance \u00e0 la fran\u00e7aise gift set"},"content":{"rendered":"<p data-start=\"141\" data-end=\"352\">Conceived as an ode to the French art of entertaining, this <strong>boxed set of 3 Caf\u00e9 de l&#8217;Homme<\/strong> brings together three emblematic objects that tell the same story: that of taste, detail and timeless elegance.<\/p>\n<p data-start=\"354\" data-end=\"802\">At the heart of this box is a <strong data-start=\"380\" data-end=\"395\">lithophanie<\/strong> born of the collaboration between <strong data-start=\"426\" data-end=\"467\"><span class=\"hover:entity-accent entity-underline inline cursor-pointer align-baseline\"><span class=\"whitespace-normal\">Maison Bernardaud<\/span><\/span><\/strong> and Le <strong data-start=\"474\" data-end=\"493\">Caf\u00e9 de l&#8217;Homme<\/strong>. Shaped in Limoges porcelain, it reveals its full beauty when illuminated. Light passes delicately through the material, revealing a luminous scene with subtle reliefs. A decorative and contemplative object, it diffuses a warm, refined atmosphere, the signature of exceptional craftsmanship.   <\/p>\n<p data-start=\"804\" data-end=\"1188\">This creation is accompanied by a <strong data-start=\"841\" data-end=\"881\">carefully selected olive oil<\/strong>, a reflection of sincere, elegant gastronomy, and a <strong data-start=\"945\" data-end=\"980\">Caf\u00e9 de l&#8217;Homme bread plate<\/strong>, designed to sublimate the table with discretion and precision. Each piece finds its natural place at a meal or in an interior, extending the Caf\u00e9 de l&#8217;Homme experience beyond the restaurant. <\/p>\n<p data-start=\"1190\" data-end=\"1399\" data-is-last-node=\"\" data-is-only-node=\"\">Gathered together in a single box, this set embodies the art of detail, the pleasure of giving and the memory of suspended moments overlooking the Eiffel Tower. A rare, meaningful gift that blends art, gastronomy and emotion. <\/p>\n","protected":false},"excerpt":{"rendered":"<p>Caf\u00e9 de l&#8217;Homme gift set featuring Bernardaud lithophanie, exceptional olive oil and bread plate. An elegant tribute to the French art of entertaining. <\/p>\n","protected":false},"featured_media":14834,"comment_status":"closed","ping_status":"closed","template":"","meta":{"_acf_changed":false},"product_brand":[],"product_cat":[227],"product_tag":[],"class_list":{"0":"post-15142","1":"product","2":"type-product","3":"status-publish","4":"has-post-thumbnail","6":"product_cat-gift-set","8":"first","9":"instock","10":"shipping-taxable","11":"purchasable","12":"product-type-simple"},"acf":[],"yoast_head":"<!-- This site is optimized with the Yoast SEO Premium plugin v20.10 (Yoast SEO v27.0) - https:\/\/yoast.com\/product\/yoast-seo-premium-wordpress\/ -->\n<title>L&#039;\u00e9l\u00e9gance \u00e0 la fran\u00e7aise gift set - Caf\u00e9 de l&#039;Homme<\/title>\n<meta name=\"description\" content=\"Caf\u00e9 de l&#039;Homme gift set featuring Bernardaud lithophanie, exceptional olive oil and bread plate. An elegant tribute to the French art of entertaining.\" \/>\n<meta name=\"robots\" content=\"index, follow, max-snippet:-1, max-image-preview:large, max-video-preview:-1\" \/>\n<link rel=\"canonical\" href=\"https:\/\/www.cafedelhomme.com\/en\/produit\/lelegance-a-la-francaise-gift-set\" \/>\n<meta property=\"og:locale\" content=\"en_US\" \/>\n<meta property=\"og:type\" content=\"article\" \/>\n<meta property=\"og:title\" content=\"L&#039;\u00e9l\u00e9gance \u00e0 la fran\u00e7aise gift set\" \/>\n<meta property=\"og:description\" content=\"Caf\u00e9 de l&#039;Homme gift set featuring Bernardaud lithophanie, exceptional olive oil and bread plate. An elegant tribute to the French art of entertaining.\" \/>\n<meta property=\"og:url\" content=\"https:\/\/www.cafedelhomme.com\/en\/produit\/lelegance-a-la-francaise-gift-set\" \/>\n<meta property=\"og:site_name\" content=\"Caf\u00e9 de l&#039;Homme\" \/>\n<meta property=\"article:publisher\" content=\"https:\/\/www.facebook.com\/cafedelhomme\" \/>\n<meta property=\"article:modified_time\" content=\"2026-02-03T11:13:47+00:00\" \/>\n<meta property=\"og:image\" content=\"https:\/\/www.cafedelhomme.com\/wp-content\/uploads\/2026\/01\/Gemini_Generated_Image_1xgfua1xgfua1xgf.jpg\" \/>\n\t<meta property=\"og:image:width\" content=\"1266\" \/>\n\t<meta property=\"og:image:height\" content=\"1221\" \/>\n\t<meta property=\"og:image:type\" content=\"image\/jpeg\" \/>\n<meta name=\"twitter:card\" content=\"summary_large_image\" \/>\n<meta name=\"twitter:label1\" content=\"Est. reading time\" \/>\n\t<meta name=\"twitter:data1\" content=\"1 minute\" \/>\n<script type=\"application\/ld+json\" class=\"yoast-schema-graph\">{\"@context\":\"https:\/\/schema.org\",\"@graph\":[{\"@type\":\"WebPage\",\"@id\":\"https:\/\/www.cafedelhomme.com\/en\/produit\/lelegance-a-la-francaise-gift-set\",\"url\":\"https:\/\/www.cafedelhomme.com\/en\/produit\/lelegance-a-la-francaise-gift-set\",\"name\":\"L'\u00e9l\u00e9gance \u00e0 la fran\u00e7aise gift set - Caf\u00e9 de l&#039;Homme\",\"isPartOf\":{\"@id\":\"https:\/\/www.cafedelhomme.com\/en#website\"},\"primaryImageOfPage\":{\"@id\":\"https:\/\/www.cafedelhomme.com\/en\/produit\/lelegance-a-la-francaise-gift-set#primaryimage\"},\"image\":{\"@id\":\"https:\/\/www.cafedelhomme.com\/en\/produit\/lelegance-a-la-francaise-gift-set#primaryimage\"},\"thumbnailUrl\":\"https:\/\/www.cafedelhomme.com\/wp-content\/uploads\/2026\/01\/Gemini_Generated_Image_1xgfua1xgfua1xgf.jpg\",\"datePublished\":\"2026-01-19T13:11:43+00:00\",\"dateModified\":\"2026-02-03T11:13:47+00:00\",\"description\":\"Caf\u00e9 de l'Homme gift set featuring Bernardaud lithophanie, exceptional olive oil and bread plate. An elegant tribute to the French art of entertaining.\",\"breadcrumb\":{\"@id\":\"https:\/\/www.cafedelhomme.com\/en\/produit\/lelegance-a-la-francaise-gift-set#breadcrumb\"},\"inLanguage\":\"en-US\",\"potentialAction\":[{\"@type\":\"ReadAction\",\"target\":[\"https:\/\/www.cafedelhomme.com\/en\/produit\/lelegance-a-la-francaise-gift-set\"]}]},{\"@type\":\"ImageObject\",\"inLanguage\":\"en-US\",\"@id\":\"https:\/\/www.cafedelhomme.com\/en\/produit\/lelegance-a-la-francaise-gift-set#primaryimage\",\"url\":\"https:\/\/www.cafedelhomme.com\/wp-content\/uploads\/2026\/01\/Gemini_Generated_Image_1xgfua1xgfua1xgf.jpg\",\"contentUrl\":\"https:\/\/www.cafedelhomme.com\/wp-content\/uploads\/2026\/01\/Gemini_Generated_Image_1xgfua1xgfua1xgf.jpg\",\"width\":1266,\"height\":1221},{\"@type\":\"BreadcrumbList\",\"@id\":\"https:\/\/www.cafedelhomme.com\/en\/produit\/lelegance-a-la-francaise-gift-set#breadcrumb\",\"itemListElement\":[{\"@type\":\"ListItem\",\"position\":1,\"name\":\"Store\",\"item\":\"https:\/\/www.cafedelhomme.com\/en?page_id=15009\"},{\"@type\":\"ListItem\",\"position\":2,\"name\":\"L&rsquo;\u00e9l\u00e9gance \u00e0 la fran\u00e7aise gift set\"}]},{\"@type\":\"WebSite\",\"@id\":\"https:\/\/www.cafedelhomme.com\/en#website\",\"url\":\"https:\/\/www.cafedelhomme.com\/en\",\"name\":\"Caf\u00e9 de l'Homme\",\"description\":\"\",\"publisher\":{\"@id\":\"https:\/\/www.cafedelhomme.com\/en#organization\"},\"potentialAction\":[{\"@type\":\"SearchAction\",\"target\":{\"@type\":\"EntryPoint\",\"urlTemplate\":\"https:\/\/www.cafedelhomme.com\/en?s={search_term_string}\"},\"query-input\":{\"@type\":\"PropertyValueSpecification\",\"valueRequired\":true,\"valueName\":\"search_term_string\"}}],\"inLanguage\":\"en-US\"},{\"@type\":\"Organization\",\"@id\":\"https:\/\/www.cafedelhomme.com\/en#organization\",\"name\":\"Caf\u00e9 de l'Homme\",\"url\":\"https:\/\/www.cafedelhomme.com\/en\",\"logo\":{\"@type\":\"ImageObject\",\"inLanguage\":\"en-US\",\"@id\":\"https:\/\/www.cafedelhomme.com\/en#\/schema\/logo\/image\/\",\"url\":\"https:\/\/www.cafedelhomme.com\/wp-content\/uploads\/2023\/04\/big-logo-300x163-1.png\",\"contentUrl\":\"https:\/\/www.cafedelhomme.com\/wp-content\/uploads\/2023\/04\/big-logo-300x163-1.png\",\"width\":300,\"height\":163,\"caption\":\"Caf\u00e9 de l'Homme\"},\"image\":{\"@id\":\"https:\/\/www.cafedelhomme.com\/en#\/schema\/logo\/image\/\"},\"sameAs\":[\"https:\/\/www.facebook.com\/cafedelhomme\",\"https:\/\/www.instagram.com\/cafedelhomme\/\"]}]}<\/script>\n<!-- \/ Yoast SEO Premium plugin. -->","yoast_head_json":{"title":"L'\u00e9l\u00e9gance \u00e0 la fran\u00e7aise gift set - Caf\u00e9 de l&#039;Homme","description":"Caf\u00e9 de l'Homme gift set featuring Bernardaud lithophanie, exceptional olive oil and bread plate. An elegant tribute to the French art of entertaining.","robots":{"index":"index","follow":"follow","max-snippet":"max-snippet:-1","max-image-preview":"max-image-preview:large","max-video-preview":"max-video-preview:-1"},"canonical":"https:\/\/www.cafedelhomme.com\/en\/produit\/lelegance-a-la-francaise-gift-set","og_locale":"en_US","og_type":"article","og_title":"L'\u00e9l\u00e9gance \u00e0 la fran\u00e7aise gift set","og_description":"Caf\u00e9 de l'Homme gift set featuring Bernardaud lithophanie, exceptional olive oil and bread plate. An elegant tribute to the French art of entertaining.","og_url":"https:\/\/www.cafedelhomme.com\/en\/produit\/lelegance-a-la-francaise-gift-set","og_site_name":"Caf\u00e9 de l&#039;Homme","article_publisher":"https:\/\/www.facebook.com\/cafedelhomme","article_modified_time":"2026-02-03T11:13:47+00:00","og_image":[{"width":1266,"height":1221,"url":"https:\/\/www.cafedelhomme.com\/wp-content\/uploads\/2026\/01\/Gemini_Generated_Image_1xgfua1xgfua1xgf.jpg","type":"image\/jpeg"}],"twitter_card":"summary_large_image","twitter_misc":{"Est. reading time":"1 minute"},"schema":{"@context":"https:\/\/schema.org","@graph":[{"@type":"WebPage","@id":"https:\/\/www.cafedelhomme.com\/en\/produit\/lelegance-a-la-francaise-gift-set","url":"https:\/\/www.cafedelhomme.com\/en\/produit\/lelegance-a-la-francaise-gift-set","name":"L'\u00e9l\u00e9gance \u00e0 la fran\u00e7aise gift set - Caf\u00e9 de l&#039;Homme","isPartOf":{"@id":"https:\/\/www.cafedelhomme.com\/en#website"},"primaryImageOfPage":{"@id":"https:\/\/www.cafedelhomme.com\/en\/produit\/lelegance-a-la-francaise-gift-set#primaryimage"},"image":{"@id":"https:\/\/www.cafedelhomme.com\/en\/produit\/lelegance-a-la-francaise-gift-set#primaryimage"},"thumbnailUrl":"https:\/\/www.cafedelhomme.com\/wp-content\/uploads\/2026\/01\/Gemini_Generated_Image_1xgfua1xgfua1xgf.jpg","datePublished":"2026-01-19T13:11:43+00:00","dateModified":"2026-02-03T11:13:47+00:00","description":"Caf\u00e9 de l'Homme gift set featuring Bernardaud lithophanie, exceptional olive oil and bread plate. An elegant tribute to the French art of entertaining.","breadcrumb":{"@id":"https:\/\/www.cafedelhomme.com\/en\/produit\/lelegance-a-la-francaise-gift-set#breadcrumb"},"inLanguage":"en-US","potentialAction":[{"@type":"ReadAction","target":["https:\/\/www.cafedelhomme.com\/en\/produit\/lelegance-a-la-francaise-gift-set"]}]},{"@type":"ImageObject","inLanguage":"en-US","@id":"https:\/\/www.cafedelhomme.com\/en\/produit\/lelegance-a-la-francaise-gift-set#primaryimage","url":"https:\/\/www.cafedelhomme.com\/wp-content\/uploads\/2026\/01\/Gemini_Generated_Image_1xgfua1xgfua1xgf.jpg","contentUrl":"https:\/\/www.cafedelhomme.com\/wp-content\/uploads\/2026\/01\/Gemini_Generated_Image_1xgfua1xgfua1xgf.jpg","width":1266,"height":1221},{"@type":"BreadcrumbList","@id":"https:\/\/www.cafedelhomme.com\/en\/produit\/lelegance-a-la-francaise-gift-set#breadcrumb","itemListElement":[{"@type":"ListItem","position":1,"name":"Store","item":"https:\/\/www.cafedelhomme.com\/en?page_id=15009"},{"@type":"ListItem","position":2,"name":"L&rsquo;\u00e9l\u00e9gance \u00e0 la fran\u00e7aise gift set"}]},{"@type":"WebSite","@id":"https:\/\/www.cafedelhomme.com\/en#website","url":"https:\/\/www.cafedelhomme.com\/en","name":"Caf\u00e9 de l'Homme","description":"","publisher":{"@id":"https:\/\/www.cafedelhomme.com\/en#organization"},"potentialAction":[{"@type":"SearchAction","target":{"@type":"EntryPoint","urlTemplate":"https:\/\/www.cafedelhomme.com\/en?s={search_term_string}"},"query-input":{"@type":"PropertyValueSpecification","valueRequired":true,"valueName":"search_term_string"}}],"inLanguage":"en-US"},{"@type":"Organization","@id":"https:\/\/www.cafedelhomme.com\/en#organization","name":"Caf\u00e9 de l'Homme","url":"https:\/\/www.cafedelhomme.com\/en","logo":{"@type":"ImageObject","inLanguage":"en-US","@id":"https:\/\/www.cafedelhomme.com\/en#\/schema\/logo\/image\/","url":"https:\/\/www.cafedelhomme.com\/wp-content\/uploads\/2023\/04\/big-logo-300x163-1.png","contentUrl":"https:\/\/www.cafedelhomme.com\/wp-content\/uploads\/2023\/04\/big-logo-300x163-1.png","width":300,"height":163,"caption":"Caf\u00e9 de l'Homme"},"image":{"@id":"https:\/\/www.cafedelhomme.com\/en#\/schema\/logo\/image\/"},"sameAs":["https:\/\/www.facebook.com\/cafedelhomme","https:\/\/www.instagram.com\/cafedelhomme\/"]}]}},"_links":{"self":[{"href":"https:\/\/www.cafedelhomme.com\/en\/wp-json\/wp\/v2\/product\/15142","targetHints":{"allow":["GET"]}}],"collection":[{"href":"https:\/\/www.cafedelhomme.com\/en\/wp-json\/wp\/v2\/product"}],"about":[{"href":"https:\/\/www.cafedelhomme.com\/en\/wp-json\/wp\/v2\/types\/product"}],"replies":[{"embeddable":true,"href":"https:\/\/www.cafedelhomme.com\/en\/wp-json\/wp\/v2\/comments?post=15142"}],"wp:featuredmedia":[{"embeddable":true,"href":"https:\/\/www.cafedelhomme.com\/en\/wp-json\/wp\/v2\/media\/14834"}],"wp:attachment":[{"href":"https:\/\/www.cafedelhomme.com\/en\/wp-json\/wp\/v2\/media?parent=15142"}],"wp:term":[{"taxonomy":"product_brand","embeddable":true,"href":"https:\/\/www.cafedelhomme.com\/en\/wp-json\/wp\/v2\/product_brand?post=15142"},{"taxonomy":"product_cat","embeddable":true,"href":"https:\/\/www.cafedelhomme.com\/en\/wp-json\/wp\/v2\/product_cat?post=15142"},{"taxonomy":"product_tag","embeddable":true,"href":"https:\/\/www.cafedelhomme.com\/en\/wp-json\/wp\/v2\/product_tag?post=15142"}],"curies":[{"name":"wp","href":"https:\/\/api.w.org\/{rel}","templated":true}]}}