{"id":10294,"date":"2025-03-18T09:07:01","date_gmt":"2025-03-18T08:07:01","guid":{"rendered":"https:\/\/www.cafedelhomme.com\/gracias-por-tu-solicitud"},"modified":"2025-04-24T15:16:31","modified_gmt":"2025-04-24T13:16:31","slug":"gracias-por-tu-solicitud","status":"publish","type":"page","link":"https:\/\/www.cafedelhomme.com\/es\/gracias-por-tu-solicitud","title":{"rendered":"Gracias por tu solicitud"},"content":{"rendered":"<div class=\"wpb-content-wrapper\"><p>[vc_row responsive_css=\u00bbpadding_top_large:285px|padding_bottom_large:285px\u00bb el_id=\u00bbkey-figures\u00bb css=\u00bb.vc_custom_1745500589115{padding-top: 80px !important;padding-bottom: 70px !important;}\u00bb el_class=\u00bbproduits_exception\u00bb][vc_column][vc_custom_heading text=\u00bbGracias por tu solicitud\u00bb font_container=\u00bbtag:h1|text_align:center\u00bb css=\u00bb\u00bb][vc_row_inner][vc_column_inner el_class=\u00bbfigure_description\u00bb][vc_column_text css=\u00bb\u00bb el_class=\u00bbdescription\u00bb]Gracias por tu solicitud. Nuestro equipo de eventos se pondr\u00e1 en contacto contigo lo antes posible por correo electr\u00f3nico.<\/p>\n<p>Hasta pronto en el Caf\u00e9 de l&rsquo;Homme.[\/vc_column_text][\/vc_column_inner][\/vc_row_inner][\/vc_column][\/vc_row]<\/p>\n<\/div>","protected":false},"excerpt":{"rendered":"<p>[vc_row responsive_css=\u00bbpadding_top_large:285px|padding_bottom_large:285px\u00bb el_id=\u00bbkey-figures\u00bb css=\u00bb.vc_custom_1745500589115{padding-top: 80px !important;padding-bottom: 70px !important;}\u00bb el_class=\u00bbproduits_exception\u00bb][vc_column][vc_custom_heading text=\u00bbGracias por tu solicitud\u00bb font_container=\u00bbtag:h1|text_align:center\u00bb css=\u00bb\u00bb][vc_row_inner][vc_column_inner el_class=\u00bbfigure_description\u00bb][vc_column_text css=\u00bb\u00bb el_class=\u00bbdescription\u00bb]Gracias por tu solicitud. Nuestro equipo de eventos se pondr\u00e1 en contacto contigo lo antes posible por correo electr\u00f3nico. Hasta pronto en el Caf\u00e9 de l&rsquo;Homme.[\/vc_column_text][\/vc_column_inner][\/vc_row_inner][\/vc_column][\/vc_row]<\/p>\n","protected":false},"author":1,"featured_media":0,"parent":0,"menu_order":0,"comment_status":"closed","ping_status":"closed","template":"","meta":{"_acf_changed":false,"footnotes":""},"class_list":["post-10294","page","type-page","status-publish","hentry"],"acf":[],"yoast_head":"<!-- This site is optimized with the Yoast SEO Premium plugin v20.10 (Yoast SEO v27.0) - https:\/\/yoast.com\/product\/yoast-seo-premium-wordpress\/ -->\n<title>Gracias por tu solicitud - Caf\u00e9 de l&#039;Homme<\/title>\n<meta name=\"robots\" content=\"index, follow, max-snippet:-1, max-image-preview:large, max-video-preview:-1\" \/>\n<link rel=\"canonical\" href=\"https:\/\/www.cafedelhomme.com\/es\/gracias-por-tu-solicitud\" \/>\n<meta property=\"og:locale\" content=\"es_ES\" \/>\n<meta property=\"og:type\" content=\"article\" \/>\n<meta property=\"og:title\" content=\"Gracias por tu solicitud - Caf\u00e9 de l&#039;Homme\" \/>\n<meta property=\"og:description\" content=\"[vc_row responsive_css=\u00bbpadding_top_large:285px|padding_bottom_large:285px\u00bb el_id=\u00bbkey-figures\u00bb css=\u00bb.vc_custom_1745500589115{padding-top: 80px !important;padding-bottom: 70px !important;}\u00bb el_class=\u00bbproduits_exception\u00bb][vc_column][vc_custom_heading text=\u00bbGracias por tu solicitud\u00bb font_container=\u00bbtag:h1|text_align:center\u00bb css=\u00bb\u00bb][vc_row_inner][vc_column_inner el_class=\u00bbfigure_description\u00bb][vc_column_text css=\u00bb\u00bb el_class=\u00bbdescription\u00bb]Gracias por tu solicitud. Nuestro equipo de eventos se pondr\u00e1 en contacto contigo lo antes posible por correo electr\u00f3nico. Hasta pronto en el Caf\u00e9 de l&rsquo;Homme.[\/vc_column_text][\/vc_column_inner][\/vc_row_inner][\/vc_column][\/vc_row]\" \/>\n<meta property=\"og:url\" content=\"https:\/\/www.cafedelhomme.com\/es\/gracias-por-tu-solicitud\" \/>\n<meta property=\"og:site_name\" content=\"Caf\u00e9 de l&#039;Homme\" \/>\n<meta property=\"article:publisher\" content=\"https:\/\/www.facebook.com\/cafedelhomme\" \/>\n<meta property=\"article:modified_time\" content=\"2025-04-24T13:16:31+00:00\" \/>\n<meta name=\"twitter:card\" content=\"summary_large_image\" \/>\n<meta name=\"twitter:label1\" content=\"Tiempo de lectura\" \/>\n\t<meta name=\"twitter:data1\" content=\"1 minuto\" \/>\n<script type=\"application\/ld+json\" class=\"yoast-schema-graph\">{\"@context\":\"https:\/\/schema.org\",\"@graph\":[{\"@type\":\"WebPage\",\"@id\":\"https:\/\/www.cafedelhomme.com\/es\/gracias-por-tu-solicitud\",\"url\":\"https:\/\/www.cafedelhomme.com\/es\/gracias-por-tu-solicitud\",\"name\":\"Gracias por tu solicitud - Caf\u00e9 de l&#039;Homme\",\"isPartOf\":{\"@id\":\"https:\/\/www.cafedelhomme.com\/es#website\"},\"datePublished\":\"2025-03-18T08:07:01+00:00\",\"dateModified\":\"2025-04-24T13:16:31+00:00\",\"inLanguage\":\"es\",\"potentialAction\":[{\"@type\":\"ReadAction\",\"target\":[\"https:\/\/www.cafedelhomme.com\/es\/gracias-por-tu-solicitud\"]}]},{\"@type\":\"WebSite\",\"@id\":\"https:\/\/www.cafedelhomme.com\/es#website\",\"url\":\"https:\/\/www.cafedelhomme.com\/es\",\"name\":\"Caf\u00e9 de l'Homme\",\"description\":\"\",\"publisher\":{\"@id\":\"https:\/\/www.cafedelhomme.com\/es#organization\"},\"potentialAction\":[{\"@type\":\"SearchAction\",\"target\":{\"@type\":\"EntryPoint\",\"urlTemplate\":\"https:\/\/www.cafedelhomme.com\/es?s={search_term_string}\"},\"query-input\":{\"@type\":\"PropertyValueSpecification\",\"valueRequired\":true,\"valueName\":\"search_term_string\"}}],\"inLanguage\":\"es\"},{\"@type\":\"Organization\",\"@id\":\"https:\/\/www.cafedelhomme.com\/es#organization\",\"name\":\"Caf\u00e9 del Hombre\",\"url\":\"https:\/\/www.cafedelhomme.com\/es\",\"logo\":{\"@type\":\"ImageObject\",\"inLanguage\":\"es\",\"@id\":\"https:\/\/www.cafedelhomme.com\/es#\/schema\/logo\/image\/\",\"url\":\"https:\/\/www.cafedelhomme.com\/wp-content\/uploads\/2023\/04\/big-logo-300x163-1.png\",\"contentUrl\":\"https:\/\/www.cafedelhomme.com\/wp-content\/uploads\/2023\/04\/big-logo-300x163-1.png\",\"width\":300,\"height\":163,\"caption\":\"Caf\u00e9 del Hombre\"},\"image\":{\"@id\":\"https:\/\/www.cafedelhomme.com\/es#\/schema\/logo\/image\/\"},\"sameAs\":[\"https:\/\/www.facebook.com\/cafedelhomme\",\"https:\/\/www.instagram.com\/cafedelhomme\/\"]}]}<\/script>\n<!-- \/ Yoast SEO Premium plugin. -->","yoast_head_json":{"title":"Gracias por tu solicitud - Caf\u00e9 de l&#039;Homme","robots":{"index":"index","follow":"follow","max-snippet":"max-snippet:-1","max-image-preview":"max-image-preview:large","max-video-preview":"max-video-preview:-1"},"canonical":"https:\/\/www.cafedelhomme.com\/es\/gracias-por-tu-solicitud","og_locale":"es_ES","og_type":"article","og_title":"Gracias por tu solicitud - Caf\u00e9 de l&#039;Homme","og_description":"[vc_row responsive_css=\u00bbpadding_top_large:285px|padding_bottom_large:285px\u00bb el_id=\u00bbkey-figures\u00bb css=\u00bb.vc_custom_1745500589115{padding-top: 80px !important;padding-bottom: 70px !important;}\u00bb el_class=\u00bbproduits_exception\u00bb][vc_column][vc_custom_heading text=\u00bbGracias por tu solicitud\u00bb font_container=\u00bbtag:h1|text_align:center\u00bb css=\u00bb\u00bb][vc_row_inner][vc_column_inner el_class=\u00bbfigure_description\u00bb][vc_column_text css=\u00bb\u00bb el_class=\u00bbdescription\u00bb]Gracias por tu solicitud. Nuestro equipo de eventos se pondr\u00e1 en contacto contigo lo antes posible por correo electr\u00f3nico. Hasta pronto en el Caf\u00e9 de l&rsquo;Homme.[\/vc_column_text][\/vc_column_inner][\/vc_row_inner][\/vc_column][\/vc_row]","og_url":"https:\/\/www.cafedelhomme.com\/es\/gracias-por-tu-solicitud","og_site_name":"Caf\u00e9 de l&#039;Homme","article_publisher":"https:\/\/www.facebook.com\/cafedelhomme","article_modified_time":"2025-04-24T13:16:31+00:00","twitter_card":"summary_large_image","twitter_misc":{"Tiempo de lectura":"1 minuto"},"schema":{"@context":"https:\/\/schema.org","@graph":[{"@type":"WebPage","@id":"https:\/\/www.cafedelhomme.com\/es\/gracias-por-tu-solicitud","url":"https:\/\/www.cafedelhomme.com\/es\/gracias-por-tu-solicitud","name":"Gracias por tu solicitud - Caf\u00e9 de l&#039;Homme","isPartOf":{"@id":"https:\/\/www.cafedelhomme.com\/es#website"},"datePublished":"2025-03-18T08:07:01+00:00","dateModified":"2025-04-24T13:16:31+00:00","inLanguage":"es","potentialAction":[{"@type":"ReadAction","target":["https:\/\/www.cafedelhomme.com\/es\/gracias-por-tu-solicitud"]}]},{"@type":"WebSite","@id":"https:\/\/www.cafedelhomme.com\/es#website","url":"https:\/\/www.cafedelhomme.com\/es","name":"Caf\u00e9 de l'Homme","description":"","publisher":{"@id":"https:\/\/www.cafedelhomme.com\/es#organization"},"potentialAction":[{"@type":"SearchAction","target":{"@type":"EntryPoint","urlTemplate":"https:\/\/www.cafedelhomme.com\/es?s={search_term_string}"},"query-input":{"@type":"PropertyValueSpecification","valueRequired":true,"valueName":"search_term_string"}}],"inLanguage":"es"},{"@type":"Organization","@id":"https:\/\/www.cafedelhomme.com\/es#organization","name":"Caf\u00e9 del Hombre","url":"https:\/\/www.cafedelhomme.com\/es","logo":{"@type":"ImageObject","inLanguage":"es","@id":"https:\/\/www.cafedelhomme.com\/es#\/schema\/logo\/image\/","url":"https:\/\/www.cafedelhomme.com\/wp-content\/uploads\/2023\/04\/big-logo-300x163-1.png","contentUrl":"https:\/\/www.cafedelhomme.com\/wp-content\/uploads\/2023\/04\/big-logo-300x163-1.png","width":300,"height":163,"caption":"Caf\u00e9 del Hombre"},"image":{"@id":"https:\/\/www.cafedelhomme.com\/es#\/schema\/logo\/image\/"},"sameAs":["https:\/\/www.facebook.com\/cafedelhomme","https:\/\/www.instagram.com\/cafedelhomme\/"]}]}},"_links":{"self":[{"href":"https:\/\/www.cafedelhomme.com\/es\/wp-json\/wp\/v2\/pages\/10294","targetHints":{"allow":["GET"]}}],"collection":[{"href":"https:\/\/www.cafedelhomme.com\/es\/wp-json\/wp\/v2\/pages"}],"about":[{"href":"https:\/\/www.cafedelhomme.com\/es\/wp-json\/wp\/v2\/types\/page"}],"author":[{"embeddable":true,"href":"https:\/\/www.cafedelhomme.com\/es\/wp-json\/wp\/v2\/users\/1"}],"replies":[{"embeddable":true,"href":"https:\/\/www.cafedelhomme.com\/es\/wp-json\/wp\/v2\/comments?post=10294"}],"version-history":[{"count":2,"href":"https:\/\/www.cafedelhomme.com\/es\/wp-json\/wp\/v2\/pages\/10294\/revisions"}],"predecessor-version":[{"id":11043,"href":"https:\/\/www.cafedelhomme.com\/es\/wp-json\/wp\/v2\/pages\/10294\/revisions\/11043"}],"wp:attachment":[{"href":"https:\/\/www.cafedelhomme.com\/es\/wp-json\/wp\/v2\/media?parent=10294"}],"curies":[{"name":"wp","href":"https:\/\/api.w.org\/{rel}","templated":true}]}}