{"id":10302,"date":"2025-01-13T15:16:24","date_gmt":"2025-01-13T14:16:24","guid":{"rendered":"https:\/\/www.cafedelhomme.com\/informacion-sobre-la-promocion-welcome2025"},"modified":"2025-03-27T17:03:07","modified_gmt":"2025-03-27T16:03:07","slug":"informacion-sobre-la-promocion-welcome2025","status":"publish","type":"page","link":"https:\/\/www.cafedelhomme.com\/es\/informacion-sobre-la-promocion-welcome2025","title":{"rendered":"Informaci\u00f3n sobre la promoci\u00f3n WELCOME2025"},"content":{"rendered":"<div class=\"wpb-content-wrapper\"><p>[vc_row css=\u00bb.vc_custom_1736778282838{padding-top: 80px !important;padding-bottom: 120px !important;}\u00bb el_class=\u00bbnewsletter-infos\u00bb][vc_column][vc_custom_heading text=\u00bbInformaci\u00f3n sobre la promoci\u00f3n WELCOME2025&Prime; css=\u00bb\u00bb][vc_column_text css=\u00bb\u00bb]<i data-stringify-type=\"italic\"><strong>Resumen de condiciones<\/strong>: Oferta v\u00e1lida s\u00f3lo para una comida de lunes a jueves de enero de 2025. Limitada a las 100 primeras reservas con el \u00bb <\/i><b data-stringify-type=\"bold\"><i data-stringify-type=\"italic\">BIENVENIDO2025<\/i><\/b><i data-stringify-type=\"italic\">\u00bb. Hasta agotar existencias. El abuso de alcohol es peligroso para la salud. Cons\u00famelo con moderaci\u00f3n.  <\/i><\/p>\n<p>&nbsp;<\/p>\n<div class=\"AppleOriginalContents\">\n<blockquote>\n<div>\n<p data-sourcepos=\"19:1-19:36\"><strong>Art\u00edculo 1. Empresa organizadora <\/strong><\/p>\n<p data-sourcepos=\"21:1-21:389\">Caf\u00e9 de l&rsquo;Homme, soci\u00e9t\u00e9 par actions simplifi\u00e9e (sociedad por acciones simplificada) con un capital de <span class=\"numdisplay\">40.000,00 euros<\/span>, inscrita en el RCS de Par\u00eds B 478 343 304<br \/>\ncon el n\u00famero 478343304, cuyo domicilio social se encuentra en 17 PL TROCADERO ET 11 NOVEMBRE 75016 PAR\u00cdS (en lo sucesivo, \u00bbla Sociedad Organizadora\u00bb), organiza del 13\/01\/2025 al 31\/01\/2025 inclusive una operaci\u00f3n promocional denominada \u00bbWELCOME2025&Prime; (en lo sucesivo, \u00bbla Operaci\u00f3n\u00bb).<\/p>\n<p data-sourcepos=\"23:1-23:27\"><strong>Art\u00edculo 2. Participantes <\/strong><\/p>\n<p data-sourcepos=\"25:1-25:331\">La Operaci\u00f3n <span class=\"citation-0 citation-end-0\">est\u00e1 abierta a cualquier persona f\u00edsica mayor de edad residente en Francia continental, excluyendo a los miembros del personal de la Empresa Organizadora<\/span> y a sus familiares, as\u00ed como a cualquier persona que haya participado directa o indirectamente en el dise\u00f1o, producci\u00f3n o gesti\u00f3n de la Operaci\u00f3n.<span class=\"button-container hide-from-message-actions ng-star-inserted\">   <\/span><\/p>\n<div class=\"container ng-tns-c4202831708-25 hide\">\n<div class=\"carousel-container ng-tns-c4202831708-25\">\n<div class=\"carousel-content ng-tns-c4202831708-25\">\n<div class=\"sources-carousel-source ng-tns-c4202831708-25 hide ng-star-inserted\" data-test-id=\"sources-carousel-source\"><\/div>\n<\/div>\n<\/div>\n<\/div>\n<div><\/div>\n<p data-sourcepos=\"27:1-27:41\"><strong>Art\u00edculo 3. Condiciones de participaci\u00f3n Condiciones de participaci\u00f3n <\/strong><\/p>\n<p data-sourcepos=\"29:1-32:80\">Para participar en la Operaci\u00f3n, es necesario: 3.1. Reservar una comida en el Caf\u00e9 de l&rsquo;Homme para una fecha comprendida entre el 01\/01\/2025 y el 31\/01\/2025, ambos inclusive. 3.2. Mencionar el c\u00f3digo \u00bbWELCOME2025&Prime; al hacer la reserva, ya sea por tel\u00e9fono o en el campo \u00bbComentarios\u00bb o equivalente al hacer la reserva por Internet. 3.3. La reserva debe ser validada y confirmada por la Empresa Organizadora.     <\/p>\n<p data-sourcepos=\"34:1-34:46\"><strong>Art\u00edculo 4. Determinaci\u00f3n de los beneficiarios <\/strong><\/p>\n<p data-sourcepos=\"36:1-36:438\">S\u00f3lo podr\u00e1n optar a la oferta las 100 primeras reservas, de un m\u00e1ximo de 6 personas, validadas y confirmadas, respetando las condiciones del Art\u00edculo 3. La Empresa Organizadora establecer\u00e1 un sistema cronol\u00f3gico de reservas para garantizar el estricto cumplimiento de este l\u00edmite. Cada reserva elegible llevar\u00e1 un sello de tiempo y se registrar\u00e1 en un archivo espec\u00edfico, que podr\u00e1 consultarse previa solicitud a la Empresa Organizadora.  <\/p>\n<\/div>\n<\/blockquote>\n<blockquote>\n<p data-sourcepos=\"38:1-38:23\"><strong>Art\u00edculo 5. Premio <\/strong><\/p>\n<p data-sourcepos=\"40:1-40:265\">A cada cliente de una reserva elegible, tal y como se define en el Art\u00edculo 4, se le ofrecer\u00e1 una (1) copa de champ\u00e1n brut Charles Heidsieck, servida durante su comida en el Caf\u00e9 de l&rsquo;Homme. El premio es nominativo, intransferible, no canjeable y no reembolsable. <\/p>\n<p data-sourcepos=\"42:1-42:41\"><strong>Art\u00edculo 6. Asignaci\u00f3n del Premio <\/strong><\/p>\n<p data-sourcepos=\"44:1-44:248\">Las copas de champ\u00e1n se servir\u00e1n a los clientes de las reservas que cumplan los requisitos durante su comida en el Caf\u00e9 de l&rsquo;Homme en enero de 2025. La Empresa Organizadora se reserva el derecho de comprobar la identidad de los clientes y la validez de su reserva. <\/p>\n<p data-sourcepos=\"46:1-46:42\"><strong>Art\u00edculo 7. Modificaci\u00f3n de la Operaci\u00f3n <\/strong><\/p>\n<p data-sourcepos=\"48:1-48:266\"><span class=\"citation-1\">La Empresa Organizadora <\/span><span class=\"citation-1 citation-2 citation-end-1\">se reserva el derecho de acortar, prorrogar, modificar o cancelar la Operaci\u00f3n en caso de fuerza mayor<\/span><span class=\"citation-2 citation-end-2\"> o si as\u00ed lo exigen circunstancias excepcionales<\/span>, sin que por ello pueda incurrir en responsabilidad alguna.<\/p>\n<div class=\"container ng-tns-c4202831708-26 hide\">\n<div class=\"carousel-container ng-tns-c4202831708-26\">\n<div class=\"carousel-content ng-tns-c4202831708-26\">\n<div class=\"sources-carousel-source ng-tns-c4202831708-26 hide ng-star-inserted\" data-test-id=\"sources-carousel-source\"><\/div>\n<div class=\"sources-carousel-source ng-tns-c4202831708-26 hide ng-star-inserted\" data-test-id=\"sources-carousel-source\"><\/div>\n<\/div>\n<\/div>\n<\/div>\n<div><\/div>\n<p data-sourcepos=\"50:1-50:29\"><strong>Art\u00edculo 8. Responsabilidad <\/strong><\/p>\n<p data-sourcepos=\"52:1-52:202\">La Empresa organizadora no se hace responsable de los fallos de funcionamiento de la red de Internet, de las l\u00edneas telef\u00f3nicas o de los equipos de recepci\u00f3n que impidan el buen funcionamiento de la Operaci\u00f3n.<\/p>\n<p data-sourcepos=\"54:1-54:35\"><strong>Art\u00edculo 9. Datos personales Datos personales <\/strong><\/p>\n<p data-sourcepos=\"56:1-56:589\">Los datos personales recogidos en el marco de la Operaci\u00f3n est\u00e1n destinados a ser utilizados por la Empresa organizadora y son necesarios para tener en cuenta la participaci\u00f3n y conceder el premio. Se tratar\u00e1n de conformidad con la normativa aplicable a la protecci\u00f3n de datos personales (en particular el RGPD y el   <span class=\"citation-3\">la Ley francesa de Protecci\u00f3n de Datos de 6 de enero de 1978 modificada). Los participantes   <\/span><span class=\"citation-3 citation-4 citation-end-3\">disponen de un derecho de acceso, rectificaci\u00f3n<\/span><span class=\"citation-4 citation-end-4\"> y supresi\u00f3n de los datos que les conciernen, que pueden ejercer dirigi\u00e9ndose a<\/span> la Empresa organizadora.<\/p>\n<p data-sourcepos=\"58:1-58:40\"><strong>Art\u00edculo 10. Aceptaci\u00f3n del Reglamento <\/strong><\/p>\n<p data-sourcepos=\"60:1-60:202\">La participaci\u00f3n en la Operaci\u00f3n implica la plena aceptaci\u00f3n de estas normas, disponibles en el sitio web del Caf\u00e9 de l&rsquo;Homme y previa solicitud a la Empresa Organizadora.<\/p>\n<p data-sourcepos=\"62:1-62:41\"><strong>Art\u00edculo 11. Ley aplicable y litigios <\/strong><\/p>\n<p data-sourcepos=\"64:1-64:209\">La Operaci\u00f3n y estas normas se rigen por la legislaci\u00f3n francesa. A falta de acuerdo amistoso, cualquier litigio relativo a la interpretaci\u00f3n o ejecuci\u00f3n de estas normas se someter\u00e1 a los tribunales competentes. <\/p>\n<div class=\"AppleOriginalContents\">\n<p data-sourcepos=\"66:1-66:45\"><strong>Art\u00edculo 12. L\u00edmites y existencias disponibles <\/strong><\/p>\n<p data-sourcepos=\"68:1-68:653\">La Empresa Organizadora ha previsto un stock suficiente de copas de champ\u00e1n Charles Heidsieck brut para toda la duraci\u00f3n de la Operaci\u00f3n. No obstante, esta oferta es v\u00e1lida hasta agotar existencias. En caso de indisponibilidad del premio mencionado en el Art\u00edculo 5, ajena a la voluntad de la Empresa Organizadora, \u00e9sta se reserva el derecho de sustituir el premio inicialmente previsto por otro de naturaleza y valor equivalentes o superiores, sin que por ello pueda incurrir en responsabilidad alguna. No se podr\u00e1 reclamar ninguna compensaci\u00f3n econ\u00f3mica en caso de indisponibilidad del premio inicial.   <\/p>\n<\/div>\n<\/blockquote>\n<div class=\"AppleOriginalContents\"><img decoding=\"async\" class=\"size-full wp-image-7447 aligncenter\" src=\"https:\/\/www.cafedelhomme.com\/wp-content\/uploads\/2025\/01\/0b86456-2.jpg\" alt=\"\" width=\"1000\" height=\"156\" srcset=\"https:\/\/www.cafedelhomme.com\/wp-content\/uploads\/2025\/01\/0b86456-2.jpg 1000w, https:\/\/www.cafedelhomme.com\/wp-content\/uploads\/2025\/01\/0b86456-2-300x47.jpg 300w\" sizes=\"(max-width: 1000px) 100vw, 1000px\" \/><\/div>\n<div class=\"AppleOriginalContents\"><\/div>\n<div class=\"AppleOriginalContents\"><\/div>\n<blockquote>\n<p data-sourcepos=\"66:1-66:101\">\n<\/blockquote>\n<\/div>\n<p>[\/vc_column_text][\/vc_column][\/vc_row]<\/p>\n<\/div>","protected":false},"excerpt":{"rendered":"<p>[vc_row css=\u00bb.vc_custom_1736778282838{padding-top: 80px !important;padding-bottom: 120px !important;}\u00bb el_class=\u00bbnewsletter-infos\u00bb][vc_column][vc_custom_heading text=\u00bbInformaci\u00f3n sobre la promoci\u00f3n WELCOME2025&Prime; css=\u00bb\u00bb][vc_column_text css=\u00bb\u00bb]Resumen de condiciones: Oferta v\u00e1lida s\u00f3lo para una comida de lunes a jueves de enero de 2025. Limitada a las 100 primeras reservas con el \u00bb BIENVENIDO2025\u00bb. Hasta agotar existencias. El abuso&#8230;<\/p>\n","protected":false},"author":14,"featured_media":0,"parent":0,"menu_order":0,"comment_status":"closed","ping_status":"closed","template":"","meta":{"_acf_changed":false,"footnotes":""},"class_list":["post-10302","page","type-page","status-publish","hentry"],"acf":[],"yoast_head":"<!-- This site is optimized with the Yoast SEO Premium plugin v20.10 (Yoast SEO v27.0) - https:\/\/yoast.com\/product\/yoast-seo-premium-wordpress\/ -->\n<title>Informaci\u00f3n sobre la promoci\u00f3n WELCOME2025 - Caf\u00e9 de l&#039;Homme<\/title>\n<meta name=\"robots\" content=\"noindex, nofollow\" \/>\n<meta property=\"og:locale\" content=\"es_ES\" \/>\n<meta property=\"og:type\" content=\"article\" \/>\n<meta property=\"og:title\" content=\"Informaci\u00f3n sobre la promoci\u00f3n WELCOME2025 - Caf\u00e9 de l&#039;Homme\" \/>\n<meta property=\"og:description\" content=\"[vc_row css=\u00bb.vc_custom_1736778282838{padding-top: 80px !important;padding-bottom: 120px !important;}\u00bb el_class=\u00bbnewsletter-infos\u00bb][vc_column][vc_custom_heading text=\u00bbInformaci\u00f3n sobre la promoci\u00f3n WELCOME2025&Prime; css=\u00bb\u00bb][vc_column_text css=\u00bb\u00bb]Resumen de condiciones: Oferta v\u00e1lida s\u00f3lo para una comida de lunes a jueves de enero de 2025. Limitada a las 100 primeras reservas con el \u00bb BIENVENIDO2025\u00bb. Hasta agotar existencias. El abuso...\" \/>\n<meta property=\"og:url\" content=\"https:\/\/www.cafedelhomme.com\/es\/informacion-sobre-la-promocion-welcome2025\" \/>\n<meta property=\"og:site_name\" content=\"Caf\u00e9 de l&#039;Homme\" \/>\n<meta property=\"article:publisher\" content=\"https:\/\/www.facebook.com\/cafedelhomme\" \/>\n<meta property=\"article:modified_time\" content=\"2025-03-27T16:03:07+00:00\" \/>\n<meta property=\"og:image\" content=\"https:\/\/www.cafedelhomme.com\/wp-content\/uploads\/2025\/01\/0b86456-2.jpg\" \/>\n\t<meta property=\"og:image:width\" content=\"1000\" \/>\n\t<meta property=\"og:image:height\" content=\"156\" \/>\n\t<meta property=\"og:image:type\" content=\"image\/jpeg\" \/>\n<meta name=\"twitter:card\" content=\"summary_large_image\" \/>\n<meta name=\"twitter:label1\" content=\"Tiempo de lectura\" \/>\n\t<meta name=\"twitter:data1\" content=\"4 minutos\" \/>\n<script type=\"application\/ld+json\" class=\"yoast-schema-graph\">{\"@context\":\"https:\/\/schema.org\",\"@graph\":[{\"@type\":\"WebPage\",\"@id\":\"https:\/\/www.cafedelhomme.com\/es\/informacion-sobre-la-promocion-welcome2025\",\"url\":\"https:\/\/www.cafedelhomme.com\/es\/informacion-sobre-la-promocion-welcome2025\",\"name\":\"Informaci\u00f3n sobre la promoci\u00f3n WELCOME2025 - Caf\u00e9 de l&#039;Homme\",\"isPartOf\":{\"@id\":\"https:\/\/www.cafedelhomme.com\/es#website\"},\"primaryImageOfPage\":{\"@id\":\"https:\/\/www.cafedelhomme.com\/es\/informacion-sobre-la-promocion-welcome2025#primaryimage\"},\"image\":{\"@id\":\"https:\/\/www.cafedelhomme.com\/es\/informacion-sobre-la-promocion-welcome2025#primaryimage\"},\"thumbnailUrl\":\"https:\/\/www.cafedelhomme.com\/wp-content\/uploads\/2025\/01\/0b86456-2.jpg\",\"datePublished\":\"2025-01-13T14:16:24+00:00\",\"dateModified\":\"2025-03-27T16:03:07+00:00\",\"inLanguage\":\"es\",\"potentialAction\":[{\"@type\":\"ReadAction\",\"target\":[\"https:\/\/www.cafedelhomme.com\/es\/informacion-sobre-la-promocion-welcome2025\"]}]},{\"@type\":\"ImageObject\",\"inLanguage\":\"es\",\"@id\":\"https:\/\/www.cafedelhomme.com\/es\/informacion-sobre-la-promocion-welcome2025#primaryimage\",\"url\":\"https:\/\/www.cafedelhomme.com\/wp-content\/uploads\/2025\/01\/0b86456-2.jpg\",\"contentUrl\":\"https:\/\/www.cafedelhomme.com\/wp-content\/uploads\/2025\/01\/0b86456-2.jpg\"},{\"@type\":\"WebSite\",\"@id\":\"https:\/\/www.cafedelhomme.com\/es#website\",\"url\":\"https:\/\/www.cafedelhomme.com\/es\",\"name\":\"Caf\u00e9 de l'Homme\",\"description\":\"\",\"publisher\":{\"@id\":\"https:\/\/www.cafedelhomme.com\/es#organization\"},\"potentialAction\":[{\"@type\":\"SearchAction\",\"target\":{\"@type\":\"EntryPoint\",\"urlTemplate\":\"https:\/\/www.cafedelhomme.com\/es?s={search_term_string}\"},\"query-input\":{\"@type\":\"PropertyValueSpecification\",\"valueRequired\":true,\"valueName\":\"search_term_string\"}}],\"inLanguage\":\"es\"},{\"@type\":\"Organization\",\"@id\":\"https:\/\/www.cafedelhomme.com\/es#organization\",\"name\":\"Caf\u00e9 del Hombre\",\"url\":\"https:\/\/www.cafedelhomme.com\/es\",\"logo\":{\"@type\":\"ImageObject\",\"inLanguage\":\"es\",\"@id\":\"https:\/\/www.cafedelhomme.com\/es#\/schema\/logo\/image\/\",\"url\":\"https:\/\/www.cafedelhomme.com\/wp-content\/uploads\/2023\/04\/big-logo-300x163-1.png\",\"contentUrl\":\"https:\/\/www.cafedelhomme.com\/wp-content\/uploads\/2023\/04\/big-logo-300x163-1.png\",\"width\":300,\"height\":163,\"caption\":\"Caf\u00e9 del Hombre\"},\"image\":{\"@id\":\"https:\/\/www.cafedelhomme.com\/es#\/schema\/logo\/image\/\"},\"sameAs\":[\"https:\/\/www.facebook.com\/cafedelhomme\",\"https:\/\/www.instagram.com\/cafedelhomme\/\"]}]}<\/script>\n<!-- \/ Yoast SEO Premium plugin. -->","yoast_head_json":{"title":"Informaci\u00f3n sobre la promoci\u00f3n WELCOME2025 - Caf\u00e9 de l&#039;Homme","robots":{"index":"noindex","follow":"nofollow"},"og_locale":"es_ES","og_type":"article","og_title":"Informaci\u00f3n sobre la promoci\u00f3n WELCOME2025 - Caf\u00e9 de l&#039;Homme","og_description":"[vc_row css=\u00bb.vc_custom_1736778282838{padding-top: 80px !important;padding-bottom: 120px !important;}\u00bb el_class=\u00bbnewsletter-infos\u00bb][vc_column][vc_custom_heading text=\u00bbInformaci\u00f3n sobre la promoci\u00f3n WELCOME2025&Prime; css=\u00bb\u00bb][vc_column_text css=\u00bb\u00bb]Resumen de condiciones: Oferta v\u00e1lida s\u00f3lo para una comida de lunes a jueves de enero de 2025. Limitada a las 100 primeras reservas con el \u00bb BIENVENIDO2025\u00bb. Hasta agotar existencias. El abuso...","og_url":"https:\/\/www.cafedelhomme.com\/es\/informacion-sobre-la-promocion-welcome2025","og_site_name":"Caf\u00e9 de l&#039;Homme","article_publisher":"https:\/\/www.facebook.com\/cafedelhomme","article_modified_time":"2025-03-27T16:03:07+00:00","og_image":[{"width":1000,"height":156,"url":"https:\/\/www.cafedelhomme.com\/wp-content\/uploads\/2025\/01\/0b86456-2.jpg","type":"image\/jpeg"}],"twitter_card":"summary_large_image","twitter_misc":{"Tiempo de lectura":"4 minutos"},"schema":{"@context":"https:\/\/schema.org","@graph":[{"@type":"WebPage","@id":"https:\/\/www.cafedelhomme.com\/es\/informacion-sobre-la-promocion-welcome2025","url":"https:\/\/www.cafedelhomme.com\/es\/informacion-sobre-la-promocion-welcome2025","name":"Informaci\u00f3n sobre la promoci\u00f3n WELCOME2025 - Caf\u00e9 de l&#039;Homme","isPartOf":{"@id":"https:\/\/www.cafedelhomme.com\/es#website"},"primaryImageOfPage":{"@id":"https:\/\/www.cafedelhomme.com\/es\/informacion-sobre-la-promocion-welcome2025#primaryimage"},"image":{"@id":"https:\/\/www.cafedelhomme.com\/es\/informacion-sobre-la-promocion-welcome2025#primaryimage"},"thumbnailUrl":"https:\/\/www.cafedelhomme.com\/wp-content\/uploads\/2025\/01\/0b86456-2.jpg","datePublished":"2025-01-13T14:16:24+00:00","dateModified":"2025-03-27T16:03:07+00:00","inLanguage":"es","potentialAction":[{"@type":"ReadAction","target":["https:\/\/www.cafedelhomme.com\/es\/informacion-sobre-la-promocion-welcome2025"]}]},{"@type":"ImageObject","inLanguage":"es","@id":"https:\/\/www.cafedelhomme.com\/es\/informacion-sobre-la-promocion-welcome2025#primaryimage","url":"https:\/\/www.cafedelhomme.com\/wp-content\/uploads\/2025\/01\/0b86456-2.jpg","contentUrl":"https:\/\/www.cafedelhomme.com\/wp-content\/uploads\/2025\/01\/0b86456-2.jpg"},{"@type":"WebSite","@id":"https:\/\/www.cafedelhomme.com\/es#website","url":"https:\/\/www.cafedelhomme.com\/es","name":"Caf\u00e9 de l'Homme","description":"","publisher":{"@id":"https:\/\/www.cafedelhomme.com\/es#organization"},"potentialAction":[{"@type":"SearchAction","target":{"@type":"EntryPoint","urlTemplate":"https:\/\/www.cafedelhomme.com\/es?s={search_term_string}"},"query-input":{"@type":"PropertyValueSpecification","valueRequired":true,"valueName":"search_term_string"}}],"inLanguage":"es"},{"@type":"Organization","@id":"https:\/\/www.cafedelhomme.com\/es#organization","name":"Caf\u00e9 del Hombre","url":"https:\/\/www.cafedelhomme.com\/es","logo":{"@type":"ImageObject","inLanguage":"es","@id":"https:\/\/www.cafedelhomme.com\/es#\/schema\/logo\/image\/","url":"https:\/\/www.cafedelhomme.com\/wp-content\/uploads\/2023\/04\/big-logo-300x163-1.png","contentUrl":"https:\/\/www.cafedelhomme.com\/wp-content\/uploads\/2023\/04\/big-logo-300x163-1.png","width":300,"height":163,"caption":"Caf\u00e9 del Hombre"},"image":{"@id":"https:\/\/www.cafedelhomme.com\/es#\/schema\/logo\/image\/"},"sameAs":["https:\/\/www.facebook.com\/cafedelhomme","https:\/\/www.instagram.com\/cafedelhomme\/"]}]}},"_links":{"self":[{"href":"https:\/\/www.cafedelhomme.com\/es\/wp-json\/wp\/v2\/pages\/10302","targetHints":{"allow":["GET"]}}],"collection":[{"href":"https:\/\/www.cafedelhomme.com\/es\/wp-json\/wp\/v2\/pages"}],"about":[{"href":"https:\/\/www.cafedelhomme.com\/es\/wp-json\/wp\/v2\/types\/page"}],"author":[{"embeddable":true,"href":"https:\/\/www.cafedelhomme.com\/es\/wp-json\/wp\/v2\/users\/14"}],"replies":[{"embeddable":true,"href":"https:\/\/www.cafedelhomme.com\/es\/wp-json\/wp\/v2\/comments?post=10302"}],"version-history":[{"count":1,"href":"https:\/\/www.cafedelhomme.com\/es\/wp-json\/wp\/v2\/pages\/10302\/revisions"}],"predecessor-version":[{"id":10310,"href":"https:\/\/www.cafedelhomme.com\/es\/wp-json\/wp\/v2\/pages\/10302\/revisions\/10310"}],"wp:attachment":[{"href":"https:\/\/www.cafedelhomme.com\/es\/wp-json\/wp\/v2\/media?parent=10302"}],"curies":[{"name":"wp","href":"https:\/\/api.w.org\/{rel}","templated":true}]}}