{"id":9576,"date":"2023-04-19T16:36:58","date_gmt":"2023-04-19T14:36:58","guid":{"rendered":"https:\/\/www.cafedelhomme.com\/manifiesto"},"modified":"2025-04-23T11:57:33","modified_gmt":"2025-04-23T09:57:33","slug":"manifiesto","status":"publish","type":"page","link":"https:\/\/www.cafedelhomme.com\/es\/manifiesto","title":{"rendered":"Manifiesto"},"content":{"rendered":"<div class=\"wpb-content-wrapper\"><p>[vc_section full_height=\u00bbyes\u00bb el_id=\u00bbsection-header-manifesto\u00bb][vc_row full_height=\u00bbyes\u00bb el_id=\u00bbsection-content-m\u00bb el_class=\u00bbhero-section\u00bb][vc_column align=\u00bbtext-center\u00bb][vc_raw_html el_class=\u00bbmenu-breadcrumb\u00bb]W2Fkbl9icmVhZGNydW1iXQ==[\/vc_raw_html][vc_custom_heading text=\u00bbManifiesto\u00bb font_container=\u00bbtag:h2|text_align:center\u00bb][vc_column_text]<\/p>\n<p style=\"text-align: center;\">En cuanto el hombre puso la mano en la pared de una cueva, utiliz\u00e1ndola como plantilla y marcando el tiempo, estuvo en contacto con la roca. Y as\u00ed, en contacto con su Historia, para siempre. <\/p>\n<p>[\/vc_column_text][\/vc_column][\/vc_row][\/vc_section][vc_section el_id=\u00bbmanifesto-content\u00bb][vc_row equal_height=\u00bbyes\u00bb el_id=\u00bbfirst-section\u00bb][vc_column width=\u00bb1\/2&Prime; el_class=\u00bbcol-img\u00bb][vc_single_image image=\u00bb1052&Prime; img_size=\u00bblarge\u00bb el_class=\u00bblettre-m letter-animate-on-scroll\u00bb][vc_single_image image=\u00bb1056&Prime; img_size=\u00bblarge\u00bb el_class=\u00bbimg-first img-animate-on-scroll\u00bb][vc_single_image image=\u00bb1057&Prime; img_size=\u00bblarge\u00bb el_class=\u00bbimg-second img-animate-on-scroll\u00bb][vc_single_image image=\u00bb1063&Prime; img_size=\u00bblarge\u00bb el_class=\u00bblettre-n letter-animate-on-scroll\u00bb][\/vc_column][vc_column width=\u00bb1\/2&Prime; el_class=\u00bbcol-content\u00bb][vc_single_image image=\u00bb1051&Prime; el_class=\u00bblettre-a letter-animate-on-scroll\u00bb][vc_column_text el_class=\u00bbtext-animate-on-scroll\u00bb]La piedra y la madera han sido los materiales del Hombre desde que era Habilis. Como Sapiens, entr\u00f3 en contacto con la materia reflectante, lo que le abri\u00f3 los ojos a una pl\u00e9tora de otras texturas y superficies.[\/vc_column_text][\/vc_column][\/vc_row][vc_row equal_height=\u00bbyes\u00bb el_id=\u00bbsecond-section\u00bb][vc_column width=\u00bb1\/2&Prime; el_class=\u00bbcol-content\u00bb][vc_column_text el_class=\u00bbtext-animate-on-scroll\u00bb]Incluso dio nombres especiales al clima, inspir\u00e1ndose en la resistencia del Bronce o la rareza del Oro.[\/vc_column_text][\/vc_column][vc_column width=\u00bb1\/2&Prime; el_class=\u00bbcol-img\u00bb][vc_single_image image=\u00bb1065&Prime; img_size=\u00bblarge\u00bb el_class=\u00bbimg-third img-animate-on-scroll\u00bb][vc_single_image image=\u00bb1066&Prime; img_size=\u00bblarge\u00bb el_class=\u00bbimg-four img-animate-on-scroll\u00bb][vc_single_image image=\u00bb1072&Prime; img_size=\u00bblarge\u00bb el_class=\u00bblettre-i letter-animate-on-scroll\u00bb][vc_single_image image=\u00bb1073&Prime; img_size=\u00bblarge\u00bb el_class=\u00bblettre-f letter-animate-on-scroll\u00bb][\/vc_column][\/vc_row][\/vc_section][vc_row full_height=\u00bbyes\u00bb bg_position=\u00bbcenter center\u00bb el_id=\u00bbsection-matiere\u00bb][vc_column align=\u00bbtext-center\u00bb][vc_custom_heading text=\u00bb03&Prime; font_container=\u00bbtag:div|text_align:center\u00bb el_class=\u00bbnumber-title text-block-animate-on-scroll\u00bb][vc_custom_heading text=\u00bbLa materia es<br \/>\nla expresi\u00f3n del tiempo.\u00bb font_container=\u00bbtag:h2|text_align:center\u00bb el_class=\u00bbtext-block-animate-on-scroll\u00bb][vc_column_text el_class=\u00bbtext-block-animate-on-scroll\u00bb]No hay nada superficial ni artificial en ir al coraz\u00f3n de un momento decisivo, a la mesa de la Historia y de todas sus creaciones humanas y universales.[\/vc_column_text][vc_single_image image=\u00bb1098&Prime; img_size=\u00bblarge\u00bb el_class=\u00bblettre-e letter-animate-on-scroll\u00bb][vc_single_image image=\u00bb1100&Prime; img_size=\u00bblarge\u00bb el_class=\u00bblettre-s letter-animate-on-scroll\u00bb][\/vc_column][\/vc_row][vc_row full_height=\u00bbyes\u00bb equal_height=\u00bbyes\u00bb el_id=\u00bbthird-section\u00bb][vc_column width=\u00bb1\/2&Prime; el_class=\u00bbcol-img\u00bb][vc_single_image image=\u00bb1102&Prime; img_size=\u00bblarge\u00bb css=\u00bb.vc_custom_1684333937422{margin-bottom: 0px !important;}\u00bb el_class=\u00bbimg-wine img-animate-on-scroll\u00bb][vc_single_image image=\u00bb1103&Prime; img_size=\u00bblarge\u00bb el_class=\u00bbimg-sauce img-animate-on-scroll\u00bb][vc_single_image image=\u00bb1108&Prime; img_size=\u00bblarge\u00bb el_class=\u00bblettre-e letter-animate-on-scroll\u00bb][\/vc_column][vc_column width=\u00bb1\/2&Prime; el_class=\u00bbcol-content\u00bb][vc_column_text css=\u00bb\u00bb el_class=\u00bbtext-animate-on-scroll\u00bb]El Caf\u00e9 de l&rsquo;Homme te hace reflexionar y pasar el tiempo, asimilando los gestos laboriosos que han creado los edificios de nuestras civilizaciones y culturas, con los gestos precisos y elegantes de un Chef en plena creaci\u00f3n, o de un anfitri\u00f3n que acoge y agasaja. Descubre nuestro <a href=\"https:\/\/www.cafedelhomme.com\/es\/restaurante-con-terraza-excepcional-en-paris-16\">excepcional restaurante con terraza en Par\u00eds 16<\/a>, donde cada detalle honra este arte de agasajar y sublimar el momento.[\/vc_column_text][vc_single_image image=\u00bb1107&Prime; img_size=\u00bblarge\u00bb el_class=\u00bblettre-t letter-animate-on-scroll\u00bb][\/vc_column][\/vc_row][vc_row el_id=\u00bbexperience-cdh\u00bb responsive_css=\u00bbpadding_top_large:250px|padding_bottom_large:250px\u00bb css=\u00bb.vc_custom_1682676040834{padding-top: 80px !important;padding-bottom: 80px !important;}\u00bb][vc_column][vc_custom_heading text=\u00bbVen a descubrir la experiencia del Caf\u00e9 de l&apos;Homme\u00bb font_container=\u00bbtag:h2|text_align:center\u00bb][vc_column_text]Disfruta de una experiencia verdaderamente intemporal. \u00bfEst\u00e1s preparado para la experiencia?[\/vc_column_text][vc_row_inner][vc_column_inner align=\u00bbtext-center\u00bb el_class=\u00bbgroup_btn\u00bb]<a href=\"https:\/\/www.cafedelhomme.com\/nos-experiences\" title=\"Nos exp\u00e9riences\" class=\"btn btn-default btn-bordered border-thin btn btn-outline btn-outline-white ld_button_69df419c1d189\">\n\t<span>\n\t\t\n\t\t\t\t\t<span class=\"btn-txt\">nuestras experiencias.<\/span>\n\t\t\t\n\t\t\t\t<\/span>\n<\/a>\n<a href=\"https:\/\/www.cafedelhomme.com\/la-carte\" title=\"La Carte\" class=\"btn btn-default btn-bordered border-thin btn btn-outline btn-outline-white ld_button_69df419c1d3ed\">\n\t<span>\n\t\t\n\t\t\t\t\t<span class=\"btn-txt\">ver el mapa.<\/span>\n\t\t\t\n\t\t\t\t<\/span>\n<\/a>\n[\/vc_column_inner][\/vc_row_inner][\/vc_column][\/vc_row][vc_section el_id=\u00bbbackgrounds-manifesto\u00bb][vc_row el_class=\u00bbdynamic-background\u00bb][vc_column][vc_single_image image=\u00bb1083&Prime; img_size=\u00bbfull\u00bb el_id=\u00bbparis-img-manifesto\u00bb][vc_single_image image=\u00bb1040&Prime; img_size=\u00bbfull\u00bb el_id=\u00bbnoise-img-manifesto\u00bb][\/vc_column][\/vc_row][\/vc_section]<\/p>\n<\/div>","protected":false},"excerpt":{"rendered":"<p>[vc_section full_height=\u00bbyes\u00bb el_id=\u00bbsection-header-manifesto\u00bb][vc_row full_height=\u00bbyes\u00bb el_id=\u00bbsection-content-m\u00bb el_class=\u00bbhero-section\u00bb][vc_column align=\u00bbtext-center\u00bb][vc_raw_html el_class=\u00bbmenu-breadcrumb\u00bb]W2Fkbl9icmVhZGNydW1iXQ==[\/vc_raw_html][vc_custom_heading text=\u00bbManifiesto\u00bb font_container=\u00bbtag:h2|text_align:center\u00bb][vc_column_text] En cuanto el hombre puso la mano en la pared de una cueva, utiliz\u00e1ndola como plantilla y marcando el tiempo, estuvo en contacto con la roca. Y as\u00ed, en contacto con su Historia, para siempre&#8230;.<\/p>\n","protected":false},"author":1,"featured_media":0,"parent":0,"menu_order":0,"comment_status":"closed","ping_status":"closed","template":"","meta":{"_acf_changed":false,"footnotes":""},"class_list":["post-9576","page","type-page","status-publish","hentry"],"acf":[],"yoast_head":"<!-- This site is optimized with the Yoast SEO Premium plugin v20.10 (Yoast SEO v27.0) - https:\/\/yoast.com\/product\/yoast-seo-premium-wordpress\/ -->\n<title>Manifiesto - Caf\u00e9 de l&#039;Homme<\/title>\n<meta name=\"robots\" content=\"index, follow, max-snippet:-1, max-image-preview:large, max-video-preview:-1\" \/>\n<link rel=\"canonical\" href=\"https:\/\/www.cafedelhomme.com\/es\/manifiesto\" \/>\n<meta property=\"og:locale\" content=\"es_ES\" \/>\n<meta property=\"og:type\" content=\"article\" \/>\n<meta property=\"og:title\" content=\"Manifiesto - Caf\u00e9 de l&#039;Homme\" \/>\n<meta property=\"og:description\" content=\"[vc_section full_height=\u00bbyes\u00bb el_id=\u00bbsection-header-manifesto\u00bb][vc_row full_height=\u00bbyes\u00bb el_id=\u00bbsection-content-m\u00bb el_class=\u00bbhero-section\u00bb][vc_column align=\u00bbtext-center\u00bb][vc_raw_html el_class=\u00bbmenu-breadcrumb\u00bb]W2Fkbl9icmVhZGNydW1iXQ==[\/vc_raw_html][vc_custom_heading text=\u00bbManifiesto\u00bb font_container=\u00bbtag:h2|text_align:center\u00bb][vc_column_text] En cuanto el hombre puso la mano en la pared de una cueva, utiliz\u00e1ndola como plantilla y marcando el tiempo, estuvo en contacto con la roca. Y as\u00ed, en contacto con su Historia, para siempre....\" \/>\n<meta property=\"og:url\" content=\"https:\/\/www.cafedelhomme.com\/es\/manifiesto\" \/>\n<meta property=\"og:site_name\" content=\"Caf\u00e9 de l&#039;Homme\" \/>\n<meta property=\"article:publisher\" content=\"https:\/\/www.facebook.com\/cafedelhomme\" \/>\n<meta property=\"article:modified_time\" content=\"2025-04-23T09:57:33+00:00\" \/>\n<meta name=\"twitter:card\" content=\"summary_large_image\" \/>\n<meta name=\"twitter:label1\" content=\"Tiempo de lectura\" \/>\n\t<meta name=\"twitter:data1\" content=\"4 minutos\" \/>\n<script type=\"application\/ld+json\" class=\"yoast-schema-graph\">{\"@context\":\"https:\/\/schema.org\",\"@graph\":[{\"@type\":\"WebPage\",\"@id\":\"https:\/\/www.cafedelhomme.com\/es\/manifiesto\",\"url\":\"https:\/\/www.cafedelhomme.com\/es\/manifiesto\",\"name\":\"Manifiesto - Caf\u00e9 de l&#039;Homme\",\"isPartOf\":{\"@id\":\"https:\/\/www.cafedelhomme.com\/es#website\"},\"datePublished\":\"2023-04-19T14:36:58+00:00\",\"dateModified\":\"2025-04-23T09:57:33+00:00\",\"inLanguage\":\"es\",\"potentialAction\":[{\"@type\":\"ReadAction\",\"target\":[\"https:\/\/www.cafedelhomme.com\/es\/manifiesto\"]}]},{\"@type\":\"WebSite\",\"@id\":\"https:\/\/www.cafedelhomme.com\/es#website\",\"url\":\"https:\/\/www.cafedelhomme.com\/es\",\"name\":\"Caf\u00e9 de l'Homme\",\"description\":\"\",\"publisher\":{\"@id\":\"https:\/\/www.cafedelhomme.com\/es#organization\"},\"potentialAction\":[{\"@type\":\"SearchAction\",\"target\":{\"@type\":\"EntryPoint\",\"urlTemplate\":\"https:\/\/www.cafedelhomme.com\/es?s={search_term_string}\"},\"query-input\":{\"@type\":\"PropertyValueSpecification\",\"valueRequired\":true,\"valueName\":\"search_term_string\"}}],\"inLanguage\":\"es\"},{\"@type\":\"Organization\",\"@id\":\"https:\/\/www.cafedelhomme.com\/es#organization\",\"name\":\"Caf\u00e9 del Hombre\",\"url\":\"https:\/\/www.cafedelhomme.com\/es\",\"logo\":{\"@type\":\"ImageObject\",\"inLanguage\":\"es\",\"@id\":\"https:\/\/www.cafedelhomme.com\/es#\/schema\/logo\/image\/\",\"url\":\"https:\/\/www.cafedelhomme.com\/wp-content\/uploads\/2023\/04\/big-logo-300x163-1.png\",\"contentUrl\":\"https:\/\/www.cafedelhomme.com\/wp-content\/uploads\/2023\/04\/big-logo-300x163-1.png\",\"width\":300,\"height\":163,\"caption\":\"Caf\u00e9 del Hombre\"},\"image\":{\"@id\":\"https:\/\/www.cafedelhomme.com\/es#\/schema\/logo\/image\/\"},\"sameAs\":[\"https:\/\/www.facebook.com\/cafedelhomme\",\"https:\/\/www.instagram.com\/cafedelhomme\/\"]}]}<\/script>\n<!-- \/ Yoast SEO Premium plugin. -->","yoast_head_json":{"title":"Manifiesto - Caf\u00e9 de l&#039;Homme","robots":{"index":"index","follow":"follow","max-snippet":"max-snippet:-1","max-image-preview":"max-image-preview:large","max-video-preview":"max-video-preview:-1"},"canonical":"https:\/\/www.cafedelhomme.com\/es\/manifiesto","og_locale":"es_ES","og_type":"article","og_title":"Manifiesto - Caf\u00e9 de l&#039;Homme","og_description":"[vc_section full_height=\u00bbyes\u00bb el_id=\u00bbsection-header-manifesto\u00bb][vc_row full_height=\u00bbyes\u00bb el_id=\u00bbsection-content-m\u00bb el_class=\u00bbhero-section\u00bb][vc_column align=\u00bbtext-center\u00bb][vc_raw_html el_class=\u00bbmenu-breadcrumb\u00bb]W2Fkbl9icmVhZGNydW1iXQ==[\/vc_raw_html][vc_custom_heading text=\u00bbManifiesto\u00bb font_container=\u00bbtag:h2|text_align:center\u00bb][vc_column_text] En cuanto el hombre puso la mano en la pared de una cueva, utiliz\u00e1ndola como plantilla y marcando el tiempo, estuvo en contacto con la roca. Y as\u00ed, en contacto con su Historia, para siempre....","og_url":"https:\/\/www.cafedelhomme.com\/es\/manifiesto","og_site_name":"Caf\u00e9 de l&#039;Homme","article_publisher":"https:\/\/www.facebook.com\/cafedelhomme","article_modified_time":"2025-04-23T09:57:33+00:00","twitter_card":"summary_large_image","twitter_misc":{"Tiempo de lectura":"4 minutos"},"schema":{"@context":"https:\/\/schema.org","@graph":[{"@type":"WebPage","@id":"https:\/\/www.cafedelhomme.com\/es\/manifiesto","url":"https:\/\/www.cafedelhomme.com\/es\/manifiesto","name":"Manifiesto - Caf\u00e9 de l&#039;Homme","isPartOf":{"@id":"https:\/\/www.cafedelhomme.com\/es#website"},"datePublished":"2023-04-19T14:36:58+00:00","dateModified":"2025-04-23T09:57:33+00:00","inLanguage":"es","potentialAction":[{"@type":"ReadAction","target":["https:\/\/www.cafedelhomme.com\/es\/manifiesto"]}]},{"@type":"WebSite","@id":"https:\/\/www.cafedelhomme.com\/es#website","url":"https:\/\/www.cafedelhomme.com\/es","name":"Caf\u00e9 de l'Homme","description":"","publisher":{"@id":"https:\/\/www.cafedelhomme.com\/es#organization"},"potentialAction":[{"@type":"SearchAction","target":{"@type":"EntryPoint","urlTemplate":"https:\/\/www.cafedelhomme.com\/es?s={search_term_string}"},"query-input":{"@type":"PropertyValueSpecification","valueRequired":true,"valueName":"search_term_string"}}],"inLanguage":"es"},{"@type":"Organization","@id":"https:\/\/www.cafedelhomme.com\/es#organization","name":"Caf\u00e9 del Hombre","url":"https:\/\/www.cafedelhomme.com\/es","logo":{"@type":"ImageObject","inLanguage":"es","@id":"https:\/\/www.cafedelhomme.com\/es#\/schema\/logo\/image\/","url":"https:\/\/www.cafedelhomme.com\/wp-content\/uploads\/2023\/04\/big-logo-300x163-1.png","contentUrl":"https:\/\/www.cafedelhomme.com\/wp-content\/uploads\/2023\/04\/big-logo-300x163-1.png","width":300,"height":163,"caption":"Caf\u00e9 del Hombre"},"image":{"@id":"https:\/\/www.cafedelhomme.com\/es#\/schema\/logo\/image\/"},"sameAs":["https:\/\/www.facebook.com\/cafedelhomme","https:\/\/www.instagram.com\/cafedelhomme\/"]}]}},"_links":{"self":[{"href":"https:\/\/www.cafedelhomme.com\/es\/wp-json\/wp\/v2\/pages\/9576","targetHints":{"allow":["GET"]}}],"collection":[{"href":"https:\/\/www.cafedelhomme.com\/es\/wp-json\/wp\/v2\/pages"}],"about":[{"href":"https:\/\/www.cafedelhomme.com\/es\/wp-json\/wp\/v2\/types\/page"}],"author":[{"embeddable":true,"href":"https:\/\/www.cafedelhomme.com\/es\/wp-json\/wp\/v2\/users\/1"}],"replies":[{"embeddable":true,"href":"https:\/\/www.cafedelhomme.com\/es\/wp-json\/wp\/v2\/comments?post=9576"}],"version-history":[{"count":4,"href":"https:\/\/www.cafedelhomme.com\/es\/wp-json\/wp\/v2\/pages\/9576\/revisions"}],"predecessor-version":[{"id":10859,"href":"https:\/\/www.cafedelhomme.com\/es\/wp-json\/wp\/v2\/pages\/9576\/revisions\/10859"}],"wp:attachment":[{"href":"https:\/\/www.cafedelhomme.com\/es\/wp-json\/wp\/v2\/media?parent=9576"}],"curies":[{"name":"wp","href":"https:\/\/api.w.org\/{rel}","templated":true}]}}