{"id":9598,"date":"2023-06-13T09:59:37","date_gmt":"2023-06-13T07:59:37","guid":{"rendered":"https:\/\/www.cafedelhomme.com\/privatizar\/privatizar-un-lugar-unico"},"modified":"2025-04-25T14:26:14","modified_gmt":"2025-04-25T12:26:14","slug":"privatizar-un-lugar-unico","status":"publish","type":"page","link":"https:\/\/www.cafedelhomme.com\/es\/privatizar\/privatizar-un-lugar-unico","title":{"rendered":"Privatizar un lugar \u00fanico"},"content":{"rendered":"<div class=\"wpb-content-wrapper\"><p>[vc_row sticky_row=\u00bbyes\u00bb css=\u00bb.vc_custom_1686647252411{background-image: url(https:\/\/www.cafedelhomme.com\/wp-content\/uploads\/2023\/05\/actu5.jpeg?id=1470) !important;background-position: center !important;background-repeat: no-repeat !important;background-size: cover !important;}\u00bb el_id=\u00bbheader-page-simple\u00bb][vc_column responsive_css=\u00bbpadding_top_large:220px|padding_bottom_large:220px\u00bb css=\u00bb.vc_custom_1683277774171{padding-top: 120px !important;padding-bottom: 230px !important;}\u00bb][vc_custom_heading text=\u00bbPrivatizar un lugar \u00fanico\u00bb font_container=\u00bbtag:h1|text_align:center\u00bb css=\u00bb.vc_custom_1686647163435{margin-bottom: 0px !important;}\u00bb][vc_column_text]<\/p>\n<p style=\"text-align: center;\">Disfrute de un entorno excepcional para sus eventos profesionales o privados.<\/p>\n<p>[\/vc_column_text][\/vc_column][\/vc_row][vc_row el_id=\u00bbimg-and-text\u00bb responsive_css=\u00bbpadding_top_large:160px|padding_bottom_large:80px\u00bb css=\u00bb.vc_custom_1686650324246{padding-bottom: 40px !important;background-color: #ffffff !important;}\u00bb][vc_column][vc_row_inner equal_height=\u00bbyes\u00bb content_placement=\u00bbmiddle\u00bb][vc_column_inner width=\u00bb1\/2&Prime; el_class=\u00bbpicture_top\u00bb][vc_single_image image=\u00bb2550&Prime; img_size=\u00bbfull\u00bb][\/vc_column_inner][vc_column_inner width=\u00bb1\/2&Prime; el_class=\u00bbtext_right\u00bb][vc_custom_heading text=\u00bbPrivatizar un lugar emblem\u00e1tico de Par\u00eds\u00bb][vc_column_text]\u00bfQuieres organizar tu fiesta de empresa en Par\u00eds? \u00bfUna terraza privada? \u00bfUn lugar excepcional para un grupo? El Caf\u00e9 de l&rsquo;Homme sacar\u00e1 el m\u00e1ximo partido a todos tus eventos, ya sean privados o profesionales.   <\/p>\n<p>Conferencias de prensa, seminarios, lanzamientos de productos, pero tambi\u00e9n desayunos, almuerzos, cenas de empresa o c\u00f3cteles de boda, en el coraz\u00f3n del distrito 16, nuestros espacios acogen todos tus mejores eventos en un marco intemporal.<\/p>\n<p>Tanto si se trata de una recepci\u00f3n \u00edntima como de un seminario de empresa, hay muchas razones para reunirse. Para hacer de tu evento una experiencia \u00fanica, los equipos y socios de Le Caf\u00e9 de l&rsquo;Homme trabajar\u00e1n contigo desde la concepci\u00f3n hasta la realizaci\u00f3n de tu proyecto a medida.[\/vc_column_text][\/vc_column_inner][\/vc_row_inner][vc_row_inner equal_height=\u00bbyes\u00bb content_placement=\u00bbmiddle\u00bb responsive_css=\u00bbpadding_top_large:80px\u00bb][vc_column_inner width=\u00bb1\/2&Prime; el_class=\u00bbtext_left\u00bb][vc_custom_heading text=\u00bbEl Caf\u00e9 de l&apos;Homme acoge tus eventos \/ MICE<br \/>\nen Par\u00eds\u00bb][vc_column_text]El Caf\u00e9 de l&rsquo;Homme, situado en el coraz\u00f3n de Passy, ofrece el marco ideal para tus eventos privados o de negocios. Es el lugar perfecto para compartir un buen rato con amigos o colegas, con una vista impresionante de la Torre Eiffel. <\/p>\n<p>De d\u00eda o de noche, tu restaurante cumplir\u00e1 todas tus expectativas. El Caf\u00e9 de l&rsquo;Homme est\u00e1 a tu lado para ayudarte a organizar tus eventos de prestigio, en un ambiente festivo o acogedor.[\/vc_column_text][\/vc_column_inner][vc_column_inner width=\u00bb1\/2&Prime; el_class=\u00bbpicture_bottom\u00bb][vc_single_image image=\u00bb2551&Prime; img_size=\u00bbfull\u00bb][\/vc_column_inner][\/vc_row_inner][\/vc_column][\/vc_row][vc_row el_id=\u00bbtwo-columns\u00bb responsive_css=\u00bbpadding_top_large:160px|padding_bottom_large:80px\u00bb css=\u00bb.vc_custom_1682607996079{padding-top: 80px !important;padding-bottom: 80px !important;}\u00bb][vc_column][vc_custom_heading text=\u00bbPrivatizaci\u00f3n completa del Caf\u00e9 de l&apos;Homme para una experiencia \u00fanica\u00bb][vc_row_inner][vc_column_inner width=\u00bb1\/2&Prime; el_class=\u00bbtop_column\u00bb][vc_column_text]<\/p>\n<div class=\"fusion-layout-column fusion_builder_column fusion-builder-column-7 fusion_builder_column_1_3 1_3 fusion-one-third fusion-column-first\">\n<div class=\"fusion-column-wrapper fusion-flex-column-wrapper-legacy\">\n<div class=\"fusion-text fusion-text-5 content-privatisez-white-section\">\n<p>El Caf\u00e9 de l&rsquo;Homme puede acoger hasta 300 personas en sus diferentes espacios: sala principal, entresuelo y terraza.<\/p>\n<p>Adaptado a tus eventos, este espacio \u00fanico de 550 m2 te permitir\u00e1 contemplar la Torre Eiffel, el Campo de Marte y los jardines del Trocadero, as\u00ed como los encantos de los monumentos parisinos.<\/p>\n<p>Elegancia y dise\u00f1o arquitect\u00f3nico se unen en el Palais de Chaillot. Su gran sal\u00f3n de recepciones, decorado con paredes de cedro pulido con chorro de arena y bancos y sillones de fresno, ha sido cuidadosamente renovado para garantizar tu comodidad.<\/p><\/div>\n<\/div>\n<\/div>\n<p>[\/vc_column_text][\/vc_column_inner][vc_column_inner width=\u00bb1\/2&Prime;][vc_column_text]<\/p>\n<div class=\"fusion-layout-column fusion_builder_column fusion-builder-column-7 fusion_builder_column_1_3 1_3 fusion-one-third fusion-column-first\">\n<div class=\"fusion-column-wrapper fusion-flex-column-wrapper-legacy\">\n<div class=\"fusion-text fusion-text-5 content-privatisez-white-section\">\n<p>El marco es perfecto para cenas de empresa y ruedas de prensa, mientras que el ambiente es ideal para seminarios, c\u00f3cteles y veladas privadas. Cuando hace buen tiempo, la terraza, con su imponente vista de la Torre Eiffel, har\u00e1 las delicias de tus invitados. <\/p>\n<p>Caf\u00e9 de l&rsquo;Homme y su arte de entretener te ayudar\u00e1n a que tu evento se desarrolle sin problemas, con dise\u00f1o de men\u00fas, asesoramiento de sumilleres, puesta en escena y entretenimiento&#8230;<\/p><\/div>\n<\/div>\n<\/div>\n<p>[\/vc_column_text][\/vc_column_inner][\/vc_row_inner][vc_row_inner css=\u00bb.vc_custom_1686141883446{margin-bottom: 40px !important;}\u00bb el_class=\u00bbleft-border\u00bb][vc_column_inner responsive_css=\u00bbpadding_top_large:50px\u00bb css=\u00bb.vc_custom_1686649156737{margin-top: 20px !important;padding-left: 50px !important;}\u00bb][vc_custom_heading text=\u00bbPrivatizaci\u00f3n del Caf\u00e9 de l&apos;Homme\u00bb font_container=\u00bbtag:h3|text_align:left\u00bb][vc_column_text css=\u00bb.vc_custom_1686649061749{margin-top: 30px !important;}\u00bb]<strong>Opci\u00f3n de c\u00f3ctel de recepci\u00f3n :<\/strong><\/p>\n<ul>\n<li>Hasta 300 personas en verano (de abril a octubre), en el interior y al aire libre.<\/li>\n<li>Hasta 200 personas en el interior durante la temporada de invierno (de noviembre a marzo), con la posibilidad de utilizar la terraza en funci\u00f3n del tiempo.<\/li>\n<\/ul>\n<p><strong>Opci\u00f3n cena sentados :<\/strong><\/p>\n<ul>\n<li>Hasta 110 personas en el restaurante interior<\/li>\n<li>Aperitivo c\u00f3ctel en la terraza, si el tiempo lo permite<\/li>\n<\/ul>\n<p>[\/vc_column_text][\/vc_column_inner][\/vc_row_inner][\/vc_column][\/vc_row][vc_row full_width=\u00bbstretch_row\u00bb el_id=\u00bbequipements\u00bb css=\u00bb.vc_custom_1686650143557{padding-top: 80px !important;padding-right: 15px !important;padding-bottom: 80px !important;padding-left: 15px !important;background-color: #faf9f6 !important;}\u00bb responsive_css=\u00bbpadding_top_large:145px|padding_right_large:40px|padding_bottom_large:168px|padding_left_large:40px\u00bb el_class=\u00bbprestations\u00bb][vc_column][vc_custom_heading text=\u00bbPrivatizaci\u00f3n de todo el espacio<br \/>\npara una velada \u00edntima\u00bb font_container=\u00bbtag:h2|text_align:center\u00bb css=\u00bb.vc_custom_1686649929142{margin-bottom: 40px !important;}\u00bb][vc_column_text css=\u00bb.vc_custom_1686649917603{margin-bottom: 40px !important;}\u00bb]<\/p>\n<p style=\"text-align: center;\">El Caf\u00e9 de l&rsquo;Homme es el lugar ideal para un acto de prestigio, tanto si organizas una velada de empresa como un evento privado.<\/p>\n<p style=\"text-align: center;\">Cada espacio tiene su propio encanto. Descubre las distintas posibilidades que te ofrece el Caf\u00e9 de l&rsquo;Homme para tu evento en el Trocad\u00e9ro.<\/p>\n<p>[\/vc_column_text][vc_row_inner equal_height=\u00bbyes\u00bb content_placement=\u00bbmiddle\u00bb responsive_css=\u00bbmargin_bottom_large:30px\u00bb css=\u00bb.vc_custom_1686224165726{margin-bottom: 40px !important;}\u00bb el_class=\u00bboptions\u00bb][vc_column_inner width=\u00bb1\/5&Prime; enable_overlay=\u00bbyes\u00bb align=\u00bbtext-center\u00bb css=\u00bb.vc_custom_1686240038037{background-image: url(https:\/\/www.cafedelhomme.com\/wp-content\/uploads\/2023\/04\/img-right-scaled.jpg?id=371) !important;background-position: center !important;background-repeat: no-repeat !important;background-size: cover !important;}\u00bb overlay_bg=\u00bbrgba(0, 0, 0, 0.35)\u00bb el_class=\u00bboption-modal\u00bb]<a href=\"#\" class=\"btn btn-default btn-bordered border-thin btn btn-outline btn-outline-white open_modal-simple ld_button_6a016a12cfafa\">\n\t<span>\n\t\t\n\t\t\t\t\t<span class=\"btn-txt\">Sal\u00f3n Priv\u00e9<\/span>\n\t\t\t\n\t\t\t\t<\/span>\n<\/a>\n[vc_column_text el_class=\u00bbmodal-content-simple\u00bb]Con su encanto \u00edntimo, el sal\u00f3n privado es el espacio ideal para eventos a peque\u00f1a escala. Sus 30 m2 y 16 plazas se pueden acondicionar para acoger tus desayunos, comidas y cenas privadas o de negocios. <\/p>\n<p>El restaurante pretende aportar un toque de delicadeza y elegancia ofreci\u00e9ndote una selecci\u00f3n de diez sabrosos y refinados mezz\u00e9s a base de productos de temporada, para hacer de tu evento un momento \u00fanico.<\/p>\n<p>Nuestro sumiller ha reunido una selecci\u00f3n de vinos para crear el maridaje perfecto entre comida y vino.<\/p>\n<p>Capacidad hasta 18 personas<br \/>\nPantalla de TV disponible<br \/>\n30m2[\/vc_column_text][\/vc_column_inner][vc_column_inner width=\u00bb1\/5&Prime; enable_overlay=\u00bbyes\u00bb align=\u00bbtext-center\u00bb css=\u00bb.vc_custom_1686240015414{background-image: url(https:\/\/www.cafedelhomme.com\/wp-content\/uploads\/2023\/04\/bg-fullscreen-scaled.jpg?id=452) !important;background-position: center !important;background-repeat: no-repeat !important;background-size: cover !important;}\u00bb overlay_bg=\u00bbrgba(0, 0, 0, 0.35)\u00bb el_class=\u00bboption-modal\u00bb]<a href=\"#\" class=\"btn btn-default btn-bordered border-thin btn btn-outline btn-outline-white open_modal-simple ld_button_6a016a12cfcc5\">\n\t<span>\n\t\t\n\t\t\t\t\t<span class=\"btn-txt\">Restaurante cubierto<\/span>\n\t\t\t\n\t\t\t\t<\/span>\n<\/a>\n[vc_column_text el_class=\u00bbmodal-content-simple\u00bb]Comidas o cenas de c\u00f3ctel: hasta 200 personas.<br \/>\nComidas o cenas: hasta 130 personas.[\/vc_column_text][\/vc_column_inner][vc_column_inner width=\u00bb1\/5&Prime; align=\u00bbtext-center\u00bb css=\u00bb.vc_custom_1686650296374{background-image: url(https:\/\/www.cafedelhomme.com\/wp-content\/uploads\/2023\/04\/img-left-scaled.jpg?id=370) !important;}\u00bb el_class=\u00bboption-modal\u00bb]<a href=\"#\" class=\"btn btn-default btn-bordered border-thin btn btn-outline btn-outline-white open_modal-simple ld_button_6a016a12cfdf5\">\n\t<span>\n\t\t\n\t\t\t\t\t<span class=\"btn-txt\">Terraza central<\/span>\n\t\t\t\n\t\t\t\t<\/span>\n<\/a>\n[vc_column_text el_class=\u00bbmodal-content-simple\u00bb]Aprovecha la terraza del Caf\u00e9 de l&rsquo;Homme para disfrutar de un remanso de paz y un marco espectacular para tus eventos. Es la oportunidad perfecta para alejarte de todo y disfrutar del sol y de las impresionantes vistas de la Torre Eiffel, el Campo de Marte y los jardines del Trocadero. <\/p>\n<p>Los bancos de casta\u00f1o<br \/>\ny los asientos de rat\u00e1n -tambi\u00e9n hechos especialmente por encargo- bordean las alcobas, la luz del sol acaricia la estatua de H\u00e9rcules domando a un bisonte (Albert Pommier, 1937) y la abundante vegetaci\u00f3n proporciona intimidad a cada una de las mesas de granito bellamente dispuestas.<\/p>\n<p>Parte central de la terraza de 350 m\u00b2.<\/p>\n<p>Se puede hacer privado el interior o toda la terraza. Cubierta y parcialmente climatizada.[\/vc_column_text][\/vc_column_inner][vc_column_inner width=\u00bb1\/5&Prime; align=\u00bbtext-center\u00bb css=\u00bb.vc_custom_1686650301715{background-image: url(https:\/\/www.cafedelhomme.com\/wp-content\/uploads\/2023\/04\/BG-1-1.jpg?id=354) !important;}\u00bb el_class=\u00bboption-modal\u00bb]<a href=\"#\" class=\"btn btn-default btn-bordered border-thin btn btn-outline btn-outline-white open_modal-simple ld_button_6a016a12cff0c\">\n\t<span>\n\t\t\n\t\t\t\t\t<span class=\"btn-txt\">Terraza-jard\u00edn<\/span>\n\t\t\t\n\t\t\t\t<\/span>\n<\/a>\n[vc_column_text el_class=\u00bbmodal-content-simple\u00bb]Almuerzo o cena tipo c\u00f3ctel para hasta 100 personas.<br \/>\nAlmuerzo o cena sentados para hasta 70 personas.<br \/>\nEl 90% del ala est\u00e1 cubierta y tiene calefacci\u00f3n.[\/vc_column_text][\/vc_column_inner][vc_column_inner width=\u00bb1\/5&Prime; align=\u00bbtext-center\u00bb css=\u00bb.vc_custom_1686650308529{background-image: url(https:\/\/www.cafedelhomme.com\/wp-content\/uploads\/2023\/04\/carrousel-first-img-scaled.jpg?id=305) !important;}\u00bb el_class=\u00bboption-modal\u00bb]<a href=\"#\" class=\"btn btn-default btn-bordered border-thin btn btn-outline btn-outline-white open_modal-simple ld_button_6a016a12d001d\">\n\t<span>\n\t\t\n\t\t\t\t\t<span class=\"btn-txt\">Terraza Eiffel<\/span>\n\t\t\t\n\t\t\t\t<\/span>\n<\/a>\n[vc_column_text el_class=\u00bbmodal-content-simple\u00bb]Almuerzo o cena tipo c\u00f3ctel para hasta 100 personas.<br \/>\nAlmuerzo o cena sentados para hasta 70 personas.<br \/>\nEl 90% del ala est\u00e1 cubierta y tiene calefacci\u00f3n.[\/vc_column_text][\/vc_column_inner][\/vc_row_inner][\/vc_column][\/vc_row][vc_row full_width=\u00bbstretch_row\u00bb equal_height=\u00bbyes\u00bb bg_position=\u00bbcenter center\u00bb css=\u00bb.vc_custom_1683016397706{padding-top: 80px !important;padding-bottom: 80px !important;background-image: url(https:\/\/www.cafedelhomme.com\/wp-content\/uploads\/2023\/04\/BG-1-1.jpg?id=354) !important;background-position: center !important;background-repeat: no-repeat !important;background-size: cover !important;}\u00bb el_id=\u00bbimg-screen\u00bb responsive_css=\u00bbpadding_top_large:250px|padding_bottom_large:250px\u00bb][vc_column align=\u00bbtext-center\u00bb][vc_custom_heading text=\u00bbContacta con nuestro equipo de expertos en\u00bb font_container=\u00bbtag:h2|text_align:center\u00bb el_class=\u00bbtitle mb-16&Prime;][vc_column_text el_class=\u00bbsub-title mb-40&Prime;]<em>Ofertas sujetas a disponibilidad, los costes de privatizaci\u00f3n var\u00edan<\/em><br \/>\n<em>en funci\u00f3n de la frecuencia y las horas de funcionamiento del<\/em><br \/>\n<em>nuestro establecimiento. Excluidos los accesorios y los servicios t\u00e9cnicos. <\/em>[\/vc_column_text]<a href=\"#\" class=\"btn btn-default btn-bordered border-thin btn btn-outline btn-outline-white open-contact ld_button_6a016a12d012a\">\n\t<span>\n\t\t\n\t\t\t\t\t<span class=\"btn-txt\">solicite un presupuesto personalizado.<\/span>\n\t\t\t\n\t\t\t\t<\/span>\n<\/a>\n[\/vc_column][\/vc_row]<\/p>\n<\/div>","protected":false},"excerpt":{"rendered":"<p>[vc_row sticky_row=\u00bbyes\u00bb css=\u00bb.vc_custom_1686647252411{background-image: url(https:\/\/www.cafedelhomme.com\/wp-content\/uploads\/2023\/05\/actu5.jpeg?id=1470) !important;background-position: center !important;background-repeat: no-repeat !important;background-size: cover !important;}\u00bb el_id=\u00bbheader-page-simple\u00bb][vc_column responsive_css=\u00bbpadding_top_large:220px|padding_bottom_large:220px\u00bb css=\u00bb.vc_custom_1683277774171{padding-top: 120px !important;padding-bottom: 230px !important;}\u00bb][vc_custom_heading text=\u00bbPrivatizar un lugar \u00fanico\u00bb font_container=\u00bbtag:h1|text_align:center\u00bb css=\u00bb.vc_custom_1686647163435{margin-bottom: 0px !important;}\u00bb][vc_column_text] Disfrute de un entorno excepcional para sus eventos profesionales o privados. [\/vc_column_text][\/vc_column][\/vc_row][vc_row el_id=\u00bbimg-and-text\u00bb responsive_css=\u00bbpadding_top_large:160px|padding_bottom_large:80px\u00bb css=\u00bb.vc_custom_1686650324246{padding-bottom: 40px !important;background-color: #ffffff !important;}\u00bb][vc_column][vc_row_inner&#8230;<\/p>\n","protected":false},"author":1,"featured_media":0,"parent":9551,"menu_order":0,"comment_status":"closed","ping_status":"closed","template":"","meta":{"_acf_changed":false,"footnotes":""},"class_list":["post-9598","page","type-page","status-publish","hentry"],"acf":[],"yoast_head":"<!-- This site is optimized with the Yoast SEO Premium plugin v20.10 (Yoast SEO v27.0) - https:\/\/yoast.com\/product\/yoast-seo-premium-wordpress\/ -->\n<title>Privatizar un lugar \u00fanico - Caf\u00e9 de l&#039;Homme<\/title>\n<meta name=\"robots\" content=\"index, follow, max-snippet:-1, max-image-preview:large, max-video-preview:-1\" \/>\n<link rel=\"canonical\" href=\"https:\/\/www.cafedelhomme.com\/es\/privatizar\/privatizar-un-lugar-unico\" \/>\n<meta property=\"og:locale\" content=\"es_ES\" \/>\n<meta property=\"og:type\" content=\"article\" \/>\n<meta property=\"og:title\" content=\"Privatizar un lugar \u00fanico - Caf\u00e9 de l&#039;Homme\" \/>\n<meta property=\"og:description\" content=\"[vc_row sticky_row=\u00bbyes\u00bb css=\u00bb.vc_custom_1686647252411{background-image: url(https:\/\/www.cafedelhomme.com\/wp-content\/uploads\/2023\/05\/actu5.jpeg?id=1470) !important;background-position: center !important;background-repeat: no-repeat !important;background-size: cover !important;}\u00bb el_id=\u00bbheader-page-simple\u00bb][vc_column responsive_css=\u00bbpadding_top_large:220px|padding_bottom_large:220px\u00bb css=\u00bb.vc_custom_1683277774171{padding-top: 120px !important;padding-bottom: 230px !important;}\u00bb][vc_custom_heading text=\u00bbPrivatizar un lugar \u00fanico\u00bb font_container=\u00bbtag:h1|text_align:center\u00bb css=\u00bb.vc_custom_1686647163435{margin-bottom: 0px !important;}\u00bb][vc_column_text] Disfrute de un entorno excepcional para sus eventos profesionales o privados. [\/vc_column_text][\/vc_column][\/vc_row][vc_row el_id=\u00bbimg-and-text\u00bb responsive_css=\u00bbpadding_top_large:160px|padding_bottom_large:80px\u00bb css=\u00bb.vc_custom_1686650324246{padding-bottom: 40px !important;background-color: #ffffff !important;}\u00bb][vc_column][vc_row_inner...\" \/>\n<meta property=\"og:url\" content=\"https:\/\/www.cafedelhomme.com\/es\/privatizar\/privatizar-un-lugar-unico\" \/>\n<meta property=\"og:site_name\" content=\"Caf\u00e9 de l&#039;Homme\" \/>\n<meta property=\"article:publisher\" content=\"https:\/\/www.facebook.com\/cafedelhomme\" \/>\n<meta property=\"article:modified_time\" content=\"2025-04-25T12:26:14+00:00\" \/>\n<meta name=\"twitter:card\" content=\"summary_large_image\" \/>\n<meta name=\"twitter:label1\" content=\"Tiempo de lectura\" \/>\n\t<meta name=\"twitter:data1\" content=\"9 minutos\" \/>\n<script type=\"application\/ld+json\" class=\"yoast-schema-graph\">{\"@context\":\"https:\/\/schema.org\",\"@graph\":[{\"@type\":\"WebPage\",\"@id\":\"https:\/\/www.cafedelhomme.com\/es\/privatizar\/privatizar-un-lugar-unico\",\"url\":\"https:\/\/www.cafedelhomme.com\/es\/privatizar\/privatizar-un-lugar-unico\",\"name\":\"Privatizar un lugar \u00fanico - Caf\u00e9 de l&#039;Homme\",\"isPartOf\":{\"@id\":\"https:\/\/www.cafedelhomme.com\/es#website\"},\"datePublished\":\"2023-06-13T07:59:37+00:00\",\"dateModified\":\"2025-04-25T12:26:14+00:00\",\"breadcrumb\":{\"@id\":\"https:\/\/www.cafedelhomme.com\/es\/privatizar\/privatizar-un-lugar-unico#breadcrumb\"},\"inLanguage\":\"es\",\"potentialAction\":[{\"@type\":\"ReadAction\",\"target\":[\"https:\/\/www.cafedelhomme.com\/es\/privatizar\/privatizar-un-lugar-unico\"]}]},{\"@type\":\"BreadcrumbList\",\"@id\":\"https:\/\/www.cafedelhomme.com\/es\/privatizar\/privatizar-un-lugar-unico#breadcrumb\",\"itemListElement\":[{\"@type\":\"ListItem\",\"position\":1,\"name\":\"Privatizar\",\"item\":\"https:\/\/www.cafedelhomme.com\/es\/privatizar\"},{\"@type\":\"ListItem\",\"position\":2,\"name\":\"Privatizar un lugar \u00fanico\"}]},{\"@type\":\"WebSite\",\"@id\":\"https:\/\/www.cafedelhomme.com\/es#website\",\"url\":\"https:\/\/www.cafedelhomme.com\/es\",\"name\":\"Caf\u00e9 de l'Homme\",\"description\":\"\",\"publisher\":{\"@id\":\"https:\/\/www.cafedelhomme.com\/es#organization\"},\"potentialAction\":[{\"@type\":\"SearchAction\",\"target\":{\"@type\":\"EntryPoint\",\"urlTemplate\":\"https:\/\/www.cafedelhomme.com\/es?s={search_term_string}\"},\"query-input\":{\"@type\":\"PropertyValueSpecification\",\"valueRequired\":true,\"valueName\":\"search_term_string\"}}],\"inLanguage\":\"es\"},{\"@type\":\"Organization\",\"@id\":\"https:\/\/www.cafedelhomme.com\/es#organization\",\"name\":\"Caf\u00e9 del Hombre\",\"url\":\"https:\/\/www.cafedelhomme.com\/es\",\"logo\":{\"@type\":\"ImageObject\",\"inLanguage\":\"es\",\"@id\":\"https:\/\/www.cafedelhomme.com\/es#\/schema\/logo\/image\/\",\"url\":\"https:\/\/www.cafedelhomme.com\/wp-content\/uploads\/2023\/04\/big-logo-300x163-1.png\",\"contentUrl\":\"https:\/\/www.cafedelhomme.com\/wp-content\/uploads\/2023\/04\/big-logo-300x163-1.png\",\"width\":300,\"height\":163,\"caption\":\"Caf\u00e9 del Hombre\"},\"image\":{\"@id\":\"https:\/\/www.cafedelhomme.com\/es#\/schema\/logo\/image\/\"},\"sameAs\":[\"https:\/\/www.facebook.com\/cafedelhomme\",\"https:\/\/www.instagram.com\/cafedelhomme\/\"]}]}<\/script>\n<!-- \/ Yoast SEO Premium plugin. -->","yoast_head_json":{"title":"Privatizar un lugar \u00fanico - Caf\u00e9 de l&#039;Homme","robots":{"index":"index","follow":"follow","max-snippet":"max-snippet:-1","max-image-preview":"max-image-preview:large","max-video-preview":"max-video-preview:-1"},"canonical":"https:\/\/www.cafedelhomme.com\/es\/privatizar\/privatizar-un-lugar-unico","og_locale":"es_ES","og_type":"article","og_title":"Privatizar un lugar \u00fanico - Caf\u00e9 de l&#039;Homme","og_description":"[vc_row sticky_row=\u00bbyes\u00bb css=\u00bb.vc_custom_1686647252411{background-image: url(https:\/\/www.cafedelhomme.com\/wp-content\/uploads\/2023\/05\/actu5.jpeg?id=1470) !important;background-position: center !important;background-repeat: no-repeat !important;background-size: cover !important;}\u00bb el_id=\u00bbheader-page-simple\u00bb][vc_column responsive_css=\u00bbpadding_top_large:220px|padding_bottom_large:220px\u00bb css=\u00bb.vc_custom_1683277774171{padding-top: 120px !important;padding-bottom: 230px !important;}\u00bb][vc_custom_heading text=\u00bbPrivatizar un lugar \u00fanico\u00bb font_container=\u00bbtag:h1|text_align:center\u00bb css=\u00bb.vc_custom_1686647163435{margin-bottom: 0px !important;}\u00bb][vc_column_text] Disfrute de un entorno excepcional para sus eventos profesionales o privados. [\/vc_column_text][\/vc_column][\/vc_row][vc_row el_id=\u00bbimg-and-text\u00bb responsive_css=\u00bbpadding_top_large:160px|padding_bottom_large:80px\u00bb css=\u00bb.vc_custom_1686650324246{padding-bottom: 40px !important;background-color: #ffffff !important;}\u00bb][vc_column][vc_row_inner...","og_url":"https:\/\/www.cafedelhomme.com\/es\/privatizar\/privatizar-un-lugar-unico","og_site_name":"Caf\u00e9 de l&#039;Homme","article_publisher":"https:\/\/www.facebook.com\/cafedelhomme","article_modified_time":"2025-04-25T12:26:14+00:00","twitter_card":"summary_large_image","twitter_misc":{"Tiempo de lectura":"9 minutos"},"schema":{"@context":"https:\/\/schema.org","@graph":[{"@type":"WebPage","@id":"https:\/\/www.cafedelhomme.com\/es\/privatizar\/privatizar-un-lugar-unico","url":"https:\/\/www.cafedelhomme.com\/es\/privatizar\/privatizar-un-lugar-unico","name":"Privatizar un lugar \u00fanico - Caf\u00e9 de l&#039;Homme","isPartOf":{"@id":"https:\/\/www.cafedelhomme.com\/es#website"},"datePublished":"2023-06-13T07:59:37+00:00","dateModified":"2025-04-25T12:26:14+00:00","breadcrumb":{"@id":"https:\/\/www.cafedelhomme.com\/es\/privatizar\/privatizar-un-lugar-unico#breadcrumb"},"inLanguage":"es","potentialAction":[{"@type":"ReadAction","target":["https:\/\/www.cafedelhomme.com\/es\/privatizar\/privatizar-un-lugar-unico"]}]},{"@type":"BreadcrumbList","@id":"https:\/\/www.cafedelhomme.com\/es\/privatizar\/privatizar-un-lugar-unico#breadcrumb","itemListElement":[{"@type":"ListItem","position":1,"name":"Privatizar","item":"https:\/\/www.cafedelhomme.com\/es\/privatizar"},{"@type":"ListItem","position":2,"name":"Privatizar un lugar \u00fanico"}]},{"@type":"WebSite","@id":"https:\/\/www.cafedelhomme.com\/es#website","url":"https:\/\/www.cafedelhomme.com\/es","name":"Caf\u00e9 de l'Homme","description":"","publisher":{"@id":"https:\/\/www.cafedelhomme.com\/es#organization"},"potentialAction":[{"@type":"SearchAction","target":{"@type":"EntryPoint","urlTemplate":"https:\/\/www.cafedelhomme.com\/es?s={search_term_string}"},"query-input":{"@type":"PropertyValueSpecification","valueRequired":true,"valueName":"search_term_string"}}],"inLanguage":"es"},{"@type":"Organization","@id":"https:\/\/www.cafedelhomme.com\/es#organization","name":"Caf\u00e9 del Hombre","url":"https:\/\/www.cafedelhomme.com\/es","logo":{"@type":"ImageObject","inLanguage":"es","@id":"https:\/\/www.cafedelhomme.com\/es#\/schema\/logo\/image\/","url":"https:\/\/www.cafedelhomme.com\/wp-content\/uploads\/2023\/04\/big-logo-300x163-1.png","contentUrl":"https:\/\/www.cafedelhomme.com\/wp-content\/uploads\/2023\/04\/big-logo-300x163-1.png","width":300,"height":163,"caption":"Caf\u00e9 del Hombre"},"image":{"@id":"https:\/\/www.cafedelhomme.com\/es#\/schema\/logo\/image\/"},"sameAs":["https:\/\/www.facebook.com\/cafedelhomme","https:\/\/www.instagram.com\/cafedelhomme\/"]}]}},"_links":{"self":[{"href":"https:\/\/www.cafedelhomme.com\/es\/wp-json\/wp\/v2\/pages\/9598","targetHints":{"allow":["GET"]}}],"collection":[{"href":"https:\/\/www.cafedelhomme.com\/es\/wp-json\/wp\/v2\/pages"}],"about":[{"href":"https:\/\/www.cafedelhomme.com\/es\/wp-json\/wp\/v2\/types\/page"}],"author":[{"embeddable":true,"href":"https:\/\/www.cafedelhomme.com\/es\/wp-json\/wp\/v2\/users\/1"}],"replies":[{"embeddable":true,"href":"https:\/\/www.cafedelhomme.com\/es\/wp-json\/wp\/v2\/comments?post=9598"}],"version-history":[{"count":5,"href":"https:\/\/www.cafedelhomme.com\/es\/wp-json\/wp\/v2\/pages\/9598\/revisions"}],"predecessor-version":[{"id":11155,"href":"https:\/\/www.cafedelhomme.com\/es\/wp-json\/wp\/v2\/pages\/9598\/revisions\/11155"}],"up":[{"embeddable":true,"href":"https:\/\/www.cafedelhomme.com\/es\/wp-json\/wp\/v2\/pages\/9551"}],"wp:attachment":[{"href":"https:\/\/www.cafedelhomme.com\/es\/wp-json\/wp\/v2\/media?parent=9598"}],"curies":[{"name":"wp","href":"https:\/\/api.w.org\/{rel}","templated":true}]}}