{"id":9673,"date":"2023-05-09T14:06:35","date_gmt":"2023-05-09T12:06:35","guid":{"rendered":"https:\/\/www.cafedelhomme.com\/privatizacion-total"},"modified":"2025-04-24T15:58:18","modified_gmt":"2025-04-24T13:58:18","slug":"privatizacion-total","status":"publish","type":"page","link":"https:\/\/www.cafedelhomme.com\/es\/privatizacion-total","title":{"rendered":"Privatizaci\u00f3n total"},"content":{"rendered":"<div class=\"wpb-content-wrapper\"><p>[vc_row equal_height=\u00bbyes\u00bb enable_overlay=\u00bbyes\u00bb css=\u00bb.vc_custom_1683641001854{background-image: url(https:\/\/www.cafedelhomme.com\/wp-content\/uploads\/2023\/05\/bg-privatisation-totale-page.jpg?id=966) !important;background-position: center !important;background-repeat: no-repeat !important;background-size: cover !important;}\u00bb el_class=\u00bbprivatisation_totale\u00bb overlay_bg=\u00bblinear-gradient(180deg, rgba(0, 0, 0, 0) 0.9554140127388535%, rgba(0, 0, 0, 0.4) 99.68152866242038%)\u00bb][vc_column][vc_custom_heading text=\u00bbPrivatizaci\u00f3n total\u00bb font_container=\u00bbtag:h2|text_align:center\u00bb][\/vc_column][\/vc_row][vc_row responsive_css=\u00bbpadding_top_large:120px|padding_bottom_large:100px\u00bb el_id=\u00bbbreadcrumb-intro\u00bb el_class=\u00bbintro\u00bb css=\u00bb.vc_custom_1683636463515{padding-top: 60px !important;padding-bottom: 50px !important;}\u00bb][vc_column align=\u00bbtext-center\u00bb][vc_raw_html]W2Fkbl9icmVhZGNydW1iXQ==[\/vc_raw_html][\/vc_column][\/vc_row][vc_row el_id=\u00bbtwo-columns\u00bb responsive_css=\u00bbpadding_bottom_large:160px\u00bb css=\u00bb.vc_custom_1683636349178{padding-bottom: 80px !important;}\u00bb][vc_column][vc_custom_heading text=\u00bbPrivatizaci\u00f3n completa del Caf\u00e9 de l&rsquo;Homme para una experiencia \u00fanica\u00bb][vc_row_inner][vc_column_inner width=\u00bb1\/2&Prime; el_class=\u00bbtop_column\u00bb][vc_column_text]Cuando est\u00e1 totalmente privatizado, el Caf\u00e9 de l&rsquo;Homme puede acoger hasta 250 personas en sus diferentes espacios: sala principal, entresuelo y terraza.<br \/>\nId\u00f3neo para tus eventos, este espacio \u00fanico de 550 m2 te permitir\u00e1 contemplar la Torre Eiffel, el Campo de Marte y los jardines del Trocadero, as\u00ed como los encantos de los monumentos parisinos.<br \/>\nElegancia y dise\u00f1o arquitect\u00f3nico se combinan en este establecimiento del Palacio de Chaillot. Su amplia sala de recepci\u00f3n, decorada con paredes de cedro pulido y bancos y sillones de fresno, ha sido cuidadosamente renovada para garantizar tu comodidad.[\/vc_column_text][\/vc_column_inner][vc_column_inner width=\u00bb1\/2&Prime; el_class=\u00bbbottom_column\u00bb][vc_column_text]El marco es perfecto para cenas de empresa y ruedas de prensa, mientras que el ambiente es ideal para seminarios, c\u00f3cteles y veladas privadas. Cuando hace buen tiempo, la terraza con su imponente vista de la Torre Eiffel har\u00e1 las delicias de tus invitados.<br \/>\nEl Caf\u00e9 de l&rsquo;Homme y su arte del entretenimiento te ayudar\u00e1n a que tu evento se desarrolle sin problemas, con dise\u00f1o de men\u00fas, asesoramiento de sumilleres, puesta en escena y entretenimiento&#8230;[\/vc_column_text][\/vc_column_inner][\/vc_row_inner][\/vc_column][\/vc_row][vc_row full_width=\u00bbstretch_row\u00bb gap=\u00bb0&Prime; el_id=\u00bbslider-articles\u00bb responsive_css=\u00bbpadding_bottom_large:160px\u00bb css=\u00bb.vc_custom_1683637347674{padding-bottom: 80px !important;}\u00bb el_class=\u00bbespaces-prives\u00bb][vc_column][vc_custom_heading text=\u00bb\u00c1reas incluidas en la privatizaci\u00f3n\u00bb][vc_column_text el_class=\u00bbtext_slider\u00bb]Cuando reservas el Caf\u00e9 de l&rsquo;Homme, no reservas s\u00f3lo un lugar, sino varios. Desde el discreto encanto de la table d&rsquo;h\u00f4te hasta la cordialidad de nuestras diversas terrazas, pasando por el desv\u00edo a los a\u00f1os 30 y el estilo Art D\u00e9co del comedor privado. Al reservar el Caf\u00e9 de l&rsquo;Homme en su totalidad, viajar\u00e1s a trav\u00e9s del espacio y del tiempo para hacer de tu evento una experiencia inolvidable.[\/vc_column_text][vc_basic_grid post_type=\u00bbcdh_privatisation\u00bb max_items=\u00bb6&Prime; gap=\u00bb25&Prime; item=\u00bb1019&Prime; grid_id=\u00bbvc_gid:1745503000574-9d35d36a-e732-1&Prime; el_class=\u00bbslider-right\u00bb exclude=\u00bb1659, 1651&Prime;][\/vc_column][\/vc_row][vc_row responsive_css=\u00bbpadding_bottom_large:160px\u00bb el_class=\u00bbpriv_cafe_de_lhomme\u00bb css=\u00bb.vc_custom_1683639090732{padding-bottom: 80px !important;}\u00bb][vc_column][vc_custom_heading text=\u00bbPrivatizaci\u00f3n del Caf\u00e9 de l&rsquo;Homme\u00bb][vc_column_text el_class=\u00bbbloc_option\u00bb]<\/p>\n<h3>Opci\u00f3n de c\u00f3ctel de recepci\u00f3n<\/h3>\n<ul>\n<li>Hasta 300 personas en verano (de abril a octubre), en el interior y al aire libre.<\/li>\n<li>Hasta 200 personas en el interior durante la temporada de invierno (de noviembre a marzo), con la posibilidad de utilizar la terraza en funci\u00f3n del tiempo.<\/li>\n<\/ul>\n<h3>Opci\u00f3n de cena sentada<\/h3>\n<ul>\n<li>Hasta 100 personas en el restaurante interior<\/li>\n<li>Aperitivo c\u00f3ctel en la terraza, si el tiempo lo permite<\/li>\n<\/ul>\n<p>[\/vc_column_text][\/vc_column][\/vc_row][vc_row el_id=\u00bbequipements\u00bb css=\u00bb.vc_custom_1682603367123{padding-top: 80px !important;padding-bottom: 80px !important;background-color: #faf9f6 !important;}\u00bb responsive_css=\u00bbpadding_top_large:145px|padding_bottom_large:168px\u00bb][vc_column align=\u00bbtext-center\u00bb][vc_custom_heading text=\u00bbEquipo\u00bb font_container=\u00bbtag:h2|text_align:center\u00bb css=\u00bb.vc_custom_1682089587254{margin-bottom: 80px !important;}\u00bb][vc_row_inner equal_height=\u00bbyes\u00bb el_class=\u00bbcards\u00bb responsive_css=\u00bbmargin_bottom_large:88px\u00bb][vc_column_inner width=\u00bb1\/4&Prime; align=\u00bbtext-center\u00bb][vc_single_image image=\u00bb241&Prime; img_size=\u00bbfull\u00bb alignment=\u00bbcenter\u00bb][vc_custom_heading text=\u00bbIluminaci\u00f3n\u00bb font_container=\u00bbtag:h3|text_align:center\u00bb][vc_column_text el_class=\u00bbcards_item\u00bb]Colores modulares[\/vc_column_text][\/vc_column_inner][vc_column_inner width=\u00bb1\/4&Prime;][vc_single_image image=\u00bb242&Prime; img_size=\u00bbfull\u00bb alignment=\u00bbcenter\u00bb][vc_custom_heading text=\u00bbSistema de sonido\u00bb font_container=\u00bbtag:h3|text_align:center\u00bb][vc_column_text el_class=\u00bbcards_item\u00bb]Altavoces y micr\u00f3fonos[\/vc_column_text][\/vc_column_inner][vc_column_inner width=\u00bb1\/4&Prime;][vc_single_image image=\u00bb243&Prime; img_size=\u00bbfull\u00bb alignment=\u00bbcenter\u00bb][vc_custom_heading text=\u00bbProyecci\u00f3n\u00bb font_container=\u00bbtag:h3|text_align:center\u00bb][vc_column_text el_class=\u00bbcards_item\u00bb]Pantallas gigantes[\/vc_column_text][\/vc_column_inner][vc_column_inner width=\u00bb1\/4&Prime;][vc_single_image image=\u00bb244&Prime; img_size=\u00bbfull\u00bb alignment=\u00bbcenter\u00bb][vc_custom_heading text=\u00bbInternet y wifi\u00bb font_container=\u00bbtag:h3|text_align:center\u00bb][vc_column_text el_class=\u00bbcards_item\u00bb]Fibra de muy alta velocidad[\/vc_column_text][\/vc_column_inner][\/vc_row_inner]<a href=\"#\" class=\"btn btn-naked btn_underline open_equipement ld_button_69fa39679fa18\">\n\t<span>\n\t\t\n\t\t\t\t\t<span class=\"btn-txt\">detalles del equipamiento.<\/span>\n\t\t\t\n\t\t\t\t<\/span>\n<\/a>\n[\/vc_column][\/vc_row][vc_row full_width=\u00bbstretch_row\u00bb equal_height=\u00bbyes\u00bb bg_position=\u00bbcenter center\u00bb css=\u00bb.vc_custom_1683016397706{padding-top: 80px !important;padding-bottom: 80px !important;background-image: url(https:\/\/www.cafedelhomme.com\/wp-content\/uploads\/2023\/04\/BG-1-1.jpg?id=354) !important;background-position: center !important;background-repeat: no-repeat !important;background-size: cover !important;}\u00bb el_id=\u00bbimg-screen\u00bb responsive_css=\u00bbpadding_top_large:250px|padding_bottom_large:250px\u00bb][vc_column align=\u00bbtext-center\u00bb][vc_custom_heading text=\u00bbDamos vida a tu proyecto\u00bb font_container=\u00bbtag:h2|text_align:center\u00bb el_class=\u00bbtitle mb-16&Prime;][vc_column_text el_class=\u00bbsub-title mb-40&Prime;]El Caf\u00e9 de l&rsquo;Homme y su arte de entretener te ayudar\u00e1n a que tu evento<br \/>\nsea \u00fanico y prestigioso.[\/vc_column_text]<a href=\"#\" class=\"btn btn-default btn-bordered border-thin btn btn-outline btn-outline-white open-contact ld_button_69fa39679fbd3\">\n\t<span>\n\t\t\n\t\t\t\t\t<span class=\"btn-txt\">Solicitud de presupuesto personalizado<\/span>\n\t\t\t\n\t\t\t\t<\/span>\n<\/a>\n[\/vc_column][\/vc_row]<\/p>\n<\/div>","protected":false},"excerpt":{"rendered":"<p>[vc_row equal_height=\u00bbyes\u00bb enable_overlay=\u00bbyes\u00bb css=\u00bb.vc_custom_1683641001854{background-image: url(https:\/\/www.cafedelhomme.com\/wp-content\/uploads\/2023\/05\/bg-privatisation-totale-page.jpg?id=966) !important;background-position: center !important;background-repeat: no-repeat !important;background-size: cover !important;}\u00bb el_class=\u00bbprivatisation_totale\u00bb overlay_bg=\u00bblinear-gradient(180deg, rgba(0, 0, 0, 0) 0.9554140127388535%, rgba(0, 0, 0, 0.4) 99.68152866242038%)\u00bb][vc_column][vc_custom_heading text=\u00bbPrivatizaci\u00f3n total\u00bb font_container=\u00bbtag:h2|text_align:center\u00bb][\/vc_column][\/vc_row][vc_row responsive_css=\u00bbpadding_top_large:120px|padding_bottom_large:100px\u00bb el_id=\u00bbbreadcrumb-intro\u00bb el_class=\u00bbintro\u00bb css=\u00bb.vc_custom_1683636463515{padding-top: 60px !important;padding-bottom: 50px !important;}\u00bb][vc_column align=\u00bbtext-center\u00bb][vc_raw_html]W2Fkbl9icmVhZGNydW1iXQ==[\/vc_raw_html][\/vc_column][\/vc_row][vc_row el_id=\u00bbtwo-columns\u00bb responsive_css=\u00bbpadding_bottom_large:160px\u00bb css=\u00bb.vc_custom_1683636349178{padding-bottom: 80px !important;}\u00bb][vc_column][vc_custom_heading text=\u00bbPrivatizaci\u00f3n completa del Caf\u00e9&#8230;<\/p>\n","protected":false},"author":3,"featured_media":0,"parent":0,"menu_order":0,"comment_status":"closed","ping_status":"closed","template":"","meta":{"_acf_changed":false,"footnotes":""},"class_list":["post-9673","page","type-page","status-publish","hentry"],"acf":[],"yoast_head":"<!-- This site is optimized with the Yoast SEO Premium plugin v20.10 (Yoast SEO v27.0) - https:\/\/yoast.com\/product\/yoast-seo-premium-wordpress\/ -->\n<title>Privatizaci\u00f3n total - Caf\u00e9 de l&#039;Homme<\/title>\n<meta name=\"robots\" content=\"index, follow, max-snippet:-1, max-image-preview:large, max-video-preview:-1\" \/>\n<link rel=\"canonical\" href=\"https:\/\/www.cafedelhomme.com\/es\/privatizacion-total\" \/>\n<meta property=\"og:locale\" content=\"es_ES\" \/>\n<meta property=\"og:type\" content=\"article\" \/>\n<meta property=\"og:title\" content=\"Privatizaci\u00f3n total - Caf\u00e9 de l&#039;Homme\" \/>\n<meta property=\"og:description\" content=\"[vc_row equal_height=\u00bbyes\u00bb enable_overlay=\u00bbyes\u00bb css=\u00bb.vc_custom_1683641001854{background-image: url(https:\/\/www.cafedelhomme.com\/wp-content\/uploads\/2023\/05\/bg-privatisation-totale-page.jpg?id=966) !important;background-position: center !important;background-repeat: no-repeat !important;background-size: cover !important;}\u00bb el_class=\u00bbprivatisation_totale\u00bb overlay_bg=\u00bblinear-gradient(180deg, rgba(0, 0, 0, 0) 0.9554140127388535%, rgba(0, 0, 0, 0.4) 99.68152866242038%)\u00bb][vc_column][vc_custom_heading text=\u00bbPrivatizaci\u00f3n total\u00bb font_container=\u00bbtag:h2|text_align:center\u00bb][\/vc_column][\/vc_row][vc_row responsive_css=\u00bbpadding_top_large:120px|padding_bottom_large:100px\u00bb el_id=\u00bbbreadcrumb-intro\u00bb el_class=\u00bbintro\u00bb css=\u00bb.vc_custom_1683636463515{padding-top: 60px !important;padding-bottom: 50px !important;}\u00bb][vc_column align=\u00bbtext-center\u00bb][vc_raw_html]W2Fkbl9icmVhZGNydW1iXQ==[\/vc_raw_html][\/vc_column][\/vc_row][vc_row el_id=\u00bbtwo-columns\u00bb responsive_css=\u00bbpadding_bottom_large:160px\u00bb css=\u00bb.vc_custom_1683636349178{padding-bottom: 80px !important;}\u00bb][vc_column][vc_custom_heading text=\u00bbPrivatizaci\u00f3n completa del Caf\u00e9...\" \/>\n<meta property=\"og:url\" content=\"https:\/\/www.cafedelhomme.com\/es\/privatizacion-total\" \/>\n<meta property=\"og:site_name\" content=\"Caf\u00e9 de l&#039;Homme\" \/>\n<meta property=\"article:publisher\" content=\"https:\/\/www.facebook.com\/cafedelhomme\" \/>\n<meta property=\"article:modified_time\" content=\"2025-04-24T13:58:18+00:00\" \/>\n<meta name=\"twitter:card\" content=\"summary_large_image\" \/>\n<meta name=\"twitter:label1\" content=\"Tiempo de lectura\" \/>\n\t<meta name=\"twitter:data1\" content=\"4 minutos\" \/>\n<script type=\"application\/ld+json\" class=\"yoast-schema-graph\">{\"@context\":\"https:\/\/schema.org\",\"@graph\":[{\"@type\":\"WebPage\",\"@id\":\"https:\/\/www.cafedelhomme.com\/es\/privatizacion-total\",\"url\":\"https:\/\/www.cafedelhomme.com\/es\/privatizacion-total\",\"name\":\"Privatizaci\u00f3n total - Caf\u00e9 de l&#039;Homme\",\"isPartOf\":{\"@id\":\"https:\/\/www.cafedelhomme.com\/es#website\"},\"datePublished\":\"2023-05-09T12:06:35+00:00\",\"dateModified\":\"2025-04-24T13:58:18+00:00\",\"inLanguage\":\"es\",\"potentialAction\":[{\"@type\":\"ReadAction\",\"target\":[\"https:\/\/www.cafedelhomme.com\/es\/privatizacion-total\"]}]},{\"@type\":\"WebSite\",\"@id\":\"https:\/\/www.cafedelhomme.com\/es#website\",\"url\":\"https:\/\/www.cafedelhomme.com\/es\",\"name\":\"Caf\u00e9 de l'Homme\",\"description\":\"\",\"publisher\":{\"@id\":\"https:\/\/www.cafedelhomme.com\/es#organization\"},\"potentialAction\":[{\"@type\":\"SearchAction\",\"target\":{\"@type\":\"EntryPoint\",\"urlTemplate\":\"https:\/\/www.cafedelhomme.com\/es?s={search_term_string}\"},\"query-input\":{\"@type\":\"PropertyValueSpecification\",\"valueRequired\":true,\"valueName\":\"search_term_string\"}}],\"inLanguage\":\"es\"},{\"@type\":\"Organization\",\"@id\":\"https:\/\/www.cafedelhomme.com\/es#organization\",\"name\":\"Caf\u00e9 del Hombre\",\"url\":\"https:\/\/www.cafedelhomme.com\/es\",\"logo\":{\"@type\":\"ImageObject\",\"inLanguage\":\"es\",\"@id\":\"https:\/\/www.cafedelhomme.com\/es#\/schema\/logo\/image\/\",\"url\":\"https:\/\/www.cafedelhomme.com\/wp-content\/uploads\/2023\/04\/big-logo-300x163-1.png\",\"contentUrl\":\"https:\/\/www.cafedelhomme.com\/wp-content\/uploads\/2023\/04\/big-logo-300x163-1.png\",\"width\":300,\"height\":163,\"caption\":\"Caf\u00e9 del Hombre\"},\"image\":{\"@id\":\"https:\/\/www.cafedelhomme.com\/es#\/schema\/logo\/image\/\"},\"sameAs\":[\"https:\/\/www.facebook.com\/cafedelhomme\",\"https:\/\/www.instagram.com\/cafedelhomme\/\"]}]}<\/script>\n<!-- \/ Yoast SEO Premium plugin. -->","yoast_head_json":{"title":"Privatizaci\u00f3n total - Caf\u00e9 de l&#039;Homme","robots":{"index":"index","follow":"follow","max-snippet":"max-snippet:-1","max-image-preview":"max-image-preview:large","max-video-preview":"max-video-preview:-1"},"canonical":"https:\/\/www.cafedelhomme.com\/es\/privatizacion-total","og_locale":"es_ES","og_type":"article","og_title":"Privatizaci\u00f3n total - Caf\u00e9 de l&#039;Homme","og_description":"[vc_row equal_height=\u00bbyes\u00bb enable_overlay=\u00bbyes\u00bb css=\u00bb.vc_custom_1683641001854{background-image: url(https:\/\/www.cafedelhomme.com\/wp-content\/uploads\/2023\/05\/bg-privatisation-totale-page.jpg?id=966) !important;background-position: center !important;background-repeat: no-repeat !important;background-size: cover !important;}\u00bb el_class=\u00bbprivatisation_totale\u00bb overlay_bg=\u00bblinear-gradient(180deg, rgba(0, 0, 0, 0) 0.9554140127388535%, rgba(0, 0, 0, 0.4) 99.68152866242038%)\u00bb][vc_column][vc_custom_heading text=\u00bbPrivatizaci\u00f3n total\u00bb font_container=\u00bbtag:h2|text_align:center\u00bb][\/vc_column][\/vc_row][vc_row responsive_css=\u00bbpadding_top_large:120px|padding_bottom_large:100px\u00bb el_id=\u00bbbreadcrumb-intro\u00bb el_class=\u00bbintro\u00bb css=\u00bb.vc_custom_1683636463515{padding-top: 60px !important;padding-bottom: 50px !important;}\u00bb][vc_column align=\u00bbtext-center\u00bb][vc_raw_html]W2Fkbl9icmVhZGNydW1iXQ==[\/vc_raw_html][\/vc_column][\/vc_row][vc_row el_id=\u00bbtwo-columns\u00bb responsive_css=\u00bbpadding_bottom_large:160px\u00bb css=\u00bb.vc_custom_1683636349178{padding-bottom: 80px !important;}\u00bb][vc_column][vc_custom_heading text=\u00bbPrivatizaci\u00f3n completa del Caf\u00e9...","og_url":"https:\/\/www.cafedelhomme.com\/es\/privatizacion-total","og_site_name":"Caf\u00e9 de l&#039;Homme","article_publisher":"https:\/\/www.facebook.com\/cafedelhomme","article_modified_time":"2025-04-24T13:58:18+00:00","twitter_card":"summary_large_image","twitter_misc":{"Tiempo de lectura":"4 minutos"},"schema":{"@context":"https:\/\/schema.org","@graph":[{"@type":"WebPage","@id":"https:\/\/www.cafedelhomme.com\/es\/privatizacion-total","url":"https:\/\/www.cafedelhomme.com\/es\/privatizacion-total","name":"Privatizaci\u00f3n total - Caf\u00e9 de l&#039;Homme","isPartOf":{"@id":"https:\/\/www.cafedelhomme.com\/es#website"},"datePublished":"2023-05-09T12:06:35+00:00","dateModified":"2025-04-24T13:58:18+00:00","inLanguage":"es","potentialAction":[{"@type":"ReadAction","target":["https:\/\/www.cafedelhomme.com\/es\/privatizacion-total"]}]},{"@type":"WebSite","@id":"https:\/\/www.cafedelhomme.com\/es#website","url":"https:\/\/www.cafedelhomme.com\/es","name":"Caf\u00e9 de l'Homme","description":"","publisher":{"@id":"https:\/\/www.cafedelhomme.com\/es#organization"},"potentialAction":[{"@type":"SearchAction","target":{"@type":"EntryPoint","urlTemplate":"https:\/\/www.cafedelhomme.com\/es?s={search_term_string}"},"query-input":{"@type":"PropertyValueSpecification","valueRequired":true,"valueName":"search_term_string"}}],"inLanguage":"es"},{"@type":"Organization","@id":"https:\/\/www.cafedelhomme.com\/es#organization","name":"Caf\u00e9 del Hombre","url":"https:\/\/www.cafedelhomme.com\/es","logo":{"@type":"ImageObject","inLanguage":"es","@id":"https:\/\/www.cafedelhomme.com\/es#\/schema\/logo\/image\/","url":"https:\/\/www.cafedelhomme.com\/wp-content\/uploads\/2023\/04\/big-logo-300x163-1.png","contentUrl":"https:\/\/www.cafedelhomme.com\/wp-content\/uploads\/2023\/04\/big-logo-300x163-1.png","width":300,"height":163,"caption":"Caf\u00e9 del Hombre"},"image":{"@id":"https:\/\/www.cafedelhomme.com\/es#\/schema\/logo\/image\/"},"sameAs":["https:\/\/www.facebook.com\/cafedelhomme","https:\/\/www.instagram.com\/cafedelhomme\/"]}]}},"_links":{"self":[{"href":"https:\/\/www.cafedelhomme.com\/es\/wp-json\/wp\/v2\/pages\/9673","targetHints":{"allow":["GET"]}}],"collection":[{"href":"https:\/\/www.cafedelhomme.com\/es\/wp-json\/wp\/v2\/pages"}],"about":[{"href":"https:\/\/www.cafedelhomme.com\/es\/wp-json\/wp\/v2\/types\/page"}],"author":[{"embeddable":true,"href":"https:\/\/www.cafedelhomme.com\/es\/wp-json\/wp\/v2\/users\/3"}],"replies":[{"embeddable":true,"href":"https:\/\/www.cafedelhomme.com\/es\/wp-json\/wp\/v2\/comments?post=9673"}],"version-history":[{"count":10,"href":"https:\/\/www.cafedelhomme.com\/es\/wp-json\/wp\/v2\/pages\/9673\/revisions"}],"predecessor-version":[{"id":11050,"href":"https:\/\/www.cafedelhomme.com\/es\/wp-json\/wp\/v2\/pages\/9673\/revisions\/11050"}],"wp:attachment":[{"href":"https:\/\/www.cafedelhomme.com\/es\/wp-json\/wp\/v2\/media?parent=9673"}],"curies":[{"name":"wp","href":"https:\/\/api.w.org\/{rel}","templated":true}]}}