{"id":9680,"date":"2023-06-12T10:17:42","date_gmt":"2023-06-12T08:17:42","guid":{"rendered":"https:\/\/www.cafedelhomme.com\/nuestros-excepcionales-productos"},"modified":"2025-04-25T14:17:48","modified_gmt":"2025-04-25T12:17:48","slug":"nuestros-excepcionales-productos","status":"publish","type":"page","link":"https:\/\/www.cafedelhomme.com\/es\/nuestros-excepcionales-productos","title":{"rendered":"Nuestros excepcionales productos"},"content":{"rendered":"<div class=\"wpb-content-wrapper\"><p>[vc_row responsive_css=\u00bbpadding_top_large:285px|padding_bottom_large:285px\u00bb el_id=\u00bbkey-figures\u00bb css=\u00bb.vc_custom_1686558318026{padding-top: 80px !important;padding-bottom: 70px !important;}\u00bb el_class=\u00bbproduits_exception\u00bb][vc_column][vc_custom_heading text=\u00bbNuestros excepcionales productos\u00bb font_container=\u00bbtag:h1|text_align:center\u00bb][vc_row_inner][vc_column_inner el_class=\u00bbfigure_description\u00bb][vc_column_text el_class=\u00bbdescription\u00bb]Nuestros productos proceden de los mejores proveedores de todas las regiones de Francia, y su trazabilidad garantiza un perfecto control de calidad a lo largo de todo su recorrido. Al igual que el lugar, crean combinaciones elegantes y equilibradas de tradici\u00f3n e innovaci\u00f3n. El Caf\u00e9 de l&rsquo;Homme sigue los pasos de la tradici\u00f3n culinaria francesa, respetando cada producto de forma que haga honor a este lugar m\u00e1gico y cultural.[\/vc_column_text][vc_column_text el_class=\u00bbdescription\u00bb]<em>\u00bbTodo hombre crea sin saberlo, <\/em><em>igual que respira, <\/em><em>Pero el artista siente que est\u00e1 creando, <\/em><em>Su acto compromete todo su ser, <\/em><em>Su amado dolor le fortalece\u00bb.<\/em>[\/vc_column_text][vc_column_text]Paul Valery[\/vc_column_text][\/vc_column_inner][\/vc_row_inner][\/vc_column][\/vc_row][vc_row el_id=\u00bbimg-and-text\u00bb responsive_css=\u00bbpadding_top_large:160px|padding_bottom_large:80px\u00bb css=\u00bb.vc_custom_1682610552612{padding-bottom: 40px !important;}\u00bb][vc_column][vc_row_inner equal_height=\u00bbyes\u00bb content_placement=\u00bbmiddle\u00bb][vc_column_inner width=\u00bb1\/2&Prime; el_class=\u00bbpicture_top\u00bb][vc_single_image image=\u00bb2037&Prime; img_size=\u00bbfull\u00bb][\/vc_column_inner][vc_column_inner width=\u00bb1\/2&Prime; el_class=\u00bbtext_right\u00bb][vc_custom_heading text=\u00bbCharles Heidsieck\u00bb][vc_column_text]Fundada en 1851 en Reims, esta casa elabora champanes picantes en la m\u00e1s pura tradici\u00f3n vin\u00edcola. Charles Heidsieck cultiva un estilo original con una personalidad innegable.[\/vc_column_text]<a href=\"https:\/\/charlesheidsieck.com\/fr\" target=\"_blank\" class=\"btn btn-naked btn_underline ld_button_69e7a3ac6727f\">\n\t<span>\n\t\t\n\t\t\t\t\t<span class=\"btn-txt\">m\u00e1s informaci\u00f3n.<\/span>\n\t\t\t\n\t\t\t\t<\/span>\n<\/a>\n[\/vc_column_inner][\/vc_row_inner][vc_row_inner equal_height=\u00bbyes\u00bb content_placement=\u00bbmiddle\u00bb][vc_column_inner width=\u00bb1\/2&Prime; el_class=\u00bbtext_left\u00bb][vc_custom_heading text=\u00bbCasa de Par\u00eds\u00bb][vc_column_text]La Maison Paris combina la experiencia de sus productores con sus tradiciones familiares para elaborar foies gras multipremiados. La b\u00fasqueda constante de la calidad est\u00e1 en nuestro ADN desde 1907.[\/vc_column_text]<a href=\"https:\/\/www.foiegrasmaisonparis.com\/\" target=\"_blank\" class=\"btn btn-naked btn_underline ld_button_69e7a3ac67443\">\n\t<span>\n\t\t\n\t\t\t\t\t<span class=\"btn-txt\">m\u00e1s informaci\u00f3n.<\/span>\n\t\t\t\n\t\t\t\t<\/span>\n<\/a>\n[\/vc_column_inner][vc_column_inner width=\u00bb1\/2&Prime; el_class=\u00bbpicture_bottom\u00bb][vc_single_image image=\u00bb2044&Prime; img_size=\u00bbfull\u00bb][\/vc_column_inner][\/vc_row_inner][vc_row_inner equal_height=\u00bbyes\u00bb content_placement=\u00bbmiddle\u00bb el_class=\u00bborder-cat-pdts\u00bb][vc_column_inner width=\u00bb1\/2&Prime; el_class=\u00bbpicture_top\u00bb][vc_single_image image=\u00bb2053&Prime; img_size=\u00bbfull\u00bb][\/vc_column_inner][vc_column_inner width=\u00bb1\/2&Prime; el_class=\u00bbtext_right\u00bb][vc_custom_heading text=\u00bbGrey Goose\u00bb][vc_column_text]Grey Goose selecciona el mejor trigo franc\u00e9s y agua de manantial natural para crear un vodka sin igual. Su destilaci\u00f3n est\u00e1 controlada por un maestro destilador para revelar la esencia de cada ingrediente.[\/vc_column_text]<a href=\"https:\/\/www.greygoose.com\/fr-fr\/\" target=\"_blank\" class=\"btn btn-naked btn_underline ld_button_69e7a3ac67579\">\n\t<span>\n\t\t\n\t\t\t\t\t<span class=\"btn-txt\">m\u00e1s informaci\u00f3n.<\/span>\n\t\t\t\n\t\t\t\t<\/span>\n<\/a>\n[\/vc_column_inner][\/vc_row_inner][\/vc_column][\/vc_row]<\/p>\n<\/div>","protected":false},"excerpt":{"rendered":"<p>[vc_row responsive_css=\u00bbpadding_top_large:285px|padding_bottom_large:285px\u00bb el_id=\u00bbkey-figures\u00bb css=\u00bb.vc_custom_1686558318026{padding-top: 80px !important;padding-bottom: 70px !important;}\u00bb el_class=\u00bbproduits_exception\u00bb][vc_column][vc_custom_heading text=\u00bbNuestros excepcionales productos\u00bb font_container=\u00bbtag:h1|text_align:center\u00bb][vc_row_inner][vc_column_inner el_class=\u00bbfigure_description\u00bb][vc_column_text el_class=\u00bbdescription\u00bb]Nuestros productos proceden de los mejores proveedores de todas las regiones de Francia, y su trazabilidad garantiza un perfecto control de calidad a lo largo de todo su recorrido. Al igual&#8230;<\/p>\n","protected":false},"author":3,"featured_media":0,"parent":0,"menu_order":0,"comment_status":"closed","ping_status":"closed","template":"","meta":{"_acf_changed":false,"footnotes":""},"class_list":["post-9680","page","type-page","status-publish","hentry"],"acf":[],"yoast_head":"<!-- This site is optimized with the Yoast SEO Premium plugin v20.10 (Yoast SEO v27.0) - https:\/\/yoast.com\/product\/yoast-seo-premium-wordpress\/ -->\n<title>Nuestros excepcionales productos - Caf\u00e9 de l&#039;Homme<\/title>\n<meta name=\"robots\" content=\"index, follow, max-snippet:-1, max-image-preview:large, max-video-preview:-1\" \/>\n<link rel=\"canonical\" href=\"https:\/\/www.cafedelhomme.com\/es\/nuestros-excepcionales-productos\" \/>\n<meta property=\"og:locale\" content=\"es_ES\" \/>\n<meta property=\"og:type\" content=\"article\" \/>\n<meta property=\"og:title\" content=\"Nuestros excepcionales productos - Caf\u00e9 de l&#039;Homme\" \/>\n<meta property=\"og:description\" content=\"[vc_row responsive_css=\u00bbpadding_top_large:285px|padding_bottom_large:285px\u00bb el_id=\u00bbkey-figures\u00bb css=\u00bb.vc_custom_1686558318026{padding-top: 80px !important;padding-bottom: 70px !important;}\u00bb el_class=\u00bbproduits_exception\u00bb][vc_column][vc_custom_heading text=\u00bbNuestros excepcionales productos\u00bb font_container=\u00bbtag:h1|text_align:center\u00bb][vc_row_inner][vc_column_inner el_class=\u00bbfigure_description\u00bb][vc_column_text el_class=\u00bbdescription\u00bb]Nuestros productos proceden de los mejores proveedores de todas las regiones de Francia, y su trazabilidad garantiza un perfecto control de calidad a lo largo de todo su recorrido. Al igual...\" \/>\n<meta property=\"og:url\" content=\"https:\/\/www.cafedelhomme.com\/es\/nuestros-excepcionales-productos\" \/>\n<meta property=\"og:site_name\" content=\"Caf\u00e9 de l&#039;Homme\" \/>\n<meta property=\"article:publisher\" content=\"https:\/\/www.facebook.com\/cafedelhomme\" \/>\n<meta property=\"article:modified_time\" content=\"2025-04-25T12:17:48+00:00\" \/>\n<meta name=\"twitter:card\" content=\"summary_large_image\" \/>\n<meta name=\"twitter:label1\" content=\"Tiempo de lectura\" \/>\n\t<meta name=\"twitter:data1\" content=\"3 minutos\" \/>\n<script type=\"application\/ld+json\" class=\"yoast-schema-graph\">{\"@context\":\"https:\/\/schema.org\",\"@graph\":[{\"@type\":\"WebPage\",\"@id\":\"https:\/\/www.cafedelhomme.com\/es\/nuestros-excepcionales-productos\",\"url\":\"https:\/\/www.cafedelhomme.com\/es\/nuestros-excepcionales-productos\",\"name\":\"Nuestros excepcionales productos - Caf\u00e9 de l&#039;Homme\",\"isPartOf\":{\"@id\":\"https:\/\/www.cafedelhomme.com\/es#website\"},\"datePublished\":\"2023-06-12T08:17:42+00:00\",\"dateModified\":\"2025-04-25T12:17:48+00:00\",\"inLanguage\":\"es\",\"potentialAction\":[{\"@type\":\"ReadAction\",\"target\":[\"https:\/\/www.cafedelhomme.com\/es\/nuestros-excepcionales-productos\"]}]},{\"@type\":\"WebSite\",\"@id\":\"https:\/\/www.cafedelhomme.com\/es#website\",\"url\":\"https:\/\/www.cafedelhomme.com\/es\",\"name\":\"Caf\u00e9 de l'Homme\",\"description\":\"\",\"publisher\":{\"@id\":\"https:\/\/www.cafedelhomme.com\/es#organization\"},\"potentialAction\":[{\"@type\":\"SearchAction\",\"target\":{\"@type\":\"EntryPoint\",\"urlTemplate\":\"https:\/\/www.cafedelhomme.com\/es?s={search_term_string}\"},\"query-input\":{\"@type\":\"PropertyValueSpecification\",\"valueRequired\":true,\"valueName\":\"search_term_string\"}}],\"inLanguage\":\"es\"},{\"@type\":\"Organization\",\"@id\":\"https:\/\/www.cafedelhomme.com\/es#organization\",\"name\":\"Caf\u00e9 del Hombre\",\"url\":\"https:\/\/www.cafedelhomme.com\/es\",\"logo\":{\"@type\":\"ImageObject\",\"inLanguage\":\"es\",\"@id\":\"https:\/\/www.cafedelhomme.com\/es#\/schema\/logo\/image\/\",\"url\":\"https:\/\/www.cafedelhomme.com\/wp-content\/uploads\/2023\/04\/big-logo-300x163-1.png\",\"contentUrl\":\"https:\/\/www.cafedelhomme.com\/wp-content\/uploads\/2023\/04\/big-logo-300x163-1.png\",\"width\":300,\"height\":163,\"caption\":\"Caf\u00e9 del Hombre\"},\"image\":{\"@id\":\"https:\/\/www.cafedelhomme.com\/es#\/schema\/logo\/image\/\"},\"sameAs\":[\"https:\/\/www.facebook.com\/cafedelhomme\",\"https:\/\/www.instagram.com\/cafedelhomme\/\"]}]}<\/script>\n<!-- \/ Yoast SEO Premium plugin. -->","yoast_head_json":{"title":"Nuestros excepcionales productos - Caf\u00e9 de l&#039;Homme","robots":{"index":"index","follow":"follow","max-snippet":"max-snippet:-1","max-image-preview":"max-image-preview:large","max-video-preview":"max-video-preview:-1"},"canonical":"https:\/\/www.cafedelhomme.com\/es\/nuestros-excepcionales-productos","og_locale":"es_ES","og_type":"article","og_title":"Nuestros excepcionales productos - Caf\u00e9 de l&#039;Homme","og_description":"[vc_row responsive_css=\u00bbpadding_top_large:285px|padding_bottom_large:285px\u00bb el_id=\u00bbkey-figures\u00bb css=\u00bb.vc_custom_1686558318026{padding-top: 80px !important;padding-bottom: 70px !important;}\u00bb el_class=\u00bbproduits_exception\u00bb][vc_column][vc_custom_heading text=\u00bbNuestros excepcionales productos\u00bb font_container=\u00bbtag:h1|text_align:center\u00bb][vc_row_inner][vc_column_inner el_class=\u00bbfigure_description\u00bb][vc_column_text el_class=\u00bbdescription\u00bb]Nuestros productos proceden de los mejores proveedores de todas las regiones de Francia, y su trazabilidad garantiza un perfecto control de calidad a lo largo de todo su recorrido. Al igual...","og_url":"https:\/\/www.cafedelhomme.com\/es\/nuestros-excepcionales-productos","og_site_name":"Caf\u00e9 de l&#039;Homme","article_publisher":"https:\/\/www.facebook.com\/cafedelhomme","article_modified_time":"2025-04-25T12:17:48+00:00","twitter_card":"summary_large_image","twitter_misc":{"Tiempo de lectura":"3 minutos"},"schema":{"@context":"https:\/\/schema.org","@graph":[{"@type":"WebPage","@id":"https:\/\/www.cafedelhomme.com\/es\/nuestros-excepcionales-productos","url":"https:\/\/www.cafedelhomme.com\/es\/nuestros-excepcionales-productos","name":"Nuestros excepcionales productos - Caf\u00e9 de l&#039;Homme","isPartOf":{"@id":"https:\/\/www.cafedelhomme.com\/es#website"},"datePublished":"2023-06-12T08:17:42+00:00","dateModified":"2025-04-25T12:17:48+00:00","inLanguage":"es","potentialAction":[{"@type":"ReadAction","target":["https:\/\/www.cafedelhomme.com\/es\/nuestros-excepcionales-productos"]}]},{"@type":"WebSite","@id":"https:\/\/www.cafedelhomme.com\/es#website","url":"https:\/\/www.cafedelhomme.com\/es","name":"Caf\u00e9 de l'Homme","description":"","publisher":{"@id":"https:\/\/www.cafedelhomme.com\/es#organization"},"potentialAction":[{"@type":"SearchAction","target":{"@type":"EntryPoint","urlTemplate":"https:\/\/www.cafedelhomme.com\/es?s={search_term_string}"},"query-input":{"@type":"PropertyValueSpecification","valueRequired":true,"valueName":"search_term_string"}}],"inLanguage":"es"},{"@type":"Organization","@id":"https:\/\/www.cafedelhomme.com\/es#organization","name":"Caf\u00e9 del Hombre","url":"https:\/\/www.cafedelhomme.com\/es","logo":{"@type":"ImageObject","inLanguage":"es","@id":"https:\/\/www.cafedelhomme.com\/es#\/schema\/logo\/image\/","url":"https:\/\/www.cafedelhomme.com\/wp-content\/uploads\/2023\/04\/big-logo-300x163-1.png","contentUrl":"https:\/\/www.cafedelhomme.com\/wp-content\/uploads\/2023\/04\/big-logo-300x163-1.png","width":300,"height":163,"caption":"Caf\u00e9 del Hombre"},"image":{"@id":"https:\/\/www.cafedelhomme.com\/es#\/schema\/logo\/image\/"},"sameAs":["https:\/\/www.facebook.com\/cafedelhomme","https:\/\/www.instagram.com\/cafedelhomme\/"]}]}},"_links":{"self":[{"href":"https:\/\/www.cafedelhomme.com\/es\/wp-json\/wp\/v2\/pages\/9680","targetHints":{"allow":["GET"]}}],"collection":[{"href":"https:\/\/www.cafedelhomme.com\/es\/wp-json\/wp\/v2\/pages"}],"about":[{"href":"https:\/\/www.cafedelhomme.com\/es\/wp-json\/wp\/v2\/types\/page"}],"author":[{"embeddable":true,"href":"https:\/\/www.cafedelhomme.com\/es\/wp-json\/wp\/v2\/users\/3"}],"replies":[{"embeddable":true,"href":"https:\/\/www.cafedelhomme.com\/es\/wp-json\/wp\/v2\/comments?post=9680"}],"version-history":[{"count":5,"href":"https:\/\/www.cafedelhomme.com\/es\/wp-json\/wp\/v2\/pages\/9680\/revisions"}],"predecessor-version":[{"id":11152,"href":"https:\/\/www.cafedelhomme.com\/es\/wp-json\/wp\/v2\/pages\/9680\/revisions\/11152"}],"wp:attachment":[{"href":"https:\/\/www.cafedelhomme.com\/es\/wp-json\/wp\/v2\/media?parent=9680"}],"curies":[{"name":"wp","href":"https:\/\/api.w.org\/{rel}","templated":true}]}}