{"id":9692,"date":"2023-04-19T16:43:14","date_gmt":"2023-04-19T14:43:14","guid":{"rendered":"https:\/\/www.cafedelhomme.com\/cookies"},"modified":"2025-04-23T10:19:09","modified_gmt":"2025-04-23T08:19:09","slug":"cookies","status":"publish","type":"page","link":"https:\/\/www.cafedelhomme.com\/es\/cookies","title":{"rendered":"Cookies"},"content":{"rendered":"<div class=\"wpb-content-wrapper\"><p>[vc_row el_class=\u00bbexperience-cdh\u00bb el_id=\u00bbheader-cookie\u00bb css=\u00bb.vc_custom_1686645949625{background-color: #121212 !important;}\u00bb][vc_column responsive_css=\u00bbpadding_top_large:220px|padding_bottom_large:220px\u00bb css=\u00bb.vc_custom_1683277774171{padding-top: 120px !important;padding-bottom: 230px !important;}\u00bb][vc_custom_heading text=\u00bbPol\u00edtica de cookies\u00bb font_container=\u00bbtag:h1|text_align:center\u00bb el_class=\u00bbtitle_cookies\u00bb][vc_column_text el_class=\u00bbsubtitle_cookies\u00bb]<\/p>\n<p style=\"text-align: center;\">Cuando visitas el sitio, se colocan cookies en tu ordenador.<br \/>\nEsta secci\u00f3n te permite comprender mejor c\u00f3mo funcionan las cookies y c\u00f3mo utilizar las herramientas actuales para configurarlas.<\/p>\n<p>[\/vc_column_text][\/vc_column][\/vc_row][vc_row el_class=\u00bbmain_cookies\u00bb responsive_css=\u00bbpadding_top_large:60px|padding_bottom_large:60px\u00bb css=\u00bb.vc_custom_1686646871093{padding-top: 30px !important;padding-bottom: 30px !important;}\u00bb][vc_column][vc_custom_heading text=\u00bb\u00bfQu\u00e9 es una galleta?\u00bb][vc_column_text el_class=\u00bbtext_cookies\u00bb]Una cookie es un archivo de texto que el servidor (el sitio) que est\u00e1s visitando guarda en tu disco duro o en la memoria de tu navegador y que permite a tu ordenador almacenar diversos datos t\u00e9cnicos que permiten el control general del acceso p\u00fablico al sitio (n\u00famero de visitas, frecuencia de exposici\u00f3n a un banner publicitario, conexi\u00f3n a otros sitios, etc.) o la personalizaci\u00f3n de las p\u00e1ginas mostradas con vistas a tus futuras interacciones con este sitio (tu cuenta, tu recorrido, etc.).[\/vc_column_text][vc_custom_heading text=\u00bbCookies del sitio\u00bb][vc_column_text el_class=\u00bbtext_cookies\u00bb]Son cookies colocadas por nuestro sitio web en tu ordenador, tableta o tel\u00e9fono m\u00f3vil con el fin de navegar por nuestro sitio web.<\/p>\n<p><strong>Datos personales recogidos autom\u00e1ticamente<\/strong><\/p>\n<p>Cuando navegas por este sitio, tu ordenador se comunica con un servidor que le proporciona todos los recursos solicitados registrando autom\u00e1ticamente cada operaci\u00f3n en un archivo espec\u00edfico en el que tu ordenador se identifica por su direcci\u00f3n IP.<\/p>\n<p>Tu navegador nos transmite autom\u00e1ticamente ciertos datos est\u00e1ndar.<\/p>\n<p>Adem\u00e1s de tu direcci\u00f3n IP, esto incluye el tipo de navegador que utilizas, sus funciones, tu sistema operativo, la identificaci\u00f3n de cualquier sitio de terceros (Facebook, Twitter, etc.) desde el que puedas haber iniciado sesi\u00f3n y la fecha y hora en que accediste al sitio.<\/p>\n<p>Esta recopilaci\u00f3n autom\u00e1tica nos permite controlar la actividad general del sitio, identificar errores y garantizar que el sitio se beneficia de los recursos de hardware adecuados.<\/p>\n<p>Estos datos, y en particular tu direcci\u00f3n IP, no nos permiten identificarte por tu nombre, a menos que se lo pidamos a tu proveedor de acceso, lo que s\u00f3lo es posible en el contexto de un procedimiento judicial.<\/p>\n<p>Como muchos sitios web comerciales, recogemos autom\u00e1ticamente informaci\u00f3n cada vez que visitas este sitio (p\u00e1ginas, enlaces, documentos consultados, n\u00famero de bytes transferidos, etc.).<\/p>\n<p>Esta informaci\u00f3n personal sobre ti contribuye a facilitarte la consulta de este sitio, evitando que tengas que facilitar la misma informaci\u00f3n cada vez que lo visites, o personalizando su contenido en funci\u00f3n de las preferencias o centros de inter\u00e9s que hayas manifestado.<\/p>\n<p>Este sitio tambi\u00e9n utiliza cookies.<\/p>\n<p>Podemos utilizar cookies para registrar tu ID de usuario (identidad digital) con el fin de facilitar tus b\u00fasquedas de informaci\u00f3n y tus conexiones al sitio, as\u00ed como para almacenar otra informaci\u00f3n de inter\u00e9s para el funcionamiento de tu sesi\u00f3n.<\/p>\n<p>Algunas de estas cookies, en particular las relativas a tu visita al sitio, se eliminan autom\u00e1ticamente al final de tu sesi\u00f3n.<\/p>\n<p>Se mantienen dentro de los plazos establecidos por la CNIL para la prospecci\u00f3n de clientes y posibles clientes.<\/p>\n<p>Por \u00faltimo, otros datos se utilizan de forma agregada, y por tanto an\u00f3nima, para permitirnos mejorar la ergonom\u00eda de la navegaci\u00f3n e identificar los centros de inter\u00e9s de los internautas en su conjunto.<\/p>\n<p>Eres libre de aceptar o rechazar estas cookies. Lo \u00fanico que tienes que hacer es cambiar algunos ajustes de tu navegador para rechazar las cookies o para que te avise cuando se almacene una cookie en tu ordenador. <\/p>\n<p>Tambi\u00e9n puedes eliminar las cookies almacenadas en tu ordenador para borrar permanentemente la informaci\u00f3n que contienen.[\/vc_column_text][vc_custom_heading text=\u00bbCookies de terceros\u00bb][vc_column_text el_class=\u00bbtext_cookies\u00bb]<strong>Redes sociales<\/strong><\/p>\n<p>Se trata de cookies colocadas por terceras empresas. Las \u00fanicas cookies de terceros que se colocan al navegar por nuestro sitio son las de las redes sociales. <\/p>\n<p>Estas redes sociales utilizan cookies para comprobar si est\u00e1s conectado a sus servicios. Esto facilita el uso de sus botones para compartir. <\/p>\n<p><strong>Medici\u00f3n de la audiencia<\/strong><\/p>\n<p>Utilizamos Google Analytics para recopilar informaci\u00f3n sobre tu uso de nuestro sitio web con el fin de :<\/p>\n<p>Para ayudarnos a medir y estudiar la eficacia de nuestro contenido interactivo en l\u00ednea<br \/>\nPara rastrear datos anal\u00edticos sobre el sitio y el uso que hacen los usuarios del sitio<br \/>\nPara mejorar los servicios del sitio<br \/>\nGoogle Anaylicts recopila informaci\u00f3n sobre :<\/p>\n<p>Las p\u00e1ginas que visitas y el tiempo que pasas en ellas<br \/>\nLa forma en que llegaste al sitio (sitio de referencia, redes sociales, motor de b\u00fasqueda, etc.)<br \/>\nLos enlaces en los que haces clic durante tu visita<br \/>\nNo recopilamos ninguna informaci\u00f3n personal sobre ti (tu nombre o direcci\u00f3n, por ejemplo).<\/p>\n<p>No autorizamos a Google Analytics a utilizar o compartir estos datos.<\/p>\n<p>Puedes elegir no enviar informaci\u00f3n a Google Analytics.[\/vc_column_text][vc_custom_heading text=\u00bbGestiona tus preferencias\u00bb][vc_column_text el_class=\u00bbtext_cookies\u00bb]Tienes varias formas de gestionar las cookies.<\/p>\n<p>Tu navegador tambi\u00e9n puede configurarse para que te avise cuando se coloquen cookies en tu ordenador y te pida que las aceptes o no.<\/p>\n<p>Puedes aceptar o rechazar las cookies caso por caso o rechazarlas sistem\u00e1ticamente.<\/p>\n<p>Ten en cuenta que los ajustes que realices pueden afectar a tu experiencia en nuestro sitio.<\/p>\n<p>La configuraci\u00f3n de cada navegador es diferente. Se describe en el men\u00fa de ayuda de tu navegador, que te indicar\u00e1 c\u00f3mo modificar tus preferencias de cookies. <\/p>\n<p>Internet Explorer\u2122: http:\/\/windows.microsoft.com\/fr-FR\/windows-vista\/Block-or-allow-cookies<br \/>\nChrome\u2122: http:\/\/support.google.com\/chrome\/bin\/answer.py?hl=fr&amp;hlrm=en&amp;answer=95647<br \/>\nFirefox\u2122: https:\/\/support.mozilla.org\/fr\/kb\/protection-renforcee-contre-pistage-firefox-ordinateur<br \/>\nPara cualquier otro navegador no mencionado anteriormente, no dudes en consultar la ayuda sobre gesti\u00f3n de cookies disponible en Internet.[\/vc_column_text][vc_custom_heading text=\u00bbMensajer\u00eda\u00bb][vc_column_text el_class=\u00bbtext_cookies\u00bb]Los mensajes enviados por Internet pueden ser interceptados.<br \/>\nNo reveles informaci\u00f3n personal innecesaria o delicada. Si<br \/>\ndeseas enviarnos dicha informaci\u00f3n, utiliza<br \/>\n. <\/p>\n<p>Los mensajes electr\u00f3nicos enviados a Caf\u00e9 de l&rsquo;Homme y las direcciones electr\u00f3nicas<br \/>\nutilizadas en los formularios se conservan para uso de Caf\u00e9 de l&rsquo;Homme<br \/>\n, a menos que indiques lo contrario.[\/vc_column_text][vc_custom_heading text=\u00bbFormularios\u00bb][vc_column_text el_class=\u00bbtext_cookies\u00bb]La informaci\u00f3n que se te pide al realizar un pedido, solicitar informaci\u00f3n, suscribirte al bolet\u00edn informativo, etc., es esencial para procesar correctamente tu solicitud. El equipo del Caf\u00e9 de l&rsquo;Homme es el \u00fanico destinatario de esta informaci\u00f3n.[\/vc_column_text][\/vc_column][\/vc_row]<\/p>\n<\/div>","protected":false},"excerpt":{"rendered":"<p>[vc_row el_class=\u00bbexperience-cdh\u00bb el_id=\u00bbheader-cookie\u00bb css=\u00bb.vc_custom_1686645949625{background-color: #121212 !important;}\u00bb][vc_column responsive_css=\u00bbpadding_top_large:220px|padding_bottom_large:220px\u00bb css=\u00bb.vc_custom_1683277774171{padding-top: 120px !important;padding-bottom: 230px !important;}\u00bb][vc_custom_heading text=\u00bbPol\u00edtica de cookies\u00bb font_container=\u00bbtag:h1|text_align:center\u00bb el_class=\u00bbtitle_cookies\u00bb][vc_column_text el_class=\u00bbsubtitle_cookies\u00bb] Cuando visitas el sitio, se colocan cookies en tu ordenador. Esta secci\u00f3n te permite comprender mejor c\u00f3mo funcionan las cookies y c\u00f3mo utilizar las herramientas actuales para&#8230;<\/p>\n","protected":false},"author":1,"featured_media":0,"parent":0,"menu_order":0,"comment_status":"closed","ping_status":"closed","template":"","meta":{"_acf_changed":false,"footnotes":""},"class_list":["post-9692","page","type-page","status-publish","hentry"],"acf":[],"yoast_head":"<!-- This site is optimized with the Yoast SEO Premium plugin v20.10 (Yoast SEO v27.0) - https:\/\/yoast.com\/product\/yoast-seo-premium-wordpress\/ -->\n<title>Cookies - Caf\u00e9 de l&#039;Homme<\/title>\n<meta name=\"robots\" content=\"index, follow, max-snippet:-1, max-image-preview:large, max-video-preview:-1\" \/>\n<link rel=\"canonical\" href=\"https:\/\/www.cafedelhomme.com\/es\/cookies\" \/>\n<meta property=\"og:locale\" content=\"es_ES\" \/>\n<meta property=\"og:type\" content=\"article\" \/>\n<meta property=\"og:title\" content=\"Cookies - Caf\u00e9 de l&#039;Homme\" \/>\n<meta property=\"og:description\" content=\"[vc_row el_class=\u00bbexperience-cdh\u00bb el_id=\u00bbheader-cookie\u00bb css=\u00bb.vc_custom_1686645949625{background-color: #121212 !important;}\u00bb][vc_column responsive_css=\u00bbpadding_top_large:220px|padding_bottom_large:220px\u00bb css=\u00bb.vc_custom_1683277774171{padding-top: 120px !important;padding-bottom: 230px !important;}\u00bb][vc_custom_heading text=\u00bbPol\u00edtica de cookies\u00bb font_container=\u00bbtag:h1|text_align:center\u00bb el_class=\u00bbtitle_cookies\u00bb][vc_column_text el_class=\u00bbsubtitle_cookies\u00bb] Cuando visitas el sitio, se colocan cookies en tu ordenador. Esta secci\u00f3n te permite comprender mejor c\u00f3mo funcionan las cookies y c\u00f3mo utilizar las herramientas actuales para...\" \/>\n<meta property=\"og:url\" content=\"https:\/\/www.cafedelhomme.com\/es\/cookies\" \/>\n<meta property=\"og:site_name\" content=\"Caf\u00e9 de l&#039;Homme\" \/>\n<meta property=\"article:publisher\" content=\"https:\/\/www.facebook.com\/cafedelhomme\" \/>\n<meta property=\"article:modified_time\" content=\"2025-04-23T08:19:09+00:00\" \/>\n<meta name=\"twitter:card\" content=\"summary_large_image\" \/>\n<meta name=\"twitter:label1\" content=\"Tiempo de lectura\" \/>\n\t<meta name=\"twitter:data1\" content=\"6 minutos\" \/>\n<script type=\"application\/ld+json\" class=\"yoast-schema-graph\">{\"@context\":\"https:\/\/schema.org\",\"@graph\":[{\"@type\":\"WebPage\",\"@id\":\"https:\/\/www.cafedelhomme.com\/es\/cookies\",\"url\":\"https:\/\/www.cafedelhomme.com\/es\/cookies\",\"name\":\"Cookies - Caf\u00e9 de l&#039;Homme\",\"isPartOf\":{\"@id\":\"https:\/\/www.cafedelhomme.com\/es#website\"},\"datePublished\":\"2023-04-19T14:43:14+00:00\",\"dateModified\":\"2025-04-23T08:19:09+00:00\",\"inLanguage\":\"es\",\"potentialAction\":[{\"@type\":\"ReadAction\",\"target\":[\"https:\/\/www.cafedelhomme.com\/es\/cookies\"]}]},{\"@type\":\"WebSite\",\"@id\":\"https:\/\/www.cafedelhomme.com\/es#website\",\"url\":\"https:\/\/www.cafedelhomme.com\/es\",\"name\":\"Caf\u00e9 de l'Homme\",\"description\":\"\",\"publisher\":{\"@id\":\"https:\/\/www.cafedelhomme.com\/es#organization\"},\"potentialAction\":[{\"@type\":\"SearchAction\",\"target\":{\"@type\":\"EntryPoint\",\"urlTemplate\":\"https:\/\/www.cafedelhomme.com\/es?s={search_term_string}\"},\"query-input\":{\"@type\":\"PropertyValueSpecification\",\"valueRequired\":true,\"valueName\":\"search_term_string\"}}],\"inLanguage\":\"es\"},{\"@type\":\"Organization\",\"@id\":\"https:\/\/www.cafedelhomme.com\/es#organization\",\"name\":\"Caf\u00e9 del Hombre\",\"url\":\"https:\/\/www.cafedelhomme.com\/es\",\"logo\":{\"@type\":\"ImageObject\",\"inLanguage\":\"es\",\"@id\":\"https:\/\/www.cafedelhomme.com\/es#\/schema\/logo\/image\/\",\"url\":\"https:\/\/www.cafedelhomme.com\/wp-content\/uploads\/2023\/04\/big-logo-300x163-1.png\",\"contentUrl\":\"https:\/\/www.cafedelhomme.com\/wp-content\/uploads\/2023\/04\/big-logo-300x163-1.png\",\"width\":300,\"height\":163,\"caption\":\"Caf\u00e9 del Hombre\"},\"image\":{\"@id\":\"https:\/\/www.cafedelhomme.com\/es#\/schema\/logo\/image\/\"},\"sameAs\":[\"https:\/\/www.facebook.com\/cafedelhomme\",\"https:\/\/www.instagram.com\/cafedelhomme\/\"]}]}<\/script>\n<!-- \/ Yoast SEO Premium plugin. -->","yoast_head_json":{"title":"Cookies - Caf\u00e9 de l&#039;Homme","robots":{"index":"index","follow":"follow","max-snippet":"max-snippet:-1","max-image-preview":"max-image-preview:large","max-video-preview":"max-video-preview:-1"},"canonical":"https:\/\/www.cafedelhomme.com\/es\/cookies","og_locale":"es_ES","og_type":"article","og_title":"Cookies - Caf\u00e9 de l&#039;Homme","og_description":"[vc_row el_class=\u00bbexperience-cdh\u00bb el_id=\u00bbheader-cookie\u00bb css=\u00bb.vc_custom_1686645949625{background-color: #121212 !important;}\u00bb][vc_column responsive_css=\u00bbpadding_top_large:220px|padding_bottom_large:220px\u00bb css=\u00bb.vc_custom_1683277774171{padding-top: 120px !important;padding-bottom: 230px !important;}\u00bb][vc_custom_heading text=\u00bbPol\u00edtica de cookies\u00bb font_container=\u00bbtag:h1|text_align:center\u00bb el_class=\u00bbtitle_cookies\u00bb][vc_column_text el_class=\u00bbsubtitle_cookies\u00bb] Cuando visitas el sitio, se colocan cookies en tu ordenador. Esta secci\u00f3n te permite comprender mejor c\u00f3mo funcionan las cookies y c\u00f3mo utilizar las herramientas actuales para...","og_url":"https:\/\/www.cafedelhomme.com\/es\/cookies","og_site_name":"Caf\u00e9 de l&#039;Homme","article_publisher":"https:\/\/www.facebook.com\/cafedelhomme","article_modified_time":"2025-04-23T08:19:09+00:00","twitter_card":"summary_large_image","twitter_misc":{"Tiempo de lectura":"6 minutos"},"schema":{"@context":"https:\/\/schema.org","@graph":[{"@type":"WebPage","@id":"https:\/\/www.cafedelhomme.com\/es\/cookies","url":"https:\/\/www.cafedelhomme.com\/es\/cookies","name":"Cookies - Caf\u00e9 de l&#039;Homme","isPartOf":{"@id":"https:\/\/www.cafedelhomme.com\/es#website"},"datePublished":"2023-04-19T14:43:14+00:00","dateModified":"2025-04-23T08:19:09+00:00","inLanguage":"es","potentialAction":[{"@type":"ReadAction","target":["https:\/\/www.cafedelhomme.com\/es\/cookies"]}]},{"@type":"WebSite","@id":"https:\/\/www.cafedelhomme.com\/es#website","url":"https:\/\/www.cafedelhomme.com\/es","name":"Caf\u00e9 de l'Homme","description":"","publisher":{"@id":"https:\/\/www.cafedelhomme.com\/es#organization"},"potentialAction":[{"@type":"SearchAction","target":{"@type":"EntryPoint","urlTemplate":"https:\/\/www.cafedelhomme.com\/es?s={search_term_string}"},"query-input":{"@type":"PropertyValueSpecification","valueRequired":true,"valueName":"search_term_string"}}],"inLanguage":"es"},{"@type":"Organization","@id":"https:\/\/www.cafedelhomme.com\/es#organization","name":"Caf\u00e9 del Hombre","url":"https:\/\/www.cafedelhomme.com\/es","logo":{"@type":"ImageObject","inLanguage":"es","@id":"https:\/\/www.cafedelhomme.com\/es#\/schema\/logo\/image\/","url":"https:\/\/www.cafedelhomme.com\/wp-content\/uploads\/2023\/04\/big-logo-300x163-1.png","contentUrl":"https:\/\/www.cafedelhomme.com\/wp-content\/uploads\/2023\/04\/big-logo-300x163-1.png","width":300,"height":163,"caption":"Caf\u00e9 del Hombre"},"image":{"@id":"https:\/\/www.cafedelhomme.com\/es#\/schema\/logo\/image\/"},"sameAs":["https:\/\/www.facebook.com\/cafedelhomme","https:\/\/www.instagram.com\/cafedelhomme\/"]}]}},"_links":{"self":[{"href":"https:\/\/www.cafedelhomme.com\/es\/wp-json\/wp\/v2\/pages\/9692","targetHints":{"allow":["GET"]}}],"collection":[{"href":"https:\/\/www.cafedelhomme.com\/es\/wp-json\/wp\/v2\/pages"}],"about":[{"href":"https:\/\/www.cafedelhomme.com\/es\/wp-json\/wp\/v2\/types\/page"}],"author":[{"embeddable":true,"href":"https:\/\/www.cafedelhomme.com\/es\/wp-json\/wp\/v2\/users\/1"}],"replies":[{"embeddable":true,"href":"https:\/\/www.cafedelhomme.com\/es\/wp-json\/wp\/v2\/comments?post=9692"}],"version-history":[{"count":4,"href":"https:\/\/www.cafedelhomme.com\/es\/wp-json\/wp\/v2\/pages\/9692\/revisions"}],"predecessor-version":[{"id":10838,"href":"https:\/\/www.cafedelhomme.com\/es\/wp-json\/wp\/v2\/pages\/9692\/revisions\/10838"}],"wp:attachment":[{"href":"https:\/\/www.cafedelhomme.com\/es\/wp-json\/wp\/v2\/media?parent=9692"}],"curies":[{"name":"wp","href":"https:\/\/api.w.org\/{rel}","templated":true}]}}