{"id":9700,"date":"2023-04-19T16:42:50","date_gmt":"2023-04-19T14:42:50","guid":{"rendered":"https:\/\/www.cafedelhomme.com\/informacion-legal"},"modified":"2026-03-11T16:32:46","modified_gmt":"2026-03-11T15:32:46","slug":"informacion-legal","status":"publish","type":"page","link":"https:\/\/www.cafedelhomme.com\/es\/informacion-legal","title":{"rendered":"Informaci\u00f3n legal"},"content":{"rendered":"<div class=\"wpb-content-wrapper\"><p>[vc_row css=\u00bb.vc_custom_1686569732936{background-image: url(https:\/\/www.cafedelhomme.com\/wp-content\/uploads\/2023\/04\/bg-key-figures-scaled.jpg?id=406) !important;}\u00bb el_id=\u00bbheader-page-simple\u00bb][vc_column responsive_css=\u00bbpadding_top_large:220px|padding_bottom_large:220px\u00bb css=\u00bb.vc_custom_1686642838616{padding-top: 120px !important;padding-bottom: 200px !important;}\u00bb][vc_custom_heading text=\u00bbInformaci\u00f3n legal\u00bb font_container=\u00bbtag:h1|text_align:center\u00bb el_class=\u00bbtitle_mentions-legales\u00bb][vc_column_text css=\u00bb.vc_custom_1686642646881{margin-top: -50px !important;}\u00bb el_class=\u00bbsubtitle_mentions_legales\u00bb]<\/p>\n<p style=\"text-align: center;\">Informaci\u00f3n legal sobre el Caf\u00e9 de l&rsquo;Homme, restaurante<br \/>\nen el 17 place du Trocad\u00e9ro de Par\u00eds<\/p>\n<p>[\/vc_column_text][\/vc_column][\/vc_row][vc_row responsive_css=\u00bbpadding_top_large:80px|padding_bottom_large:80px\u00bb css=\u00bb.vc_custom_1686642705479{padding-top: 40px !important;padding-bottom: 40px !important;}\u00bb el_class=\u00bbmain_mentions_legales\u00bb][vc_column][vc_custom_heading text=\u00bbPropiedad\u00bb font_container=\u00bbtag:h3|text_align:left\u00bb][vc_column_text]S.A.S. au capital de 40 000 \u20ac<br \/>\nRCS PARIS 478 343 304<\/p>\n<p>N\u00b0 de d\u00e9claration CNIL : 1876961<\/p>\n<p>Si\u00e8ge social :<br \/>\n17, Place du Trocad\u00e9ro,<br \/>\n75116 Paris - FRANCE<\/p>\n<p>Responsable de publicaci\u00f3n : Coco Couperie-Eiffel[\/vc_column_text][vc_custom_heading text=\u00bbAlojamiento\u00bb font_container=\u00bbtag:h3|text_align:left\u00bb css=\u00bb.vc_custom_1686573186463{margin-top: 60px !important;}\u00bb][vc_column_text]GANDI SAS, sociedad por acciones simplificada con un capital social de 2.300.000 euros<br \/>\n63-65 Boulevard Mass\u00e9na, 75013 Par\u00eds<br \/>\ngandi.net[\/vc_column_text][vc_custom_heading text=\u00bbProtecci\u00f3n de datos personales y seguridad\u00bb font_container=\u00bbtag:h3|text_align:left\u00bb css=\u00bb.vc_custom_1686573248478{margin-top: 60px !important;}\u00bb][vc_column_text]No se recoge ninguna informaci\u00f3n personal sin tu conocimiento.<br \/>\nNo se transmite ninguna informaci\u00f3n personal a terceros.<br \/>\nNo se utiliza ninguna informaci\u00f3n personal para fines no previstos.[\/vc_column_text][vc_custom_heading text=\u00bbProtecci\u00f3n de datos personales y seguridad\u00bb font_container=\u00bbtag:h3|text_align:left\u00bb css=\u00bb.vc_custom_1686573248478{margin-top: 60px !important;}\u00bb][vc_column_text]Las personas afectadas han sido informadas de sus derechos. El derecho de rectificaci\u00f3n puede ejercerse poni\u00e9ndose en contacto con el servicio de Internet del Caf\u00e9 de l&rsquo;Homme: reservation@cafedelhomme.com.[\/vc_column_text][vc_custom_heading text=\u00bbMensajer\u00eda\u00bb font_container=\u00bbtag:h3|text_align:left\u00bb css=\u00bb.vc_custom_1686573346903{margin-top: 60px !important;}\u00bb][vc_column_text]Los mensajes enviados por Internet pueden ser interceptados.<br \/>\nNo reveles informaci\u00f3n personal innecesaria o delicada. Si<br \/>\ndeseas enviarnos dicha informaci\u00f3n, utiliza<br \/>\n.<\/p>\n<p>Los mensajes electr\u00f3nicos enviados a Caf\u00e9 de l&rsquo;Homme y las direcciones electr\u00f3nicas<br \/>\nutilizadas en los formularios se conservan para uso de Caf\u00e9 de l&rsquo;Homme<br \/>\n, a menos que indiques lo contrario.[\/vc_column_text][vc_custom_heading text=\u00bbMensajer\u00eda\u00bb font_container=\u00bbtag:h3|text_align:left\u00bb css=\u00bb.vc_custom_1686573346903{margin-top: 60px !important;}\u00bb][vc_column_text]La informaci\u00f3n que se te pide al realizar un pedido, solicitar informaci\u00f3n, suscribirte al bolet\u00edn informativo, etc., es esencial para procesar correctamente tu solicitud. El equipo del Caf\u00e9 de l&rsquo;Homme es el \u00fanico destinatario de esta informaci\u00f3n.[\/vc_column_text][vc_custom_heading text=\u00bbDise\u00f1o web\u00bb font_container=\u00bbtag:h3|text_align:left\u00bb css=\u00bb.vc_custom_1686573446117{margin-top: 60px !important;}\u00bb][vc_column_text]El sitio web est\u00e1 dise\u00f1ado y mantenido por nuestro socio digital <a href=\"https:\/\/www.getup.agency\/\">Getup Agency.<\/a>[\/vc_column_text][vc_custom_heading text=\u00bbDise\u00f1o de identidad visual\u00bb font_container=\u00bbtag:h3|text_align:left\u00bb css=\u00bb.vc_custom_1686573475862{margin-top: 60px !important;}\u00bb][vc_column_text]La identidad visual del sitio web fue concebida y dise\u00f1ada por <a href=\"https:\/\/www.tequilarapido.com\/\">Tequila R\u00e1pido<\/a>[\/vc_column_text][\/vc_column][\/vc_row]<\/p>\n<\/div>","protected":false},"excerpt":{"rendered":"<p>[vc_row css=\u00bb.vc_custom_1686569732936{background-image: url(https:\/\/www.cafedelhomme.com\/wp-content\/uploads\/2023\/04\/bg-key-figures-scaled.jpg?id=406) !important;}\u00bb el_id=\u00bbheader-page-simple\u00bb][vc_column responsive_css=\u00bbpadding_top_large:220px|padding_bottom_large:220px\u00bb css=\u00bb.vc_custom_1686642838616{padding-top: 120px !important;padding-bottom: 200px !important;}\u00bb][vc_custom_heading text=\u00bbInformaci\u00f3n legal\u00bb font_container=\u00bbtag:h1|text_align:center\u00bb el_class=\u00bbtitle_mentions-legales\u00bb][vc_column_text css=\u00bb.vc_custom_1686642646881{margin-top: -50px !important;}\u00bb el_class=\u00bbsubtitle_mentions_legales\u00bb] Informaci\u00f3n legal sobre el Caf\u00e9 de l&rsquo;Homme, restaurante en el 17 place du Trocad\u00e9ro de Par\u00eds [\/vc_column_text][\/vc_column][\/vc_row][vc_row responsive_css=\u00bbpadding_top_large:80px|padding_bottom_large:80px\u00bb css=\u00bb.vc_custom_1686642705479{padding-top: 40px !important;padding-bottom: 40px !important;}\u00bb el_class=\u00bbmain_mentions_legales\u00bb][vc_column][vc_custom_heading text=\u00bbPropiedad\u00bb font_container=\u00bbtag:h3|text_align:left\u00bb][vc_column_text]S.A.S&#8230;.<\/p>\n","protected":false},"author":1,"featured_media":0,"parent":0,"menu_order":0,"comment_status":"closed","ping_status":"closed","template":"","meta":{"_acf_changed":false,"footnotes":""},"class_list":["post-9700","page","type-page","status-publish","hentry"],"acf":[],"yoast_head":"<!-- This site is optimized with the Yoast SEO Premium plugin v20.10 (Yoast SEO v27.0) - https:\/\/yoast.com\/product\/yoast-seo-premium-wordpress\/ -->\n<title>Informaci\u00f3n legal - Caf\u00e9 de l&#039;Homme<\/title>\n<meta name=\"robots\" content=\"index, follow, max-snippet:-1, max-image-preview:large, max-video-preview:-1\" \/>\n<link rel=\"canonical\" href=\"https:\/\/www.cafedelhomme.com\/es\/informacion-legal\" \/>\n<meta property=\"og:locale\" content=\"es_ES\" \/>\n<meta property=\"og:type\" content=\"article\" \/>\n<meta property=\"og:title\" content=\"Informaci\u00f3n legal - Caf\u00e9 de l&#039;Homme\" \/>\n<meta property=\"og:description\" content=\"[vc_row css=\u00bb.vc_custom_1686569732936{background-image: url(https:\/\/www.cafedelhomme.com\/wp-content\/uploads\/2023\/04\/bg-key-figures-scaled.jpg?id=406) !important;}\u00bb el_id=\u00bbheader-page-simple\u00bb][vc_column responsive_css=\u00bbpadding_top_large:220px|padding_bottom_large:220px\u00bb css=\u00bb.vc_custom_1686642838616{padding-top: 120px !important;padding-bottom: 200px !important;}\u00bb][vc_custom_heading text=\u00bbInformaci\u00f3n legal\u00bb font_container=\u00bbtag:h1|text_align:center\u00bb el_class=\u00bbtitle_mentions-legales\u00bb][vc_column_text css=\u00bb.vc_custom_1686642646881{margin-top: -50px !important;}\u00bb el_class=\u00bbsubtitle_mentions_legales\u00bb] Informaci\u00f3n legal sobre el Caf\u00e9 de l&rsquo;Homme, restaurante en el 17 place du Trocad\u00e9ro de Par\u00eds [\/vc_column_text][\/vc_column][\/vc_row][vc_row responsive_css=\u00bbpadding_top_large:80px|padding_bottom_large:80px\u00bb css=\u00bb.vc_custom_1686642705479{padding-top: 40px !important;padding-bottom: 40px !important;}\u00bb el_class=\u00bbmain_mentions_legales\u00bb][vc_column][vc_custom_heading text=\u00bbPropiedad\u00bb font_container=\u00bbtag:h3|text_align:left\u00bb][vc_column_text]S.A.S....\" \/>\n<meta property=\"og:url\" content=\"https:\/\/www.cafedelhomme.com\/es\/informacion-legal\" \/>\n<meta property=\"og:site_name\" content=\"Caf\u00e9 de l&#039;Homme\" \/>\n<meta property=\"article:publisher\" content=\"https:\/\/www.facebook.com\/cafedelhomme\" \/>\n<meta property=\"article:modified_time\" content=\"2026-03-11T15:32:46+00:00\" \/>\n<meta name=\"twitter:card\" content=\"summary_large_image\" \/>\n<meta name=\"twitter:label1\" content=\"Tiempo de lectura\" \/>\n\t<meta name=\"twitter:data1\" content=\"2 minutos\" \/>\n<script type=\"application\/ld+json\" class=\"yoast-schema-graph\">{\"@context\":\"https:\/\/schema.org\",\"@graph\":[{\"@type\":\"WebPage\",\"@id\":\"https:\/\/www.cafedelhomme.com\/es\/informacion-legal\",\"url\":\"https:\/\/www.cafedelhomme.com\/es\/informacion-legal\",\"name\":\"Informaci\u00f3n legal - Caf\u00e9 de l&#039;Homme\",\"isPartOf\":{\"@id\":\"https:\/\/www.cafedelhomme.com\/es#website\"},\"datePublished\":\"2023-04-19T14:42:50+00:00\",\"dateModified\":\"2026-03-11T15:32:46+00:00\",\"inLanguage\":\"es\",\"potentialAction\":[{\"@type\":\"ReadAction\",\"target\":[\"https:\/\/www.cafedelhomme.com\/es\/informacion-legal\"]}]},{\"@type\":\"WebSite\",\"@id\":\"https:\/\/www.cafedelhomme.com\/es#website\",\"url\":\"https:\/\/www.cafedelhomme.com\/es\",\"name\":\"Caf\u00e9 de l'Homme\",\"description\":\"\",\"publisher\":{\"@id\":\"https:\/\/www.cafedelhomme.com\/es#organization\"},\"potentialAction\":[{\"@type\":\"SearchAction\",\"target\":{\"@type\":\"EntryPoint\",\"urlTemplate\":\"https:\/\/www.cafedelhomme.com\/es?s={search_term_string}\"},\"query-input\":{\"@type\":\"PropertyValueSpecification\",\"valueRequired\":true,\"valueName\":\"search_term_string\"}}],\"inLanguage\":\"es\"},{\"@type\":\"Organization\",\"@id\":\"https:\/\/www.cafedelhomme.com\/es#organization\",\"name\":\"Caf\u00e9 del Hombre\",\"url\":\"https:\/\/www.cafedelhomme.com\/es\",\"logo\":{\"@type\":\"ImageObject\",\"inLanguage\":\"es\",\"@id\":\"https:\/\/www.cafedelhomme.com\/es#\/schema\/logo\/image\/\",\"url\":\"https:\/\/www.cafedelhomme.com\/wp-content\/uploads\/2023\/04\/big-logo-300x163-1.png\",\"contentUrl\":\"https:\/\/www.cafedelhomme.com\/wp-content\/uploads\/2023\/04\/big-logo-300x163-1.png\",\"width\":300,\"height\":163,\"caption\":\"Caf\u00e9 del Hombre\"},\"image\":{\"@id\":\"https:\/\/www.cafedelhomme.com\/es#\/schema\/logo\/image\/\"},\"sameAs\":[\"https:\/\/www.facebook.com\/cafedelhomme\",\"https:\/\/www.instagram.com\/cafedelhomme\/\"]}]}<\/script>\n<!-- \/ Yoast SEO Premium plugin. -->","yoast_head_json":{"title":"Informaci\u00f3n legal - Caf\u00e9 de l&#039;Homme","robots":{"index":"index","follow":"follow","max-snippet":"max-snippet:-1","max-image-preview":"max-image-preview:large","max-video-preview":"max-video-preview:-1"},"canonical":"https:\/\/www.cafedelhomme.com\/es\/informacion-legal","og_locale":"es_ES","og_type":"article","og_title":"Informaci\u00f3n legal - Caf\u00e9 de l&#039;Homme","og_description":"[vc_row css=\u00bb.vc_custom_1686569732936{background-image: url(https:\/\/www.cafedelhomme.com\/wp-content\/uploads\/2023\/04\/bg-key-figures-scaled.jpg?id=406) !important;}\u00bb el_id=\u00bbheader-page-simple\u00bb][vc_column responsive_css=\u00bbpadding_top_large:220px|padding_bottom_large:220px\u00bb css=\u00bb.vc_custom_1686642838616{padding-top: 120px !important;padding-bottom: 200px !important;}\u00bb][vc_custom_heading text=\u00bbInformaci\u00f3n legal\u00bb font_container=\u00bbtag:h1|text_align:center\u00bb el_class=\u00bbtitle_mentions-legales\u00bb][vc_column_text css=\u00bb.vc_custom_1686642646881{margin-top: -50px !important;}\u00bb el_class=\u00bbsubtitle_mentions_legales\u00bb] Informaci\u00f3n legal sobre el Caf\u00e9 de l&rsquo;Homme, restaurante en el 17 place du Trocad\u00e9ro de Par\u00eds [\/vc_column_text][\/vc_column][\/vc_row][vc_row responsive_css=\u00bbpadding_top_large:80px|padding_bottom_large:80px\u00bb css=\u00bb.vc_custom_1686642705479{padding-top: 40px !important;padding-bottom: 40px !important;}\u00bb el_class=\u00bbmain_mentions_legales\u00bb][vc_column][vc_custom_heading text=\u00bbPropiedad\u00bb font_container=\u00bbtag:h3|text_align:left\u00bb][vc_column_text]S.A.S....","og_url":"https:\/\/www.cafedelhomme.com\/es\/informacion-legal","og_site_name":"Caf\u00e9 de l&#039;Homme","article_publisher":"https:\/\/www.facebook.com\/cafedelhomme","article_modified_time":"2026-03-11T15:32:46+00:00","twitter_card":"summary_large_image","twitter_misc":{"Tiempo de lectura":"2 minutos"},"schema":{"@context":"https:\/\/schema.org","@graph":[{"@type":"WebPage","@id":"https:\/\/www.cafedelhomme.com\/es\/informacion-legal","url":"https:\/\/www.cafedelhomme.com\/es\/informacion-legal","name":"Informaci\u00f3n legal - Caf\u00e9 de l&#039;Homme","isPartOf":{"@id":"https:\/\/www.cafedelhomme.com\/es#website"},"datePublished":"2023-04-19T14:42:50+00:00","dateModified":"2026-03-11T15:32:46+00:00","inLanguage":"es","potentialAction":[{"@type":"ReadAction","target":["https:\/\/www.cafedelhomme.com\/es\/informacion-legal"]}]},{"@type":"WebSite","@id":"https:\/\/www.cafedelhomme.com\/es#website","url":"https:\/\/www.cafedelhomme.com\/es","name":"Caf\u00e9 de l'Homme","description":"","publisher":{"@id":"https:\/\/www.cafedelhomme.com\/es#organization"},"potentialAction":[{"@type":"SearchAction","target":{"@type":"EntryPoint","urlTemplate":"https:\/\/www.cafedelhomme.com\/es?s={search_term_string}"},"query-input":{"@type":"PropertyValueSpecification","valueRequired":true,"valueName":"search_term_string"}}],"inLanguage":"es"},{"@type":"Organization","@id":"https:\/\/www.cafedelhomme.com\/es#organization","name":"Caf\u00e9 del Hombre","url":"https:\/\/www.cafedelhomme.com\/es","logo":{"@type":"ImageObject","inLanguage":"es","@id":"https:\/\/www.cafedelhomme.com\/es#\/schema\/logo\/image\/","url":"https:\/\/www.cafedelhomme.com\/wp-content\/uploads\/2023\/04\/big-logo-300x163-1.png","contentUrl":"https:\/\/www.cafedelhomme.com\/wp-content\/uploads\/2023\/04\/big-logo-300x163-1.png","width":300,"height":163,"caption":"Caf\u00e9 del Hombre"},"image":{"@id":"https:\/\/www.cafedelhomme.com\/es#\/schema\/logo\/image\/"},"sameAs":["https:\/\/www.facebook.com\/cafedelhomme","https:\/\/www.instagram.com\/cafedelhomme\/"]}]}},"_links":{"self":[{"href":"https:\/\/www.cafedelhomme.com\/es\/wp-json\/wp\/v2\/pages\/9700","targetHints":{"allow":["GET"]}}],"collection":[{"href":"https:\/\/www.cafedelhomme.com\/es\/wp-json\/wp\/v2\/pages"}],"about":[{"href":"https:\/\/www.cafedelhomme.com\/es\/wp-json\/wp\/v2\/types\/page"}],"author":[{"embeddable":true,"href":"https:\/\/www.cafedelhomme.com\/es\/wp-json\/wp\/v2\/users\/1"}],"replies":[{"embeddable":true,"href":"https:\/\/www.cafedelhomme.com\/es\/wp-json\/wp\/v2\/comments?post=9700"}],"version-history":[{"count":5,"href":"https:\/\/www.cafedelhomme.com\/es\/wp-json\/wp\/v2\/pages\/9700\/revisions"}],"predecessor-version":[{"id":17013,"href":"https:\/\/www.cafedelhomme.com\/es\/wp-json\/wp\/v2\/pages\/9700\/revisions\/17013"}],"wp:attachment":[{"href":"https:\/\/www.cafedelhomme.com\/es\/wp-json\/wp\/v2\/media?parent=9700"}],"curies":[{"name":"wp","href":"https:\/\/api.w.org\/{rel}","templated":true}]}}