{"id":9760,"date":"2023-06-14T14:34:57","date_gmt":"2023-06-14T12:34:57","guid":{"rendered":"https:\/\/www.cafedelhomme.com\/comunicados-de-prensa"},"modified":"2025-04-25T14:11:55","modified_gmt":"2025-04-25T12:11:55","slug":"comunicados-de-prensa","status":"publish","type":"page","link":"https:\/\/www.cafedelhomme.com\/es\/comunicados-de-prensa","title":{"rendered":"Comunicados de prensa"},"content":{"rendered":"<div class=\"wpb-content-wrapper\"><p>[vc_row sticky_row=\u00bbyes\u00bb css=\u00bb.vc_custom_1686747821633{background-image: url(https:\/\/www.cafedelhomme.com\/wp-content\/uploads\/2023\/06\/Soiree-Morena-3.jpg?id=2804) !important;background-position: center !important;background-repeat: no-repeat !important;background-size: cover !important;}\u00bb el_id=\u00bbheader-page-simple\u00bb][vc_column responsive_css=\u00bbpadding_top_large:220px|padding_bottom_large:220px\u00bb css=\u00bb.vc_custom_1683277774171{padding-top: 120px !important;padding-bottom: 230px !important;}\u00bb][vc_custom_heading text=\u00bbComunicados de prensa\u00bb font_container=\u00bbtag:h1|text_align:center\u00bb css=\u00bb.vc_custom_1686746322153{margin-bottom: 0px !important;}\u00bb][vc_column_text]<\/p>\n<p style=\"text-align: center;\">Publicaciones de Le Caf\u00e9 de l&rsquo;Homme en la prensa francesa e internacional<\/p>\n<p>[\/vc_column_text][\/vc_column][\/vc_row][vc_section el_id=\u00bbpress-realease\u00bb][vc_row el_class=\u00bbpress-col\u00bb css=\u00bb.vc_custom_1693904668491{margin-bottom: 50px !important;padding-top: 50px !important;padding-right: 20px !important;padding-left: 20px !important;background-color: #ffffff !important;}\u00bb][vc_column width=\u00bb1\/2&Prime;][vc_row_inner][vc_column_inner][vc_custom_heading text=\u00bb09\/11\/2024&Prime; css=\u00bb\u00bb][vc_custom_heading text=\u00bbForbes\u00bb font_container=\u00bbtag:h3|text_align:left\u00bb css=\u00bb\u00bb][vc_column_text css=\u00bb\u00bb]Forbes descubre: una joya culinaria oculta en el coraz\u00f3n de Par\u00eds.[\/vc_column_text]<a href=\"https:\/\/www.forbes.com.au\/life\/eat-drink\/paris-cafe-lhomme-culinary-gem\/\" target=\"_blank\" class=\"btn btn-naked btn_underline ld_button_69e031271a15f\">\n\t<span>\n\t\t\n\t\t\t\t\t<span class=\"btn-txt\">m\u00e1s detalles.<\/span>\n\t\t\t\n\t\t\t\t<\/span>\n<\/a>\n[\/vc_column_inner][\/vc_row_inner][vc_row_inner][vc_column_inner][vc_custom_heading text=\u00bb30\/07\/2024&Prime; css=\u00bb\u00bb][vc_custom_heading text=\u00bbTelediarioEstudio\u00bb font_container=\u00bbtag:h3|text_align:left\u00bb css=\u00bb\u00bb][vc_column_text css=\u00bb\u00bb]\u00bfDesde d\u00f3nde emite \u00bbToday\u00bb en los Juegos Ol\u00edmpicos de Par\u00eds 2024?[\/vc_column_text]<a href=\"https:\/\/www.newscaststudio.com\/2024\/07\/30\/today-show-2024-summer-olympics-location\/\" target=\"_blank\" class=\"btn btn-naked btn_underline ld_button_69e031271a342\">\n\t<span>\n\t\t\n\t\t\t\t\t<span class=\"btn-txt\">m\u00e1s detalles.<\/span>\n\t\t\t\n\t\t\t\t<\/span>\n<\/a>\n[\/vc_column_inner][\/vc_row_inner][vc_row_inner][vc_column_inner][vc_custom_heading text=\u00bb21\/09\/2023&Prime;][vc_custom_heading text=\u00bbLe Point\u00bb font_container=\u00bbtag:h3|text_align:left\u00bb][vc_column_text]Caf\u00e9 de l&rsquo;Homme: un balc\u00f3n con vistas a la Torre Eiffel[\/vc_column_text]<a href=\"https:\/\/www.lepoint.fr\/gastronomie\/cafe-de-l-homme-un-balcon-sur-la-tour-eiffel-21-09-2023-2536354_82.php#11\" target=\"_blank\" class=\"btn btn-naked btn_underline ld_button_69e031271a481\">\n\t<span>\n\t\t\n\t\t\t\t\t<span class=\"btn-txt\">m\u00e1s detalles.<\/span>\n\t\t\t\n\t\t\t\t<\/span>\n<\/a>\n[\/vc_column_inner][\/vc_row_inner][vc_row_inner][vc_column_inner][vc_custom_heading text=\u00bb04\/07\/2023&Prime;][vc_custom_heading text=\u00bbAeropuerto de Par\u00eds\u00bb font_container=\u00bbtag:h3|text_align:left\u00bb][vc_column_text]Caf\u00e9 de l&rsquo;homme: la mejor vista, Par\u00eds 16\u00ba arrondissement[\/vc_column_text]<a href=\"https:\/\/www.youtube.com\/watch?v=OfxmwF3h_HM\" target=\"_blank\" class=\"btn btn-naked btn_underline ld_button_69e031271a5a1\">\n\t<span>\n\t\t\n\t\t\t\t\t<span class=\"btn-txt\">m\u00e1s detalles.<\/span>\n\t\t\t\n\t\t\t\t<\/span>\n<\/a>\n[\/vc_column_inner][\/vc_row_inner][vc_row_inner][vc_column_inner][vc_custom_heading text=\u00bb27\/06\/2023&Prime;][vc_custom_heading text=\u00bbGala\u00bb font_container=\u00bbtag:h3|text_align:left\u00bb][vc_column_text]El Caf\u00e9 de l&rsquo;Homme celebra a sus productores[\/vc_column_text]<a href=\"https:\/\/www.cafedelhomme.com\/wp-content\/uploads\/2023\/08\/CAFE-DE-LHOMME-CELEBRE-SES-PRODUCTEURS-12291.pdf\" target=\"_blank\" class=\"btn btn-naked btn_underline ld_button_69e031271a6bf\">\n\t<span>\n\t\t\n\t\t\t\t\t<span class=\"btn-txt\">m\u00e1s detalles.<\/span>\n\t\t\t\n\t\t\t\t<\/span>\n<\/a>\n[\/vc_column_inner][\/vc_row_inner][vc_row_inner][vc_column_inner][vc_custom_heading text=\u00bb24\/05\/2023&Prime;][vc_custom_heading text=\u00bbRevista Fresh\u00bb font_container=\u00bbtag:h3|text_align:left\u00bb][vc_column_text]El Caf\u00e9 de l&rsquo;Homme: Un local emblem\u00e1tico reabre sus puertas[\/vc_column_text]<a href=\"https:\/\/freshmagparis.com\/le-cafe-de-lhomme-un-lieu-emblematique-reouvre-ses-portes\/\" target=\"_blank\" class=\"btn btn-naked btn_underline ld_button_69e031271a7d0\">\n\t<span>\n\t\t\n\t\t\t\t\t<span class=\"btn-txt\">m\u00e1s detalles.<\/span>\n\t\t\t\n\t\t\t\t<\/span>\n<\/a>\n[\/vc_column_inner][\/vc_row_inner][vc_row_inner][vc_column_inner][vc_custom_heading text=\u00bb05\/04\/2023&Prime;][vc_custom_heading text=\u00bbAlimentaci\u00f3n\u00bb font_container=\u00bbtag:h3|text_align:left\u00bb][vc_column_text]Par\u00eds: El renacimiento del Caf\u00e9 de l&rsquo;Homme[\/vc_column_text]<a href=\"http:\/\/foodandsens.com\/made-by-f-and-s\/paris-le-renouveau-du-cafe-de-lhomme\/\" target=\"_blank\" class=\"btn btn-naked btn_underline ld_button_69e031271a8dd\">\n\t<span>\n\t\t\n\t\t\t\t\t<span class=\"btn-txt\">m\u00e1s detalles.<\/span>\n\t\t\t\n\t\t\t\t<\/span>\n<\/a>\n[\/vc_column_inner][\/vc_row_inner][vc_row_inner][vc_column_inner][vc_custom_heading text=\u00bb23\/09\/2020&Prime;][vc_custom_heading text=\u00bbVogue\u00bb font_container=\u00bbtag:h3|text_align:left\u00bb][vc_column_text]Emily en Par\u00eds: las verdaderas direcciones parisinas de la serie de Netflix[\/vc_column_text]<a href=\"https:\/\/www.vogue.fr\/lifestyle\/article\/emily-in-paris-les-vraies-adresses-parisiennes-de-la-serie-netflix\" target=\"_blank\" class=\"btn btn-naked btn_underline ld_button_69e031271a9ea\">\n\t<span>\n\t\t\n\t\t\t\t\t<span class=\"btn-txt\">m\u00e1s detalles.<\/span>\n\t\t\t\n\t\t\t\t<\/span>\n<\/a>\n[\/vc_column_inner][\/vc_row_inner][vc_row_inner][vc_column_inner][vc_custom_heading text=\u00bb18\/10\/19&Prime;][vc_custom_heading text=\u00bbSuplemento ELLE\u00bb font_container=\u00bbtag:h3|text_align:left\u00bb][vc_column_text]La entrevista de Par\u00eds con Nathalie Blanc[\/vc_column_text]<a href=\"https:\/\/www.vogue.fr\/lifestyle\/article\/emily-in-paris-les-vraies-adresses-parisiennes-de-la-serie-netflix\" target=\"_blank\" class=\"btn btn-naked btn_underline ld_button_69e031271aaf9\">\n\t<span>\n\t\t\n\t\t\t\t\t<span class=\"btn-txt\">m\u00e1s detalles.<\/span>\n\t\t\t\n\t\t\t\t<\/span>\n<\/a>\n[\/vc_column_inner][\/vc_row_inner][vc_row_inner][vc_column_inner][vc_custom_heading text=\u00bb03\/10\/2019&Prime;][vc_custom_heading text=\u00bbYahoo\u00bb font_container=\u00bbtag:h3|text_align:left\u00bb][vc_column_text]Entre bastidores en la Semana de la Moda de Par\u00eds con Peugeot Pulsion[\/vc_column_text]<a href=\"https:\/\/fr.news.yahoo.com\/video-coulisses-paris-fashion-week-134601210.html?guccounter=1&#038;guce_referrer=aHR0cHM6Ly93d3cubHVxaS5mci8&#038;guce_referrer_sig=AQAAACvMRgzRgNGM_WRR01Bhg-a7690UCf9GbahD-nxTM0E5v9AEovDFbuUZsaOT2rxtcQfiB-MtlamZC6DnE9rNxK45i5iC1tVDDQx2c6jm9K2KOV6G7uF89OF4nkgbjl4WeLkbizdhxBXeF_CnITGk2W-r1ZT23O_U8rBBvCV6Qauw\" target=\"_blank\" class=\"btn btn-naked btn_underline ld_button_69e031271abff\">\n\t<span>\n\t\t\n\t\t\t\t\t<span class=\"btn-txt\">m\u00e1s detalles.<\/span>\n\t\t\t\n\t\t\t\t<\/span>\n<\/a>\n[\/vc_column_inner][\/vc_row_inner][vc_row_inner][vc_column_inner][vc_custom_heading text=\u00bb10\/09\/2019&Prime;][vc_custom_heading text=\u00bbLes Petits Frenchies\u00bb font_container=\u00bbtag:h3|text_align:left\u00bb][vc_column_text]El vodka que pone a Francia en el mapa[\/vc_column_text]<a href=\"https:\/\/petitsfrenchies.com\/grey-goose-sans-compromis\/#:~:text=3%20ingr%C3%A9dients%20essentiels%20%3A%20du%20bl%C3%A9,l&#039;eau%20et%20des%20hommes&#038;text=Tout%20commence%20avec%20le%20cr%C3%A9ateur,%2C%20authentique%20et%20100%25%20Fran%C3%A7ais.\" target=\"_blank\" class=\"btn btn-naked btn_underline ld_button_69e031271ad14\">\n\t<span>\n\t\t\n\t\t\t\t\t<span class=\"btn-txt\">m\u00e1s detalles.<\/span>\n\t\t\t\n\t\t\t\t<\/span>\n<\/a>\n[\/vc_column_inner][\/vc_row_inner][\/vc_column][vc_column width=\u00bb1\/2&Prime;][vc_row_inner][vc_column_inner][vc_custom_heading text=\u00bb09\/08\/2024&Prime; css=\u00bb\u00bb][vc_custom_heading text=\u00bbUsa Today DEPORTES\u00bb font_container=\u00bbtag:h3|text_align:left\u00bb css=\u00bb\u00bb][vc_column_text css=\u00bb\u00bb]El programa \u00bbToday\u00bb entre bastidores de los Juegos Ol\u00edmpicos de Par\u00eds: un \u00bbsubid\u00f3n de adrenalina[\/vc_column_text]<a href=\"https:\/\/eu.usatoday.com\/story\/sports\/olympics\/2024\/07\/30\/paris-olympics-today-show-behind-scenes\/74588825007\/\" target=\"_blank\" class=\"btn btn-naked btn_underline ld_button_69e031271ae2a\">\n\t<span>\n\t\t\n\t\t\t\t\t<span class=\"btn-txt\">m\u00e1s detalles.<\/span>\n\t\t\t\n\t\t\t\t<\/span>\n<\/a>\n[\/vc_column_inner][\/vc_row_inner][vc_row_inner][vc_column_inner][vc_custom_heading text=\u00bb26\/07\/2024&Prime; css=\u00bb\u00bb][vc_custom_heading text=\u00bbTelediarioEstudio\u00bb font_container=\u00bbtag:h3|text_align:left\u00bb css=\u00bb\u00bb][vc_column_text css=\u00bb\u00bb]Es &lsquo;Today&rsquo;: NBC News revela un estudio al aire libre con vistas a la Torre Eiffel[\/vc_column_text]<a href=\"https:\/\/www.newscaststudio.com\/2024\/07\/26\/today-2024-summer-olympics\/\" target=\"_blank\" class=\"btn btn-naked btn_underline ld_button_69e031271af2f\">\n\t<span>\n\t\t\n\t\t\t\t\t<span class=\"btn-txt\">m\u00e1s detalles.<\/span>\n\t\t\t\n\t\t\t\t<\/span>\n<\/a>\n[\/vc_column_inner][\/vc_row_inner][vc_row_inner][vc_column_inner][vc_custom_heading text=\u00bb05\/08\/2023&Prime;][vc_custom_heading text=\u00bbForbes\u00bb font_container=\u00bbtag:h3|text_align:left\u00bb][vc_column_text]En el Caf\u00e9 de l&rsquo;Homme, vive el renacimiento de la terraza m\u00e1s chic de Par\u00eds[\/vc_column_text]<a href=\"https:\/\/www.forbes.fr\/luxe\/lieu-au-cafe-de-lhomme-testez-la-renaissance-de-la-terrasse-la-plus-chic-de-paris\/#google_vignette\" target=\"_blank\" class=\"btn btn-naked btn_underline ld_button_69e031271b031\">\n\t<span>\n\t\t\n\t\t\t\t\t<span class=\"btn-txt\">m\u00e1s detalles.<\/span>\n\t\t\t\n\t\t\t\t<\/span>\n<\/a>\n[\/vc_column_inner][\/vc_row_inner][vc_row_inner][vc_column_inner][vc_custom_heading text=\u00bb30\/06\/2023&Prime;][vc_custom_heading text=\u00bbLes Echos\u00bb font_container=\u00bbtag:h3|text_align:left\u00bb][vc_column_text]Restaurante: el regreso del \u00bbCaf\u00e9 de l&rsquo;Homme[\/vc_column_text]<a href=\"https:\/\/www.lesechos.fr\/weekend\/gastronomie-vins\/restaurant-le-retour-du-cafe-de-lhomme-1957530\" target=\"_blank\" class=\"btn btn-naked btn_underline ld_button_69e031271b12e\">\n\t<span>\n\t\t\n\t\t\t\t\t<span class=\"btn-txt\">m\u00e1s detalles.<\/span>\n\t\t\t\n\t\t\t\t<\/span>\n<\/a>\n[\/vc_column_inner][\/vc_row_inner][vc_row_inner][vc_column_inner][vc_custom_heading text=\u00bb06\/06\/2023&Prime;][vc_custom_heading text=\u00bbJardines de moda\u00bb font_container=\u00bbtag:h3|text_align:left\u00bb][vc_column_text]El renacimiento del Caf\u00e9 de l&rsquo;Homme[\/vc_column_text]<a href=\"https:\/\/jardindesmodes.fr\/le-renouveau-du-cafe-de-lhomme\/\" target=\"_blank\" class=\"btn btn-naked btn_underline ld_button_69e031271b237\">\n\t<span>\n\t\t\n\t\t\t\t\t<span class=\"btn-txt\">m\u00e1s detalles.<\/span>\n\t\t\t\n\t\t\t\t<\/span>\n<\/a>\n[\/vc_column_inner][\/vc_row_inner][vc_row_inner][vc_column_inner][vc_custom_heading text=\u00bb23\/05\/2023&Prime;][vc_custom_heading text=\u00bbSalir en Par\u00eds\u00bb font_container=\u00bbtag:h3|text_align:left\u00bb][vc_column_text]Descubre la nueva terraza del Caf\u00e9 de l&rsquo;Homme[\/vc_column_text]<a href=\"https:\/\/www.sortiraparis.com\/hotel-restaurant\/restaurant\/articles\/88124-le-cafe-de-l-homme-le-restaurant-terrasse-du-trocadero-avec-vue-sur-la-tour-eiffel-renait\" target=\"_blank\" class=\"btn btn-naked btn_underline ld_button_69e031271b339\">\n\t<span>\n\t\t\n\t\t\t\t\t<span class=\"btn-txt\">m\u00e1s detalles.<\/span>\n\t\t\t\n\t\t\t\t<\/span>\n<\/a>\n[\/vc_column_inner][\/vc_row_inner][vc_row_inner][vc_column_inner][vc_custom_heading text=\u00bb30\/03\/23&Prime;][vc_custom_heading text=\u00bbTendencias hoteleras\u00bb font_container=\u00bbtag:h3|text_align:left\u00bb][vc_column_text]El Caf\u00e9 de l&rsquo;Homme, un local parisino legendario y m\u00e1gico, abre un nuevo cap\u00edtulo de su historia[\/vc_column_text]<a href=\"https:\/\/www.tendancehotellerie.fr\/articles-breves\/communique-de-presse\/19322-article\/cafe-de-l-homme-lieu-parisien-mythique-et-magique-ouvre-un-nouveau-chapitre-de-son-histoire\" target=\"_blank\" class=\"btn btn-naked btn_underline ld_button_69e031271b438\">\n\t<span>\n\t\t\n\t\t\t\t\t<span class=\"btn-txt\">m\u00e1s detalles.<\/span>\n\t\t\t\n\t\t\t\t<\/span>\n<\/a>\n[\/vc_column_inner][\/vc_row_inner][vc_row_inner][vc_column_inner][vc_custom_heading text=\u00bb24\/10\/2019&Prime;][vc_custom_heading text=\u00bbFr\u00e9quence \u00d3ptica\u00bb font_container=\u00bbtag:h3|text_align:left\u00bb][vc_column_text]Nathalie Blanc: un desfile de moda y un concierto para celebrar el 5\u00ba aniversario de la marca&#8230;[\/vc_column_text]<a href=\"https:\/\/www.frequenceoptic.fr\/videos\/mediaitem\/2385-5ansnathalieblanc.html\" target=\"_blank\" class=\"btn btn-naked btn_underline ld_button_69e031271b536\">\n\t<span>\n\t\t\n\t\t\t\t\t<span class=\"btn-txt\">m\u00e1s detalles.<\/span>\n\t\t\t\n\t\t\t\t<\/span>\n<\/a>\n[\/vc_column_inner][\/vc_row_inner][vc_row_inner][vc_column_inner][vc_custom_heading text=\u00bb10\/10\/2019&Prime;][vc_custom_heading text=\u00bbGala\u00bb font_container=\u00bbtag:h3|text_align:left\u00bb][vc_column_text]Las reinas de Paname[\/vc_column_text]<a href=\"https:\/\/www.cafedelhomme.com\/privatiser\/wp-content\/uploads\/2020\/09\/2019-10-10-GALA-10-octobre-2019-10000000057562685.pdf\" target=\"_blank\" class=\"btn btn-naked btn_underline ld_button_69e031271b641\">\n\t<span>\n\t\t\n\t\t\t\t\t<span class=\"btn-txt\">m\u00e1s detalles.<\/span>\n\t\t\t\n\t\t\t\t<\/span>\n<\/a>\n[\/vc_column_inner][\/vc_row_inner][vc_row_inner][vc_column_inner][vc_custom_heading text=\u00bb28\/09\/19&Prime;][vc_custom_heading text=\u00bbPurepeople\u00bb font_container=\u00bbtag:h3|text_align:left\u00bb][vc_column_text]Benjamin Biolay entretiene a los VIP en una elegante fiesta parisina[\/vc_column_text]<a href=\"https:\/\/www.purepeople.com\/article\/benjamin-biolay-ambiance-les-vip-pour-une-chic-soiree-parisienne_a354002\/1\" target=\"_blank\" class=\"btn btn-naked btn_underline ld_button_69e031271b740\">\n\t<span>\n\t\t\n\t\t\t\t\t<span class=\"btn-txt\">m\u00e1s detalles.<\/span>\n\t\t\t\n\t\t\t\t<\/span>\n<\/a>\n[\/vc_column_inner][\/vc_row_inner][\/vc_column][\/vc_row][\/vc_section]<\/p>\n<\/div>","protected":false},"excerpt":{"rendered":"<p>[vc_row sticky_row=\u00bbyes\u00bb css=\u00bb.vc_custom_1686747821633{background-image: url(https:\/\/www.cafedelhomme.com\/wp-content\/uploads\/2023\/06\/Soiree-Morena-3.jpg?id=2804) !important;background-position: center !important;background-repeat: no-repeat !important;background-size: cover !important;}\u00bb el_id=\u00bbheader-page-simple\u00bb][vc_column responsive_css=\u00bbpadding_top_large:220px|padding_bottom_large:220px\u00bb css=\u00bb.vc_custom_1683277774171{padding-top: 120px !important;padding-bottom: 230px !important;}\u00bb][vc_custom_heading text=\u00bbComunicados de prensa\u00bb font_container=\u00bbtag:h1|text_align:center\u00bb css=\u00bb.vc_custom_1686746322153{margin-bottom: 0px !important;}\u00bb][vc_column_text] Publicaciones de Le Caf\u00e9 de l&rsquo;Homme en la prensa francesa e internacional [\/vc_column_text][\/vc_column][\/vc_row][vc_section el_id=\u00bbpress-realease\u00bb][vc_row el_class=\u00bbpress-col\u00bb css=\u00bb.vc_custom_1693904668491{margin-bottom: 50px !important;padding-top: 50px !important;padding-right:&#8230;<\/p>\n","protected":false},"author":1,"featured_media":9761,"parent":0,"menu_order":0,"comment_status":"closed","ping_status":"closed","template":"","meta":{"_acf_changed":false,"footnotes":""},"class_list":["post-9760","page","type-page","status-publish","has-post-thumbnail","hentry"],"acf":[],"yoast_head":"<!-- This site is optimized with the Yoast SEO Premium plugin v20.10 (Yoast SEO v27.0) - https:\/\/yoast.com\/product\/yoast-seo-premium-wordpress\/ -->\n<title>Comunicados de prensa - Caf\u00e9 de l&#039;Homme<\/title>\n<meta name=\"robots\" content=\"index, follow, max-snippet:-1, max-image-preview:large, max-video-preview:-1\" \/>\n<link rel=\"canonical\" href=\"https:\/\/www.cafedelhomme.com\/es\/comunicados-de-prensa\" \/>\n<meta property=\"og:locale\" content=\"es_ES\" \/>\n<meta property=\"og:type\" content=\"article\" \/>\n<meta property=\"og:title\" content=\"Comunicados de prensa - Caf\u00e9 de l&#039;Homme\" \/>\n<meta property=\"og:description\" content=\"[vc_row sticky_row=\u00bbyes\u00bb css=\u00bb.vc_custom_1686747821633{background-image: url(https:\/\/www.cafedelhomme.com\/wp-content\/uploads\/2023\/06\/Soiree-Morena-3.jpg?id=2804) !important;background-position: center !important;background-repeat: no-repeat !important;background-size: cover !important;}\u00bb el_id=\u00bbheader-page-simple\u00bb][vc_column responsive_css=\u00bbpadding_top_large:220px|padding_bottom_large:220px\u00bb css=\u00bb.vc_custom_1683277774171{padding-top: 120px !important;padding-bottom: 230px !important;}\u00bb][vc_custom_heading text=\u00bbComunicados de prensa\u00bb font_container=\u00bbtag:h1|text_align:center\u00bb css=\u00bb.vc_custom_1686746322153{margin-bottom: 0px !important;}\u00bb][vc_column_text] Publicaciones de Le Caf\u00e9 de l&rsquo;Homme en la prensa francesa e internacional [\/vc_column_text][\/vc_column][\/vc_row][vc_section el_id=\u00bbpress-realease\u00bb][vc_row el_class=\u00bbpress-col\u00bb css=\u00bb.vc_custom_1693904668491{margin-bottom: 50px !important;padding-top: 50px !important;padding-right:...\" \/>\n<meta property=\"og:url\" content=\"https:\/\/www.cafedelhomme.com\/es\/comunicados-de-prensa\" \/>\n<meta property=\"og:site_name\" content=\"Caf\u00e9 de l&#039;Homme\" \/>\n<meta property=\"article:publisher\" content=\"https:\/\/www.facebook.com\/cafedelhomme\" \/>\n<meta property=\"article:modified_time\" content=\"2025-04-25T12:11:55+00:00\" \/>\n<meta property=\"og:image\" content=\"https:\/\/www.cafedelhomme.com\/wp-content\/uploads\/2023\/06\/Soiree-Morena-3.jpg\" \/>\n\t<meta property=\"og:image:width\" content=\"1109\" \/>\n\t<meta property=\"og:image:height\" content=\"739\" \/>\n\t<meta property=\"og:image:type\" content=\"image\/jpeg\" \/>\n<meta name=\"twitter:card\" content=\"summary_large_image\" \/>\n<meta name=\"twitter:label1\" content=\"Tiempo de lectura\" \/>\n\t<meta name=\"twitter:data1\" content=\"9 minutos\" \/>\n<script type=\"application\/ld+json\" class=\"yoast-schema-graph\">{\"@context\":\"https:\/\/schema.org\",\"@graph\":[{\"@type\":\"WebPage\",\"@id\":\"https:\/\/www.cafedelhomme.com\/es\/comunicados-de-prensa\",\"url\":\"https:\/\/www.cafedelhomme.com\/es\/comunicados-de-prensa\",\"name\":\"Comunicados de prensa - Caf\u00e9 de l&#039;Homme\",\"isPartOf\":{\"@id\":\"https:\/\/www.cafedelhomme.com\/es#website\"},\"primaryImageOfPage\":{\"@id\":\"https:\/\/www.cafedelhomme.com\/es\/comunicados-de-prensa#primaryimage\"},\"image\":{\"@id\":\"https:\/\/www.cafedelhomme.com\/es\/comunicados-de-prensa#primaryimage\"},\"thumbnailUrl\":\"https:\/\/www.cafedelhomme.com\/wp-content\/uploads\/2023\/06\/Soiree-Morena-3.jpg\",\"datePublished\":\"2023-06-14T12:34:57+00:00\",\"dateModified\":\"2025-04-25T12:11:55+00:00\",\"inLanguage\":\"es\",\"potentialAction\":[{\"@type\":\"ReadAction\",\"target\":[\"https:\/\/www.cafedelhomme.com\/es\/comunicados-de-prensa\"]}]},{\"@type\":\"ImageObject\",\"inLanguage\":\"es\",\"@id\":\"https:\/\/www.cafedelhomme.com\/es\/comunicados-de-prensa#primaryimage\",\"url\":\"https:\/\/www.cafedelhomme.com\/wp-content\/uploads\/2023\/06\/Soiree-Morena-3.jpg\",\"contentUrl\":\"https:\/\/www.cafedelhomme.com\/wp-content\/uploads\/2023\/06\/Soiree-Morena-3.jpg\",\"width\":1109,\"height\":739},{\"@type\":\"WebSite\",\"@id\":\"https:\/\/www.cafedelhomme.com\/es#website\",\"url\":\"https:\/\/www.cafedelhomme.com\/es\",\"name\":\"Caf\u00e9 de l'Homme\",\"description\":\"\",\"publisher\":{\"@id\":\"https:\/\/www.cafedelhomme.com\/es#organization\"},\"potentialAction\":[{\"@type\":\"SearchAction\",\"target\":{\"@type\":\"EntryPoint\",\"urlTemplate\":\"https:\/\/www.cafedelhomme.com\/es?s={search_term_string}\"},\"query-input\":{\"@type\":\"PropertyValueSpecification\",\"valueRequired\":true,\"valueName\":\"search_term_string\"}}],\"inLanguage\":\"es\"},{\"@type\":\"Organization\",\"@id\":\"https:\/\/www.cafedelhomme.com\/es#organization\",\"name\":\"Caf\u00e9 del Hombre\",\"url\":\"https:\/\/www.cafedelhomme.com\/es\",\"logo\":{\"@type\":\"ImageObject\",\"inLanguage\":\"es\",\"@id\":\"https:\/\/www.cafedelhomme.com\/es#\/schema\/logo\/image\/\",\"url\":\"https:\/\/www.cafedelhomme.com\/wp-content\/uploads\/2023\/04\/big-logo-300x163-1.png\",\"contentUrl\":\"https:\/\/www.cafedelhomme.com\/wp-content\/uploads\/2023\/04\/big-logo-300x163-1.png\",\"width\":300,\"height\":163,\"caption\":\"Caf\u00e9 del Hombre\"},\"image\":{\"@id\":\"https:\/\/www.cafedelhomme.com\/es#\/schema\/logo\/image\/\"},\"sameAs\":[\"https:\/\/www.facebook.com\/cafedelhomme\",\"https:\/\/www.instagram.com\/cafedelhomme\/\"]}]}<\/script>\n<!-- \/ Yoast SEO Premium plugin. -->","yoast_head_json":{"title":"Comunicados de prensa - Caf\u00e9 de l&#039;Homme","robots":{"index":"index","follow":"follow","max-snippet":"max-snippet:-1","max-image-preview":"max-image-preview:large","max-video-preview":"max-video-preview:-1"},"canonical":"https:\/\/www.cafedelhomme.com\/es\/comunicados-de-prensa","og_locale":"es_ES","og_type":"article","og_title":"Comunicados de prensa - Caf\u00e9 de l&#039;Homme","og_description":"[vc_row sticky_row=\u00bbyes\u00bb css=\u00bb.vc_custom_1686747821633{background-image: url(https:\/\/www.cafedelhomme.com\/wp-content\/uploads\/2023\/06\/Soiree-Morena-3.jpg?id=2804) !important;background-position: center !important;background-repeat: no-repeat !important;background-size: cover !important;}\u00bb el_id=\u00bbheader-page-simple\u00bb][vc_column responsive_css=\u00bbpadding_top_large:220px|padding_bottom_large:220px\u00bb css=\u00bb.vc_custom_1683277774171{padding-top: 120px !important;padding-bottom: 230px !important;}\u00bb][vc_custom_heading text=\u00bbComunicados de prensa\u00bb font_container=\u00bbtag:h1|text_align:center\u00bb css=\u00bb.vc_custom_1686746322153{margin-bottom: 0px !important;}\u00bb][vc_column_text] Publicaciones de Le Caf\u00e9 de l&rsquo;Homme en la prensa francesa e internacional [\/vc_column_text][\/vc_column][\/vc_row][vc_section el_id=\u00bbpress-realease\u00bb][vc_row el_class=\u00bbpress-col\u00bb css=\u00bb.vc_custom_1693904668491{margin-bottom: 50px !important;padding-top: 50px !important;padding-right:...","og_url":"https:\/\/www.cafedelhomme.com\/es\/comunicados-de-prensa","og_site_name":"Caf\u00e9 de l&#039;Homme","article_publisher":"https:\/\/www.facebook.com\/cafedelhomme","article_modified_time":"2025-04-25T12:11:55+00:00","og_image":[{"width":1109,"height":739,"url":"https:\/\/www.cafedelhomme.com\/wp-content\/uploads\/2023\/06\/Soiree-Morena-3.jpg","type":"image\/jpeg"}],"twitter_card":"summary_large_image","twitter_misc":{"Tiempo de lectura":"9 minutos"},"schema":{"@context":"https:\/\/schema.org","@graph":[{"@type":"WebPage","@id":"https:\/\/www.cafedelhomme.com\/es\/comunicados-de-prensa","url":"https:\/\/www.cafedelhomme.com\/es\/comunicados-de-prensa","name":"Comunicados de prensa - Caf\u00e9 de l&#039;Homme","isPartOf":{"@id":"https:\/\/www.cafedelhomme.com\/es#website"},"primaryImageOfPage":{"@id":"https:\/\/www.cafedelhomme.com\/es\/comunicados-de-prensa#primaryimage"},"image":{"@id":"https:\/\/www.cafedelhomme.com\/es\/comunicados-de-prensa#primaryimage"},"thumbnailUrl":"https:\/\/www.cafedelhomme.com\/wp-content\/uploads\/2023\/06\/Soiree-Morena-3.jpg","datePublished":"2023-06-14T12:34:57+00:00","dateModified":"2025-04-25T12:11:55+00:00","inLanguage":"es","potentialAction":[{"@type":"ReadAction","target":["https:\/\/www.cafedelhomme.com\/es\/comunicados-de-prensa"]}]},{"@type":"ImageObject","inLanguage":"es","@id":"https:\/\/www.cafedelhomme.com\/es\/comunicados-de-prensa#primaryimage","url":"https:\/\/www.cafedelhomme.com\/wp-content\/uploads\/2023\/06\/Soiree-Morena-3.jpg","contentUrl":"https:\/\/www.cafedelhomme.com\/wp-content\/uploads\/2023\/06\/Soiree-Morena-3.jpg","width":1109,"height":739},{"@type":"WebSite","@id":"https:\/\/www.cafedelhomme.com\/es#website","url":"https:\/\/www.cafedelhomme.com\/es","name":"Caf\u00e9 de l'Homme","description":"","publisher":{"@id":"https:\/\/www.cafedelhomme.com\/es#organization"},"potentialAction":[{"@type":"SearchAction","target":{"@type":"EntryPoint","urlTemplate":"https:\/\/www.cafedelhomme.com\/es?s={search_term_string}"},"query-input":{"@type":"PropertyValueSpecification","valueRequired":true,"valueName":"search_term_string"}}],"inLanguage":"es"},{"@type":"Organization","@id":"https:\/\/www.cafedelhomme.com\/es#organization","name":"Caf\u00e9 del Hombre","url":"https:\/\/www.cafedelhomme.com\/es","logo":{"@type":"ImageObject","inLanguage":"es","@id":"https:\/\/www.cafedelhomme.com\/es#\/schema\/logo\/image\/","url":"https:\/\/www.cafedelhomme.com\/wp-content\/uploads\/2023\/04\/big-logo-300x163-1.png","contentUrl":"https:\/\/www.cafedelhomme.com\/wp-content\/uploads\/2023\/04\/big-logo-300x163-1.png","width":300,"height":163,"caption":"Caf\u00e9 del Hombre"},"image":{"@id":"https:\/\/www.cafedelhomme.com\/es#\/schema\/logo\/image\/"},"sameAs":["https:\/\/www.facebook.com\/cafedelhomme","https:\/\/www.instagram.com\/cafedelhomme\/"]}]}},"_links":{"self":[{"href":"https:\/\/www.cafedelhomme.com\/es\/wp-json\/wp\/v2\/pages\/9760","targetHints":{"allow":["GET"]}}],"collection":[{"href":"https:\/\/www.cafedelhomme.com\/es\/wp-json\/wp\/v2\/pages"}],"about":[{"href":"https:\/\/www.cafedelhomme.com\/es\/wp-json\/wp\/v2\/types\/page"}],"author":[{"embeddable":true,"href":"https:\/\/www.cafedelhomme.com\/es\/wp-json\/wp\/v2\/users\/1"}],"replies":[{"embeddable":true,"href":"https:\/\/www.cafedelhomme.com\/es\/wp-json\/wp\/v2\/comments?post=9760"}],"version-history":[{"count":10,"href":"https:\/\/www.cafedelhomme.com\/es\/wp-json\/wp\/v2\/pages\/9760\/revisions"}],"predecessor-version":[{"id":11151,"href":"https:\/\/www.cafedelhomme.com\/es\/wp-json\/wp\/v2\/pages\/9760\/revisions\/11151"}],"wp:featuredmedia":[{"embeddable":true,"href":"https:\/\/www.cafedelhomme.com\/es\/wp-json\/wp\/v2\/media\/9761"}],"wp:attachment":[{"href":"https:\/\/www.cafedelhomme.com\/es\/wp-json\/wp\/v2\/media?parent=9760"}],"curies":[{"name":"wp","href":"https:\/\/api.w.org\/{rel}","templated":true}]}}