{"id":9768,"date":"2024-10-14T14:36:46","date_gmt":"2024-10-14T12:36:46","guid":{"rendered":"https:\/\/www.cafedelhomme.com\/popup-cocktails-creaciones-exclusivas"},"modified":"2025-03-28T15:00:20","modified_gmt":"2025-03-28T14:00:20","slug":"popup-cocktails-creaciones-exclusivas","status":"publish","type":"page","link":"https:\/\/www.cafedelhomme.com\/es\/popup-cocktails-creaciones-exclusivas","title":{"rendered":"Popup Cocktails creaciones exclusivas"},"content":{"rendered":"<div class=\"wpb-content-wrapper\"><p>[vc_row el_id=\u00bbimg-y-texto\u00bb responsive_css=\u00bbpadding_top_large:80px|padding_bottom_large:80px\u00bb css=\u00bb.vc_custom_1698420859963{padding-top: 30px !important;padding-bottom: 30px !important;background-color: #ffffff !important;}\u00bb el_class=\u00bbimg-and-text\u00bb][vc_column][vc_row_inner equal_height=\u00bbyes\u00bb content_placement=\u00bbmiddle\u00bb el_class=\u00bbdiamond popup popup-cocktails\u00bb el_id=\u00bbdiamond\u00bb css=\u00bb.vc_custom_1728379133276{background-color: #ffffff !important;}\u00bb][vc_column_inner width=\u00bb1\/2&Prime; el_class=\u00bbpicture_top\u00bb][vc_single_image image=\u00bb9770&Prime; img_size=\u00bbfull\u00bb css=\u00bb\u00bb][\/vc_column_inner][vc_column_inner width=\u00bb1\/2&Prime; align=\u00bbtext-center\u00bb el_class=\u00bbtext_right section-text-content\u00bb][vc_custom_heading text=\u00bbCaf\u00e9 del Hombre\u00bb font_container=\u00bbtag:div|text_align:center\u00bb css=\u00bb\u00bb el_class=\u00bbnumber-title\u00bb][vc_custom_heading text=\u00bbCreaciones exclusivas de c\u00f3cteles\u00bb font_container=\u00bbtag:h2|text_align:center\u00bb css=\u00bb\u00bb el_class=\u00bbtitle-modal\u00bb][vc_custom_heading text=\u00bbBuscador de oro\u00bb font_container=\u00bbtag:p|text_align:center\u00bb css=\u00bb\u00bb el_class=\u00bbsubtitle\u00bb][vc_column_text css=\u00bb\u00bb el_class=\u00bbdescription\u00bb]Emb\u00e1rcate en un viaje sensorial a las islas. Este <strong>c\u00f3ctel<\/strong> a base de ron Pura Vida Pasi\u00f3n te transporta a los tr\u00f3picos. <strong>El exotismo de la<\/strong> fruta de la pasi\u00f3n se combina con la dulzura especiada de la vainilla y el car\u00e1cter \u00fanico de la cereza italiana para crear una <strong>explosi\u00f3n de sabores<\/strong> soleados y vibrantes.[\/vc_column_text][vc_custom_heading text=\u00bbPlayboy\u00bb font_container=\u00bbtag:p|text_align:center\u00bb css=\u00bb\u00bb el_class=\u00bbsubtitle\u00bb][vc_column_text css=\u00bb\u00bb el_class=\u00bbdescription\u00bb]<strong>Sofisticado<\/strong> e irresistible, este trago largo revisita el ic\u00f3nico Martini Espresso con whisky Bellevoye Bleu. Una refinada mezcla de aromas de caf\u00e9 y lapsang, realzada por <strong>notas golosas<\/strong> de almendra, cacao y pl\u00e1tano, para <strong>un placer prolongado<\/strong> en cada sorbo.<\/p>\n<p>Disponible <strong>viernes<\/strong> y <strong>s\u00e1bados<\/strong>, de<strong> 19.00 a 24.00 h<\/strong>.[\/vc_column_text]<a href=\"https:\/\/www.sevenrooms.com\/experiences\/cafedelhomme\" class=\"btn btn-naked btn_underline sr-res-root ld_button_69fa398b3e432\">\n\t<span>\n\t\t\n\t\t\t\t\t<span class=\"btn-txt\">reserve ahora.<\/span>\n\t\t\t\n\t\t\t\t<\/span>\n<\/a>\n[\/vc_column_inner][\/vc_row_inner][\/vc_column][\/vc_row]<\/p>\n<\/div>","protected":false},"excerpt":{"rendered":"<p>[vc_row el_id=\u00bbimg-y-texto\u00bb responsive_css=\u00bbpadding_top_large:80px|padding_bottom_large:80px\u00bb css=\u00bb.vc_custom_1698420859963{padding-top: 30px !important;padding-bottom: 30px !important;background-color: #ffffff !important;}\u00bb el_class=\u00bbimg-and-text\u00bb][vc_column][vc_row_inner equal_height=\u00bbyes\u00bb content_placement=\u00bbmiddle\u00bb el_class=\u00bbdiamond popup popup-cocktails\u00bb el_id=\u00bbdiamond\u00bb css=\u00bb.vc_custom_1728379133276{background-color: #ffffff !important;}\u00bb][vc_column_inner width=\u00bb1\/2&Prime; el_class=\u00bbpicture_top\u00bb][vc_single_image image=\u00bb9770&Prime; img_size=\u00bbfull\u00bb css=\u00bb\u00bb][\/vc_column_inner][vc_column_inner width=\u00bb1\/2&Prime; align=\u00bbtext-center\u00bb el_class=\u00bbtext_right section-text-content\u00bb][vc_custom_heading text=\u00bbCaf\u00e9 del Hombre\u00bb font_container=\u00bbtag:div|text_align:center\u00bb css=\u00bb\u00bb el_class=\u00bbnumber-title\u00bb][vc_custom_heading text=\u00bbCreaciones exclusivas de c\u00f3cteles\u00bb font_container=\u00bbtag:h2|text_align:center\u00bb css=\u00bb\u00bb el_class=\u00bbtitle-modal\u00bb][vc_custom_heading text=\u00bbBuscador de oro\u00bb&#8230;<\/p>\n","protected":false},"author":1,"featured_media":0,"parent":0,"menu_order":0,"comment_status":"closed","ping_status":"closed","template":"","meta":{"_acf_changed":false,"footnotes":""},"class_list":["post-9768","page","type-page","status-publish","hentry"],"acf":[],"yoast_head":"<!-- This site is optimized with the Yoast SEO Premium plugin v20.10 (Yoast SEO v27.0) - https:\/\/yoast.com\/product\/yoast-seo-premium-wordpress\/ -->\n<title>Popup Cocktails creaciones exclusivas - Caf\u00e9 de l&#039;Homme<\/title>\n<meta name=\"robots\" content=\"noindex, nofollow\" \/>\n<meta property=\"og:locale\" content=\"es_ES\" \/>\n<meta property=\"og:type\" content=\"article\" \/>\n<meta property=\"og:title\" content=\"Popup Cocktails creaciones exclusivas - Caf\u00e9 de l&#039;Homme\" \/>\n<meta property=\"og:description\" content=\"[vc_row el_id=\u00bbimg-y-texto\u00bb responsive_css=\u00bbpadding_top_large:80px|padding_bottom_large:80px\u00bb css=\u00bb.vc_custom_1698420859963{padding-top: 30px !important;padding-bottom: 30px !important;background-color: #ffffff !important;}\u00bb el_class=\u00bbimg-and-text\u00bb][vc_column][vc_row_inner equal_height=\u00bbyes\u00bb content_placement=\u00bbmiddle\u00bb el_class=\u00bbdiamond popup popup-cocktails\u00bb el_id=\u00bbdiamond\u00bb css=\u00bb.vc_custom_1728379133276{background-color: #ffffff !important;}\u00bb][vc_column_inner width=\u00bb1\/2&Prime; el_class=\u00bbpicture_top\u00bb][vc_single_image image=\u00bb9770&Prime; img_size=\u00bbfull\u00bb css=\u00bb\u00bb][\/vc_column_inner][vc_column_inner width=\u00bb1\/2&Prime; align=\u00bbtext-center\u00bb el_class=\u00bbtext_right section-text-content\u00bb][vc_custom_heading text=\u00bbCaf\u00e9 del Hombre\u00bb font_container=\u00bbtag:div|text_align:center\u00bb css=\u00bb\u00bb el_class=\u00bbnumber-title\u00bb][vc_custom_heading text=\u00bbCreaciones exclusivas de c\u00f3cteles\u00bb font_container=\u00bbtag:h2|text_align:center\u00bb css=\u00bb\u00bb el_class=\u00bbtitle-modal\u00bb][vc_custom_heading text=\u00bbBuscador de oro\u00bb...\" \/>\n<meta property=\"og:url\" content=\"https:\/\/www.cafedelhomme.com\/es\/popup-cocktails-creaciones-exclusivas\" \/>\n<meta property=\"og:site_name\" content=\"Caf\u00e9 de l&#039;Homme\" \/>\n<meta property=\"article:publisher\" content=\"https:\/\/www.facebook.com\/cafedelhomme\" \/>\n<meta property=\"article:modified_time\" content=\"2025-03-28T14:00:20+00:00\" \/>\n<meta name=\"twitter:card\" content=\"summary_large_image\" \/>\n<meta name=\"twitter:label1\" content=\"Tiempo de lectura\" \/>\n\t<meta name=\"twitter:data1\" content=\"2 minutos\" \/>\n<script type=\"application\/ld+json\" class=\"yoast-schema-graph\">{\"@context\":\"https:\/\/schema.org\",\"@graph\":[{\"@type\":\"WebPage\",\"@id\":\"https:\/\/www.cafedelhomme.com\/es\/popup-cocktails-creaciones-exclusivas\",\"url\":\"https:\/\/www.cafedelhomme.com\/es\/popup-cocktails-creaciones-exclusivas\",\"name\":\"Popup Cocktails creaciones exclusivas - Caf\u00e9 de l&#039;Homme\",\"isPartOf\":{\"@id\":\"https:\/\/www.cafedelhomme.com\/es#website\"},\"datePublished\":\"2024-10-14T12:36:46+00:00\",\"dateModified\":\"2025-03-28T14:00:20+00:00\",\"inLanguage\":\"es\",\"potentialAction\":[{\"@type\":\"ReadAction\",\"target\":[\"https:\/\/www.cafedelhomme.com\/es\/popup-cocktails-creaciones-exclusivas\"]}]},{\"@type\":\"WebSite\",\"@id\":\"https:\/\/www.cafedelhomme.com\/es#website\",\"url\":\"https:\/\/www.cafedelhomme.com\/es\",\"name\":\"Caf\u00e9 de l'Homme\",\"description\":\"\",\"publisher\":{\"@id\":\"https:\/\/www.cafedelhomme.com\/es#organization\"},\"potentialAction\":[{\"@type\":\"SearchAction\",\"target\":{\"@type\":\"EntryPoint\",\"urlTemplate\":\"https:\/\/www.cafedelhomme.com\/es?s={search_term_string}\"},\"query-input\":{\"@type\":\"PropertyValueSpecification\",\"valueRequired\":true,\"valueName\":\"search_term_string\"}}],\"inLanguage\":\"es\"},{\"@type\":\"Organization\",\"@id\":\"https:\/\/www.cafedelhomme.com\/es#organization\",\"name\":\"Caf\u00e9 del Hombre\",\"url\":\"https:\/\/www.cafedelhomme.com\/es\",\"logo\":{\"@type\":\"ImageObject\",\"inLanguage\":\"es\",\"@id\":\"https:\/\/www.cafedelhomme.com\/es#\/schema\/logo\/image\/\",\"url\":\"https:\/\/www.cafedelhomme.com\/wp-content\/uploads\/2023\/04\/big-logo-300x163-1.png\",\"contentUrl\":\"https:\/\/www.cafedelhomme.com\/wp-content\/uploads\/2023\/04\/big-logo-300x163-1.png\",\"width\":300,\"height\":163,\"caption\":\"Caf\u00e9 del Hombre\"},\"image\":{\"@id\":\"https:\/\/www.cafedelhomme.com\/es#\/schema\/logo\/image\/\"},\"sameAs\":[\"https:\/\/www.facebook.com\/cafedelhomme\",\"https:\/\/www.instagram.com\/cafedelhomme\/\"]}]}<\/script>\n<!-- \/ Yoast SEO Premium plugin. -->","yoast_head_json":{"title":"Popup Cocktails creaciones exclusivas - Caf\u00e9 de l&#039;Homme","robots":{"index":"noindex","follow":"nofollow"},"og_locale":"es_ES","og_type":"article","og_title":"Popup Cocktails creaciones exclusivas - Caf\u00e9 de l&#039;Homme","og_description":"[vc_row el_id=\u00bbimg-y-texto\u00bb responsive_css=\u00bbpadding_top_large:80px|padding_bottom_large:80px\u00bb css=\u00bb.vc_custom_1698420859963{padding-top: 30px !important;padding-bottom: 30px !important;background-color: #ffffff !important;}\u00bb el_class=\u00bbimg-and-text\u00bb][vc_column][vc_row_inner equal_height=\u00bbyes\u00bb content_placement=\u00bbmiddle\u00bb el_class=\u00bbdiamond popup popup-cocktails\u00bb el_id=\u00bbdiamond\u00bb css=\u00bb.vc_custom_1728379133276{background-color: #ffffff !important;}\u00bb][vc_column_inner width=\u00bb1\/2&Prime; el_class=\u00bbpicture_top\u00bb][vc_single_image image=\u00bb9770&Prime; img_size=\u00bbfull\u00bb css=\u00bb\u00bb][\/vc_column_inner][vc_column_inner width=\u00bb1\/2&Prime; align=\u00bbtext-center\u00bb el_class=\u00bbtext_right section-text-content\u00bb][vc_custom_heading text=\u00bbCaf\u00e9 del Hombre\u00bb font_container=\u00bbtag:div|text_align:center\u00bb css=\u00bb\u00bb el_class=\u00bbnumber-title\u00bb][vc_custom_heading text=\u00bbCreaciones exclusivas de c\u00f3cteles\u00bb font_container=\u00bbtag:h2|text_align:center\u00bb css=\u00bb\u00bb el_class=\u00bbtitle-modal\u00bb][vc_custom_heading text=\u00bbBuscador de oro\u00bb...","og_url":"https:\/\/www.cafedelhomme.com\/es\/popup-cocktails-creaciones-exclusivas","og_site_name":"Caf\u00e9 de l&#039;Homme","article_publisher":"https:\/\/www.facebook.com\/cafedelhomme","article_modified_time":"2025-03-28T14:00:20+00:00","twitter_card":"summary_large_image","twitter_misc":{"Tiempo de lectura":"2 minutos"},"schema":{"@context":"https:\/\/schema.org","@graph":[{"@type":"WebPage","@id":"https:\/\/www.cafedelhomme.com\/es\/popup-cocktails-creaciones-exclusivas","url":"https:\/\/www.cafedelhomme.com\/es\/popup-cocktails-creaciones-exclusivas","name":"Popup Cocktails creaciones exclusivas - Caf\u00e9 de l&#039;Homme","isPartOf":{"@id":"https:\/\/www.cafedelhomme.com\/es#website"},"datePublished":"2024-10-14T12:36:46+00:00","dateModified":"2025-03-28T14:00:20+00:00","inLanguage":"es","potentialAction":[{"@type":"ReadAction","target":["https:\/\/www.cafedelhomme.com\/es\/popup-cocktails-creaciones-exclusivas"]}]},{"@type":"WebSite","@id":"https:\/\/www.cafedelhomme.com\/es#website","url":"https:\/\/www.cafedelhomme.com\/es","name":"Caf\u00e9 de l'Homme","description":"","publisher":{"@id":"https:\/\/www.cafedelhomme.com\/es#organization"},"potentialAction":[{"@type":"SearchAction","target":{"@type":"EntryPoint","urlTemplate":"https:\/\/www.cafedelhomme.com\/es?s={search_term_string}"},"query-input":{"@type":"PropertyValueSpecification","valueRequired":true,"valueName":"search_term_string"}}],"inLanguage":"es"},{"@type":"Organization","@id":"https:\/\/www.cafedelhomme.com\/es#organization","name":"Caf\u00e9 del Hombre","url":"https:\/\/www.cafedelhomme.com\/es","logo":{"@type":"ImageObject","inLanguage":"es","@id":"https:\/\/www.cafedelhomme.com\/es#\/schema\/logo\/image\/","url":"https:\/\/www.cafedelhomme.com\/wp-content\/uploads\/2023\/04\/big-logo-300x163-1.png","contentUrl":"https:\/\/www.cafedelhomme.com\/wp-content\/uploads\/2023\/04\/big-logo-300x163-1.png","width":300,"height":163,"caption":"Caf\u00e9 del Hombre"},"image":{"@id":"https:\/\/www.cafedelhomme.com\/es#\/schema\/logo\/image\/"},"sameAs":["https:\/\/www.facebook.com\/cafedelhomme","https:\/\/www.instagram.com\/cafedelhomme\/"]}]}},"_links":{"self":[{"href":"https:\/\/www.cafedelhomme.com\/es\/wp-json\/wp\/v2\/pages\/9768","targetHints":{"allow":["GET"]}}],"collection":[{"href":"https:\/\/www.cafedelhomme.com\/es\/wp-json\/wp\/v2\/pages"}],"about":[{"href":"https:\/\/www.cafedelhomme.com\/es\/wp-json\/wp\/v2\/types\/page"}],"author":[{"embeddable":true,"href":"https:\/\/www.cafedelhomme.com\/es\/wp-json\/wp\/v2\/users\/1"}],"replies":[{"embeddable":true,"href":"https:\/\/www.cafedelhomme.com\/es\/wp-json\/wp\/v2\/comments?post=9768"}],"version-history":[{"count":3,"href":"https:\/\/www.cafedelhomme.com\/es\/wp-json\/wp\/v2\/pages\/9768\/revisions"}],"predecessor-version":[{"id":10445,"href":"https:\/\/www.cafedelhomme.com\/es\/wp-json\/wp\/v2\/pages\/9768\/revisions\/10445"}],"wp:attachment":[{"href":"https:\/\/www.cafedelhomme.com\/es\/wp-json\/wp\/v2\/media?parent=9768"}],"curies":[{"name":"wp","href":"https:\/\/api.w.org\/{rel}","templated":true}]}}