{"id":14743,"date":"2026-01-15T13:50:04","date_gmt":"2026-01-15T12:50:04","guid":{"rendered":"https:\/\/www.cafedelhomme.com\/?post_type=product&#038;p=14743"},"modified":"2026-03-20T15:28:25","modified_gmt":"2026-03-20T14:28:25","slug":"lithophanie-bernardaud","status":"publish","type":"product","link":"https:\/\/www.cafedelhomme.com\/es\/produit\/lithophanie-bernardaud","title":{"rendered":"Lithophanie Bernardaud en porcelaine \u230011,3 cm"},"content":{"rendered":"<p>Pens\u00e9e comme un objet d\u2019exception, cette lithophanie n\u00e9e de la collaboration entre la Maison Bernardaud et Caf\u00e9 de l\u2019Homme incarne l\u2019art de recevoir \u00e0 la fran\u00e7aise.<\/p>\n<p>Fa\u00e7onn\u00e9e en porcelaine de Limoges, elle r\u00e9v\u00e8le, une fois illumin\u00e9e, une sc\u00e8ne d\u00e9licate et lumineuse o\u00f9 la mati\u00e8re semble prendre vie. La lumi\u00e8re traverse la porcelaine avec douceur, cr\u00e9ant un jeu d\u2019ombres et de reliefs subtils, signature du savoir-faire Bernardaud.<\/p>\n<p>\u00c0 la fois objet d\u00e9coratif et pi\u00e8ce contemplative, cette lithophanie \u00e9voque l\u2019\u00e9l\u00e9gance intemporelle du Caf\u00e9 de l\u2019Homme, son lien avec l\u2019art, la gastronomie et les moments suspendus face \u00e0 la tour Eiffel.<\/p>\n<p>Plac\u00e9e sur une table, une \u00e9tag\u00e8re ou un buffet, elle diffuse une ambiance chaleureuse et raffin\u00e9e, id\u00e9ale pour sublimer un int\u00e9rieur ou offrir un cadeau rare, porteur de sens et d\u2019\u00e9motion.<\/p>\n<p><span style=\"text-decoration: underline;\">Caract\u00e9ristiques :<\/span><\/p>\n<p>Hauteur 7,5 cm | Diam\u00e8tre 11,3 cm<\/p>\n","protected":false},"excerpt":{"rendered":"<p>Lithophanie en porcelaine de Limoges sign\u00e9e Bernardaud x Caf\u00e9 de l\u2019Homme. Objet lumineux d\u2019exception, entre art, \u00e9l\u00e9gance et savoir-faire fran\u00e7ais.<\/p>\n","protected":false},"featured_media":14745,"comment_status":"closed","ping_status":"closed","template":"","meta":{"_acf_changed":false},"product_brand":[],"product_cat":[212],"product_tag":[],"class_list":{"0":"post-14743","1":"product","2":"type-product","3":"status-publish","4":"has-post-thumbnail","6":"product_cat-objet-deco","8":"first","9":"instock","10":"shipping-taxable","11":"purchasable","12":"product-type-simple"},"acf":[],"yoast_head":"<!-- This site is optimized with the Yoast SEO Premium plugin v20.10 (Yoast SEO v27.0) - https:\/\/yoast.com\/product\/yoast-seo-premium-wordpress\/ -->\n<title>Lithophanie Bernardaud en porcelaine \u230011,3 cm - Caf\u00e9 de l&#039;Homme<\/title>\n<meta name=\"description\" content=\"Pens\u00e9e comme un objet d\u2019exception, cette lithophanie n\u00e9e de la collaboration entre la Maison Bernardaud et Caf\u00e9 de l\u2019Homme incarne l\u2019art de recevoir \u00e0 la fran\u00e7aise.\" \/>\n<meta name=\"robots\" content=\"index, follow, max-snippet:-1, max-image-preview:large, max-video-preview:-1\" \/>\n<link rel=\"canonical\" href=\"https:\/\/www.cafedelhomme.com\/es\/produit\/lithophanie-bernardaud\" \/>\n<meta property=\"og:locale\" content=\"es_ES\" \/>\n<meta property=\"og:type\" content=\"article\" \/>\n<meta property=\"og:title\" content=\"Lithophanie Bernardaud en porcelaine \u230011,3 cm\" \/>\n<meta property=\"og:description\" content=\"Pens\u00e9e comme un objet d\u2019exception, cette lithophanie n\u00e9e de la collaboration entre la Maison Bernardaud et Caf\u00e9 de l\u2019Homme incarne l\u2019art de recevoir \u00e0 la fran\u00e7aise.\" \/>\n<meta property=\"og:url\" content=\"https:\/\/www.cafedelhomme.com\/es\/produit\/lithophanie-bernardaud\" \/>\n<meta property=\"og:site_name\" content=\"Caf\u00e9 de l&#039;Homme\" \/>\n<meta property=\"article:publisher\" content=\"https:\/\/www.facebook.com\/cafedelhomme\" \/>\n<meta property=\"article:modified_time\" content=\"2026-03-20T14:28:25+00:00\" \/>\n<meta property=\"og:image\" content=\"https:\/\/www.cafedelhomme.com\/wp-content\/uploads\/2026\/01\/New_LaTourEiffel_Jour-1.png\" \/>\n\t<meta property=\"og:image:width\" content=\"486\" \/>\n\t<meta property=\"og:image:height\" content=\"443\" \/>\n\t<meta property=\"og:image:type\" content=\"image\/png\" \/>\n<meta name=\"twitter:card\" content=\"summary_large_image\" \/>\n<meta name=\"twitter:label1\" content=\"Tiempo de lectura\" \/>\n\t<meta name=\"twitter:data1\" content=\"1 minuto\" \/>\n<script type=\"application\/ld+json\" class=\"yoast-schema-graph\">{\"@context\":\"https:\/\/schema.org\",\"@graph\":[{\"@type\":\"WebPage\",\"@id\":\"https:\/\/www.cafedelhomme.com\/es\/produit\/lithophanie-bernardaud\",\"url\":\"https:\/\/www.cafedelhomme.com\/es\/produit\/lithophanie-bernardaud\",\"name\":\"Lithophanie Bernardaud en porcelaine \u230011,3 cm - Caf\u00e9 de l&#039;Homme\",\"isPartOf\":{\"@id\":\"https:\/\/www.cafedelhomme.com\/es#website\"},\"primaryImageOfPage\":{\"@id\":\"https:\/\/www.cafedelhomme.com\/es\/produit\/lithophanie-bernardaud#primaryimage\"},\"image\":{\"@id\":\"https:\/\/www.cafedelhomme.com\/es\/produit\/lithophanie-bernardaud#primaryimage\"},\"thumbnailUrl\":\"https:\/\/www.cafedelhomme.com\/wp-content\/uploads\/2026\/01\/New_LaTourEiffel_Jour-1.png\",\"datePublished\":\"2026-01-15T12:50:04+00:00\",\"dateModified\":\"2026-03-20T14:28:25+00:00\",\"description\":\"Pens\u00e9e comme un objet d\u2019exception, cette lithophanie n\u00e9e de la collaboration entre la Maison Bernardaud et Caf\u00e9 de l\u2019Homme incarne l\u2019art de recevoir \u00e0 la fran\u00e7aise.\",\"breadcrumb\":{\"@id\":\"https:\/\/www.cafedelhomme.com\/es\/produit\/lithophanie-bernardaud#breadcrumb\"},\"inLanguage\":\"es\",\"potentialAction\":[{\"@type\":\"ReadAction\",\"target\":[\"https:\/\/www.cafedelhomme.com\/es\/produit\/lithophanie-bernardaud\"]}]},{\"@type\":\"ImageObject\",\"inLanguage\":\"es\",\"@id\":\"https:\/\/www.cafedelhomme.com\/es\/produit\/lithophanie-bernardaud#primaryimage\",\"url\":\"https:\/\/www.cafedelhomme.com\/wp-content\/uploads\/2026\/01\/New_LaTourEiffel_Jour-1.png\",\"contentUrl\":\"https:\/\/www.cafedelhomme.com\/wp-content\/uploads\/2026\/01\/New_LaTourEiffel_Jour-1.png\",\"width\":486,\"height\":443},{\"@type\":\"BreadcrumbList\",\"@id\":\"https:\/\/www.cafedelhomme.com\/es\/produit\/lithophanie-bernardaud#breadcrumb\",\"itemListElement\":[{\"@type\":\"ListItem\",\"position\":1,\"name\":\"Tienda\",\"item\":\"https:\/\/www.cafedelhomme.com\/es\/tienda\"},{\"@type\":\"ListItem\",\"position\":2,\"name\":\"Lithophanie Bernardaud en porcelaine \u230011,3 cm\"}]},{\"@type\":\"WebSite\",\"@id\":\"https:\/\/www.cafedelhomme.com\/es#website\",\"url\":\"https:\/\/www.cafedelhomme.com\/es\",\"name\":\"Caf\u00e9 de l'Homme\",\"description\":\"\",\"publisher\":{\"@id\":\"https:\/\/www.cafedelhomme.com\/es#organization\"},\"potentialAction\":[{\"@type\":\"SearchAction\",\"target\":{\"@type\":\"EntryPoint\",\"urlTemplate\":\"https:\/\/www.cafedelhomme.com\/es?s={search_term_string}\"},\"query-input\":{\"@type\":\"PropertyValueSpecification\",\"valueRequired\":true,\"valueName\":\"search_term_string\"}}],\"inLanguage\":\"es\"},{\"@type\":\"Organization\",\"@id\":\"https:\/\/www.cafedelhomme.com\/es#organization\",\"name\":\"Caf\u00e9 del Hombre\",\"url\":\"https:\/\/www.cafedelhomme.com\/es\",\"logo\":{\"@type\":\"ImageObject\",\"inLanguage\":\"es\",\"@id\":\"https:\/\/www.cafedelhomme.com\/es#\/schema\/logo\/image\/\",\"url\":\"https:\/\/www.cafedelhomme.com\/wp-content\/uploads\/2023\/04\/big-logo-300x163-1.png\",\"contentUrl\":\"https:\/\/www.cafedelhomme.com\/wp-content\/uploads\/2023\/04\/big-logo-300x163-1.png\",\"width\":300,\"height\":163,\"caption\":\"Caf\u00e9 del Hombre\"},\"image\":{\"@id\":\"https:\/\/www.cafedelhomme.com\/es#\/schema\/logo\/image\/\"},\"sameAs\":[\"https:\/\/www.facebook.com\/cafedelhomme\",\"https:\/\/www.instagram.com\/cafedelhomme\/\"]}]}<\/script>\n<!-- \/ Yoast SEO Premium plugin. -->","yoast_head_json":{"title":"Lithophanie Bernardaud en porcelaine \u230011,3 cm - Caf\u00e9 de l&#039;Homme","description":"Pens\u00e9e comme un objet d\u2019exception, cette lithophanie n\u00e9e de la collaboration entre la Maison Bernardaud et Caf\u00e9 de l\u2019Homme incarne l\u2019art de recevoir \u00e0 la fran\u00e7aise.","robots":{"index":"index","follow":"follow","max-snippet":"max-snippet:-1","max-image-preview":"max-image-preview:large","max-video-preview":"max-video-preview:-1"},"canonical":"https:\/\/www.cafedelhomme.com\/es\/produit\/lithophanie-bernardaud","og_locale":"es_ES","og_type":"article","og_title":"Lithophanie Bernardaud en porcelaine \u230011,3 cm","og_description":"Pens\u00e9e comme un objet d\u2019exception, cette lithophanie n\u00e9e de la collaboration entre la Maison Bernardaud et Caf\u00e9 de l\u2019Homme incarne l\u2019art de recevoir \u00e0 la fran\u00e7aise.","og_url":"https:\/\/www.cafedelhomme.com\/es\/produit\/lithophanie-bernardaud","og_site_name":"Caf\u00e9 de l&#039;Homme","article_publisher":"https:\/\/www.facebook.com\/cafedelhomme","article_modified_time":"2026-03-20T14:28:25+00:00","og_image":[{"width":486,"height":443,"url":"https:\/\/www.cafedelhomme.com\/wp-content\/uploads\/2026\/01\/New_LaTourEiffel_Jour-1.png","type":"image\/png"}],"twitter_card":"summary_large_image","twitter_misc":{"Tiempo de lectura":"1 minuto"},"schema":{"@context":"https:\/\/schema.org","@graph":[{"@type":"WebPage","@id":"https:\/\/www.cafedelhomme.com\/es\/produit\/lithophanie-bernardaud","url":"https:\/\/www.cafedelhomme.com\/es\/produit\/lithophanie-bernardaud","name":"Lithophanie Bernardaud en porcelaine \u230011,3 cm - Caf\u00e9 de l&#039;Homme","isPartOf":{"@id":"https:\/\/www.cafedelhomme.com\/es#website"},"primaryImageOfPage":{"@id":"https:\/\/www.cafedelhomme.com\/es\/produit\/lithophanie-bernardaud#primaryimage"},"image":{"@id":"https:\/\/www.cafedelhomme.com\/es\/produit\/lithophanie-bernardaud#primaryimage"},"thumbnailUrl":"https:\/\/www.cafedelhomme.com\/wp-content\/uploads\/2026\/01\/New_LaTourEiffel_Jour-1.png","datePublished":"2026-01-15T12:50:04+00:00","dateModified":"2026-03-20T14:28:25+00:00","description":"Pens\u00e9e comme un objet d\u2019exception, cette lithophanie n\u00e9e de la collaboration entre la Maison Bernardaud et Caf\u00e9 de l\u2019Homme incarne l\u2019art de recevoir \u00e0 la fran\u00e7aise.","breadcrumb":{"@id":"https:\/\/www.cafedelhomme.com\/es\/produit\/lithophanie-bernardaud#breadcrumb"},"inLanguage":"es","potentialAction":[{"@type":"ReadAction","target":["https:\/\/www.cafedelhomme.com\/es\/produit\/lithophanie-bernardaud"]}]},{"@type":"ImageObject","inLanguage":"es","@id":"https:\/\/www.cafedelhomme.com\/es\/produit\/lithophanie-bernardaud#primaryimage","url":"https:\/\/www.cafedelhomme.com\/wp-content\/uploads\/2026\/01\/New_LaTourEiffel_Jour-1.png","contentUrl":"https:\/\/www.cafedelhomme.com\/wp-content\/uploads\/2026\/01\/New_LaTourEiffel_Jour-1.png","width":486,"height":443},{"@type":"BreadcrumbList","@id":"https:\/\/www.cafedelhomme.com\/es\/produit\/lithophanie-bernardaud#breadcrumb","itemListElement":[{"@type":"ListItem","position":1,"name":"Tienda","item":"https:\/\/www.cafedelhomme.com\/es\/tienda"},{"@type":"ListItem","position":2,"name":"Lithophanie Bernardaud en porcelaine \u230011,3 cm"}]},{"@type":"WebSite","@id":"https:\/\/www.cafedelhomme.com\/es#website","url":"https:\/\/www.cafedelhomme.com\/es","name":"Caf\u00e9 de l'Homme","description":"","publisher":{"@id":"https:\/\/www.cafedelhomme.com\/es#organization"},"potentialAction":[{"@type":"SearchAction","target":{"@type":"EntryPoint","urlTemplate":"https:\/\/www.cafedelhomme.com\/es?s={search_term_string}"},"query-input":{"@type":"PropertyValueSpecification","valueRequired":true,"valueName":"search_term_string"}}],"inLanguage":"es"},{"@type":"Organization","@id":"https:\/\/www.cafedelhomme.com\/es#organization","name":"Caf\u00e9 del Hombre","url":"https:\/\/www.cafedelhomme.com\/es","logo":{"@type":"ImageObject","inLanguage":"es","@id":"https:\/\/www.cafedelhomme.com\/es#\/schema\/logo\/image\/","url":"https:\/\/www.cafedelhomme.com\/wp-content\/uploads\/2023\/04\/big-logo-300x163-1.png","contentUrl":"https:\/\/www.cafedelhomme.com\/wp-content\/uploads\/2023\/04\/big-logo-300x163-1.png","width":300,"height":163,"caption":"Caf\u00e9 del Hombre"},"image":{"@id":"https:\/\/www.cafedelhomme.com\/es#\/schema\/logo\/image\/"},"sameAs":["https:\/\/www.facebook.com\/cafedelhomme","https:\/\/www.instagram.com\/cafedelhomme\/"]}]}},"_links":{"self":[{"href":"https:\/\/www.cafedelhomme.com\/es\/wp-json\/wp\/v2\/product\/14743","targetHints":{"allow":["GET"]}}],"collection":[{"href":"https:\/\/www.cafedelhomme.com\/es\/wp-json\/wp\/v2\/product"}],"about":[{"href":"https:\/\/www.cafedelhomme.com\/es\/wp-json\/wp\/v2\/types\/product"}],"replies":[{"embeddable":true,"href":"https:\/\/www.cafedelhomme.com\/es\/wp-json\/wp\/v2\/comments?post=14743"}],"wp:featuredmedia":[{"embeddable":true,"href":"https:\/\/www.cafedelhomme.com\/es\/wp-json\/wp\/v2\/media\/14745"}],"wp:attachment":[{"href":"https:\/\/www.cafedelhomme.com\/es\/wp-json\/wp\/v2\/media?parent=14743"}],"wp:term":[{"taxonomy":"product_brand","embeddable":true,"href":"https:\/\/www.cafedelhomme.com\/es\/wp-json\/wp\/v2\/product_brand?post=14743"},{"taxonomy":"product_cat","embeddable":true,"href":"https:\/\/www.cafedelhomme.com\/es\/wp-json\/wp\/v2\/product_cat?post=14743"},{"taxonomy":"product_tag","embeddable":true,"href":"https:\/\/www.cafedelhomme.com\/es\/wp-json\/wp\/v2\/product_tag?post=14743"}],"curies":[{"name":"wp","href":"https:\/\/api.w.org\/{rel}","templated":true}]}}