{"id":14750,"date":"2026-01-15T13:52:55","date_gmt":"2026-01-15T12:52:55","guid":{"rendered":"https:\/\/www.cafedelhomme.com\/?post_type=product&#038;p=14750"},"modified":"2026-03-20T15:27:39","modified_gmt":"2026-03-20T14:27:39","slug":"huile-dolive-estoublon","status":"publish","type":"product","link":"https:\/\/www.cafedelhomme.com\/es\/produit\/huile-dolive-estoublon","title":{"rendered":"Huile d\u2019olive vierge extra Estoublon 50 cl"},"content":{"rendered":"<p>Issue d\u2019une r\u00e9colte r\u00e9alis\u00e9e entre d\u00e9but novembre et mi-d\u00e9cembre, cette huile d\u2019olive vierge extra est press\u00e9e au moulin dans les 24 heures suivant la cueillette, afin de pr\u00e9server toute la fra\u00eecheur et la richesse aromatique des olives. Extraite \u00e0 froid, elle est obtenue exclusivement par des proc\u00e9d\u00e9s m\u00e9caniques, garantissant une qualit\u00e9 irr\u00e9prochable et une puret\u00e9 absolue.<\/p>\n<p>Produite en France, au c\u0153ur du massif des Alpilles, au Ch\u00e2teau d\u2019Estoublon, cette huile incarne l\u2019essence du terroir des Baux-de-Provence. Depuis 1489, les grandes vari\u00e9t\u00e9s proven\u00e7ales y sont cultiv\u00e9es dans le respect d\u2019une agriculture durable et profond\u00e9ment engag\u00e9e envers la nature.<\/p>\n<p>En bouche, elle r\u00e9v\u00e8le des notes \u00e9l\u00e9gantes d\u2019artichaut et de noisette, soutenues par une belle amertume et une pointe de piquant caract\u00e9ristique, signature des huiles de caract\u00e8re. Une huile expressive, \u00e9quilibr\u00e9e et authentique, id\u00e9ale pour sublimer une cuisine raffin\u00e9e.<\/p>\n<p><span style=\"text-decoration: underline;\">Accord mets &amp; huile :<\/span><\/p>\n<p>Parfaite pour sublimer des poissons grill\u00e9s, accompagner des poireaux en vinaigrette ou apporter une touche raffin\u00e9e \u00e0 une tarte aux figues.<\/p>\n<p>&nbsp;<\/p>\n<p>&nbsp;<\/p>\n","protected":false},"excerpt":{"rendered":"<p>Huile d&rsquo;olive vierge extra Ch\u00e2teau d&rsquo;Estoublon<\/p>\n","protected":false},"featured_media":14897,"comment_status":"closed","ping_status":"closed","template":"","meta":{"_acf_changed":false},"product_brand":[],"product_cat":[213],"product_tag":[],"class_list":{"0":"post-14750","1":"product","2":"type-product","3":"status-publish","4":"has-post-thumbnail","6":"product_cat-epicerie-fine","8":"first","9":"instock","10":"shipping-taxable","11":"purchasable","12":"product-type-simple"},"acf":[],"yoast_head":"<!-- This site is optimized with the Yoast SEO Premium plugin v20.10 (Yoast SEO v27.0) - https:\/\/yoast.com\/product\/yoast-seo-premium-wordpress\/ -->\n<title>Huile d\u2019olive vierge extra Estoublon 50 cl - Caf\u00e9 de l&#039;Homme<\/title>\n<meta name=\"description\" content=\"Huile d\u2019olive vierge extra fran\u00e7aise, press\u00e9e \u00e0 froid au Ch\u00e2teau d\u2019Estoublon. Notes d\u2019artichaut et de noisette, caract\u00e8re intense et authentique.\" \/>\n<meta name=\"robots\" content=\"index, follow, max-snippet:-1, max-image-preview:large, max-video-preview:-1\" \/>\n<link rel=\"canonical\" href=\"https:\/\/www.cafedelhomme.com\/es\/produit\/huile-dolive-estoublon\" \/>\n<meta property=\"og:locale\" content=\"es_ES\" \/>\n<meta property=\"og:type\" content=\"article\" \/>\n<meta property=\"og:title\" content=\"Huile d\u2019olive vierge extra Estoublon 50 cl\" \/>\n<meta property=\"og:description\" content=\"Huile d\u2019olive vierge extra fran\u00e7aise, press\u00e9e \u00e0 froid au Ch\u00e2teau d\u2019Estoublon. Notes d\u2019artichaut et de noisette, caract\u00e8re intense et authentique.\" \/>\n<meta property=\"og:url\" content=\"https:\/\/www.cafedelhomme.com\/es\/produit\/huile-dolive-estoublon\" \/>\n<meta property=\"og:site_name\" content=\"Caf\u00e9 de l&#039;Homme\" \/>\n<meta property=\"article:publisher\" content=\"https:\/\/www.facebook.com\/cafedelhomme\" \/>\n<meta property=\"article:modified_time\" content=\"2026-03-20T14:27:39+00:00\" \/>\n<meta property=\"og:image\" content=\"https:\/\/www.cafedelhomme.com\/wp-content\/uploads\/2026\/01\/Huile-olive-cdh-estoublon.jpg\" \/>\n\t<meta property=\"og:image:width\" content=\"1554\" \/>\n\t<meta property=\"og:image:height\" content=\"1726\" \/>\n\t<meta property=\"og:image:type\" content=\"image\/jpeg\" \/>\n<meta name=\"twitter:card\" content=\"summary_large_image\" \/>\n<meta name=\"twitter:label1\" content=\"Tiempo de lectura\" \/>\n\t<meta name=\"twitter:data1\" content=\"2 minutos\" \/>\n<script type=\"application\/ld+json\" class=\"yoast-schema-graph\">{\"@context\":\"https:\/\/schema.org\",\"@graph\":[{\"@type\":\"WebPage\",\"@id\":\"https:\/\/www.cafedelhomme.com\/es\/produit\/huile-dolive-estoublon\",\"url\":\"https:\/\/www.cafedelhomme.com\/es\/produit\/huile-dolive-estoublon\",\"name\":\"Huile d\u2019olive vierge extra Estoublon 50 cl - Caf\u00e9 de l&#039;Homme\",\"isPartOf\":{\"@id\":\"https:\/\/www.cafedelhomme.com\/es#website\"},\"primaryImageOfPage\":{\"@id\":\"https:\/\/www.cafedelhomme.com\/es\/produit\/huile-dolive-estoublon#primaryimage\"},\"image\":{\"@id\":\"https:\/\/www.cafedelhomme.com\/es\/produit\/huile-dolive-estoublon#primaryimage\"},\"thumbnailUrl\":\"https:\/\/www.cafedelhomme.com\/wp-content\/uploads\/2026\/01\/Huile-olive-cdh-estoublon.jpg\",\"datePublished\":\"2026-01-15T12:52:55+00:00\",\"dateModified\":\"2026-03-20T14:27:39+00:00\",\"description\":\"Huile d\u2019olive vierge extra fran\u00e7aise, press\u00e9e \u00e0 froid au Ch\u00e2teau d\u2019Estoublon. Notes d\u2019artichaut et de noisette, caract\u00e8re intense et authentique.\",\"breadcrumb\":{\"@id\":\"https:\/\/www.cafedelhomme.com\/es\/produit\/huile-dolive-estoublon#breadcrumb\"},\"inLanguage\":\"es\",\"potentialAction\":[{\"@type\":\"ReadAction\",\"target\":[\"https:\/\/www.cafedelhomme.com\/es\/produit\/huile-dolive-estoublon\"]}]},{\"@type\":\"ImageObject\",\"inLanguage\":\"es\",\"@id\":\"https:\/\/www.cafedelhomme.com\/es\/produit\/huile-dolive-estoublon#primaryimage\",\"url\":\"https:\/\/www.cafedelhomme.com\/wp-content\/uploads\/2026\/01\/Huile-olive-cdh-estoublon.jpg\",\"contentUrl\":\"https:\/\/www.cafedelhomme.com\/wp-content\/uploads\/2026\/01\/Huile-olive-cdh-estoublon.jpg\",\"width\":1554,\"height\":1726},{\"@type\":\"BreadcrumbList\",\"@id\":\"https:\/\/www.cafedelhomme.com\/es\/produit\/huile-dolive-estoublon#breadcrumb\",\"itemListElement\":[{\"@type\":\"ListItem\",\"position\":1,\"name\":\"Tienda\",\"item\":\"https:\/\/www.cafedelhomme.com\/es\/tienda\"},{\"@type\":\"ListItem\",\"position\":2,\"name\":\"Huile d\u2019olive vierge extra Estoublon 50 cl\"}]},{\"@type\":\"WebSite\",\"@id\":\"https:\/\/www.cafedelhomme.com\/es#website\",\"url\":\"https:\/\/www.cafedelhomme.com\/es\",\"name\":\"Caf\u00e9 de l'Homme\",\"description\":\"\",\"publisher\":{\"@id\":\"https:\/\/www.cafedelhomme.com\/es#organization\"},\"potentialAction\":[{\"@type\":\"SearchAction\",\"target\":{\"@type\":\"EntryPoint\",\"urlTemplate\":\"https:\/\/www.cafedelhomme.com\/es?s={search_term_string}\"},\"query-input\":{\"@type\":\"PropertyValueSpecification\",\"valueRequired\":true,\"valueName\":\"search_term_string\"}}],\"inLanguage\":\"es\"},{\"@type\":\"Organization\",\"@id\":\"https:\/\/www.cafedelhomme.com\/es#organization\",\"name\":\"Caf\u00e9 del Hombre\",\"url\":\"https:\/\/www.cafedelhomme.com\/es\",\"logo\":{\"@type\":\"ImageObject\",\"inLanguage\":\"es\",\"@id\":\"https:\/\/www.cafedelhomme.com\/es#\/schema\/logo\/image\/\",\"url\":\"https:\/\/www.cafedelhomme.com\/wp-content\/uploads\/2023\/04\/big-logo-300x163-1.png\",\"contentUrl\":\"https:\/\/www.cafedelhomme.com\/wp-content\/uploads\/2023\/04\/big-logo-300x163-1.png\",\"width\":300,\"height\":163,\"caption\":\"Caf\u00e9 del Hombre\"},\"image\":{\"@id\":\"https:\/\/www.cafedelhomme.com\/es#\/schema\/logo\/image\/\"},\"sameAs\":[\"https:\/\/www.facebook.com\/cafedelhomme\",\"https:\/\/www.instagram.com\/cafedelhomme\/\"]}]}<\/script>\n<!-- \/ Yoast SEO Premium plugin. -->","yoast_head_json":{"title":"Huile d\u2019olive vierge extra Estoublon 50 cl - Caf\u00e9 de l&#039;Homme","description":"Huile d\u2019olive vierge extra fran\u00e7aise, press\u00e9e \u00e0 froid au Ch\u00e2teau d\u2019Estoublon. Notes d\u2019artichaut et de noisette, caract\u00e8re intense et authentique.","robots":{"index":"index","follow":"follow","max-snippet":"max-snippet:-1","max-image-preview":"max-image-preview:large","max-video-preview":"max-video-preview:-1"},"canonical":"https:\/\/www.cafedelhomme.com\/es\/produit\/huile-dolive-estoublon","og_locale":"es_ES","og_type":"article","og_title":"Huile d\u2019olive vierge extra Estoublon 50 cl","og_description":"Huile d\u2019olive vierge extra fran\u00e7aise, press\u00e9e \u00e0 froid au Ch\u00e2teau d\u2019Estoublon. Notes d\u2019artichaut et de noisette, caract\u00e8re intense et authentique.","og_url":"https:\/\/www.cafedelhomme.com\/es\/produit\/huile-dolive-estoublon","og_site_name":"Caf\u00e9 de l&#039;Homme","article_publisher":"https:\/\/www.facebook.com\/cafedelhomme","article_modified_time":"2026-03-20T14:27:39+00:00","og_image":[{"width":1554,"height":1726,"url":"https:\/\/www.cafedelhomme.com\/wp-content\/uploads\/2026\/01\/Huile-olive-cdh-estoublon.jpg","type":"image\/jpeg"}],"twitter_card":"summary_large_image","twitter_misc":{"Tiempo de lectura":"2 minutos"},"schema":{"@context":"https:\/\/schema.org","@graph":[{"@type":"WebPage","@id":"https:\/\/www.cafedelhomme.com\/es\/produit\/huile-dolive-estoublon","url":"https:\/\/www.cafedelhomme.com\/es\/produit\/huile-dolive-estoublon","name":"Huile d\u2019olive vierge extra Estoublon 50 cl - Caf\u00e9 de l&#039;Homme","isPartOf":{"@id":"https:\/\/www.cafedelhomme.com\/es#website"},"primaryImageOfPage":{"@id":"https:\/\/www.cafedelhomme.com\/es\/produit\/huile-dolive-estoublon#primaryimage"},"image":{"@id":"https:\/\/www.cafedelhomme.com\/es\/produit\/huile-dolive-estoublon#primaryimage"},"thumbnailUrl":"https:\/\/www.cafedelhomme.com\/wp-content\/uploads\/2026\/01\/Huile-olive-cdh-estoublon.jpg","datePublished":"2026-01-15T12:52:55+00:00","dateModified":"2026-03-20T14:27:39+00:00","description":"Huile d\u2019olive vierge extra fran\u00e7aise, press\u00e9e \u00e0 froid au Ch\u00e2teau d\u2019Estoublon. Notes d\u2019artichaut et de noisette, caract\u00e8re intense et authentique.","breadcrumb":{"@id":"https:\/\/www.cafedelhomme.com\/es\/produit\/huile-dolive-estoublon#breadcrumb"},"inLanguage":"es","potentialAction":[{"@type":"ReadAction","target":["https:\/\/www.cafedelhomme.com\/es\/produit\/huile-dolive-estoublon"]}]},{"@type":"ImageObject","inLanguage":"es","@id":"https:\/\/www.cafedelhomme.com\/es\/produit\/huile-dolive-estoublon#primaryimage","url":"https:\/\/www.cafedelhomme.com\/wp-content\/uploads\/2026\/01\/Huile-olive-cdh-estoublon.jpg","contentUrl":"https:\/\/www.cafedelhomme.com\/wp-content\/uploads\/2026\/01\/Huile-olive-cdh-estoublon.jpg","width":1554,"height":1726},{"@type":"BreadcrumbList","@id":"https:\/\/www.cafedelhomme.com\/es\/produit\/huile-dolive-estoublon#breadcrumb","itemListElement":[{"@type":"ListItem","position":1,"name":"Tienda","item":"https:\/\/www.cafedelhomme.com\/es\/tienda"},{"@type":"ListItem","position":2,"name":"Huile d\u2019olive vierge extra Estoublon 50 cl"}]},{"@type":"WebSite","@id":"https:\/\/www.cafedelhomme.com\/es#website","url":"https:\/\/www.cafedelhomme.com\/es","name":"Caf\u00e9 de l'Homme","description":"","publisher":{"@id":"https:\/\/www.cafedelhomme.com\/es#organization"},"potentialAction":[{"@type":"SearchAction","target":{"@type":"EntryPoint","urlTemplate":"https:\/\/www.cafedelhomme.com\/es?s={search_term_string}"},"query-input":{"@type":"PropertyValueSpecification","valueRequired":true,"valueName":"search_term_string"}}],"inLanguage":"es"},{"@type":"Organization","@id":"https:\/\/www.cafedelhomme.com\/es#organization","name":"Caf\u00e9 del Hombre","url":"https:\/\/www.cafedelhomme.com\/es","logo":{"@type":"ImageObject","inLanguage":"es","@id":"https:\/\/www.cafedelhomme.com\/es#\/schema\/logo\/image\/","url":"https:\/\/www.cafedelhomme.com\/wp-content\/uploads\/2023\/04\/big-logo-300x163-1.png","contentUrl":"https:\/\/www.cafedelhomme.com\/wp-content\/uploads\/2023\/04\/big-logo-300x163-1.png","width":300,"height":163,"caption":"Caf\u00e9 del Hombre"},"image":{"@id":"https:\/\/www.cafedelhomme.com\/es#\/schema\/logo\/image\/"},"sameAs":["https:\/\/www.facebook.com\/cafedelhomme","https:\/\/www.instagram.com\/cafedelhomme\/"]}]}},"_links":{"self":[{"href":"https:\/\/www.cafedelhomme.com\/es\/wp-json\/wp\/v2\/product\/14750","targetHints":{"allow":["GET"]}}],"collection":[{"href":"https:\/\/www.cafedelhomme.com\/es\/wp-json\/wp\/v2\/product"}],"about":[{"href":"https:\/\/www.cafedelhomme.com\/es\/wp-json\/wp\/v2\/types\/product"}],"replies":[{"embeddable":true,"href":"https:\/\/www.cafedelhomme.com\/es\/wp-json\/wp\/v2\/comments?post=14750"}],"wp:featuredmedia":[{"embeddable":true,"href":"https:\/\/www.cafedelhomme.com\/es\/wp-json\/wp\/v2\/media\/14897"}],"wp:attachment":[{"href":"https:\/\/www.cafedelhomme.com\/es\/wp-json\/wp\/v2\/media?parent=14750"}],"wp:term":[{"taxonomy":"product_brand","embeddable":true,"href":"https:\/\/www.cafedelhomme.com\/es\/wp-json\/wp\/v2\/product_brand?post=14750"},{"taxonomy":"product_cat","embeddable":true,"href":"https:\/\/www.cafedelhomme.com\/es\/wp-json\/wp\/v2\/product_cat?post=14750"},{"taxonomy":"product_tag","embeddable":true,"href":"https:\/\/www.cafedelhomme.com\/es\/wp-json\/wp\/v2\/product_tag?post=14750"}],"curies":[{"name":"wp","href":"https:\/\/api.w.org\/{rel}","templated":true}]}}