{"id":14755,"date":"2026-01-15T13:55:23","date_gmt":"2026-01-15T12:55:23","guid":{"rendered":"https:\/\/www.cafedelhomme.com\/?post_type=product&#038;p=14755"},"modified":"2026-03-20T15:27:50","modified_gmt":"2026-03-20T14:27:50","slug":"assiette-a-pain-jars-ceramistes","status":"publish","type":"product","link":"https:\/\/www.cafedelhomme.com\/es\/produit\/assiette-a-pain-jars-ceramistes","title":{"rendered":"Assiette \u00e0 pain Jars C\u00e9ramistes \u230014 cm"},"content":{"rendered":"<p>Enti\u00e8rement fa\u00e7onn\u00e9e \u00e0 la main dans la manufacture Jars C\u00e9ramistes, au c\u0153ur de la Dr\u00f4me, cette assiette \u00e0 pain incarne l\u2019excellence d\u2019un savoir-faire fran\u00e7ais authentique. Ancr\u00e9e dans son territoire, la maison Jars con\u00e7oit l\u2019ensemble de ses cr\u00e9ations dans un seul et m\u00eame atelier, garantissant une fabrication 100 % fran\u00e7aise.<\/p>\n<p>R\u00e9alis\u00e9e en gr\u00e8s \u00e9maill\u00e9, cette assiette b\u00e9n\u00e9ficie d\u2019une cuisson Grand Feu \u00e0 1280 \u00b0C, lui conf\u00e9rant une grande r\u00e9sistance et une durabilit\u00e9 remarquable. Sa surface non poreuse, compos\u00e9e de mat\u00e9riaux naturels et durables, est saine pour un usage quotidien et respectueuse de l\u2019environnement.<\/p>\n<p>Sa forme ronde et \u00e9pur\u00e9e met naturellement en valeur le pain et les cr\u00e9ations de table. Une assiette \u00e0 la fois simple, expressive et intemporelle, pens\u00e9e pour sublimer l\u2019exp\u00e9rience de d\u00e9gustation.<\/p>\n","protected":false},"excerpt":{"rendered":"<p>Assiette \u00e0 pain Jars C\u00e9ramistes en gr\u00e8s \u00e9maill\u00e9, fabriqu\u00e9e \u00e0 la main en France. \u00c9mail textur\u00e9, r\u00e9sistance et \u00e9l\u00e9gance pour la table.<\/p>\n","protected":false},"featured_media":14756,"comment_status":"closed","ping_status":"closed","template":"","meta":{"_acf_changed":false},"product_brand":[],"product_cat":[212],"product_tag":[],"class_list":{"0":"post-14755","1":"product","2":"type-product","3":"status-publish","4":"has-post-thumbnail","6":"product_cat-objet-deco","8":"first","9":"instock","10":"shipping-taxable","11":"purchasable","12":"product-type-simple"},"acf":[],"yoast_head":"<!-- This site is optimized with the Yoast SEO Premium plugin v20.10 (Yoast SEO v27.0) - https:\/\/yoast.com\/product\/yoast-seo-premium-wordpress\/ -->\n<title>Assiette \u00e0 pain Jars C\u00e9ramistes \u230014 cm - Caf\u00e9 de l&#039;Homme<\/title>\n<meta name=\"description\" content=\"Assiette \u00e0 pain Jars C\u00e9ramistes en gr\u00e8s \u00e9maill\u00e9, fabriqu\u00e9e \u00e0 la main en France. \u00c9mail textur\u00e9, r\u00e9sistance et \u00e9l\u00e9gance pour la table.\" \/>\n<meta name=\"robots\" content=\"index, follow, max-snippet:-1, max-image-preview:large, max-video-preview:-1\" \/>\n<link rel=\"canonical\" href=\"https:\/\/www.cafedelhomme.com\/es\/produit\/assiette-a-pain-jars-ceramistes\" \/>\n<meta property=\"og:locale\" content=\"es_ES\" \/>\n<meta property=\"og:type\" content=\"article\" \/>\n<meta property=\"og:title\" content=\"Assiette \u00e0 pain Jars C\u00e9ramistes \u230014 cm\" \/>\n<meta property=\"og:description\" content=\"Assiette \u00e0 pain Jars C\u00e9ramistes en gr\u00e8s \u00e9maill\u00e9, fabriqu\u00e9e \u00e0 la main en France. \u00c9mail textur\u00e9, r\u00e9sistance et \u00e9l\u00e9gance pour la table.\" \/>\n<meta property=\"og:url\" content=\"https:\/\/www.cafedelhomme.com\/es\/produit\/assiette-a-pain-jars-ceramistes\" \/>\n<meta property=\"og:site_name\" content=\"Caf\u00e9 de l&#039;Homme\" \/>\n<meta property=\"article:publisher\" content=\"https:\/\/www.facebook.com\/cafedelhomme\" \/>\n<meta property=\"article:modified_time\" content=\"2026-03-20T14:27:50+00:00\" \/>\n<meta property=\"og:image\" content=\"https:\/\/www.cafedelhomme.com\/wp-content\/uploads\/2026\/01\/New_LaTourEiffel_Jour-1-2.png\" \/>\n\t<meta property=\"og:image:width\" content=\"486\" \/>\n\t<meta property=\"og:image:height\" content=\"443\" \/>\n\t<meta property=\"og:image:type\" content=\"image\/png\" \/>\n<meta name=\"twitter:card\" content=\"summary_large_image\" \/>\n<meta name=\"twitter:label1\" content=\"Tiempo de lectura\" \/>\n\t<meta name=\"twitter:data1\" content=\"1 minuto\" \/>\n<script type=\"application\/ld+json\" class=\"yoast-schema-graph\">{\"@context\":\"https:\/\/schema.org\",\"@graph\":[{\"@type\":\"WebPage\",\"@id\":\"https:\/\/www.cafedelhomme.com\/es\/produit\/assiette-a-pain-jars-ceramistes\",\"url\":\"https:\/\/www.cafedelhomme.com\/es\/produit\/assiette-a-pain-jars-ceramistes\",\"name\":\"Assiette \u00e0 pain Jars C\u00e9ramistes \u230014 cm - Caf\u00e9 de l&#039;Homme\",\"isPartOf\":{\"@id\":\"https:\/\/www.cafedelhomme.com\/es#website\"},\"primaryImageOfPage\":{\"@id\":\"https:\/\/www.cafedelhomme.com\/es\/produit\/assiette-a-pain-jars-ceramistes#primaryimage\"},\"image\":{\"@id\":\"https:\/\/www.cafedelhomme.com\/es\/produit\/assiette-a-pain-jars-ceramistes#primaryimage\"},\"thumbnailUrl\":\"https:\/\/www.cafedelhomme.com\/wp-content\/uploads\/2026\/01\/New_LaTourEiffel_Jour-1-2.png\",\"datePublished\":\"2026-01-15T12:55:23+00:00\",\"dateModified\":\"2026-03-20T14:27:50+00:00\",\"description\":\"Assiette \u00e0 pain Jars C\u00e9ramistes en gr\u00e8s \u00e9maill\u00e9, fabriqu\u00e9e \u00e0 la main en France. \u00c9mail textur\u00e9, r\u00e9sistance et \u00e9l\u00e9gance pour la table.\",\"breadcrumb\":{\"@id\":\"https:\/\/www.cafedelhomme.com\/es\/produit\/assiette-a-pain-jars-ceramistes#breadcrumb\"},\"inLanguage\":\"es\",\"potentialAction\":[{\"@type\":\"ReadAction\",\"target\":[\"https:\/\/www.cafedelhomme.com\/es\/produit\/assiette-a-pain-jars-ceramistes\"]}]},{\"@type\":\"ImageObject\",\"inLanguage\":\"es\",\"@id\":\"https:\/\/www.cafedelhomme.com\/es\/produit\/assiette-a-pain-jars-ceramistes#primaryimage\",\"url\":\"https:\/\/www.cafedelhomme.com\/wp-content\/uploads\/2026\/01\/New_LaTourEiffel_Jour-1-2.png\",\"contentUrl\":\"https:\/\/www.cafedelhomme.com\/wp-content\/uploads\/2026\/01\/New_LaTourEiffel_Jour-1-2.png\",\"width\":486,\"height\":443},{\"@type\":\"BreadcrumbList\",\"@id\":\"https:\/\/www.cafedelhomme.com\/es\/produit\/assiette-a-pain-jars-ceramistes#breadcrumb\",\"itemListElement\":[{\"@type\":\"ListItem\",\"position\":1,\"name\":\"Tienda\",\"item\":\"https:\/\/www.cafedelhomme.com\/es\/tienda\"},{\"@type\":\"ListItem\",\"position\":2,\"name\":\"Assiette \u00e0 pain Jars C\u00e9ramistes \u230014 cm\"}]},{\"@type\":\"WebSite\",\"@id\":\"https:\/\/www.cafedelhomme.com\/es#website\",\"url\":\"https:\/\/www.cafedelhomme.com\/es\",\"name\":\"Caf\u00e9 de l'Homme\",\"description\":\"\",\"publisher\":{\"@id\":\"https:\/\/www.cafedelhomme.com\/es#organization\"},\"potentialAction\":[{\"@type\":\"SearchAction\",\"target\":{\"@type\":\"EntryPoint\",\"urlTemplate\":\"https:\/\/www.cafedelhomme.com\/es?s={search_term_string}\"},\"query-input\":{\"@type\":\"PropertyValueSpecification\",\"valueRequired\":true,\"valueName\":\"search_term_string\"}}],\"inLanguage\":\"es\"},{\"@type\":\"Organization\",\"@id\":\"https:\/\/www.cafedelhomme.com\/es#organization\",\"name\":\"Caf\u00e9 del Hombre\",\"url\":\"https:\/\/www.cafedelhomme.com\/es\",\"logo\":{\"@type\":\"ImageObject\",\"inLanguage\":\"es\",\"@id\":\"https:\/\/www.cafedelhomme.com\/es#\/schema\/logo\/image\/\",\"url\":\"https:\/\/www.cafedelhomme.com\/wp-content\/uploads\/2023\/04\/big-logo-300x163-1.png\",\"contentUrl\":\"https:\/\/www.cafedelhomme.com\/wp-content\/uploads\/2023\/04\/big-logo-300x163-1.png\",\"width\":300,\"height\":163,\"caption\":\"Caf\u00e9 del Hombre\"},\"image\":{\"@id\":\"https:\/\/www.cafedelhomme.com\/es#\/schema\/logo\/image\/\"},\"sameAs\":[\"https:\/\/www.facebook.com\/cafedelhomme\",\"https:\/\/www.instagram.com\/cafedelhomme\/\"]}]}<\/script>\n<!-- \/ Yoast SEO Premium plugin. -->","yoast_head_json":{"title":"Assiette \u00e0 pain Jars C\u00e9ramistes \u230014 cm - Caf\u00e9 de l&#039;Homme","description":"Assiette \u00e0 pain Jars C\u00e9ramistes en gr\u00e8s \u00e9maill\u00e9, fabriqu\u00e9e \u00e0 la main en France. \u00c9mail textur\u00e9, r\u00e9sistance et \u00e9l\u00e9gance pour la table.","robots":{"index":"index","follow":"follow","max-snippet":"max-snippet:-1","max-image-preview":"max-image-preview:large","max-video-preview":"max-video-preview:-1"},"canonical":"https:\/\/www.cafedelhomme.com\/es\/produit\/assiette-a-pain-jars-ceramistes","og_locale":"es_ES","og_type":"article","og_title":"Assiette \u00e0 pain Jars C\u00e9ramistes \u230014 cm","og_description":"Assiette \u00e0 pain Jars C\u00e9ramistes en gr\u00e8s \u00e9maill\u00e9, fabriqu\u00e9e \u00e0 la main en France. \u00c9mail textur\u00e9, r\u00e9sistance et \u00e9l\u00e9gance pour la table.","og_url":"https:\/\/www.cafedelhomme.com\/es\/produit\/assiette-a-pain-jars-ceramistes","og_site_name":"Caf\u00e9 de l&#039;Homme","article_publisher":"https:\/\/www.facebook.com\/cafedelhomme","article_modified_time":"2026-03-20T14:27:50+00:00","og_image":[{"width":486,"height":443,"url":"https:\/\/www.cafedelhomme.com\/wp-content\/uploads\/2026\/01\/New_LaTourEiffel_Jour-1-2.png","type":"image\/png"}],"twitter_card":"summary_large_image","twitter_misc":{"Tiempo de lectura":"1 minuto"},"schema":{"@context":"https:\/\/schema.org","@graph":[{"@type":"WebPage","@id":"https:\/\/www.cafedelhomme.com\/es\/produit\/assiette-a-pain-jars-ceramistes","url":"https:\/\/www.cafedelhomme.com\/es\/produit\/assiette-a-pain-jars-ceramistes","name":"Assiette \u00e0 pain Jars C\u00e9ramistes \u230014 cm - Caf\u00e9 de l&#039;Homme","isPartOf":{"@id":"https:\/\/www.cafedelhomme.com\/es#website"},"primaryImageOfPage":{"@id":"https:\/\/www.cafedelhomme.com\/es\/produit\/assiette-a-pain-jars-ceramistes#primaryimage"},"image":{"@id":"https:\/\/www.cafedelhomme.com\/es\/produit\/assiette-a-pain-jars-ceramistes#primaryimage"},"thumbnailUrl":"https:\/\/www.cafedelhomme.com\/wp-content\/uploads\/2026\/01\/New_LaTourEiffel_Jour-1-2.png","datePublished":"2026-01-15T12:55:23+00:00","dateModified":"2026-03-20T14:27:50+00:00","description":"Assiette \u00e0 pain Jars C\u00e9ramistes en gr\u00e8s \u00e9maill\u00e9, fabriqu\u00e9e \u00e0 la main en France. \u00c9mail textur\u00e9, r\u00e9sistance et \u00e9l\u00e9gance pour la table.","breadcrumb":{"@id":"https:\/\/www.cafedelhomme.com\/es\/produit\/assiette-a-pain-jars-ceramistes#breadcrumb"},"inLanguage":"es","potentialAction":[{"@type":"ReadAction","target":["https:\/\/www.cafedelhomme.com\/es\/produit\/assiette-a-pain-jars-ceramistes"]}]},{"@type":"ImageObject","inLanguage":"es","@id":"https:\/\/www.cafedelhomme.com\/es\/produit\/assiette-a-pain-jars-ceramistes#primaryimage","url":"https:\/\/www.cafedelhomme.com\/wp-content\/uploads\/2026\/01\/New_LaTourEiffel_Jour-1-2.png","contentUrl":"https:\/\/www.cafedelhomme.com\/wp-content\/uploads\/2026\/01\/New_LaTourEiffel_Jour-1-2.png","width":486,"height":443},{"@type":"BreadcrumbList","@id":"https:\/\/www.cafedelhomme.com\/es\/produit\/assiette-a-pain-jars-ceramistes#breadcrumb","itemListElement":[{"@type":"ListItem","position":1,"name":"Tienda","item":"https:\/\/www.cafedelhomme.com\/es\/tienda"},{"@type":"ListItem","position":2,"name":"Assiette \u00e0 pain Jars C\u00e9ramistes \u230014 cm"}]},{"@type":"WebSite","@id":"https:\/\/www.cafedelhomme.com\/es#website","url":"https:\/\/www.cafedelhomme.com\/es","name":"Caf\u00e9 de l'Homme","description":"","publisher":{"@id":"https:\/\/www.cafedelhomme.com\/es#organization"},"potentialAction":[{"@type":"SearchAction","target":{"@type":"EntryPoint","urlTemplate":"https:\/\/www.cafedelhomme.com\/es?s={search_term_string}"},"query-input":{"@type":"PropertyValueSpecification","valueRequired":true,"valueName":"search_term_string"}}],"inLanguage":"es"},{"@type":"Organization","@id":"https:\/\/www.cafedelhomme.com\/es#organization","name":"Caf\u00e9 del Hombre","url":"https:\/\/www.cafedelhomme.com\/es","logo":{"@type":"ImageObject","inLanguage":"es","@id":"https:\/\/www.cafedelhomme.com\/es#\/schema\/logo\/image\/","url":"https:\/\/www.cafedelhomme.com\/wp-content\/uploads\/2023\/04\/big-logo-300x163-1.png","contentUrl":"https:\/\/www.cafedelhomme.com\/wp-content\/uploads\/2023\/04\/big-logo-300x163-1.png","width":300,"height":163,"caption":"Caf\u00e9 del Hombre"},"image":{"@id":"https:\/\/www.cafedelhomme.com\/es#\/schema\/logo\/image\/"},"sameAs":["https:\/\/www.facebook.com\/cafedelhomme","https:\/\/www.instagram.com\/cafedelhomme\/"]}]}},"_links":{"self":[{"href":"https:\/\/www.cafedelhomme.com\/es\/wp-json\/wp\/v2\/product\/14755","targetHints":{"allow":["GET"]}}],"collection":[{"href":"https:\/\/www.cafedelhomme.com\/es\/wp-json\/wp\/v2\/product"}],"about":[{"href":"https:\/\/www.cafedelhomme.com\/es\/wp-json\/wp\/v2\/types\/product"}],"replies":[{"embeddable":true,"href":"https:\/\/www.cafedelhomme.com\/es\/wp-json\/wp\/v2\/comments?post=14755"}],"wp:featuredmedia":[{"embeddable":true,"href":"https:\/\/www.cafedelhomme.com\/es\/wp-json\/wp\/v2\/media\/14756"}],"wp:attachment":[{"href":"https:\/\/www.cafedelhomme.com\/es\/wp-json\/wp\/v2\/media?parent=14755"}],"wp:term":[{"taxonomy":"product_brand","embeddable":true,"href":"https:\/\/www.cafedelhomme.com\/es\/wp-json\/wp\/v2\/product_brand?post=14755"},{"taxonomy":"product_cat","embeddable":true,"href":"https:\/\/www.cafedelhomme.com\/es\/wp-json\/wp\/v2\/product_cat?post=14755"},{"taxonomy":"product_tag","embeddable":true,"href":"https:\/\/www.cafedelhomme.com\/es\/wp-json\/wp\/v2\/product_tag?post=14755"}],"curies":[{"name":"wp","href":"https:\/\/api.w.org\/{rel}","templated":true}]}}