{"id":14822,"date":"2026-01-19T14:11:43","date_gmt":"2026-01-19T13:11:43","guid":{"rendered":"https:\/\/www.cafedelhomme.com\/?post_type=product&#038;p=14822"},"modified":"2026-01-27T15:22:09","modified_gmt":"2026-01-27T14:22:09","slug":"coffret-lelegance-a-la-francaise","status":"publish","type":"product","link":"https:\/\/www.cafedelhomme.com\/es\/produit\/coffret-lelegance-a-la-francaise","title":{"rendered":"Coffret l&rsquo;\u00e9l\u00e9gance \u00e0 la fran\u00e7aise"},"content":{"rendered":"<p data-start=\"141\" data-end=\"352\">Pens\u00e9 comme une ode \u00e0 l\u2019art de recevoir \u00e0 la fran\u00e7aise, ce <strong>coffret de 3 Caf\u00e9 de l\u2019Homme<\/strong> r\u00e9unit trois objets embl\u00e9matiques qui racontent une m\u00eame histoire : celle du go\u00fbt, du d\u00e9tail et de l\u2019\u00e9l\u00e9gance intemporelle.<\/p>\n<p data-start=\"354\" data-end=\"802\">Au c\u0153ur de ce coffret, la <strong data-start=\"380\" data-end=\"395\">lithophanie<\/strong> n\u00e9e de la collaboration entre <strong data-start=\"426\" data-end=\"467\"><span class=\"hover:entity-accent entity-underline inline cursor-pointer align-baseline\"><span class=\"whitespace-normal\">Maison Bernardaud<\/span><\/span><\/strong> et le <strong data-start=\"474\" data-end=\"493\">Caf\u00e9 de l\u2019Homme<\/strong>. Fa\u00e7onn\u00e9e en porcelaine de Limoges, elle se r\u00e9v\u00e8le pleinement une fois illumin\u00e9e. La lumi\u00e8re traverse la mati\u00e8re avec d\u00e9licatesse, d\u00e9voilant une sc\u00e8ne lumineuse aux reliefs subtils. Objet d\u00e9coratif et contemplatif, elle diffuse une atmosph\u00e8re chaleureuse et raffin\u00e9e, signature d\u2019un savoir-faire d\u2019exception.<\/p>\n<p data-start=\"804\" data-end=\"1188\">Cette cr\u00e9ation est accompagn\u00e9e d\u2019une <strong data-start=\"841\" data-end=\"881\">huile d\u2019olive s\u00e9lectionn\u00e9e avec soin<\/strong>, reflet d\u2019une gastronomie sinc\u00e8re et \u00e9l\u00e9gante, ainsi que d\u2019une <strong data-start=\"945\" data-end=\"980\">assiette \u00e0 pain Caf\u00e9 de l\u2019Homme<\/strong>, pens\u00e9e pour sublimer la table avec discr\u00e9tion et justesse. Chaque pi\u00e8ce trouve naturellement sa place lors d\u2019un repas ou dans un int\u00e9rieur, prolongeant l\u2019exp\u00e9rience du Caf\u00e9 de l\u2019Homme au-del\u00e0 du restaurant.<\/p>\n<p data-start=\"1190\" data-end=\"1399\" data-is-last-node=\"\" data-is-only-node=\"\">R\u00e9uni dans un m\u00eame coffret, ce lot incarne l\u2019art du d\u00e9tail, le plaisir d\u2019offrir et le souvenir d\u2019instants suspendus face \u00e0 la tour Eiffel. Un cadeau rare, porteur de sens, qui m\u00eale art, gastronomie et \u00e9motion.<\/p>\n","protected":false},"excerpt":{"rendered":"<p>Coffret Caf\u00e9 de l\u2019Homme r\u00e9unissant lithophanie Bernardaud, huile d\u2019olive d\u2019exception et assiette \u00e0 pain. Un hommage \u00e9l\u00e9gant \u00e0 l\u2019art de recevoir \u00e0 la fran\u00e7aise.<\/p>\n","protected":false},"featured_media":14833,"comment_status":"closed","ping_status":"closed","template":"","meta":{"_acf_changed":false},"product_brand":[],"product_cat":[214],"product_tag":[],"class_list":{"0":"post-14822","1":"product","2":"type-product","3":"status-publish","4":"has-post-thumbnail","6":"product_cat-coffret","8":"first","9":"instock","10":"shipping-taxable","11":"purchasable","12":"product-type-simple"},"acf":[],"yoast_head":"<!-- This site is optimized with the Yoast SEO Premium plugin v20.10 (Yoast SEO v27.0) - https:\/\/yoast.com\/product\/yoast-seo-premium-wordpress\/ -->\n<title>Coffret l&#039;\u00e9l\u00e9gance \u00e0 la fran\u00e7aise - Caf\u00e9 de l&#039;Homme<\/title>\n<meta name=\"description\" content=\"Coffret Caf\u00e9 de l\u2019Homme r\u00e9unissant lithophanie Bernardaud, huile d\u2019olive d\u2019exception et assiette \u00e0 pain. Un hommage \u00e9l\u00e9gant \u00e0 l\u2019art de recevoir \u00e0 la fran\u00e7aise.\" \/>\n<meta name=\"robots\" content=\"index, follow, max-snippet:-1, max-image-preview:large, max-video-preview:-1\" \/>\n<link rel=\"canonical\" href=\"https:\/\/www.cafedelhomme.com\/es\/produit\/coffret-lelegance-a-la-francaise\" \/>\n<meta property=\"og:locale\" content=\"es_ES\" \/>\n<meta property=\"og:type\" content=\"article\" \/>\n<meta property=\"og:title\" content=\"Coffret l&#039;\u00e9l\u00e9gance \u00e0 la fran\u00e7aise\" \/>\n<meta property=\"og:description\" content=\"Coffret Caf\u00e9 de l\u2019Homme r\u00e9unissant lithophanie Bernardaud, huile d\u2019olive d\u2019exception et assiette \u00e0 pain. Un hommage \u00e9l\u00e9gant \u00e0 l\u2019art de recevoir \u00e0 la fran\u00e7aise.\" \/>\n<meta property=\"og:url\" content=\"https:\/\/www.cafedelhomme.com\/es\/produit\/coffret-lelegance-a-la-francaise\" \/>\n<meta property=\"og:site_name\" content=\"Caf\u00e9 de l&#039;Homme\" \/>\n<meta property=\"article:publisher\" content=\"https:\/\/www.facebook.com\/cafedelhomme\" \/>\n<meta property=\"article:modified_time\" content=\"2026-01-27T14:22:09+00:00\" \/>\n<meta property=\"og:image\" content=\"https:\/\/www.cafedelhomme.com\/wp-content\/uploads\/2026\/01\/Gemini_Generated_Image_1xgfua1xgfua1xgf.jpg\" \/>\n\t<meta property=\"og:image:width\" content=\"1266\" \/>\n\t<meta property=\"og:image:height\" content=\"1221\" \/>\n\t<meta property=\"og:image:type\" content=\"image\/jpeg\" \/>\n<meta name=\"twitter:card\" content=\"summary_large_image\" \/>\n<meta name=\"twitter:label1\" content=\"Tiempo de lectura\" \/>\n\t<meta name=\"twitter:data1\" content=\"2 minutos\" \/>\n<script type=\"application\/ld+json\" class=\"yoast-schema-graph\">{\"@context\":\"https:\/\/schema.org\",\"@graph\":[{\"@type\":\"WebPage\",\"@id\":\"https:\/\/www.cafedelhomme.com\/es\/produit\/coffret-lelegance-a-la-francaise\",\"url\":\"https:\/\/www.cafedelhomme.com\/es\/produit\/coffret-lelegance-a-la-francaise\",\"name\":\"Coffret l'\u00e9l\u00e9gance \u00e0 la fran\u00e7aise - Caf\u00e9 de l&#039;Homme\",\"isPartOf\":{\"@id\":\"https:\/\/www.cafedelhomme.com\/es#website\"},\"primaryImageOfPage\":{\"@id\":\"https:\/\/www.cafedelhomme.com\/es\/produit\/coffret-lelegance-a-la-francaise#primaryimage\"},\"image\":{\"@id\":\"https:\/\/www.cafedelhomme.com\/es\/produit\/coffret-lelegance-a-la-francaise#primaryimage\"},\"thumbnailUrl\":\"https:\/\/www.cafedelhomme.com\/wp-content\/uploads\/2026\/01\/Gemini_Generated_Image_1xgfua1xgfua1xgf.jpg\",\"datePublished\":\"2026-01-19T13:11:43+00:00\",\"dateModified\":\"2026-01-27T14:22:09+00:00\",\"description\":\"Coffret Caf\u00e9 de l\u2019Homme r\u00e9unissant lithophanie Bernardaud, huile d\u2019olive d\u2019exception et assiette \u00e0 pain. Un hommage \u00e9l\u00e9gant \u00e0 l\u2019art de recevoir \u00e0 la fran\u00e7aise.\",\"breadcrumb\":{\"@id\":\"https:\/\/www.cafedelhomme.com\/es\/produit\/coffret-lelegance-a-la-francaise#breadcrumb\"},\"inLanguage\":\"es\",\"potentialAction\":[{\"@type\":\"ReadAction\",\"target\":[\"https:\/\/www.cafedelhomme.com\/es\/produit\/coffret-lelegance-a-la-francaise\"]}]},{\"@type\":\"ImageObject\",\"inLanguage\":\"es\",\"@id\":\"https:\/\/www.cafedelhomme.com\/es\/produit\/coffret-lelegance-a-la-francaise#primaryimage\",\"url\":\"https:\/\/www.cafedelhomme.com\/wp-content\/uploads\/2026\/01\/Gemini_Generated_Image_1xgfua1xgfua1xgf.jpg\",\"contentUrl\":\"https:\/\/www.cafedelhomme.com\/wp-content\/uploads\/2026\/01\/Gemini_Generated_Image_1xgfua1xgfua1xgf.jpg\",\"width\":1266,\"height\":1221},{\"@type\":\"BreadcrumbList\",\"@id\":\"https:\/\/www.cafedelhomme.com\/es\/produit\/coffret-lelegance-a-la-francaise#breadcrumb\",\"itemListElement\":[{\"@type\":\"ListItem\",\"position\":1,\"name\":\"Tienda\",\"item\":\"https:\/\/www.cafedelhomme.com\/es\/tienda\"},{\"@type\":\"ListItem\",\"position\":2,\"name\":\"Coffret l&rsquo;\u00e9l\u00e9gance \u00e0 la fran\u00e7aise\"}]},{\"@type\":\"WebSite\",\"@id\":\"https:\/\/www.cafedelhomme.com\/es#website\",\"url\":\"https:\/\/www.cafedelhomme.com\/es\",\"name\":\"Caf\u00e9 de l'Homme\",\"description\":\"\",\"publisher\":{\"@id\":\"https:\/\/www.cafedelhomme.com\/es#organization\"},\"potentialAction\":[{\"@type\":\"SearchAction\",\"target\":{\"@type\":\"EntryPoint\",\"urlTemplate\":\"https:\/\/www.cafedelhomme.com\/es?s={search_term_string}\"},\"query-input\":{\"@type\":\"PropertyValueSpecification\",\"valueRequired\":true,\"valueName\":\"search_term_string\"}}],\"inLanguage\":\"es\"},{\"@type\":\"Organization\",\"@id\":\"https:\/\/www.cafedelhomme.com\/es#organization\",\"name\":\"Caf\u00e9 del Hombre\",\"url\":\"https:\/\/www.cafedelhomme.com\/es\",\"logo\":{\"@type\":\"ImageObject\",\"inLanguage\":\"es\",\"@id\":\"https:\/\/www.cafedelhomme.com\/es#\/schema\/logo\/image\/\",\"url\":\"https:\/\/www.cafedelhomme.com\/wp-content\/uploads\/2023\/04\/big-logo-300x163-1.png\",\"contentUrl\":\"https:\/\/www.cafedelhomme.com\/wp-content\/uploads\/2023\/04\/big-logo-300x163-1.png\",\"width\":300,\"height\":163,\"caption\":\"Caf\u00e9 del Hombre\"},\"image\":{\"@id\":\"https:\/\/www.cafedelhomme.com\/es#\/schema\/logo\/image\/\"},\"sameAs\":[\"https:\/\/www.facebook.com\/cafedelhomme\",\"https:\/\/www.instagram.com\/cafedelhomme\/\"]}]}<\/script>\n<!-- \/ Yoast SEO Premium plugin. -->","yoast_head_json":{"title":"Coffret l'\u00e9l\u00e9gance \u00e0 la fran\u00e7aise - Caf\u00e9 de l&#039;Homme","description":"Coffret Caf\u00e9 de l\u2019Homme r\u00e9unissant lithophanie Bernardaud, huile d\u2019olive d\u2019exception et assiette \u00e0 pain. Un hommage \u00e9l\u00e9gant \u00e0 l\u2019art de recevoir \u00e0 la fran\u00e7aise.","robots":{"index":"index","follow":"follow","max-snippet":"max-snippet:-1","max-image-preview":"max-image-preview:large","max-video-preview":"max-video-preview:-1"},"canonical":"https:\/\/www.cafedelhomme.com\/es\/produit\/coffret-lelegance-a-la-francaise","og_locale":"es_ES","og_type":"article","og_title":"Coffret l'\u00e9l\u00e9gance \u00e0 la fran\u00e7aise","og_description":"Coffret Caf\u00e9 de l\u2019Homme r\u00e9unissant lithophanie Bernardaud, huile d\u2019olive d\u2019exception et assiette \u00e0 pain. Un hommage \u00e9l\u00e9gant \u00e0 l\u2019art de recevoir \u00e0 la fran\u00e7aise.","og_url":"https:\/\/www.cafedelhomme.com\/es\/produit\/coffret-lelegance-a-la-francaise","og_site_name":"Caf\u00e9 de l&#039;Homme","article_publisher":"https:\/\/www.facebook.com\/cafedelhomme","article_modified_time":"2026-01-27T14:22:09+00:00","og_image":[{"width":1266,"height":1221,"url":"https:\/\/www.cafedelhomme.com\/wp-content\/uploads\/2026\/01\/Gemini_Generated_Image_1xgfua1xgfua1xgf.jpg","type":"image\/jpeg"}],"twitter_card":"summary_large_image","twitter_misc":{"Tiempo de lectura":"2 minutos"},"schema":{"@context":"https:\/\/schema.org","@graph":[{"@type":"WebPage","@id":"https:\/\/www.cafedelhomme.com\/es\/produit\/coffret-lelegance-a-la-francaise","url":"https:\/\/www.cafedelhomme.com\/es\/produit\/coffret-lelegance-a-la-francaise","name":"Coffret l'\u00e9l\u00e9gance \u00e0 la fran\u00e7aise - Caf\u00e9 de l&#039;Homme","isPartOf":{"@id":"https:\/\/www.cafedelhomme.com\/es#website"},"primaryImageOfPage":{"@id":"https:\/\/www.cafedelhomme.com\/es\/produit\/coffret-lelegance-a-la-francaise#primaryimage"},"image":{"@id":"https:\/\/www.cafedelhomme.com\/es\/produit\/coffret-lelegance-a-la-francaise#primaryimage"},"thumbnailUrl":"https:\/\/www.cafedelhomme.com\/wp-content\/uploads\/2026\/01\/Gemini_Generated_Image_1xgfua1xgfua1xgf.jpg","datePublished":"2026-01-19T13:11:43+00:00","dateModified":"2026-01-27T14:22:09+00:00","description":"Coffret Caf\u00e9 de l\u2019Homme r\u00e9unissant lithophanie Bernardaud, huile d\u2019olive d\u2019exception et assiette \u00e0 pain. Un hommage \u00e9l\u00e9gant \u00e0 l\u2019art de recevoir \u00e0 la fran\u00e7aise.","breadcrumb":{"@id":"https:\/\/www.cafedelhomme.com\/es\/produit\/coffret-lelegance-a-la-francaise#breadcrumb"},"inLanguage":"es","potentialAction":[{"@type":"ReadAction","target":["https:\/\/www.cafedelhomme.com\/es\/produit\/coffret-lelegance-a-la-francaise"]}]},{"@type":"ImageObject","inLanguage":"es","@id":"https:\/\/www.cafedelhomme.com\/es\/produit\/coffret-lelegance-a-la-francaise#primaryimage","url":"https:\/\/www.cafedelhomme.com\/wp-content\/uploads\/2026\/01\/Gemini_Generated_Image_1xgfua1xgfua1xgf.jpg","contentUrl":"https:\/\/www.cafedelhomme.com\/wp-content\/uploads\/2026\/01\/Gemini_Generated_Image_1xgfua1xgfua1xgf.jpg","width":1266,"height":1221},{"@type":"BreadcrumbList","@id":"https:\/\/www.cafedelhomme.com\/es\/produit\/coffret-lelegance-a-la-francaise#breadcrumb","itemListElement":[{"@type":"ListItem","position":1,"name":"Tienda","item":"https:\/\/www.cafedelhomme.com\/es\/tienda"},{"@type":"ListItem","position":2,"name":"Coffret l&rsquo;\u00e9l\u00e9gance \u00e0 la fran\u00e7aise"}]},{"@type":"WebSite","@id":"https:\/\/www.cafedelhomme.com\/es#website","url":"https:\/\/www.cafedelhomme.com\/es","name":"Caf\u00e9 de l'Homme","description":"","publisher":{"@id":"https:\/\/www.cafedelhomme.com\/es#organization"},"potentialAction":[{"@type":"SearchAction","target":{"@type":"EntryPoint","urlTemplate":"https:\/\/www.cafedelhomme.com\/es?s={search_term_string}"},"query-input":{"@type":"PropertyValueSpecification","valueRequired":true,"valueName":"search_term_string"}}],"inLanguage":"es"},{"@type":"Organization","@id":"https:\/\/www.cafedelhomme.com\/es#organization","name":"Caf\u00e9 del Hombre","url":"https:\/\/www.cafedelhomme.com\/es","logo":{"@type":"ImageObject","inLanguage":"es","@id":"https:\/\/www.cafedelhomme.com\/es#\/schema\/logo\/image\/","url":"https:\/\/www.cafedelhomme.com\/wp-content\/uploads\/2023\/04\/big-logo-300x163-1.png","contentUrl":"https:\/\/www.cafedelhomme.com\/wp-content\/uploads\/2023\/04\/big-logo-300x163-1.png","width":300,"height":163,"caption":"Caf\u00e9 del Hombre"},"image":{"@id":"https:\/\/www.cafedelhomme.com\/es#\/schema\/logo\/image\/"},"sameAs":["https:\/\/www.facebook.com\/cafedelhomme","https:\/\/www.instagram.com\/cafedelhomme\/"]}]}},"_links":{"self":[{"href":"https:\/\/www.cafedelhomme.com\/es\/wp-json\/wp\/v2\/product\/14822","targetHints":{"allow":["GET"]}}],"collection":[{"href":"https:\/\/www.cafedelhomme.com\/es\/wp-json\/wp\/v2\/product"}],"about":[{"href":"https:\/\/www.cafedelhomme.com\/es\/wp-json\/wp\/v2\/types\/product"}],"replies":[{"embeddable":true,"href":"https:\/\/www.cafedelhomme.com\/es\/wp-json\/wp\/v2\/comments?post=14822"}],"wp:featuredmedia":[{"embeddable":true,"href":"https:\/\/www.cafedelhomme.com\/es\/wp-json\/wp\/v2\/media\/14833"}],"wp:attachment":[{"href":"https:\/\/www.cafedelhomme.com\/es\/wp-json\/wp\/v2\/media?parent=14822"}],"wp:term":[{"taxonomy":"product_brand","embeddable":true,"href":"https:\/\/www.cafedelhomme.com\/es\/wp-json\/wp\/v2\/product_brand?post=14822"},{"taxonomy":"product_cat","embeddable":true,"href":"https:\/\/www.cafedelhomme.com\/es\/wp-json\/wp\/v2\/product_cat?post=14822"},{"taxonomy":"product_tag","embeddable":true,"href":"https:\/\/www.cafedelhomme.com\/es\/wp-json\/wp\/v2\/product_tag?post=14822"}],"curies":[{"name":"wp","href":"https:\/\/api.w.org\/{rel}","templated":true}]}}