{"id":14868,"date":"2026-01-23T10:36:34","date_gmt":"2026-01-23T09:36:34","guid":{"rendered":"https:\/\/www.cafedelhomme.com\/?post_type=product&#038;p=14868"},"modified":"2026-03-03T14:31:33","modified_gmt":"2026-03-03T13:31:33","slug":"flacon-de-vin-rouge-chateau-tour-des-termes-2020-saint-estephe-10cl","status":"publish","type":"product","link":"https:\/\/www.cafedelhomme.com\/es\/produit\/flacon-de-vin-rouge-chateau-tour-des-termes-2020-saint-estephe-10cl","title":{"rendered":"Flacon de vin rouge - Ch\u00e2teau Tour des Termes 2020 Saint-Est\u00e8phe 10cl"},"content":{"rendered":"<p>Ce Saint-Est\u00e8phe s\u00e9duit d\u00e8s la premi\u00e8re gorg\u00e9e. Un vin rouge profond, structur\u00e9, tout en \u00e9l\u00e9gance.<\/p>\n<p>Au nez, des ar\u00f4mes de fruits noirs m\u00fbrs. En bouche, une belle intensit\u00e9. Des tanins soyeux. Une finale longue et harmonieuse.<\/p>\n<p>Ce flacon de 10 cl est id\u00e9al pour accompagner une viande rouge, un plat en sauce ou un fromage affin\u00e9.<br \/>\nUn format parfait pour d\u00e9couvrir l\u2019expression d\u2019un grand terroir bordelais, le temps d\u2019un instant privil\u00e9gi\u00e9 face \u00e0 la tour Eiffel.<\/p>\n","protected":false},"excerpt":{"rendered":"<p>Flacon de vin rouge - Ch\u00e2teau Tour des Termes 2020 Saint-Est\u00e8phe 10cl<\/p>\n","protected":false},"featured_media":14869,"comment_status":"closed","ping_status":"closed","template":"","meta":{"_acf_changed":false},"product_brand":[],"product_cat":[231],"product_tag":[],"class_list":{"0":"post-14868","1":"product","2":"type-product","3":"status-publish","4":"has-post-thumbnail","6":"product_cat-cafe-de-lhomme","8":"first","9":"instock","10":"shipping-taxable","11":"purchasable","12":"product-type-simple"},"acf":[],"yoast_head":"<!-- This site is optimized with the Yoast SEO Premium plugin v20.10 (Yoast SEO v27.0) - https:\/\/yoast.com\/product\/yoast-seo-premium-wordpress\/ -->\n<title>Flacon de vin rouge - Ch\u00e2teau Tour des Termes 2020 Saint-Est\u00e8phe 10cl - Caf\u00e9 de l&#039;Homme<\/title>\n<meta name=\"description\" content=\"Ch\u00e2teau Tour des Termes 2020 Saint-Est\u00e8phe 10 cl : vin rouge intense aux ar\u00f4mes de fruits noirs, tanins soyeux et finale \u00e9l\u00e9gante. Id\u00e9al pour accompagner vos plats.\" \/>\n<meta name=\"robots\" content=\"index, follow, max-snippet:-1, max-image-preview:large, max-video-preview:-1\" \/>\n<link rel=\"canonical\" href=\"https:\/\/www.cafedelhomme.com\/es\/produit\/flacon-de-vin-rouge-chateau-tour-des-termes-2020-saint-estephe-10cl\" \/>\n<meta property=\"og:locale\" content=\"es_ES\" \/>\n<meta property=\"og:type\" content=\"article\" \/>\n<meta property=\"og:title\" content=\"Flacon de vin rouge - Ch\u00e2teau Tour des Termes 2020 Saint-Est\u00e8phe 10cl\" \/>\n<meta property=\"og:description\" content=\"Ch\u00e2teau Tour des Termes 2020 Saint-Est\u00e8phe 10 cl : vin rouge intense aux ar\u00f4mes de fruits noirs, tanins soyeux et finale \u00e9l\u00e9gante. Id\u00e9al pour accompagner vos plats.\" \/>\n<meta property=\"og:url\" content=\"https:\/\/www.cafedelhomme.com\/es\/produit\/flacon-de-vin-rouge-chateau-tour-des-termes-2020-saint-estephe-10cl\" \/>\n<meta property=\"og:site_name\" content=\"Caf\u00e9 de l&#039;Homme\" \/>\n<meta property=\"article:publisher\" content=\"https:\/\/www.facebook.com\/cafedelhomme\" \/>\n<meta property=\"article:modified_time\" content=\"2026-03-03T13:31:33+00:00\" \/>\n<meta property=\"og:image\" content=\"https:\/\/www.cafedelhomme.com\/wp-content\/uploads\/2026\/01\/DSC01090.jpg\" \/>\n\t<meta property=\"og:image:width\" content=\"1920\" \/>\n\t<meta property=\"og:image:height\" content=\"1280\" \/>\n\t<meta property=\"og:image:type\" content=\"image\/jpeg\" \/>\n<meta name=\"twitter:card\" content=\"summary_large_image\" \/>\n<meta name=\"twitter:label1\" content=\"Tiempo de lectura\" \/>\n\t<meta name=\"twitter:data1\" content=\"1 minuto\" \/>\n<script type=\"application\/ld+json\" class=\"yoast-schema-graph\">{\"@context\":\"https:\/\/schema.org\",\"@graph\":[{\"@type\":\"WebPage\",\"@id\":\"https:\/\/www.cafedelhomme.com\/es\/produit\/flacon-de-vin-rouge-chateau-tour-des-termes-2020-saint-estephe-10cl\",\"url\":\"https:\/\/www.cafedelhomme.com\/es\/produit\/flacon-de-vin-rouge-chateau-tour-des-termes-2020-saint-estephe-10cl\",\"name\":\"Flacon de vin rouge - Ch\u00e2teau Tour des Termes 2020 Saint-Est\u00e8phe 10cl - Caf\u00e9 de l&#039;Homme\",\"isPartOf\":{\"@id\":\"https:\/\/www.cafedelhomme.com\/es#website\"},\"primaryImageOfPage\":{\"@id\":\"https:\/\/www.cafedelhomme.com\/es\/produit\/flacon-de-vin-rouge-chateau-tour-des-termes-2020-saint-estephe-10cl#primaryimage\"},\"image\":{\"@id\":\"https:\/\/www.cafedelhomme.com\/es\/produit\/flacon-de-vin-rouge-chateau-tour-des-termes-2020-saint-estephe-10cl#primaryimage\"},\"thumbnailUrl\":\"https:\/\/www.cafedelhomme.com\/wp-content\/uploads\/2026\/01\/DSC01090.jpg\",\"datePublished\":\"2026-01-23T09:36:34+00:00\",\"dateModified\":\"2026-03-03T13:31:33+00:00\",\"description\":\"Ch\u00e2teau Tour des Termes 2020 Saint-Est\u00e8phe 10 cl : vin rouge intense aux ar\u00f4mes de fruits noirs, tanins soyeux et finale \u00e9l\u00e9gante. Id\u00e9al pour accompagner vos plats.\",\"breadcrumb\":{\"@id\":\"https:\/\/www.cafedelhomme.com\/es\/produit\/flacon-de-vin-rouge-chateau-tour-des-termes-2020-saint-estephe-10cl#breadcrumb\"},\"inLanguage\":\"es\",\"potentialAction\":[{\"@type\":\"ReadAction\",\"target\":[\"https:\/\/www.cafedelhomme.com\/es\/produit\/flacon-de-vin-rouge-chateau-tour-des-termes-2020-saint-estephe-10cl\"]}]},{\"@type\":\"ImageObject\",\"inLanguage\":\"es\",\"@id\":\"https:\/\/www.cafedelhomme.com\/es\/produit\/flacon-de-vin-rouge-chateau-tour-des-termes-2020-saint-estephe-10cl#primaryimage\",\"url\":\"https:\/\/www.cafedelhomme.com\/wp-content\/uploads\/2026\/01\/DSC01090.jpg\",\"contentUrl\":\"https:\/\/www.cafedelhomme.com\/wp-content\/uploads\/2026\/01\/DSC01090.jpg\",\"width\":1920,\"height\":1280},{\"@type\":\"BreadcrumbList\",\"@id\":\"https:\/\/www.cafedelhomme.com\/es\/produit\/flacon-de-vin-rouge-chateau-tour-des-termes-2020-saint-estephe-10cl#breadcrumb\",\"itemListElement\":[{\"@type\":\"ListItem\",\"position\":1,\"name\":\"Tienda\",\"item\":\"https:\/\/www.cafedelhomme.com\/es\/tienda\"},{\"@type\":\"ListItem\",\"position\":2,\"name\":\"Flacon de vin rouge - Ch\u00e2teau Tour des Termes 2020 Saint-Est\u00e8phe 10cl\"}]},{\"@type\":\"WebSite\",\"@id\":\"https:\/\/www.cafedelhomme.com\/es#website\",\"url\":\"https:\/\/www.cafedelhomme.com\/es\",\"name\":\"Caf\u00e9 de l'Homme\",\"description\":\"\",\"publisher\":{\"@id\":\"https:\/\/www.cafedelhomme.com\/es#organization\"},\"potentialAction\":[{\"@type\":\"SearchAction\",\"target\":{\"@type\":\"EntryPoint\",\"urlTemplate\":\"https:\/\/www.cafedelhomme.com\/es?s={search_term_string}\"},\"query-input\":{\"@type\":\"PropertyValueSpecification\",\"valueRequired\":true,\"valueName\":\"search_term_string\"}}],\"inLanguage\":\"es\"},{\"@type\":\"Organization\",\"@id\":\"https:\/\/www.cafedelhomme.com\/es#organization\",\"name\":\"Caf\u00e9 del Hombre\",\"url\":\"https:\/\/www.cafedelhomme.com\/es\",\"logo\":{\"@type\":\"ImageObject\",\"inLanguage\":\"es\",\"@id\":\"https:\/\/www.cafedelhomme.com\/es#\/schema\/logo\/image\/\",\"url\":\"https:\/\/www.cafedelhomme.com\/wp-content\/uploads\/2023\/04\/big-logo-300x163-1.png\",\"contentUrl\":\"https:\/\/www.cafedelhomme.com\/wp-content\/uploads\/2023\/04\/big-logo-300x163-1.png\",\"width\":300,\"height\":163,\"caption\":\"Caf\u00e9 del Hombre\"},\"image\":{\"@id\":\"https:\/\/www.cafedelhomme.com\/es#\/schema\/logo\/image\/\"},\"sameAs\":[\"https:\/\/www.facebook.com\/cafedelhomme\",\"https:\/\/www.instagram.com\/cafedelhomme\/\"]}]}<\/script>\n<!-- \/ Yoast SEO Premium plugin. -->","yoast_head_json":{"title":"Flacon de vin rouge - Ch\u00e2teau Tour des Termes 2020 Saint-Est\u00e8phe 10cl - Caf\u00e9 de l&#039;Homme","description":"Ch\u00e2teau Tour des Termes 2020 Saint-Est\u00e8phe 10 cl : vin rouge intense aux ar\u00f4mes de fruits noirs, tanins soyeux et finale \u00e9l\u00e9gante. Id\u00e9al pour accompagner vos plats.","robots":{"index":"index","follow":"follow","max-snippet":"max-snippet:-1","max-image-preview":"max-image-preview:large","max-video-preview":"max-video-preview:-1"},"canonical":"https:\/\/www.cafedelhomme.com\/es\/produit\/flacon-de-vin-rouge-chateau-tour-des-termes-2020-saint-estephe-10cl","og_locale":"es_ES","og_type":"article","og_title":"Flacon de vin rouge - Ch\u00e2teau Tour des Termes 2020 Saint-Est\u00e8phe 10cl","og_description":"Ch\u00e2teau Tour des Termes 2020 Saint-Est\u00e8phe 10 cl : vin rouge intense aux ar\u00f4mes de fruits noirs, tanins soyeux et finale \u00e9l\u00e9gante. Id\u00e9al pour accompagner vos plats.","og_url":"https:\/\/www.cafedelhomme.com\/es\/produit\/flacon-de-vin-rouge-chateau-tour-des-termes-2020-saint-estephe-10cl","og_site_name":"Caf\u00e9 de l&#039;Homme","article_publisher":"https:\/\/www.facebook.com\/cafedelhomme","article_modified_time":"2026-03-03T13:31:33+00:00","og_image":[{"width":1920,"height":1280,"url":"https:\/\/www.cafedelhomme.com\/wp-content\/uploads\/2026\/01\/DSC01090.jpg","type":"image\/jpeg"}],"twitter_card":"summary_large_image","twitter_misc":{"Tiempo de lectura":"1 minuto"},"schema":{"@context":"https:\/\/schema.org","@graph":[{"@type":"WebPage","@id":"https:\/\/www.cafedelhomme.com\/es\/produit\/flacon-de-vin-rouge-chateau-tour-des-termes-2020-saint-estephe-10cl","url":"https:\/\/www.cafedelhomme.com\/es\/produit\/flacon-de-vin-rouge-chateau-tour-des-termes-2020-saint-estephe-10cl","name":"Flacon de vin rouge - Ch\u00e2teau Tour des Termes 2020 Saint-Est\u00e8phe 10cl - Caf\u00e9 de l&#039;Homme","isPartOf":{"@id":"https:\/\/www.cafedelhomme.com\/es#website"},"primaryImageOfPage":{"@id":"https:\/\/www.cafedelhomme.com\/es\/produit\/flacon-de-vin-rouge-chateau-tour-des-termes-2020-saint-estephe-10cl#primaryimage"},"image":{"@id":"https:\/\/www.cafedelhomme.com\/es\/produit\/flacon-de-vin-rouge-chateau-tour-des-termes-2020-saint-estephe-10cl#primaryimage"},"thumbnailUrl":"https:\/\/www.cafedelhomme.com\/wp-content\/uploads\/2026\/01\/DSC01090.jpg","datePublished":"2026-01-23T09:36:34+00:00","dateModified":"2026-03-03T13:31:33+00:00","description":"Ch\u00e2teau Tour des Termes 2020 Saint-Est\u00e8phe 10 cl : vin rouge intense aux ar\u00f4mes de fruits noirs, tanins soyeux et finale \u00e9l\u00e9gante. Id\u00e9al pour accompagner vos plats.","breadcrumb":{"@id":"https:\/\/www.cafedelhomme.com\/es\/produit\/flacon-de-vin-rouge-chateau-tour-des-termes-2020-saint-estephe-10cl#breadcrumb"},"inLanguage":"es","potentialAction":[{"@type":"ReadAction","target":["https:\/\/www.cafedelhomme.com\/es\/produit\/flacon-de-vin-rouge-chateau-tour-des-termes-2020-saint-estephe-10cl"]}]},{"@type":"ImageObject","inLanguage":"es","@id":"https:\/\/www.cafedelhomme.com\/es\/produit\/flacon-de-vin-rouge-chateau-tour-des-termes-2020-saint-estephe-10cl#primaryimage","url":"https:\/\/www.cafedelhomme.com\/wp-content\/uploads\/2026\/01\/DSC01090.jpg","contentUrl":"https:\/\/www.cafedelhomme.com\/wp-content\/uploads\/2026\/01\/DSC01090.jpg","width":1920,"height":1280},{"@type":"BreadcrumbList","@id":"https:\/\/www.cafedelhomme.com\/es\/produit\/flacon-de-vin-rouge-chateau-tour-des-termes-2020-saint-estephe-10cl#breadcrumb","itemListElement":[{"@type":"ListItem","position":1,"name":"Tienda","item":"https:\/\/www.cafedelhomme.com\/es\/tienda"},{"@type":"ListItem","position":2,"name":"Flacon de vin rouge - Ch\u00e2teau Tour des Termes 2020 Saint-Est\u00e8phe 10cl"}]},{"@type":"WebSite","@id":"https:\/\/www.cafedelhomme.com\/es#website","url":"https:\/\/www.cafedelhomme.com\/es","name":"Caf\u00e9 de l'Homme","description":"","publisher":{"@id":"https:\/\/www.cafedelhomme.com\/es#organization"},"potentialAction":[{"@type":"SearchAction","target":{"@type":"EntryPoint","urlTemplate":"https:\/\/www.cafedelhomme.com\/es?s={search_term_string}"},"query-input":{"@type":"PropertyValueSpecification","valueRequired":true,"valueName":"search_term_string"}}],"inLanguage":"es"},{"@type":"Organization","@id":"https:\/\/www.cafedelhomme.com\/es#organization","name":"Caf\u00e9 del Hombre","url":"https:\/\/www.cafedelhomme.com\/es","logo":{"@type":"ImageObject","inLanguage":"es","@id":"https:\/\/www.cafedelhomme.com\/es#\/schema\/logo\/image\/","url":"https:\/\/www.cafedelhomme.com\/wp-content\/uploads\/2023\/04\/big-logo-300x163-1.png","contentUrl":"https:\/\/www.cafedelhomme.com\/wp-content\/uploads\/2023\/04\/big-logo-300x163-1.png","width":300,"height":163,"caption":"Caf\u00e9 del Hombre"},"image":{"@id":"https:\/\/www.cafedelhomme.com\/es#\/schema\/logo\/image\/"},"sameAs":["https:\/\/www.facebook.com\/cafedelhomme","https:\/\/www.instagram.com\/cafedelhomme\/"]}]}},"_links":{"self":[{"href":"https:\/\/www.cafedelhomme.com\/es\/wp-json\/wp\/v2\/product\/14868","targetHints":{"allow":["GET"]}}],"collection":[{"href":"https:\/\/www.cafedelhomme.com\/es\/wp-json\/wp\/v2\/product"}],"about":[{"href":"https:\/\/www.cafedelhomme.com\/es\/wp-json\/wp\/v2\/types\/product"}],"replies":[{"embeddable":true,"href":"https:\/\/www.cafedelhomme.com\/es\/wp-json\/wp\/v2\/comments?post=14868"}],"wp:featuredmedia":[{"embeddable":true,"href":"https:\/\/www.cafedelhomme.com\/es\/wp-json\/wp\/v2\/media\/14869"}],"wp:attachment":[{"href":"https:\/\/www.cafedelhomme.com\/es\/wp-json\/wp\/v2\/media?parent=14868"}],"wp:term":[{"taxonomy":"product_brand","embeddable":true,"href":"https:\/\/www.cafedelhomme.com\/es\/wp-json\/wp\/v2\/product_brand?post=14868"},{"taxonomy":"product_cat","embeddable":true,"href":"https:\/\/www.cafedelhomme.com\/es\/wp-json\/wp\/v2\/product_cat?post=14868"},{"taxonomy":"product_tag","embeddable":true,"href":"https:\/\/www.cafedelhomme.com\/es\/wp-json\/wp\/v2\/product_tag?post=14868"}],"curies":[{"name":"wp","href":"https:\/\/api.w.org\/{rel}","templated":true}]}}