{"id":7927,"date":"2023-04-19T16:42:50","date_gmt":"2023-04-19T14:42:50","guid":{"rendered":"https:\/\/www.cafedelhomme.com\/informacoes-legais"},"modified":"2026-03-11T16:32:18","modified_gmt":"2026-03-11T15:32:18","slug":"informacoes-legais","status":"publish","type":"page","link":"https:\/\/www.cafedelhomme.com\/pt-br\/informacoes-legais","title":{"rendered":"Informa\u00e7\u00f5es legais"},"content":{"rendered":"<div class=\"wpb-content-wrapper\"><p>[vc_row css=&#8221;.vc_custom_1742898660183{background-image: url(https:\/\/www.cafedelhomme.com\/wp-content\/uploads\/2023\/04\/bg-key-figures-scaled.jpg?id=406) !important;}&#8221; el_id=&#8221;header-page-simple&#8221;][vc_column responsive_css=&#8221;padding_top_large:220px|padding_bottom_large:220px&#8221; css=&#8221;.vc_custom_1686642838616{padding-top: 120px !important;padding-bottom: 200px !important;}&#8221;][vc_custom_heading text=&#8221;Informa\u00e7\u00f5es legais&#8221; font_container=&#8221;tag:h1|text_align:center&#8221; el_class=&#8221;title_mentions-legales&#8221;][vc_column_text css=&#8221;.vc_custom_1686642646881{margin-top: -50px !important;}&#8221; el_class=&#8221;subtitle_mentions_legales&#8221;]<\/p>\n<p style=\"text-align: center;\">Informa\u00e7\u00f5es legais sobre o Caf\u00e9 de l&#8217;Homme, restaurante<br \/>\nna 17 place du Trocad\u00e9ro em Paris<\/p>\n<p>[\/vc_column_text][\/vc_column][\/vc_row][vc_row responsive_css=&#8221;padding_top_large:80px|padding_bottom_large:80px&#8221; css=&#8221;.vc_custom_1686642705479{padding-top: 40px !important;padding-bottom: 40px !important;}&#8221; el_class=&#8221;main_mentions_legales&#8221;][vc_column][vc_custom_heading text=&#8221;Propriedade&#8221; font_container=&#8221;tag:h3|text_align:left&#8221;][vc_column_text css=&#8221;&#8221;]S.A.S. au capital de 40 000 \u20ac<br \/>\nRCS PARIS 478 343 304<\/p>\n<p>N\u00b0 de d\u00e9claration CNIL : 1876961<\/p>\n<p>Si\u00e8ge social :<br \/>\n17, Place du Trocad\u00e9ro,<br \/>\n75116 Paris - FRANCE<\/p>\n<p>Responsable de publication : Coco Couperie-Eiffel[\/vc_column_text][vc_custom_heading text=&#8221;Hospedagem&#8221; font_container=&#8221;tag:h3|text_align:left&#8221; css=&#8221;.vc_custom_1686573186463{margin-top: 60px !important;}&#8221;][vc_column_text]GANDI SAS, uma sociedade an\u00f4nima simplificada com capital social de \u20ac 2.300.000<br \/>\n63-65 Boulevard Mass\u00e9na, 75013 Paris<br \/>\ngandi.net[\/vc_column_text][vc_custom_heading text=&#8221;Prote\u00e7\u00e3o de dados pessoais e seguran\u00e7a&#8221; font_container=&#8221;tag:h3|text_align:left&#8221; css=&#8221;.vc_custom_1686573248478{margin-top: 60px !important;}&#8221;][vc_column_text]Nenhuma informa\u00e7\u00e3o pessoal \u00e9 coletada sem o seu conhecimento.<br \/>\nNenhuma informa\u00e7\u00e3o pessoal \u00e9 repassada a terceiros.<br \/>\nNenhuma informa\u00e7\u00e3o pessoal \u00e9 usada para fins n\u00e3o intencionais.[\/vc_column_text][vc_custom_heading text=&#8221;Prote\u00e7\u00e3o de dados pessoais e seguran\u00e7a&#8221; font_container=&#8221;tag:h3|text_align:left&#8221; css=&#8221;.vc_custom_1686573248478{margin-top: 60px !important;}&#8221;][vc_column_text]As pessoas em quest\u00e3o foram informadas de seus direitos. O direito de retifica\u00e7\u00e3o pode ser exercido entrando em contato com o servi\u00e7o de Internet do Caf\u00e9 de l&#8217;Homme: reservation@cafedelhomme.com.[\/vc_column_text][vc_custom_heading text=&#8221;Mensagens&#8221; font_container=&#8221;tag:h3|text_align:left&#8221; css=&#8221;.vc_custom_1686573346903{margin-top: 60px !important;}&#8221;][vc_column_text]As mensagens enviadas pela Internet podem ser interceptadas.<br \/>\nN\u00e3o divulgue informa\u00e7\u00f5es pessoais desnecess\u00e1rias ou confidenciais. Se<br \/>\nvoc\u00ea desejar nos enviar tais informa\u00e7\u00f5es, use<br \/>\n.<\/p>\n<p>As mensagens eletr\u00f4nicas enviadas \u00e0 Caf\u00e9 de l&#8217;Homme e os endere\u00e7os eletr\u00f4nicos<br \/>\nusados nos formul\u00e1rios s\u00e3o mantidos para uso da<br \/>\npela Caf\u00e9 de l&#8217;Homme, a menos que voc\u00ea indique o contr\u00e1rio.[\/vc_column_text][vc_custom_heading text=&#8221;Mensagens&#8221; font_container=&#8221;tag:h3|text_align:left&#8221; css=&#8221;.vc_custom_1686573346903{margin-top: 60px !important;}&#8221;][vc_column_text]As informa\u00e7\u00f5es que voc\u00ea deve fornecer ao fazer um pedido, solicitar informa\u00e7\u00f5es, assinar o boletim informativo, etc., s\u00e3o essenciais para o processamento adequado de sua solicita\u00e7\u00e3o. A equipe do Caf\u00e9 de l&#8217;Homme \u00e9 a \u00fanica destinat\u00e1ria dessas informa\u00e7\u00f5es.[\/vc_column_text][vc_custom_heading text=&#8221;Design do site&#8221; font_container=&#8221;tag:h3|text_align:left&#8221; css=&#8221;.vc_custom_1686573446117{margin-top: 60px !important;}&#8221;][vc_column_text]O site foi projetado e \u00e9 mantido pelo nosso parceiro digital <a href=\"https:\/\/www.getup.agency\/\">Getup Agency.<\/a>[\/vc_column_text][vc_custom_heading text=&#8221;Design de identidade visual&#8221; font_container=&#8221;tag:h3|text_align:left&#8221; css=&#8221;.vc_custom_1686573475862{margin-top: 60px !important;}&#8221;][vc_column_text]A identidade visual do site foi concebida e projetada pela <a href=\"https:\/\/www.tequilarapido.com\/\">Tequila Rapido<\/a>[\/vc_column_text][\/vc_column][\/vc_row]<\/p>\n<\/div>","protected":false},"excerpt":{"rendered":"<p>[vc_row css=&#8221;.vc_custom_1742898660183{background-image: url(https:\/\/www.cafedelhomme.com\/wp-content\/uploads\/2023\/04\/bg-key-figures-scaled.jpg?id=406) !important;}&#8221; el_id=&#8221;header-page-simple&#8221;][vc_column responsive_css=&#8221;padding_top_large:220px|padding_bottom_large:220px&#8221; css=&#8221;.vc_custom_1686642838616{padding-top: 120px !important;padding-bottom: 200px !important;}&#8221;][vc_custom_heading text=&#8221;Informa\u00e7\u00f5es legais&#8221; font_container=&#8221;tag:h1|text_align:center&#8221; el_class=&#8221;title_mentions-legales&#8221;][vc_column_text css=&#8221;.vc_custom_1686642646881{margin-top: -50px !important;}&#8221; el_class=&#8221;subtitle_mentions_legales&#8221;] Informa\u00e7\u00f5es legais sobre o Caf\u00e9 de l&#8217;Homme, restaurante na 17 place du Trocad\u00e9ro em Paris [\/vc_column_text][\/vc_column][\/vc_row][vc_row responsive_css=&#8221;padding_top_large:80px|padding_bottom_large:80px&#8221; css=&#8221;.vc_custom_1686642705479{padding-top: 40px !important;padding-bottom: 40px !important;}&#8221; el_class=&#8221;main_mentions_legales&#8221;][vc_column][vc_custom_heading text=&#8221;Propriedade&#8221; font_container=&#8221;tag:h3|text_align:left&#8221;][vc_column_text css=&#8221;&#8221;]S.A.S&#8230;.<\/p>\n","protected":false},"author":1,"featured_media":0,"parent":0,"menu_order":0,"comment_status":"closed","ping_status":"closed","template":"","meta":{"_acf_changed":false,"footnotes":""},"class_list":["post-7927","page","type-page","status-publish","hentry"],"acf":[],"yoast_head":"<!-- This site is optimized with the Yoast SEO Premium plugin v20.10 (Yoast SEO v27.0) - https:\/\/yoast.com\/product\/yoast-seo-premium-wordpress\/ -->\n<title>Informa\u00e7\u00f5es legais - Caf\u00e9 de l&#039;Homme<\/title>\n<meta name=\"robots\" content=\"index, follow, max-snippet:-1, max-image-preview:large, max-video-preview:-1\" \/>\n<link rel=\"canonical\" href=\"https:\/\/www.cafedelhomme.com\/pt-br\/informacoes-legais\" \/>\n<meta property=\"og:locale\" content=\"pt_BR\" \/>\n<meta property=\"og:type\" content=\"article\" \/>\n<meta property=\"og:title\" content=\"Informa\u00e7\u00f5es legais - Caf\u00e9 de l&#039;Homme\" \/>\n<meta property=\"og:description\" content=\"[vc_row css=&#8221;.vc_custom_1742898660183{background-image: url(https:\/\/www.cafedelhomme.com\/wp-content\/uploads\/2023\/04\/bg-key-figures-scaled.jpg?id=406) !important;}&#8221; el_id=&#8221;header-page-simple&#8221;][vc_column responsive_css=&#8221;padding_top_large:220px|padding_bottom_large:220px&#8221; css=&#8221;.vc_custom_1686642838616{padding-top: 120px !important;padding-bottom: 200px !important;}&#8221;][vc_custom_heading text=&#8221;Informa\u00e7\u00f5es legais&#8221; font_container=&#8221;tag:h1|text_align:center&#8221; el_class=&#8221;title_mentions-legales&#8221;][vc_column_text css=&#8221;.vc_custom_1686642646881{margin-top: -50px !important;}&#8221; el_class=&#8221;subtitle_mentions_legales&#8221;] Informa\u00e7\u00f5es legais sobre o Caf\u00e9 de l&#8217;Homme, restaurante na 17 place du Trocad\u00e9ro em Paris [\/vc_column_text][\/vc_column][\/vc_row][vc_row responsive_css=&#8221;padding_top_large:80px|padding_bottom_large:80px&#8221; css=&#8221;.vc_custom_1686642705479{padding-top: 40px !important;padding-bottom: 40px !important;}&#8221; el_class=&#8221;main_mentions_legales&#8221;][vc_column][vc_custom_heading text=&#8221;Propriedade&#8221; font_container=&#8221;tag:h3|text_align:left&#8221;][vc_column_text css=&#8221;&#8221;]S.A.S....\" \/>\n<meta property=\"og:url\" content=\"https:\/\/www.cafedelhomme.com\/pt-br\/informacoes-legais\" \/>\n<meta property=\"og:site_name\" content=\"Caf\u00e9 de l&#039;Homme\" \/>\n<meta property=\"article:publisher\" content=\"https:\/\/www.facebook.com\/cafedelhomme\" \/>\n<meta property=\"article:modified_time\" content=\"2026-03-11T15:32:18+00:00\" \/>\n<meta name=\"twitter:card\" content=\"summary_large_image\" \/>\n<meta name=\"twitter:label1\" content=\"Est. tempo de leitura\" \/>\n\t<meta name=\"twitter:data1\" content=\"2 minutos\" \/>\n<script type=\"application\/ld+json\" class=\"yoast-schema-graph\">{\"@context\":\"https:\/\/schema.org\",\"@graph\":[{\"@type\":\"WebPage\",\"@id\":\"https:\/\/www.cafedelhomme.com\/pt-br\/informacoes-legais\",\"url\":\"https:\/\/www.cafedelhomme.com\/pt-br\/informacoes-legais\",\"name\":\"Informa\u00e7\u00f5es legais - Caf\u00e9 de l'Homme\",\"isPartOf\":{\"@id\":\"https:\/\/www.cafedelhomme.com\/pt-br#website\"},\"datePublished\":\"2023-04-19T14:42:50+00:00\",\"dateModified\":\"2026-03-11T15:32:18+00:00\",\"inLanguage\":\"pt-BR\",\"potentialAction\":[{\"@type\":\"ReadAction\",\"target\":[\"https:\/\/www.cafedelhomme.com\/pt-br\/informacoes-legais\"]}]},{\"@type\":\"WebSite\",\"@id\":\"https:\/\/www.cafedelhomme.com\/pt-br#website\",\"url\":\"https:\/\/www.cafedelhomme.com\/pt-br\",\"name\":\"Caf\u00e9 de l'Homme\",\"description\":\"\",\"publisher\":{\"@id\":\"https:\/\/www.cafedelhomme.com\/pt-br#organization\"},\"potentialAction\":[{\"@type\":\"SearchAction\",\"target\":{\"@type\":\"EntryPoint\",\"urlTemplate\":\"https:\/\/www.cafedelhomme.com\/pt-br?s={search_term_string}\"},\"query-input\":{\"@type\":\"PropertyValueSpecification\",\"valueRequired\":true,\"valueName\":\"search_term_string\"}}],\"inLanguage\":\"pt-BR\"},{\"@type\":\"Organization\",\"@id\":\"https:\/\/www.cafedelhomme.com\/pt-br#organization\",\"name\":\"Caf\u00e9 de l'Homme\",\"url\":\"https:\/\/www.cafedelhomme.com\/pt-br\",\"logo\":{\"@type\":\"ImageObject\",\"inLanguage\":\"pt-BR\",\"@id\":\"https:\/\/www.cafedelhomme.com\/pt-br#\/schema\/logo\/image\/\",\"url\":\"https:\/\/www.cafedelhomme.com\/wp-content\/uploads\/2023\/04\/big-logo-300x163-1.png\",\"contentUrl\":\"https:\/\/www.cafedelhomme.com\/wp-content\/uploads\/2023\/04\/big-logo-300x163-1.png\",\"width\":300,\"height\":163,\"caption\":\"Caf\u00e9 de l'Homme\"},\"image\":{\"@id\":\"https:\/\/www.cafedelhomme.com\/pt-br#\/schema\/logo\/image\/\"},\"sameAs\":[\"https:\/\/www.facebook.com\/cafedelhomme\",\"https:\/\/www.instagram.com\/cafedelhomme\/\"]}]}<\/script>\n<!-- \/ Yoast SEO Premium plugin. -->","yoast_head_json":{"title":"Informa\u00e7\u00f5es legais - Caf\u00e9 de l'Homme","robots":{"index":"index","follow":"follow","max-snippet":"max-snippet:-1","max-image-preview":"max-image-preview:large","max-video-preview":"max-video-preview:-1"},"canonical":"https:\/\/www.cafedelhomme.com\/pt-br\/informacoes-legais","og_locale":"pt_BR","og_type":"article","og_title":"Informa\u00e7\u00f5es legais - Caf\u00e9 de l'Homme","og_description":"[vc_row css=&#8221;.vc_custom_1742898660183{background-image: url(https:\/\/www.cafedelhomme.com\/wp-content\/uploads\/2023\/04\/bg-key-figures-scaled.jpg?id=406) !important;}&#8221; el_id=&#8221;header-page-simple&#8221;][vc_column responsive_css=&#8221;padding_top_large:220px|padding_bottom_large:220px&#8221; css=&#8221;.vc_custom_1686642838616{padding-top: 120px !important;padding-bottom: 200px !important;}&#8221;][vc_custom_heading text=&#8221;Informa\u00e7\u00f5es legais&#8221; font_container=&#8221;tag:h1|text_align:center&#8221; el_class=&#8221;title_mentions-legales&#8221;][vc_column_text css=&#8221;.vc_custom_1686642646881{margin-top: -50px !important;}&#8221; el_class=&#8221;subtitle_mentions_legales&#8221;] Informa\u00e7\u00f5es legais sobre o Caf\u00e9 de l&#8217;Homme, restaurante na 17 place du Trocad\u00e9ro em Paris [\/vc_column_text][\/vc_column][\/vc_row][vc_row responsive_css=&#8221;padding_top_large:80px|padding_bottom_large:80px&#8221; css=&#8221;.vc_custom_1686642705479{padding-top: 40px !important;padding-bottom: 40px !important;}&#8221; el_class=&#8221;main_mentions_legales&#8221;][vc_column][vc_custom_heading text=&#8221;Propriedade&#8221; font_container=&#8221;tag:h3|text_align:left&#8221;][vc_column_text css=&#8221;&#8221;]S.A.S....","og_url":"https:\/\/www.cafedelhomme.com\/pt-br\/informacoes-legais","og_site_name":"Caf\u00e9 de l'Homme","article_publisher":"https:\/\/www.facebook.com\/cafedelhomme","article_modified_time":"2026-03-11T15:32:18+00:00","twitter_card":"summary_large_image","twitter_misc":{"Est. tempo de leitura":"2 minutos"},"schema":{"@context":"https:\/\/schema.org","@graph":[{"@type":"WebPage","@id":"https:\/\/www.cafedelhomme.com\/pt-br\/informacoes-legais","url":"https:\/\/www.cafedelhomme.com\/pt-br\/informacoes-legais","name":"Informa\u00e7\u00f5es legais - Caf\u00e9 de l'Homme","isPartOf":{"@id":"https:\/\/www.cafedelhomme.com\/pt-br#website"},"datePublished":"2023-04-19T14:42:50+00:00","dateModified":"2026-03-11T15:32:18+00:00","inLanguage":"pt-BR","potentialAction":[{"@type":"ReadAction","target":["https:\/\/www.cafedelhomme.com\/pt-br\/informacoes-legais"]}]},{"@type":"WebSite","@id":"https:\/\/www.cafedelhomme.com\/pt-br#website","url":"https:\/\/www.cafedelhomme.com\/pt-br","name":"Caf\u00e9 de l'Homme","description":"","publisher":{"@id":"https:\/\/www.cafedelhomme.com\/pt-br#organization"},"potentialAction":[{"@type":"SearchAction","target":{"@type":"EntryPoint","urlTemplate":"https:\/\/www.cafedelhomme.com\/pt-br?s={search_term_string}"},"query-input":{"@type":"PropertyValueSpecification","valueRequired":true,"valueName":"search_term_string"}}],"inLanguage":"pt-BR"},{"@type":"Organization","@id":"https:\/\/www.cafedelhomme.com\/pt-br#organization","name":"Caf\u00e9 de l'Homme","url":"https:\/\/www.cafedelhomme.com\/pt-br","logo":{"@type":"ImageObject","inLanguage":"pt-BR","@id":"https:\/\/www.cafedelhomme.com\/pt-br#\/schema\/logo\/image\/","url":"https:\/\/www.cafedelhomme.com\/wp-content\/uploads\/2023\/04\/big-logo-300x163-1.png","contentUrl":"https:\/\/www.cafedelhomme.com\/wp-content\/uploads\/2023\/04\/big-logo-300x163-1.png","width":300,"height":163,"caption":"Caf\u00e9 de l'Homme"},"image":{"@id":"https:\/\/www.cafedelhomme.com\/pt-br#\/schema\/logo\/image\/"},"sameAs":["https:\/\/www.facebook.com\/cafedelhomme","https:\/\/www.instagram.com\/cafedelhomme\/"]}]}},"_links":{"self":[{"href":"https:\/\/www.cafedelhomme.com\/pt-br\/wp-json\/wp\/v2\/pages\/7927","targetHints":{"allow":["GET"]}}],"collection":[{"href":"https:\/\/www.cafedelhomme.com\/pt-br\/wp-json\/wp\/v2\/pages"}],"about":[{"href":"https:\/\/www.cafedelhomme.com\/pt-br\/wp-json\/wp\/v2\/types\/page"}],"author":[{"embeddable":true,"href":"https:\/\/www.cafedelhomme.com\/pt-br\/wp-json\/wp\/v2\/users\/1"}],"replies":[{"embeddable":true,"href":"https:\/\/www.cafedelhomme.com\/pt-br\/wp-json\/wp\/v2\/comments?post=7927"}],"version-history":[{"count":4,"href":"https:\/\/www.cafedelhomme.com\/pt-br\/wp-json\/wp\/v2\/pages\/7927\/revisions"}],"predecessor-version":[{"id":17012,"href":"https:\/\/www.cafedelhomme.com\/pt-br\/wp-json\/wp\/v2\/pages\/7927\/revisions\/17012"}],"wp:attachment":[{"href":"https:\/\/www.cafedelhomme.com\/pt-br\/wp-json\/wp\/v2\/media?parent=7927"}],"curies":[{"name":"wp","href":"https:\/\/api.w.org\/{rel}","templated":true}]}}