{"id":7933,"date":"2023-04-19T16:36:34","date_gmt":"2023-04-19T14:36:34","guid":{"rendered":"https:\/\/www.cafedelhomme.com\/nossas-historias"},"modified":"2025-10-31T17:01:00","modified_gmt":"2025-10-31T16:01:00","slug":"nossas-historias","status":"publish","type":"page","link":"https:\/\/www.cafedelhomme.com\/pt-br\/nossas-historias","title":{"rendered":"Nossas hist\u00f3rias"},"content":{"rendered":"<div class=\"wpb-content-wrapper\"><p>[vc_row responsive_css=&#8221;padding_top_large:120px|padding_bottom_large:80px|padding_top_small:145px|padding_bottom_small:120px&#8221; el_id=&#8221;breadcrumb-intro&#8221; el_class=&#8221;intro&#8221; css=&#8221;.vc_custom_1742893691138{padding-top: 80px !important;padding-bottom: 64px !important;}&#8221;][vc_column align=&#8221;text-center&#8221;][vc_raw_html]W2Fkbl9icmVhZGNydW1iXQ==[\/vc_raw_html][vc_custom_heading text=&#8221;Nossas hist\u00f3rias&#8221; font_container=&#8221;tag:h1|text_align:center&#8221;][vc_column_text css=&#8221;.vc_custom_1684511061115{margin-bottom: 0px !important;}&#8221;]Porque s\u00e3o as pequenas hist\u00f3rias que comp\u00f5em a grande hist\u00f3ria do Caf\u00e9 de l&#8217;Homme&#8230;[\/vc_column_text][\/vc_column][\/vc_row][vc_row full_width=&#8221;stretch_row&#8221; equal_height=&#8221;yes&#8221; content_placement=&#8221;middle&#8221; css=&#8221;.vc_custom_1742893659279{background-color: #faf9f6 !important;}&#8221; el_class=&#8221;header_histoires&#8221; el_id=&#8221;last-article&#8221;][vc_column width=&#8221;1\/2&#8243; el_class=&#8221;img-bg&#8221;][vc_basic_grid post_type=&#8221;post&#8221; max_items=&#8221;1&#8243; element_width=&#8221;12&#8243; item=&#8221;6601&#8243; css=&#8221;&#8221; grid_id=&#8221;vc_gid:1761926387299-ac72cc31b2d8005692d5be93bb6d077a-2&#8243; taxonomies=&#8221;7&#8243;][\/vc_column][vc_column width=&#8221;1\/2&#8243; el_class=&#8221;text_right_herobanner&#8221;][vc_basic_grid post_type=&#8221;post&#8221; max_items=&#8221;1&#8243; element_width=&#8221;12&#8243; item=&#8221;6606&#8243; css=&#8221;&#8221; grid_id=&#8221;vc_gid:1761926387343-259935a6bc3ff77c1b6c29f09d5d9b08-5&#8243; taxonomies=&#8221;7&#8243; el_class=&#8221;last-article-content&#8221;][\/vc_column][\/vc_row][vc_row responsive_css=&#8221;padding_top_large:160px|padding_bottom_large:160px&#8221; css=&#8221;.vc_custom_1742893667560{padding-top: 80px !important;padding-bottom: 80px !important;}&#8221; el_id=&#8221;events&#8221;][vc_column][vc_custom_heading text=&#8221;Nossas not\u00edcias&#8221;][vc_basic_grid post_type=&#8221;post&#8221; max_items=&#8221;20&#8243; item=&#8221;472&#8243; css=&#8221;&#8221; grid_id=&#8221;vc_gid:1761926387424-8549ad7a912a6bd8b04fa5073508269f-9&#8243; taxonomies=&#8221;7&#8243;][\/vc_column][\/vc_row][vc_row equal_height=&#8221;yes&#8221; content_placement=&#8221;middle&#8221; responsive_css=&#8221;padding_top_large:135px|padding_bottom_large:135px&#8221; css=&#8221;.vc_custom_1689254566967{padding-top: 80px !important;padding-bottom: 80px !important;}&#8221; el_class=&#8221;decouverte_carte&#8221;][vc_column][vc_row_inner equal_height=&#8221;yes&#8221; content_placement=&#8221;middle&#8221; el_class=&#8221;spotify_histoires&#8221;][vc_column_inner width=&#8221;1\/2&#8243;][vc_raw_html el_class=&#8221;player-music spotify&#8221;]PGlmcmFtZSBzdHlsZT0iYm9yZGVyLXJhZGl1czoxMnB4IiBzcmM9Imh0dHBzOi8vb3Blbi5zcG90aWZ5LmNvbS9lbWJlZC9wbGF5bGlzdC8xd0ZXa2FjNTB2Ujc3d0tCbTd0Q1RzP3V0bV9zb3VyY2U9Z2VuZXJhdG9yIiB3aWR0aD0iMTAwJSIgaGVpZ2h0PSIzNTIiIGZyYW1lYm9yZGVyPSIwIiBhbGxvd2Z1bGxzY3JlZW49IiIgYWxsb3c9ImF1dG9wbGF5OyBjbGlwYm9hcmQtd3JpdGU7IGVuY3J5cHRlZC1tZWRpYTsgZnVsbHNjcmVlbjsgcGljdHVyZS1pbi1waWN0dXJlIiBsb2FkaW5nPSJsYXp5Ij48L2lmcmFtZT4=[\/vc_raw_html][\/vc_column_inner][vc_column_inner width=&#8221;1\/2&#8243; align=&#8221;text-center&#8221;][vc_custom_heading text=&#8221;Jogar!&#8221; font_container=&#8221;tag:h2|text_align:center&#8221;][vc_column_text]Gra\u00e7as \u00e0s nossas listas de reprodu\u00e7\u00e3o, a experi\u00eancia do Caf\u00e9 de l&#8217;Homme pode ser estendida \u00e0 sua casa para voc\u00ea se divertir&#8230;[\/vc_column_text][\/vc_column_inner][\/vc_row_inner][\/vc_column][\/vc_row][vc_row responsive_css=&#8221;padding_top_large:160px|padding_bottom_large:160px&#8221; css=&#8221;.vc_custom_1684745810495{padding-top: 80px !important;padding-bottom: 80px !important;}&#8221; el_id=&#8221;events&#8221;][vc_column][vc_custom_heading text=&#8221;\u00daltimas not\u00edcias&#8221;][vc_basic_grid post_type=&#8221;post&#8221; max_items=&#8221;999&#8243; item=&#8221;472&#8243; css=&#8221;&#8221; grid_id=&#8221;vc_gid:1761926387710-91f18a5826db8214b39541e665a908cb-7&#8243; taxonomies=&#8221;21&#8243;][\/vc_column][\/vc_row][vc_row disable_element=&#8221;yes&#8221; responsive_css=&#8221;padding_top_large:180px|padding_bottom_large:180px|padding_top_small:80px|padding_bottom_small:125px&#8221; css=&#8221;.vc_custom_1736867241776{padding-top: 120px !important;padding-bottom: 50px !important;}&#8221; el_class=&#8221;decouverte_carte&#8221;][vc_column][vc_column_text css=&#8221;&#8221; el_class=&#8221;date&#8221;]14 DE JULHO DE 2024[\/vc_column_text][vc_custom_heading text=&#8221;Desfrute de uma experi\u00eancia excepcional em 14 de julho no Caf\u00e9 de l&#8217;Homme&#8221; font_container=&#8221;tag:h2|text_align:center&#8221; el_class=&#8221;title-decouverte&#8221;][vc_column_text el_class=&#8221;description&#8221;]Assista aos fogos de artif\u00edcio de 14 de julho na primeira fila do terra\u00e7o do Caf\u00e9 de l&#8217;Homme, de frente para a Torre Eiffel.[\/vc_column_text][vc_column_text el_class=&#8221;event&#8221;]evento[\/vc_column_text][\/vc_column][\/vc_row][vc_row el_id=&#8221;experience-cdh&#8221; responsive_css=&#8221;padding_top_large:250px|padding_bottom_large:250px&#8221; css=&#8221;.vc_custom_1682676040834{padding-top: 80px !important;padding-bottom: 80px !important;}&#8221;][vc_column][vc_custom_heading text=&#8221;Venha e descubra a experi\u00eancia do Caf\u00e9 de l&#8217;Homme&#8221; font_container=&#8221;tag:h2|text_align:center&#8221;][vc_column_text]Desfrute de uma experi\u00eancia verdadeiramente atemporal. Voc\u00ea est\u00e1 pronto para essa experi\u00eancia?[\/vc_column_text][vc_row_inner][vc_column_inner align=&#8221;text-center&#8221; el_class=&#8221;group_btn&#8221;]<a href=\"https:\/\/www.cafedelhomme.com\/nos-experiences\" class=\"btn btn-default btn-bordered border-thin btn btn-outline btn-outline-white ld_button_69f2a335781f8\">\n\t<span>\n\t\t\n\t\t\t\t\t<span class=\"btn-txt\">nossas experi\u00eancias.<\/span>\n\t\t\t\n\t\t\t\t<\/span>\n<\/a>\n<a href=\"https:\/\/www.cafedelhomme.com\/la-carte\" class=\"btn btn-default btn-bordered border-thin btn btn-outline btn-outline-white ld_button_69f2a335783b6\">\n\t<span>\n\t\t\n\t\t\t\t\t<span class=\"btn-txt\">Veja o mapa.<\/span>\n\t\t\t\n\t\t\t\t<\/span>\n<\/a>\n[\/vc_column_inner][\/vc_row_inner][\/vc_column][\/vc_row][vc_row full_width=&#8221;stretch_row&#8221; gap=&#8221;0&#8243; disable_element=&#8221;yes&#8221; el_id=&#8221;slider-articles&#8221; responsive_css=&#8221;padding_top_large:80px|padding_bottom_large:80px|padding_top_medium:80px|padding_bottom_medium:80px|padding_top_small:80px|padding_bottom_small:80px&#8221; css=&#8221;.vc_custom_1761926441991{padding-top: 80px !important;padding-bottom: 80px !important;}&#8221;][vc_column][vc_row_inner el_class=&#8221;histoire_slider_video&#8221;][vc_column_inner width=&#8221;1\/2&#8243;][vc_custom_heading text=&#8221;Para voc\u00ea ver com prazer&#8221;][\/vc_column_inner][vc_column_inner width=&#8221;1\/2&#8243; el_class=&#8221;button_right&#8221;][\/vc_column_inner][\/vc_row_inner][vc_basic_grid post_type=&#8221;post&#8221; max_items=&#8221;4&#8243; element_width=&#8221;3&#8243; gap=&#8221;25&#8243; item=&#8221;3367&#8243; grid_id=&#8221;vc_gid:1761926388347-3ef83a21e948b96e9607fd837e1c8d95-4&#8243; el_class=&#8221;slider-right slider-video&#8221; taxonomies=&#8221;32&#8243;][\/vc_column][\/vc_row]<\/p>\n<\/div>","protected":false},"excerpt":{"rendered":"<p>[vc_row responsive_css=&#8221;padding_top_large:120px|padding_bottom_large:80px|padding_top_small:145px|padding_bottom_small:120px&#8221; el_id=&#8221;breadcrumb-intro&#8221; el_class=&#8221;intro&#8221; css=&#8221;.vc_custom_1742893691138{padding-top: 80px !important;padding-bottom: 64px !important;}&#8221;][vc_column align=&#8221;text-center&#8221;][vc_raw_html]W2Fkbl9icmVhZGNydW1iXQ==[\/vc_raw_html][vc_custom_heading text=&#8221;Nossas hist\u00f3rias&#8221; font_container=&#8221;tag:h1|text_align:center&#8221;][vc_column_text css=&#8221;.vc_custom_1684511061115{margin-bottom: 0px !important;}&#8221;]Porque s\u00e3o as pequenas hist\u00f3rias que comp\u00f5em a grande hist\u00f3ria do Caf\u00e9 de l&#8217;Homme&#8230;[\/vc_column_text][\/vc_column][\/vc_row][vc_row full_width=&#8221;stretch_row&#8221; equal_height=&#8221;yes&#8221; content_placement=&#8221;middle&#8221; css=&#8221;.vc_custom_1742893659279{background-color: #faf9f6 !important;}&#8221; el_class=&#8221;header_histoires&#8221; el_id=&#8221;last-article&#8221;][vc_column width=&#8221;1\/2&#8243; el_class=&#8221;img-bg&#8221;][vc_basic_grid post_type=&#8221;post&#8221; max_items=&#8221;1&#8243; element_width=&#8221;12&#8243; item=&#8221;6601&#8243; css=&#8221;&#8221; grid_id=&#8221;vc_gid:1761926387299-ac72cc31b2d8005692d5be93bb6d077a-2&#8243;&#8230;<\/p>\n","protected":false},"author":1,"featured_media":0,"parent":0,"menu_order":0,"comment_status":"closed","ping_status":"closed","template":"","meta":{"_acf_changed":false,"footnotes":""},"class_list":["post-7933","page","type-page","status-publish","hentry"],"acf":[],"yoast_head":"<!-- This site is optimized with the Yoast SEO Premium plugin v20.10 (Yoast SEO v27.0) - https:\/\/yoast.com\/product\/yoast-seo-premium-wordpress\/ -->\n<title>Nossas hist\u00f3rias - Caf\u00e9 de l&#039;Homme<\/title>\n<meta name=\"robots\" content=\"index, follow, max-snippet:-1, max-image-preview:large, max-video-preview:-1\" \/>\n<link rel=\"canonical\" href=\"https:\/\/www.cafedelhomme.com\/pt-br\/nossas-historias\" \/>\n<meta property=\"og:locale\" content=\"pt_BR\" \/>\n<meta property=\"og:type\" content=\"article\" \/>\n<meta property=\"og:title\" content=\"Nossas hist\u00f3rias - Caf\u00e9 de l&#039;Homme\" \/>\n<meta property=\"og:description\" content=\"[vc_row responsive_css=&#8221;padding_top_large:120px|padding_bottom_large:80px|padding_top_small:145px|padding_bottom_small:120px&#8221; el_id=&#8221;breadcrumb-intro&#8221; el_class=&#8221;intro&#8221; css=&#8221;.vc_custom_1742893691138{padding-top: 80px !important;padding-bottom: 64px !important;}&#8221;][vc_column align=&#8221;text-center&#8221;][vc_raw_html]W2Fkbl9icmVhZGNydW1iXQ==[\/vc_raw_html][vc_custom_heading text=&#8221;Nossas hist\u00f3rias&#8221; font_container=&#8221;tag:h1|text_align:center&#8221;][vc_column_text css=&#8221;.vc_custom_1684511061115{margin-bottom: 0px !important;}&#8221;]Porque s\u00e3o as pequenas hist\u00f3rias que comp\u00f5em a grande hist\u00f3ria do Caf\u00e9 de l&#8217;Homme&#8230;[\/vc_column_text][\/vc_column][\/vc_row][vc_row full_width=&#8221;stretch_row&#8221; equal_height=&#8221;yes&#8221; content_placement=&#8221;middle&#8221; css=&#8221;.vc_custom_1742893659279{background-color: #faf9f6 !important;}&#8221; el_class=&#8221;header_histoires&#8221; el_id=&#8221;last-article&#8221;][vc_column width=&#8221;1\/2&#8243; el_class=&#8221;img-bg&#8221;][vc_basic_grid post_type=&#8221;post&#8221; max_items=&#8221;1&#8243; element_width=&#8221;12&#8243; item=&#8221;6601&#8243; css=&#8221;&#8221; grid_id=&#8221;vc_gid:1761926387299-ac72cc31b2d8005692d5be93bb6d077a-2&#8243;...\" \/>\n<meta property=\"og:url\" content=\"https:\/\/www.cafedelhomme.com\/pt-br\/nossas-historias\" \/>\n<meta property=\"og:site_name\" content=\"Caf\u00e9 de l&#039;Homme\" \/>\n<meta property=\"article:publisher\" content=\"https:\/\/www.facebook.com\/cafedelhomme\" \/>\n<meta property=\"article:modified_time\" content=\"2025-10-31T16:01:00+00:00\" \/>\n<meta name=\"twitter:card\" content=\"summary_large_image\" \/>\n<meta name=\"twitter:label1\" content=\"Est. tempo de leitura\" \/>\n\t<meta name=\"twitter:data1\" content=\"2 minutos\" \/>\n<script type=\"application\/ld+json\" class=\"yoast-schema-graph\">{\"@context\":\"https:\/\/schema.org\",\"@graph\":[{\"@type\":\"WebPage\",\"@id\":\"https:\/\/www.cafedelhomme.com\/pt-br\/nossas-historias\",\"url\":\"https:\/\/www.cafedelhomme.com\/pt-br\/nossas-historias\",\"name\":\"Nossas hist\u00f3rias - Caf\u00e9 de l'Homme\",\"isPartOf\":{\"@id\":\"https:\/\/www.cafedelhomme.com\/pt-br#website\"},\"datePublished\":\"2023-04-19T14:36:34+00:00\",\"dateModified\":\"2025-10-31T16:01:00+00:00\",\"inLanguage\":\"pt-BR\",\"potentialAction\":[{\"@type\":\"ReadAction\",\"target\":[\"https:\/\/www.cafedelhomme.com\/pt-br\/nossas-historias\"]}]},{\"@type\":\"WebSite\",\"@id\":\"https:\/\/www.cafedelhomme.com\/pt-br#website\",\"url\":\"https:\/\/www.cafedelhomme.com\/pt-br\",\"name\":\"Caf\u00e9 de l'Homme\",\"description\":\"\",\"publisher\":{\"@id\":\"https:\/\/www.cafedelhomme.com\/pt-br#organization\"},\"potentialAction\":[{\"@type\":\"SearchAction\",\"target\":{\"@type\":\"EntryPoint\",\"urlTemplate\":\"https:\/\/www.cafedelhomme.com\/pt-br?s={search_term_string}\"},\"query-input\":{\"@type\":\"PropertyValueSpecification\",\"valueRequired\":true,\"valueName\":\"search_term_string\"}}],\"inLanguage\":\"pt-BR\"},{\"@type\":\"Organization\",\"@id\":\"https:\/\/www.cafedelhomme.com\/pt-br#organization\",\"name\":\"Caf\u00e9 de l'Homme\",\"url\":\"https:\/\/www.cafedelhomme.com\/pt-br\",\"logo\":{\"@type\":\"ImageObject\",\"inLanguage\":\"pt-BR\",\"@id\":\"https:\/\/www.cafedelhomme.com\/pt-br#\/schema\/logo\/image\/\",\"url\":\"https:\/\/www.cafedelhomme.com\/wp-content\/uploads\/2023\/04\/big-logo-300x163-1.png\",\"contentUrl\":\"https:\/\/www.cafedelhomme.com\/wp-content\/uploads\/2023\/04\/big-logo-300x163-1.png\",\"width\":300,\"height\":163,\"caption\":\"Caf\u00e9 de l'Homme\"},\"image\":{\"@id\":\"https:\/\/www.cafedelhomme.com\/pt-br#\/schema\/logo\/image\/\"},\"sameAs\":[\"https:\/\/www.facebook.com\/cafedelhomme\",\"https:\/\/www.instagram.com\/cafedelhomme\/\"]}]}<\/script>\n<!-- \/ Yoast SEO Premium plugin. -->","yoast_head_json":{"title":"Nossas hist\u00f3rias - Caf\u00e9 de l'Homme","robots":{"index":"index","follow":"follow","max-snippet":"max-snippet:-1","max-image-preview":"max-image-preview:large","max-video-preview":"max-video-preview:-1"},"canonical":"https:\/\/www.cafedelhomme.com\/pt-br\/nossas-historias","og_locale":"pt_BR","og_type":"article","og_title":"Nossas hist\u00f3rias - Caf\u00e9 de l'Homme","og_description":"[vc_row responsive_css=&#8221;padding_top_large:120px|padding_bottom_large:80px|padding_top_small:145px|padding_bottom_small:120px&#8221; el_id=&#8221;breadcrumb-intro&#8221; el_class=&#8221;intro&#8221; css=&#8221;.vc_custom_1742893691138{padding-top: 80px !important;padding-bottom: 64px !important;}&#8221;][vc_column align=&#8221;text-center&#8221;][vc_raw_html]W2Fkbl9icmVhZGNydW1iXQ==[\/vc_raw_html][vc_custom_heading text=&#8221;Nossas hist\u00f3rias&#8221; font_container=&#8221;tag:h1|text_align:center&#8221;][vc_column_text css=&#8221;.vc_custom_1684511061115{margin-bottom: 0px !important;}&#8221;]Porque s\u00e3o as pequenas hist\u00f3rias que comp\u00f5em a grande hist\u00f3ria do Caf\u00e9 de l&#8217;Homme&#8230;[\/vc_column_text][\/vc_column][\/vc_row][vc_row full_width=&#8221;stretch_row&#8221; equal_height=&#8221;yes&#8221; content_placement=&#8221;middle&#8221; css=&#8221;.vc_custom_1742893659279{background-color: #faf9f6 !important;}&#8221; el_class=&#8221;header_histoires&#8221; el_id=&#8221;last-article&#8221;][vc_column width=&#8221;1\/2&#8243; el_class=&#8221;img-bg&#8221;][vc_basic_grid post_type=&#8221;post&#8221; max_items=&#8221;1&#8243; element_width=&#8221;12&#8243; item=&#8221;6601&#8243; css=&#8221;&#8221; grid_id=&#8221;vc_gid:1761926387299-ac72cc31b2d8005692d5be93bb6d077a-2&#8243;...","og_url":"https:\/\/www.cafedelhomme.com\/pt-br\/nossas-historias","og_site_name":"Caf\u00e9 de l'Homme","article_publisher":"https:\/\/www.facebook.com\/cafedelhomme","article_modified_time":"2025-10-31T16:01:00+00:00","twitter_card":"summary_large_image","twitter_misc":{"Est. tempo de leitura":"2 minutos"},"schema":{"@context":"https:\/\/schema.org","@graph":[{"@type":"WebPage","@id":"https:\/\/www.cafedelhomme.com\/pt-br\/nossas-historias","url":"https:\/\/www.cafedelhomme.com\/pt-br\/nossas-historias","name":"Nossas hist\u00f3rias - Caf\u00e9 de l'Homme","isPartOf":{"@id":"https:\/\/www.cafedelhomme.com\/pt-br#website"},"datePublished":"2023-04-19T14:36:34+00:00","dateModified":"2025-10-31T16:01:00+00:00","inLanguage":"pt-BR","potentialAction":[{"@type":"ReadAction","target":["https:\/\/www.cafedelhomme.com\/pt-br\/nossas-historias"]}]},{"@type":"WebSite","@id":"https:\/\/www.cafedelhomme.com\/pt-br#website","url":"https:\/\/www.cafedelhomme.com\/pt-br","name":"Caf\u00e9 de l'Homme","description":"","publisher":{"@id":"https:\/\/www.cafedelhomme.com\/pt-br#organization"},"potentialAction":[{"@type":"SearchAction","target":{"@type":"EntryPoint","urlTemplate":"https:\/\/www.cafedelhomme.com\/pt-br?s={search_term_string}"},"query-input":{"@type":"PropertyValueSpecification","valueRequired":true,"valueName":"search_term_string"}}],"inLanguage":"pt-BR"},{"@type":"Organization","@id":"https:\/\/www.cafedelhomme.com\/pt-br#organization","name":"Caf\u00e9 de l'Homme","url":"https:\/\/www.cafedelhomme.com\/pt-br","logo":{"@type":"ImageObject","inLanguage":"pt-BR","@id":"https:\/\/www.cafedelhomme.com\/pt-br#\/schema\/logo\/image\/","url":"https:\/\/www.cafedelhomme.com\/wp-content\/uploads\/2023\/04\/big-logo-300x163-1.png","contentUrl":"https:\/\/www.cafedelhomme.com\/wp-content\/uploads\/2023\/04\/big-logo-300x163-1.png","width":300,"height":163,"caption":"Caf\u00e9 de l'Homme"},"image":{"@id":"https:\/\/www.cafedelhomme.com\/pt-br#\/schema\/logo\/image\/"},"sameAs":["https:\/\/www.facebook.com\/cafedelhomme","https:\/\/www.instagram.com\/cafedelhomme\/"]}]}},"_links":{"self":[{"href":"https:\/\/www.cafedelhomme.com\/pt-br\/wp-json\/wp\/v2\/pages\/7933","targetHints":{"allow":["GET"]}}],"collection":[{"href":"https:\/\/www.cafedelhomme.com\/pt-br\/wp-json\/wp\/v2\/pages"}],"about":[{"href":"https:\/\/www.cafedelhomme.com\/pt-br\/wp-json\/wp\/v2\/types\/page"}],"author":[{"embeddable":true,"href":"https:\/\/www.cafedelhomme.com\/pt-br\/wp-json\/wp\/v2\/users\/1"}],"replies":[{"embeddable":true,"href":"https:\/\/www.cafedelhomme.com\/pt-br\/wp-json\/wp\/v2\/comments?post=7933"}],"version-history":[{"count":7,"href":"https:\/\/www.cafedelhomme.com\/pt-br\/wp-json\/wp\/v2\/pages\/7933\/revisions"}],"predecessor-version":[{"id":13455,"href":"https:\/\/www.cafedelhomme.com\/pt-br\/wp-json\/wp\/v2\/pages\/7933\/revisions\/13455"}],"wp:attachment":[{"href":"https:\/\/www.cafedelhomme.com\/pt-br\/wp-json\/wp\/v2\/media?parent=7933"}],"curies":[{"name":"wp","href":"https:\/\/api.w.org\/{rel}","templated":true}]}}