{"id":7964,"date":"2023-05-04T11:58:40","date_gmt":"2023-05-04T09:58:40","guid":{"rendered":"https:\/\/www.cafedelhomme.com\/la-carte"},"modified":"2026-03-23T14:22:41","modified_gmt":"2026-03-23T13:22:41","slug":"la-carte","status":"publish","type":"page","link":"https:\/\/www.cafedelhomme.com\/pt-br\/la-carte","title":{"rendered":"La Carte"},"content":{"rendered":"<div class=\"wpb-content-wrapper\"><p>[vc_row responsive_css=&#8221;margin_bottom_large:144px|padding_top_large:80px&#8221; el_id=&#8221;introdu\u00e7\u00e3o de migalhas&#8221; el_class=&#8221;header_carte menu_nos_cartes&#8221; css=&#8221;.vc_custom_1684507946909{margin-bottom: 90px !important;padding-top: 40px !important;}&#8221;][vc_column align=&#8221;text-center&#8221;][vc_raw_html]W2Fkbl9icmVhZGNydW1iXQ==[\/vc_raw_html][vc_custom_heading text=&#8221;Nossos cart\u00f5es&#8221; font_container=&#8221;tag:h1|text_align:center&#8221; css=&#8221;&#8221;][vc_column_text css=&#8221;&#8221; el_id=&#8221;carte_desc&#8221;]O Chef Wilfried Graux criou um menu gastron\u00f4mico para o Caf\u00e9 de l&#8217;Homme usando produtos frescos da esta\u00e7\u00e3o. Cada cria\u00e7\u00e3o celebra a qualidade dos ingredientes e a eleg\u00e2ncia dos sabores, usando as combina\u00e7\u00f5es certas e refinadas. Descubra uma sele\u00e7\u00e3o de entradas, pratos principais, pratos para compartilhar e sobremesas criadas para acompanhar cada uma de nossas experi\u00eancias.[\/vc_column_text]<a href=\"https:\/\/www.cafedelhomme.com\/wp-content\/uploads\/2024\/10\/carte-des-vins-wine-list-cafedelhomme-2024.pdf\" target=\"_blank\" class=\"btn btn-default btn-bordered border-thin btn btn-outline btn-outline-black hide ld_button_69e11e79a989e\">\n\t<span>\n\t\t\n\t\t\t\t\t<span class=\"btn-txt\">d\u00e9couvrez notre carte des vins.<\/span>\n\t\t\t\n\t\t\t\t<\/span>\n<\/a>\n\n<ul id=\"menu_experiences\" class=\"lqd-custom-menu reset-ul   menu_experiences\"><li id=\"menu-item-9450\" class=\"hide menu-item menu-item-type-custom menu-item-object-custom menu-item-9450\"><a href=\"#menu-dejeuner\">Menu de caf\u00e9 da manh\u00e3<\/a><\/li>\n<li id=\"menu-item-9451\" class=\"menu-item menu-item-type-custom menu-item-object-custom menu-item-9451\"><a href=\"#la-carte-des-vins\">A carta de vinhos<\/a><\/li>\n<li id=\"menu-item-9452\" class=\"hide menu-item menu-item-type-custom menu-item-object-custom menu-item-9452\"><a href=\"#cocktails-spiritueux\">Coquet\u00e9is e destilados<\/a><\/li>\n<li id=\"menu-item-9454\" class=\"menu-item menu-item-type-custom menu-item-object-custom menu-item-9454\"><a href=\"#carte-drinks\">As bebidas<\/a><\/li>\n<\/ul>[\/vc_column][\/vc_row][vc_section el_id=&#8221;la-carte-principale&#8221; el_class=&#8221;section-carte active&#8221;][vc_row][vc_column align=&#8221;text-center&#8221;][vc_custom_heading text=&#8221;Charles Heidsieck&#8221; font_container=&#8221;tag:h3|text_align:center&#8221; el_class=&#8221;charles&#8221;][vc_column_text]<\/p>\n<p style=\"text-align: center;\">Champanhe em ta\u00e7a 12,5cl<\/p>\n<p>[\/vc_column_text][vc_row_inner][vc_column_inner width=&#8221;1\/3&#8243;][vc_column_text el_class=&#8221;text_uppercase&#8221;]Brut R\u00e9serve[\/vc_column_text][vc_column_text]25-[\/vc_column_text][\/vc_column_inner][vc_column_inner width=&#8221;1\/3&#8243;][vc_column_text el_class=&#8221;text_uppercase&#8221;]Reserva Ros\u00e9[\/vc_column_text][vc_column_text]30-[\/vc_column_text][\/vc_column_inner][vc_column_inner width=&#8221;1\/3&#8243;][vc_column_text el_class=&#8221;text_uppercase&#8221;]Blanc de Blancs[\/vc_column_text][vc_column_text]30-[\/vc_column_text][\/vc_column_inner][\/vc_row_inner][vc_separator][\/vc_column][\/vc_row][vc_row equal_height=&#8221;yes&#8221;][vc_column width=&#8221;1\/4&#8243; el_class=&#8221;sticky-menu&#8221; responsive_css=&#8221;padding_top_large:72px&#8221; css=&#8221;.vc_custom_1684507433834{padding-top: 30px !important;}&#8221;][vc_raw_html]W2NkaF9tZW51X25hdiBjYXRlZz0ibGEtY2FydGUtcHJpbmNpcGFsZSJd[\/vc_raw_html][\/vc_column][vc_column width=&#8221;3\/4&#8243;][vc_raw_html]W2NkaF9tZW51IGNhdGVnPSJlbnRyZWVzIl0=[\/vc_raw_html][vc_raw_html css=&#8221;&#8221;]W2NkaF9tZW51IGNhdGVnPSJwbGF0cy1hLXBhcnRhZ2VyIl0=[\/vc_raw_html][vc_raw_html css=&#8221;&#8221;]W2NkaF9tZW51IGNhdGVnPSJwbGF0cyJd[\/vc_raw_html][vc_raw_html]W2NkaF9tZW51IGNhdGVnPSJnYXJuaXR1cmVzIl0=[\/vc_raw_html][vc_raw_html]W2NkaF9tZW51IGNhdGVnPSJmcm9tYWdlIl0=[\/vc_raw_html][vc_raw_html]W2NkaF9tZW51IGNhdGVnPSJmcm9tYWdlLWRlc3NlcnRzIl0=[\/vc_raw_html][vc_raw_html]W2NkaF9tZW51IGNhdGVnPSJlYXV4LW1pbmVyYWxlcyJd[\/vc_raw_html][\/vc_column][\/vc_row][vc_row equal_height=&#8221;yes&#8221; content_placement=&#8221;top&#8221; responsive_css=&#8221;padding_bottom_large:72px&#8221; css=&#8221;.vc_custom_1684154042466{padding-bottom: 30px !important;}&#8221; el_class=&#8221;la_carte&#8221;][vc_column width=&#8221;1\/4&#8243;][\/vc_column][vc_column width=&#8221;3\/4&#8243; el_class=&#8221;carte_entrees&#8221;][vc_custom_heading text=&#8221;AL\u00c9RGENOS&#8221; font_container=&#8221;tag:h3|text_align:left&#8221;][vc_row_inner el_class=&#8221;row_allergen&#8221;][vc_column_inner width=&#8221;1\/6&#8243;][vc_single_image image=&#8221;1291&#8243; img_size=&#8221;full&#8221; alignment=&#8221;center&#8221;][vc_column_text]Peixes<br \/>\n<em>Peixes<\/em>[\/vc_column_text][\/vc_column_inner][vc_column_inner width=&#8221;1\/6&#8243;][vc_single_image image=&#8221;1289&#8243; img_size=&#8221;full&#8221;][vc_column_text]Crust\u00e1ceos<br \/>\n<em>Crust\u00e1ceos<\/em>[\/vc_column_text][\/vc_column_inner][vc_column_inner width=&#8221;1\/6&#8243;][vc_single_image image=&#8221;1288&#8243; img_size=&#8221;full&#8221;][vc_column_text]Aipo<br \/>\n<em>Aipo<\/em>[\/vc_column_text][\/vc_column_inner][vc_column_inner width=&#8221;1\/6&#8243;][vc_single_image image=&#8221;1296&#8243; img_size=&#8221;full&#8221;][vc_column_text]Gergelim<br \/>\n<em>Gergelim<\/em>[\/vc_column_text][\/vc_column_inner][vc_column_inner width=&#8221;1\/6&#8243;][vc_single_image image=&#8221;1281&#8243; img_size=&#8221;full&#8221;][vc_column_text]Tremo\u00e7os<br \/>\n Tremo\u00e7os[\/vc_column_text][\/vc_column_inner][vc_column_inner width=&#8221;1\/6&#8243;][vc_single_image image=&#8221;1290&#8243; img_size=&#8221;full&#8221;][vc_column_text]Ovos[\/vc_column_text][\/vc_column_inner][\/vc_row_inner][vc_row_inner el_class=&#8221;row_allergen&#8221;][vc_column_inner width=&#8221;1\/6&#8243;][vc_single_image image=&#8221;1293&#8243; img_size=&#8221;full&#8221;][vc_column_text]Molusco<br \/>\n Mollusca[\/vc_column_text][\/vc_column_inner][vc_column_inner width=&#8221;1\/6&#8243;][vc_single_image image=&#8221;1297&#8243; img_size=&#8221;full&#8221;][vc_column_text]Soja[\/vc_column_text][\/vc_column_inner][vc_column_inner width=&#8221;1\/6&#8243;][vc_single_image image=&#8221;1300&#8243; img_size=&#8221;full&#8221;][vc_column_text]Gl\u00faten<br \/>\n<em>Cerals<\/em>[\/vc_column_text][\/vc_column_inner][vc_column_inner width=&#8221;1\/6&#8243;][vc_single_image image=&#8221;1294&#8243; img_size=&#8221;full&#8221;][vc_column_text]Mostarda[\/vc_column_text][\/vc_column_inner][vc_column_inner width=&#8221;1\/6&#8243;][vc_single_image image=&#8221;1295&#8243; img_size=&#8221;full&#8221;][vc_column_text]Amendoim<br \/>\n<em>Amendoim<\/em>[\/vc_column_text][\/vc_column_inner][vc_column_inner width=&#8221;1\/6&#8243;][vc_single_image image=&#8221;1292&#8243; img_size=&#8221;full&#8221;][vc_column_text]Leite[\/vc_column_text][\/vc_column_inner][\/vc_row_inner][vc_row_inner el_class=&#8221;row_allergen&#8221;][vc_column_inner width=&#8221;1\/6&#8243;][vc_single_image image=&#8221;1298&#8243; img_size=&#8221;full&#8221;][vc_column_text]Sulfitos<br \/>\n Sulfitos[\/vc_column_text][\/vc_column_inner][vc_column_inner width=&#8221;1\/6&#8243;][vc_single_image image=&#8221;1299&#8243; img_size=&#8221;full&#8221;][vc_column_text]Nuts[\/vc_column_text][\/vc_column_inner][\/vc_row_inner][\/vc_column][\/vc_row][\/vc_section][vc_section el_id=&#8221;la-carte-des-vins&#8221; el_class=&#8221;section-carte&#8221;][vc_row equal_height=&#8221;yes&#8221;][vc_column width=&#8221;1\/4&#8243; el_class=&#8221;sticky-menu&#8221; responsive_css=&#8221;padding_top_large:72px&#8221; css=&#8221;.vc_custom_1684507483347{padding-top: 30px !important;}&#8221;][vc_raw_html]W2NkaF9tZW51X25hdiBjYXRlZz0ibGEtY2FydGUtZGVzLXZpbnMiXQ==[\/vc_raw_html][\/vc_column][vc_column width=&#8221;3\/4&#8243;][vc_raw_html]W2NkaF9tZW51IGNhdGVnPSJjaGFybGVzLWhlaWRzaWVjayJd[\/vc_raw_html][vc_raw_html css=&#8221;&#8221;]W2NkaF9tZW51IGNhdGVnPSJyYXJlLWNoYW1wYWduZSJd[\/vc_raw_html][vc_raw_html]W2NkaF9tZW51IGNhdGVnPSJjaGFtcGFnbmVzIl0=[\/vc_raw_html][vc_raw_html]W2NkaF9tZW51IGNhdGVnPSJ2aW5zLWJsYW5jcyJd[\/vc_raw_html][vc_raw_html]W2NkaF9tZW51IGNhdGVnPSJ2aW5zLXJvdWdlcyJd[\/vc_raw_html][vc_raw_html css=&#8221;&#8221;]W2NkaF9tZW51IGNhdGVnPSJjbGFzZS1henVsIl0=[\/vc_raw_html][vc_raw_html css=&#8221;&#8221;]W2NkaF9tZW51IGNhdGVnPSJkZW1pLWJvdXRlaWxsZXMiXQ==[\/vc_raw_html][vc_raw_html css=&#8221;&#8221;]W2NkaF9tZW51IGNhdGVnPSJtYWdudW1zIl0=[\/vc_raw_html][vc_raw_html]W2NkaF9tZW51IGNhdGVnPSJ2aW5zLXJvc2VzIl0=[\/vc_raw_html][vc_raw_html css=&#8221;&#8221;]W2NkaF9tZW51IGNhdGVnPSJzYWtlIl0=[\/vc_raw_html][vc_raw_html css=&#8221;&#8221;]W2NkaF9tZW51IGNhdGVnPSJ0ZXF1aWxhIl0=[\/vc_raw_html][vc_raw_html css=&#8221;&#8221;]W2NkaF9tZW51IGNhdGVnPSJyaHVtIl0=[\/vc_raw_html][vc_raw_html css=&#8221;&#8221;]W2NkaF9tZW51IGNhdGVnPSJ3aGlza3kiXQ==[\/vc_raw_html][vc_raw_html css=&#8221;&#8221;]W2NkaF9tZW51IGNhdGVnPSJzb3V2ZW5pcnMiXQ==[\/vc_raw_html][vc_raw_html css=&#8221;&#8221;]W2NkaF9tZW51IGNhdGVnPSJ2aW5zLXNhbnMtYWxjb29sIl0=[\/vc_raw_html][\/vc_column][\/vc_row][\/vc_section][vc_section el_id=&#8221;cocktails-spiritueux&#8221; el_class=&#8221;section-carte&#8221;][vc_row][vc_column align=&#8221;text-center&#8221;][vc_custom_heading text=&#8221;Charles Heidsieck&#8221; font_container=&#8221;tag:h3|text_align:center&#8221; el_class=&#8221;charles&#8221;][vc_column_text]<\/p>\n<p style=\"text-align: center;\">Champanhe em ta\u00e7a 12,5cl<\/p>\n<p>[\/vc_column_text][vc_row_inner][vc_column_inner width=&#8221;1\/3&#8243;][vc_column_text el_class=&#8221;text_uppercase&#8221;]Brut R\u00e9serve[\/vc_column_text][vc_column_text]25-[\/vc_column_text][\/vc_column_inner][vc_column_inner width=&#8221;1\/3&#8243;][vc_column_text el_class=&#8221;text_uppercase&#8221;]Reserva Ros\u00e9[\/vc_column_text][vc_column_text]30-[\/vc_column_text][\/vc_column_inner][vc_column_inner width=&#8221;1\/3&#8243;][vc_column_text el_class=&#8221;text_uppercase&#8221;]Blanc de Blancs[\/vc_column_text][vc_column_text]30-[\/vc_column_text][\/vc_column_inner][\/vc_row_inner][vc_separator][\/vc_column][\/vc_row][vc_row equal_height=&#8221;yes&#8221;][vc_column width=&#8221;1\/4&#8243; el_class=&#8221;sticky-menu&#8221; responsive_css=&#8221;padding_top_large:72px&#8221; css=&#8221;.vc_custom_1684507493594{padding-top: 30px !important;}&#8221;][vc_raw_html]W2NkaF9tZW51X25hdiBjYXRlZz0iY29ja3RhaWxzLXNwaXJpdHVldXgiXQ==[\/vc_raw_html][\/vc_column][vc_column width=&#8221;3\/4&#8243;][vc_raw_html]W2NkaF9tZW51IGNhdGVnPSJjb2NrdGFpbHMiXQ==[\/vc_raw_html][vc_raw_html]W2NkaF9tZW51IGNhdGVnPSJ2aW5zLWF1LXZlcnJlIl0=[\/vc_raw_html][vc_raw_html]W2NkaF9tZW51IGNhdGVnPSJkZWNvdXZlcnRlcyJd[\/vc_raw_html][vc_raw_html]W2NkaF9tZW51IGNhdGVnPSJzcGkiXQ==[\/vc_raw_html][vc_raw_html]W2NkaF9tZW51IGNhdGVnPSJhdXRyZXMiXQ==[\/vc_raw_html][\/vc_column][\/vc_row][\/vc_section][vc_section el_id=&#8221;carte-boisson&#8221; el_class=&#8221;section-carte&#8221;][vc_row][vc_column align=&#8221;text-center&#8221;][vc_custom_heading text=&#8221;Charles Heidsieck&#8221; font_container=&#8221;tag:h3|text_align:center&#8221; el_class=&#8221;charles&#8221;][vc_column_text]<\/p>\n<p style=\"text-align: center;\">Champanhe em ta\u00e7a 12,5cl<\/p>\n<p>[\/vc_column_text][vc_row_inner][vc_column_inner width=&#8221;1\/3&#8243;][vc_column_text el_class=&#8221;text_uppercase&#8221;]Brut R\u00e9serve[\/vc_column_text][vc_column_text]25-[\/vc_column_text][\/vc_column_inner][vc_column_inner width=&#8221;1\/3&#8243;][vc_column_text el_class=&#8221;text_uppercase&#8221;]Reserva Ros\u00e9[\/vc_column_text][vc_column_text]30-[\/vc_column_text][\/vc_column_inner][vc_column_inner width=&#8221;1\/3&#8243;][vc_column_text el_class=&#8221;text_uppercase&#8221;]Blanc de Blancs[\/vc_column_text][vc_column_text]30-[\/vc_column_text][\/vc_column_inner][\/vc_row_inner][vc_separator][\/vc_column][\/vc_row][vc_row equal_height=&#8221;yes&#8221;][vc_column width=&#8221;1\/4&#8243; el_class=&#8221;sticky-menu&#8221; responsive_css=&#8221;padding_top_large:72px&#8221; css=&#8221;.vc_custom_1684507493594{padding-top: 30px !important;}&#8221;][\/vc_column][vc_column width=&#8221;3\/4&#8243;][vc_raw_html]W2NkaF9tZW51IGNhdGVnPSJmb29kIl0=[\/vc_raw_html][\/vc_column][\/vc_row][\/vc_section][vc_section el_id=&#8221;carte-drinks&#8221; el_class=&#8221;section-carte&#8221;][vc_row][vc_column align=&#8221;text-center&#8221;][vc_custom_heading text=&#8221;Charles Heidsieck&#8221; font_container=&#8221;tag:h3|text_align:center&#8221; el_class=&#8221;charles&#8221;][vc_column_text]<\/p>\n<p style=\"text-align: center;\">Champanhe em ta\u00e7a 12,5cl<\/p>\n<p>[\/vc_column_text][vc_row_inner][vc_column_inner width=&#8221;1\/3&#8243;][vc_column_text el_class=&#8221;text_uppercase&#8221;]Brut R\u00e9serve[\/vc_column_text][vc_column_text]25-[\/vc_column_text][\/vc_column_inner][vc_column_inner width=&#8221;1\/3&#8243;][vc_column_text el_class=&#8221;text_uppercase&#8221;]Reserva Ros\u00e9[\/vc_column_text][vc_column_text]30-[\/vc_column_text][\/vc_column_inner][vc_column_inner width=&#8221;1\/3&#8243;][vc_column_text el_class=&#8221;text_uppercase&#8221;]Blanc de Blancs[\/vc_column_text][vc_column_text]30-[\/vc_column_text][\/vc_column_inner][\/vc_row_inner][vc_separator][\/vc_column][\/vc_row][vc_row equal_height=&#8221;yes&#8221;][vc_column width=&#8221;1\/4&#8243; el_class=&#8221;sticky-menu&#8221; responsive_css=&#8221;padding_top_large:72px&#8221; css=&#8221;.vc_custom_1684507493594{padding-top: 30px !important;}&#8221;][\/vc_column][vc_column width=&#8221;3\/4&#8243;][vc_raw_html]W2NkaF9tZW51IGNhdGVnPSJkcmlua3MiXQ==[\/vc_raw_html][\/vc_column][\/vc_row][\/vc_section][vc_section disable_element=&#8221;yes&#8221; el_id=&#8221;menu-dejeuner&#8221; el_class=&#8221;section-carte&#8221;][vc_row][vc_column align=&#8221;text-center&#8221;][vc_column_text css=&#8221;.vc_custom_1710521061443{margin-bottom: 80px !important;}&#8221;]<\/p>\n<p style=\"text-align: center;\"><i class=\"fa fa-info-circle\" aria-hidden=\"true\"><\/i>Menu dispon\u00edvel de segunda-feira, 18 de mar\u00e7o, a <span id=\"260\">sexta-feira<\/span>, 22 de mar\u00e7o<\/p>\n<p style=\"text-align: center;\">-<\/p>\n<p style=\"text-align: center;\">Menu dispon\u00edvel de segunda-feira, 18 de mar\u00e7o, a sexta-feira, 22 de mar\u00e7o<\/p>\n<p>[\/vc_column_text][vc_custom_heading text=&#8221;Charles Heidsieck&#8221; font_container=&#8221;tag:h3|text_align:center&#8221; el_class=&#8221;charles&#8221;][vc_column_text]<\/p>\n<p style=\"text-align: center;\">Champanhe em ta\u00e7a 12,5cl<\/p>\n<p>[\/vc_column_text][vc_row_inner][vc_column_inner width=&#8221;1\/3&#8243;][vc_column_text el_class=&#8221;text_uppercase&#8221;]Brut R\u00e9serve[\/vc_column_text][vc_column_text]25-[\/vc_column_text][\/vc_column_inner][vc_column_inner width=&#8221;1\/3&#8243;][vc_column_text el_class=&#8221;text_uppercase&#8221;]Reserva Ros\u00e9[\/vc_column_text][vc_column_text]30-[\/vc_column_text][\/vc_column_inner][vc_column_inner width=&#8221;1\/3&#8243;][vc_column_text el_class=&#8221;text_uppercase&#8221;]Blanc de Blancs[\/vc_column_text][vc_column_text]30-[\/vc_column_text][\/vc_column_inner][\/vc_row_inner][vc_separator][\/vc_column][\/vc_row][vc_row equal_height=&#8221;yes&#8221;][vc_column width=&#8221;1\/4&#8243; el_class=&#8221;sticky-menu&#8221; responsive_css=&#8221;padding_top_large:72px&#8221; css=&#8221;.vc_custom_1684507493594{padding-top: 30px !important;}&#8221;][vc_raw_html]W2NkaF9tZW51X25hdiBjYXRlZz0ibWVudS1kZWpldW5lciJd[\/vc_raw_html][\/vc_column][vc_column width=&#8221;3\/4&#8243;][vc_raw_html]W2NkaF9tZW51IGNhdGVnPSJkZWxpY2UtZGVudHJlZSJd[\/vc_raw_html][vc_raw_html]W2NkaF9tZW51IGNhdGVnPSJzdWdnZXN0aW9ucy1kdS1jaGVmIl0=[\/vc_raw_html][vc_raw_html]W2NkaF9tZW51IGNhdGVnPSJzZWxlY3Rpb24tZGUtZnJvbWFnZXMiXQ==[\/vc_raw_html][vc_raw_html]W2NkaF9tZW51IGNhdGVnPSJkZXNzZXJ0cy1kZWpldW5lciJd[\/vc_raw_html][\/vc_column][\/vc_row][\/vc_section][vc_row el_id=&#8221;experience-cdh&#8221; responsive_css=&#8221;padding_top_large:250px|padding_bottom_large:250px&#8221; css=&#8221;.vc_custom_1774016412108{padding-top: 80px !important;padding-bottom: 80px !important;background-color: #000000 !important;}&#8221;][vc_column][vc_custom_heading text=&#8221;Venha e descubra a experi\u00eancia do Caf\u00e9 de l&apos;Homme&#8221; font_container=&#8221;tag:h2|text_align:center&#8221; css=&#8221;.vc_custom_1774017341296{margin-bottom: 0px !important;}&#8221;][vc_column_text]Desfrute de uma experi\u00eancia verdadeiramente atemporal. Voc\u00ea est\u00e1 pronto para essa experi\u00eancia?[\/vc_column_text][vc_row_inner][vc_column_inner align=&#8221;text-center&#8221; el_class=&#8221;group_btn&#8221;]<a href=\"#\" class=\"btn btn-default btn-bordered border-thin btn btn-outline btn-outline-white sr-res-root ld_button_69e11e79aad75\">\n\t<span>\n\t\t\n\t\t\t\t\t<span class=\"btn-txt\">Fa\u00e7a uma reserva.<\/span>\n\t\t\t\n\t\t\t\t<\/span>\n<\/a>\n[\/vc_column_inner][\/vc_row_inner][\/vc_column][\/vc_row]<\/p>\n<\/div>","protected":false},"excerpt":{"rendered":"<p>[vc_row responsive_css=&#8221;margin_bottom_large:144px|padding_top_large:80px&#8221; el_id=&#8221;introdu\u00e7\u00e3o de migalhas&#8221; el_class=&#8221;header_carte menu_nos_cartes&#8221; css=&#8221;.vc_custom_1684507946909{margin-bottom: 90px !important;padding-top: 40px !important;}&#8221;][vc_column align=&#8221;text-center&#8221;][vc_raw_html]W2Fkbl9icmVhZGNydW1iXQ==[\/vc_raw_html][vc_custom_heading text=&#8221;Nossos cart\u00f5es&#8221; font_container=&#8221;tag:h1|text_align:center&#8221; css=&#8221;&#8221;][vc_column_text css=&#8221;&#8221; el_id=&#8221;carte_desc&#8221;]O Chef Wilfried Graux criou um menu gastron\u00f4mico para o Caf\u00e9 de l&#8217;Homme usando produtos frescos da esta\u00e7\u00e3o. Cada cria\u00e7\u00e3o celebra a qualidade dos ingredientes e a&#8230;<\/p>\n","protected":false},"author":3,"featured_media":0,"parent":0,"menu_order":0,"comment_status":"closed","ping_status":"closed","template":"","meta":{"_acf_changed":false,"footnotes":""},"class_list":["post-7964","page","type-page","status-publish","hentry"],"acf":[],"yoast_head":"<!-- This site is optimized with the Yoast SEO Premium plugin v20.10 (Yoast SEO v27.0) - https:\/\/yoast.com\/product\/yoast-seo-premium-wordpress\/ -->\n<title>La Carte - Caf\u00e9 de l&#039;Homme<\/title>\n<meta name=\"robots\" content=\"index, follow, max-snippet:-1, max-image-preview:large, max-video-preview:-1\" \/>\n<link rel=\"canonical\" href=\"https:\/\/www.cafedelhomme.com\/pt-br\/la-carte\" \/>\n<meta property=\"og:locale\" content=\"pt_BR\" \/>\n<meta property=\"og:type\" content=\"article\" \/>\n<meta property=\"og:title\" content=\"La Carte - Caf\u00e9 de l&#039;Homme\" \/>\n<meta property=\"og:description\" content=\"[vc_row responsive_css=&#8221;margin_bottom_large:144px|padding_top_large:80px&#8221; el_id=&#8221;introdu\u00e7\u00e3o de migalhas&#8221; el_class=&#8221;header_carte menu_nos_cartes&#8221; css=&#8221;.vc_custom_1684507946909{margin-bottom: 90px !important;padding-top: 40px !important;}&#8221;][vc_column align=&#8221;text-center&#8221;][vc_raw_html]W2Fkbl9icmVhZGNydW1iXQ==[\/vc_raw_html][vc_custom_heading text=&#8221;Nossos cart\u00f5es&#8221; font_container=&#8221;tag:h1|text_align:center&#8221; css=&#8221;&#8221;][vc_column_text css=&#8221;&#8221; el_id=&#8221;carte_desc&#8221;]O Chef Wilfried Graux criou um menu gastron\u00f4mico para o Caf\u00e9 de l&#8217;Homme usando produtos frescos da esta\u00e7\u00e3o. Cada cria\u00e7\u00e3o celebra a qualidade dos ingredientes e a...\" \/>\n<meta property=\"og:url\" content=\"https:\/\/www.cafedelhomme.com\/pt-br\/la-carte\" \/>\n<meta property=\"og:site_name\" content=\"Caf\u00e9 de l&#039;Homme\" \/>\n<meta property=\"article:publisher\" content=\"https:\/\/www.facebook.com\/cafedelhomme\" \/>\n<meta property=\"article:modified_time\" content=\"2026-03-23T13:22:41+00:00\" \/>\n<meta name=\"twitter:card\" content=\"summary_large_image\" \/>\n<meta name=\"twitter:label1\" content=\"Est. tempo de leitura\" \/>\n\t<meta name=\"twitter:data1\" content=\"5 minutos\" \/>\n<script type=\"application\/ld+json\" class=\"yoast-schema-graph\">{\"@context\":\"https:\/\/schema.org\",\"@graph\":[{\"@type\":\"WebPage\",\"@id\":\"https:\/\/www.cafedelhomme.com\/pt-br\/la-carte\",\"url\":\"https:\/\/www.cafedelhomme.com\/pt-br\/la-carte\",\"name\":\"La Carte - Caf\u00e9 de l'Homme\",\"isPartOf\":{\"@id\":\"https:\/\/www.cafedelhomme.com\/pt-br#website\"},\"datePublished\":\"2023-05-04T09:58:40+00:00\",\"dateModified\":\"2026-03-23T13:22:41+00:00\",\"inLanguage\":\"pt-BR\",\"potentialAction\":[{\"@type\":\"ReadAction\",\"target\":[\"https:\/\/www.cafedelhomme.com\/pt-br\/la-carte\"]}]},{\"@type\":\"WebSite\",\"@id\":\"https:\/\/www.cafedelhomme.com\/pt-br#website\",\"url\":\"https:\/\/www.cafedelhomme.com\/pt-br\",\"name\":\"Caf\u00e9 de l'Homme\",\"description\":\"\",\"publisher\":{\"@id\":\"https:\/\/www.cafedelhomme.com\/pt-br#organization\"},\"potentialAction\":[{\"@type\":\"SearchAction\",\"target\":{\"@type\":\"EntryPoint\",\"urlTemplate\":\"https:\/\/www.cafedelhomme.com\/pt-br?s={search_term_string}\"},\"query-input\":{\"@type\":\"PropertyValueSpecification\",\"valueRequired\":true,\"valueName\":\"search_term_string\"}}],\"inLanguage\":\"pt-BR\"},{\"@type\":\"Organization\",\"@id\":\"https:\/\/www.cafedelhomme.com\/pt-br#organization\",\"name\":\"Caf\u00e9 de l'Homme\",\"url\":\"https:\/\/www.cafedelhomme.com\/pt-br\",\"logo\":{\"@type\":\"ImageObject\",\"inLanguage\":\"pt-BR\",\"@id\":\"https:\/\/www.cafedelhomme.com\/pt-br#\/schema\/logo\/image\/\",\"url\":\"https:\/\/www.cafedelhomme.com\/wp-content\/uploads\/2023\/04\/big-logo-300x163-1.png\",\"contentUrl\":\"https:\/\/www.cafedelhomme.com\/wp-content\/uploads\/2023\/04\/big-logo-300x163-1.png\",\"width\":300,\"height\":163,\"caption\":\"Caf\u00e9 de l'Homme\"},\"image\":{\"@id\":\"https:\/\/www.cafedelhomme.com\/pt-br#\/schema\/logo\/image\/\"},\"sameAs\":[\"https:\/\/www.facebook.com\/cafedelhomme\",\"https:\/\/www.instagram.com\/cafedelhomme\/\"]}]}<\/script>\n<!-- \/ Yoast SEO Premium plugin. -->","yoast_head_json":{"title":"La Carte - Caf\u00e9 de l'Homme","robots":{"index":"index","follow":"follow","max-snippet":"max-snippet:-1","max-image-preview":"max-image-preview:large","max-video-preview":"max-video-preview:-1"},"canonical":"https:\/\/www.cafedelhomme.com\/pt-br\/la-carte","og_locale":"pt_BR","og_type":"article","og_title":"La Carte - Caf\u00e9 de l'Homme","og_description":"[vc_row responsive_css=&#8221;margin_bottom_large:144px|padding_top_large:80px&#8221; el_id=&#8221;introdu\u00e7\u00e3o de migalhas&#8221; el_class=&#8221;header_carte menu_nos_cartes&#8221; css=&#8221;.vc_custom_1684507946909{margin-bottom: 90px !important;padding-top: 40px !important;}&#8221;][vc_column align=&#8221;text-center&#8221;][vc_raw_html]W2Fkbl9icmVhZGNydW1iXQ==[\/vc_raw_html][vc_custom_heading text=&#8221;Nossos cart\u00f5es&#8221; font_container=&#8221;tag:h1|text_align:center&#8221; css=&#8221;&#8221;][vc_column_text css=&#8221;&#8221; el_id=&#8221;carte_desc&#8221;]O Chef Wilfried Graux criou um menu gastron\u00f4mico para o Caf\u00e9 de l&#8217;Homme usando produtos frescos da esta\u00e7\u00e3o. Cada cria\u00e7\u00e3o celebra a qualidade dos ingredientes e a...","og_url":"https:\/\/www.cafedelhomme.com\/pt-br\/la-carte","og_site_name":"Caf\u00e9 de l'Homme","article_publisher":"https:\/\/www.facebook.com\/cafedelhomme","article_modified_time":"2026-03-23T13:22:41+00:00","twitter_card":"summary_large_image","twitter_misc":{"Est. tempo de leitura":"5 minutos"},"schema":{"@context":"https:\/\/schema.org","@graph":[{"@type":"WebPage","@id":"https:\/\/www.cafedelhomme.com\/pt-br\/la-carte","url":"https:\/\/www.cafedelhomme.com\/pt-br\/la-carte","name":"La Carte - Caf\u00e9 de l'Homme","isPartOf":{"@id":"https:\/\/www.cafedelhomme.com\/pt-br#website"},"datePublished":"2023-05-04T09:58:40+00:00","dateModified":"2026-03-23T13:22:41+00:00","inLanguage":"pt-BR","potentialAction":[{"@type":"ReadAction","target":["https:\/\/www.cafedelhomme.com\/pt-br\/la-carte"]}]},{"@type":"WebSite","@id":"https:\/\/www.cafedelhomme.com\/pt-br#website","url":"https:\/\/www.cafedelhomme.com\/pt-br","name":"Caf\u00e9 de l'Homme","description":"","publisher":{"@id":"https:\/\/www.cafedelhomme.com\/pt-br#organization"},"potentialAction":[{"@type":"SearchAction","target":{"@type":"EntryPoint","urlTemplate":"https:\/\/www.cafedelhomme.com\/pt-br?s={search_term_string}"},"query-input":{"@type":"PropertyValueSpecification","valueRequired":true,"valueName":"search_term_string"}}],"inLanguage":"pt-BR"},{"@type":"Organization","@id":"https:\/\/www.cafedelhomme.com\/pt-br#organization","name":"Caf\u00e9 de l'Homme","url":"https:\/\/www.cafedelhomme.com\/pt-br","logo":{"@type":"ImageObject","inLanguage":"pt-BR","@id":"https:\/\/www.cafedelhomme.com\/pt-br#\/schema\/logo\/image\/","url":"https:\/\/www.cafedelhomme.com\/wp-content\/uploads\/2023\/04\/big-logo-300x163-1.png","contentUrl":"https:\/\/www.cafedelhomme.com\/wp-content\/uploads\/2023\/04\/big-logo-300x163-1.png","width":300,"height":163,"caption":"Caf\u00e9 de l'Homme"},"image":{"@id":"https:\/\/www.cafedelhomme.com\/pt-br#\/schema\/logo\/image\/"},"sameAs":["https:\/\/www.facebook.com\/cafedelhomme","https:\/\/www.instagram.com\/cafedelhomme\/"]}]}},"_links":{"self":[{"href":"https:\/\/www.cafedelhomme.com\/pt-br\/wp-json\/wp\/v2\/pages\/7964","targetHints":{"allow":["GET"]}}],"collection":[{"href":"https:\/\/www.cafedelhomme.com\/pt-br\/wp-json\/wp\/v2\/pages"}],"about":[{"href":"https:\/\/www.cafedelhomme.com\/pt-br\/wp-json\/wp\/v2\/types\/page"}],"author":[{"embeddable":true,"href":"https:\/\/www.cafedelhomme.com\/pt-br\/wp-json\/wp\/v2\/users\/3"}],"replies":[{"embeddable":true,"href":"https:\/\/www.cafedelhomme.com\/pt-br\/wp-json\/wp\/v2\/comments?post=7964"}],"version-history":[{"count":10,"href":"https:\/\/www.cafedelhomme.com\/pt-br\/wp-json\/wp\/v2\/pages\/7964\/revisions"}],"predecessor-version":[{"id":17520,"href":"https:\/\/www.cafedelhomme.com\/pt-br\/wp-json\/wp\/v2\/pages\/7964\/revisions\/17520"}],"wp:attachment":[{"href":"https:\/\/www.cafedelhomme.com\/pt-br\/wp-json\/wp\/v2\/media?parent=7964"}],"curies":[{"name":"wp","href":"https:\/\/api.w.org\/{rel}","templated":true}]}}