{"id":7980,"date":"2023-07-11T15:12:58","date_gmt":"2023-07-11T13:12:58","guid":{"rendered":"https:\/\/www.cafedelhomme.com\/mapa-do-site"},"modified":"2025-03-07T10:29:45","modified_gmt":"2025-03-07T09:29:45","slug":"mapa-do-site","status":"publish","type":"page","link":"https:\/\/www.cafedelhomme.com\/pt-br\/mapa-do-site","title":{"rendered":"Mapa do site"},"content":{"rendered":"<div class=\"wpb-content-wrapper\"><p>[vc_row responsive_css=&#8221;padding_top_large:40px|padding_bottom_large:40px&#8221; css=&#8221;.vc_custom_1689081358122{padding-top: 40px !important;padding-bottom: 40px !important;}&#8221;][vc_column][vc_column_text]<div class=\"wsp-container\"><h2 class=\"wsp-pages-title\">P\u00e1ginas<\/h2>\n<ul class=\"wsp-pages-list\">\n<li class=\"page_item page-item-8112\"><a href=\"https:\/\/www.cafedelhomme.com\/pt-br\/acesso-e-contato\">Acesso e contato<\/a><\/li>\n<li class=\"page_item page-item-8503\"><a href=\"https:\/\/www.cafedelhomme.com\/pt-br\/comunicados-a-imprensa\">Comunicados \u00e0 imprensa<\/a><\/li>\n<li class=\"page_item page-item-8124\"><a href=\"https:\/\/www.cafedelhomme.com\/pt-br\/cookies\">Cookies<\/a><\/li>\n<li class=\"page_item page-item-8466\"><a href=\"https:\/\/www.cafedelhomme.com\/pt-br\/criacoes-exclusivas-do-popup-cocktails\">Cria\u00e7\u00f5es exclusivas do Popup Cocktails<\/a><\/li>\n<li class=\"page_item page-item-8607\"><a href=\"https:\/\/www.cafedelhomme.com\/pt-br\/dados-pessoais\">Dados pessoais<\/a><\/li>\n<li class=\"page_item page-item-8732\"><a href=\"https:\/\/www.cafedelhomme.com\/pt-br\/formulario-do-salesforce\">Formul\u00e1rio do Salesforce<\/a><\/li>\n<li class=\"page_item page-item-10686\"><a href=\"https:\/\/www.cafedelhomme.com\/pt-br\/formulario-do-salesforce-2\">Formul\u00e1rio do Salesforce<\/a><\/li>\n<li class=\"page_item page-item-15233\"><a href=\"https:\/\/www.cafedelhomme.com\/pt-br\/informacoes-legais-2\">Informa\u00e7\u00f5es legais<\/a><\/li>\n<li class=\"page_item page-item-7927\"><a href=\"https:\/\/www.cafedelhomme.com\/pt-br\/informacoes-legais\">Informa\u00e7\u00f5es legais<\/a><\/li>\n<li class=\"page_item page-item-8409\"><a href=\"https:\/\/www.cafedelhomme.com\/pt-br\/informacoes-sobre-a-promocao-welcome2025\">Informa\u00e7\u00f5es sobre a promo\u00e7\u00e3o WELCOME2025<\/a><\/li>\n<li class=\"page_item page-item-7947\"><a href=\"https:\/\/www.cafedelhomme.com\/pt-br\">In\u00edcio<\/a><\/li>\n<li class=\"page_item page-item-7964\"><a href=\"https:\/\/www.cafedelhomme.com\/pt-br\/la-carte\">La Carte<\/a><\/li>\n<li class=\"page_item page-item-15050\"><a href=\"https:\/\/www.cafedelhomme.com\/pt-br\/loja\">Loja<\/a><\/li>\n<li class=\"page_item page-item-7931\"><a href=\"https:\/\/www.cafedelhomme.com\/pt-br\/manifesto\">Manifesto<\/a><\/li>\n<li class=\"page_item page-item-7980\"><a href=\"https:\/\/www.cafedelhomme.com\/pt-br\/mapa-do-site\">Mapa do site<\/a><\/li>\n<li class=\"page_item page-item-8426\"><a href=\"https:\/\/www.cafedelhomme.com\/pt-br\/melhor-restaurante-de-paris-16\">Melhor restaurante de Paris 16<\/a><\/li>\n<li class=\"page_item page-item-8102\"><a href=\"https:\/\/www.cafedelhomme.com\/pt-br\/modelo-2-pagina\">Modelo 2 p\u00e1gina<\/a><\/li>\n<li class=\"page_item page-item-8135\"><a href=\"https:\/\/www.cafedelhomme.com\/pt-br\/nossa-experiencia\">Nossa experi\u00eancia<\/a><\/li>\n<li class=\"page_item page-item-17836\"><a href=\"https:\/\/www.cafedelhomme.com\/pt-br\/nossa-experiencia-2\">Nossas experi\u00eancias de redesenho<\/a><\/li>\n<li class=\"page_item page-item-7933\"><a href=\"https:\/\/www.cafedelhomme.com\/pt-br\/nossas-historias\">Nossas hist\u00f3rias<\/a><\/li>\n<li class=\"page_item page-item-8151\"><a href=\"https:\/\/www.cafedelhomme.com\/pt-br\/nossos-produtos-excepcionais\">Nossos produtos excepcionais<\/a><\/li>\n<li class=\"page_item page-item-8159\"><a href=\"https:\/\/www.cafedelhomme.com\/pt-br\/o-cafe-de-lhomme-oferece-a-voce-um-espaco-de-trabalho-conjunto\">O Caf\u00e9 de l&#8217;homme oferece a voc\u00ea um espa\u00e7o de trabalho conjunto<\/a><\/li>\n<li class=\"page_item page-item-8722\"><a href=\"https:\/\/www.cafedelhomme.com\/pt-br\/thank-you\">Obrigado por sua solicita\u00e7\u00e3o<\/a><\/li>\n<li class=\"page_item page-item-8427\"><a href=\"https:\/\/www.cafedelhomme.com\/pt-br\/os-melhores-restaurantes-de-paris\">Os melhores restaurantes de Paris<\/a><\/li>\n<li class=\"page_item page-item-8113\"><a href=\"https:\/\/www.cafedelhomme.com\/pt-br\/pagina-do-modelo\">P\u00e1gina do modelo<\/a><\/li>\n<li class=\"page_item page-item-7926\"><a href=\"https:\/\/www.cafedelhomme.com\/pt-br\/parceiros\">Parceiros<\/a><\/li>\n<li class=\"page_item page-item-8081\"><a href=\"https:\/\/www.cafedelhomme.com\/pt-br\/paris-beauty-popup\">Paris Beauty Popup<\/a><\/li>\n<li class=\"page_item page-item-8603\"><a href=\"https:\/\/www.cafedelhomme.com\/pt-br\/perguntas-frequentes\">Perguntas frequentes<\/a><\/li>\n<li class=\"page_item page-item-8177\"><a href=\"https:\/\/www.cafedelhomme.com\/pt-br\/popup-do-dia-de-ano-novo\">Popup do dia de Ano Novo<\/a><\/li>\n<li class=\"page_item page-item-8072\"><a href=\"https:\/\/www.cafedelhomme.com\/pt-br\/privatizacao-total\">Privatiza\u00e7\u00e3o total<\/a><\/li>\n<li class=\"page_item page-item-8082 page_item_has_children\"><a href=\"https:\/\/www.cafedelhomme.com\/pt-br\/privatizar\">Privatizar<\/a>\n<ul class='children'>\n\t<li class=\"page_item page-item-13613\"><a href=\"https:\/\/www.cafedelhomme.com\/pt-br\/privatizar\/cafe-de-lhomme-a-noite-2\">Caf\u00e9 de l&#8217;Homme \u00e0 noite<\/a><\/li>\n\t<li class=\"page_item page-item-8624\"><a href=\"https:\/\/www.cafedelhomme.com\/pt-br\/privatizar\/cafe-de-lhomme-a-noite\">Caf\u00e9 de l&#8217;Homme \u00e0 noite<\/a><\/li>\n\t<li class=\"page_item page-item-8175\"><a href=\"https:\/\/www.cafedelhomme.com\/pt-br\/privatizar\/cerimonia-de-formatura-em-paris\">Cerim\u00f4nia de formatura em Paris<\/a><\/li>\n\t<li class=\"page_item page-item-8476\"><a href=\"https:\/\/www.cafedelhomme.com\/pt-br\/privatizar\/comemore-o-14-de-julho-em-frente-a-torre-eiffel-cafe-de-lhomme-antigo\">Comemore o 14 de julho em frente \u00e0 Torre Eiffel - Caf\u00e9 de l&#8217;Homme (antigo)<\/a><\/li>\n\t<li class=\"page_item page-item-12977\"><a href=\"https:\/\/www.cafedelhomme.com\/pt-br\/privatizar\/comemore-o-dia-31-de-dezembro-em-frente-a-torre-eiffel\">Comemore o dia 31 de dezembro em frente \u00e0 Torre Eiffel - Caf\u00e9 de l&#8217;Homme<\/a><\/li>\n\t<li class=\"page_item page-item-13498\"><a href=\"https:\/\/www.cafedelhomme.com\/pt-br\/privatizar\/comemore-o-dia-31-de-dezembro-em-frente-a-torre-eiffel-cafe-de-lhomme\">Comemore o dia 31 de dezembro em frente \u00e0 Torre Eiffel - Caf\u00e9 de l&#8217;Homme<\/a><\/li>\n\t<li class=\"page_item page-item-8226\"><a href=\"https:\/\/www.cafedelhomme.com\/pt-br\/privatizar\/congresso-em-paris\">Congresso em Paris<\/a><\/li>\n\t<li class=\"page_item page-item-14280\"><a href=\"https:\/\/www.cafedelhomme.com\/pt-br\/privatizar\/congresso-em-paris-2\">Congresso em Paris<\/a><\/li>\n\t<li class=\"page_item page-item-8181\"><a href=\"https:\/\/www.cafedelhomme.com\/pt-br\/privatizar\/conheca-o-cafe-de-lhomme\">Conhe\u00e7a o Caf\u00e9 de l&#8217;Homme<\/a><\/li>\n\t<li class=\"page_item page-item-8211\"><a href=\"https:\/\/www.cafedelhomme.com\/pt-br\/privatizar\/convencao-em-paris\">Conven\u00e7\u00e3o em Paris<\/a><\/li>\n\t<li class=\"page_item page-item-8189\"><a href=\"https:\/\/www.cafedelhomme.com\/pt-br\/privatizar\/exibicoes-e-lancamentos-de-filmes-em-paris\">Exibi\u00e7\u00f5es e lan\u00e7amentos de filmes em Paris<\/a><\/li>\n\t<li class=\"page_item page-item-8509\"><a href=\"https:\/\/www.cafedelhomme.com\/pt-br\/privatizar\/faca-suas-filmagens-e-aparelhos-de-tv-de-frente-para-a-torre-eiffel\">Fa\u00e7a suas filmagens e aparelhos de TV de frente para a Torre Eiffel<\/a><\/li>\n\t<li class=\"page_item page-item-8203\"><a href=\"https:\/\/www.cafedelhomme.com\/pt-br\/privatizar\/organize-a-festa-de-noivado-dos-seus-sonhos-com-vista-para-a-torre-eiffel\">Organize a festa de noivado dos seus sonhos com vista para a Torre Eiffel<\/a><\/li>\n\t<li class=\"page_item page-item-8268\"><a href=\"https:\/\/www.cafedelhomme.com\/pt-br\/privatizar\/organize-o-casamento-dos-seus-sonhos-com-vista-para-a-torre-eiffel\">Organize o casamento dos seus sonhos com vista para a Torre Eiffel<\/a><\/li>\n\t<li class=\"page_item page-item-8527\"><a href=\"https:\/\/www.cafedelhomme.com\/pt-br\/privatizar\/organize-seu-conselho-de-empresa-em-paris\">Organize seu conselho de empresa em Paris<\/a><\/li>\n\t<li class=\"page_item page-item-8236\"><a href=\"https:\/\/www.cafedelhomme.com\/pt-br\/privatizar\/organize-seu-desfile-da-semana-de-moda-em-frente-a-torre-eiffel\">Organize seu desfile da semana de moda em frente \u00e0 Torre Eiffel<\/a><\/li>\n\t<li class=\"page_item page-item-8541\"><a href=\"https:\/\/www.cafedelhomme.com\/pt-br\/privatizar\/organize-sua-exposicao-de-arte-no-cafe-de-lhomme\">Organize sua exposi\u00e7\u00e3o de arte no Caf\u00e9 de l&#8217;Homme<\/a><\/li>\n\t<li class=\"page_item page-item-8264\"><a href=\"https:\/\/www.cafedelhomme.com\/pt-br\/privatizar\/organize-um-batizado-em-frente-a-torre-eiffel\">Organize um batizado em frente \u00e0 Torre Eiffel<\/a><\/li>\n\t<li class=\"page_item page-item-8218\"><a href=\"https:\/\/www.cafedelhomme.com\/pt-br\/privatizar\/organize-um-desfile-de-moda-em-frente-a-torre-eiffel\">Organize um desfile de moda em frente \u00e0 Torre Eiffel<\/a><\/li>\n\t<li class=\"page_item page-item-8184\"><a href=\"https:\/\/www.cafedelhomme.com\/pt-br\/privatizar\/organize-um-seminario-corporativo-em-paris-com-vista-para-a-torre-eiffel\">Organize um semin\u00e1rio corporativo em Paris com vista para a Torre Eiffel<\/a><\/li>\n\t<li class=\"page_item page-item-8553\"><a href=\"https:\/\/www.cafedelhomme.com\/pt-br\/privatizar\/organize-uma-coletiva-de-imprensa-em-paris-em-frente-a-torre-eiffel\">Organize uma coletiva de imprensa em Paris, em frente \u00e0 Torre Eiffel<\/a><\/li>\n\t<li class=\"page_item page-item-8247\"><a href=\"https:\/\/www.cafedelhomme.com\/pt-br\/privatizar\/organize-uma-competicao-em-um-local-excepcional\">Organize uma competi\u00e7\u00e3o em um local excepcional<\/a><\/li>\n\t<li class=\"page_item page-item-8578\"><a href=\"https:\/\/www.cafedelhomme.com\/pt-br\/privatizar\/privatizar-um-local-exclusivo\">Privatizar um local exclusivo<\/a><\/li>\n\t<li class=\"page_item page-item-8520\"><a href=\"https:\/\/www.cafedelhomme.com\/pt-br\/privatizar\/privatize-uma-sala-de-treinamento-no-centro-de-paris\">Privatize uma sala de treinamento no centro de Paris<\/a><\/li>\n\t<li class=\"page_item page-item-8568\"><a href=\"https:\/\/www.cafedelhomme.com\/pt-br\/privatizar\/realize-sua-conferencia-de-frente-para-a-torre-eiffel\">Realize sua confer\u00eancia de frente para a Torre Eiffel<\/a><\/li>\n\t<li class=\"page_item page-item-8560\"><a href=\"https:\/\/www.cafedelhomme.com\/pt-br\/privatizar\/seu-baile-de-gala-beneficente-em-frente-a-torre-eiffel\">Seu baile de gala beneficente em frente \u00e0 Torre Eiffel<\/a><\/li>\n\t<li class=\"page_item page-item-8612\"><a href=\"https:\/\/www.cafedelhomme.com\/pt-br\/privatizar\/sua-formacao-de-equipe-no-cafe-de-lhomme-no-coracao-de-paris\">Sua forma\u00e7\u00e3o de equipe no Caf\u00e9 de l&#8217;Homme, no cora\u00e7\u00e3o de Paris<\/a><\/li>\n\t<li class=\"page_item page-item-8589\"><a href=\"https:\/\/www.cafedelhomme.com\/pt-br\/privatizar\/uma-festa-de-aniversario-de-prestigio-com-vista-para-a-torre-eiffel\">Uma festa de anivers\u00e1rio de prest\u00edgio com vista para a Torre Eiffel<\/a><\/li>\n\t<li class=\"page_item page-item-8274\"><a href=\"https:\/\/www.cafedelhomme.com\/pt-br\/privatizar\/voce-gostaria-de-lancar-seu-produto-em-frente-a-torre-eiffel\">Voc\u00ea gostaria de lan\u00e7ar seu produto em frente \u00e0 Torre Eiffel?<\/a><\/li>\n<\/ul>\n<\/li>\n<li class=\"page_item page-item-18614\"><a href=\"https:\/\/www.cafedelhomme.com\/pt-br\/privatizar-2\">Privatizar<\/a><\/li>\n<li class=\"page_item page-item-7963\"><a href=\"https:\/\/www.cafedelhomme.com\/pt-br\/rascunho-de-casa\">Rascunho de casa<\/a><\/li>\n<li class=\"page_item page-item-8062\"><a href=\"https:\/\/www.cafedelhomme.com\/pt-br\/recrutamento\">Recrutamento<\/a><\/li>\n<li class=\"page_item page-item-11228\"><a href=\"https:\/\/www.cafedelhomme.com\/pt-br\/groupes\">Refei\u00e7\u00e3o em grupo no Caf\u00e9 de l\u2019Homme Paris<\/a><\/li>\n<li class=\"page_item page-item-9195\"><a href=\"https:\/\/www.cafedelhomme.com\/pt-br\/regras-de-procedimento\">Regras de procedimento<\/a><\/li>\n<li class=\"page_item page-item-8436\"><a href=\"https:\/\/www.cafedelhomme.com\/pt-br\/restaurante-ao-redor-da-torre-eiffel\">Restaurante ao redor da Torre Eiffel<\/a><\/li>\n<li class=\"page_item page-item-9230\"><a href=\"https:\/\/www.cafedelhomme.com\/pt-br\/restaurante-com-dj-em-paris\">Restaurante com DJ em Paris<\/a><\/li>\n<li class=\"page_item page-item-8456\"><a href=\"https:\/\/www.cafedelhomme.com\/pt-br\/restaurante-com-terraco-excepcional-em-paris-16\">Restaurante com terra\u00e7o excepcional em Paris 16<\/a><\/li>\n<li class=\"page_item page-item-8455\"><a href=\"https:\/\/www.cafedelhomme.com\/pt-br\/restaurante-com-vista-para-a-torre-eiffel-em-paris\">Restaurante com vista para a Torre Eiffel em Paris<\/a><\/li>\n<li class=\"page_item page-item-17205\"><a href=\"https:\/\/www.cafedelhomme.com\/pt-br\/restaurante-com-vista-para-paris-2\">Restaurante com vista para Paris<\/a><\/li>\n<li class=\"page_item page-item-9076\"><a href=\"https:\/\/www.cafedelhomme.com\/pt-br\/restaurante-com-vista-para-paris\">Restaurante com vista para Paris<\/a><\/li>\n<li class=\"page_item page-item-8441\"><a href=\"https:\/\/www.cafedelhomme.com\/pt-br\/restaurante-festivo-em-paris\">Restaurante festivo em Paris<\/a><\/li>\n<li class=\"page_item page-item-8449\"><a href=\"https:\/\/www.cafedelhomme.com\/pt-br\/restaurante-gastronomico-em-paris\">Restaurante gastron\u00f4mico em Paris<\/a><\/li>\n<li class=\"page_item page-item-11521\"><a href=\"https:\/\/www.cafedelhomme.com\/pt-br\/restaurante-incomum-em-paris-5\">Restaurante incomum em Paris<\/a><\/li>\n<li class=\"page_item page-item-11778\"><a href=\"https:\/\/www.cafedelhomme.com\/pt-br\/restaurante-incomum-em-paris-6\">Restaurante incomum em Paris<\/a><\/li>\n<li class=\"page_item page-item-8465\"><a href=\"https:\/\/www.cafedelhomme.com\/pt-br\/restaurante-incomum-em-paris\">Restaurante incomum em Paris<\/a><\/li>\n<li class=\"page_item page-item-11820\"><a href=\"https:\/\/www.cafedelhomme.com\/pt-br\/restaurante-incomum-em-paris-7\">Restaurante incomum em Paris<\/a><\/li>\n<li class=\"page_item page-item-13361\"><a href=\"https:\/\/www.cafedelhomme.com\/pt-br\/restaurante-incomum-em-paris-14\">Restaurante incomum em Paris<\/a><\/li>\n<li class=\"page_item page-item-12850\"><a href=\"https:\/\/www.cafedelhomme.com\/pt-br\/restaurante-incomum-em-paris-12\">Restaurante incomum em Paris<\/a><\/li>\n<li class=\"page_item page-item-12610\"><a href=\"https:\/\/www.cafedelhomme.com\/pt-br\/restaurante-incomum-em-paris-10\">Restaurante incomum em Paris<\/a><\/li>\n<li class=\"page_item page-item-12916\"><a href=\"https:\/\/www.cafedelhomme.com\/pt-br\/restaurante-incomum-em-paris-13\">Restaurante incomum em Paris<\/a><\/li>\n<li class=\"page_item page-item-11185\"><a href=\"https:\/\/www.cafedelhomme.com\/pt-br\/restaurante-incomum-em-paris-2\">Restaurante incomum em Paris<\/a><\/li>\n<li class=\"page_item page-item-12222\"><a href=\"https:\/\/www.cafedelhomme.com\/pt-br\/restaurante-incomum-em-paris-8\">Restaurante incomum em Paris<\/a><\/li>\n<li class=\"page_item page-item-11204\"><a href=\"https:\/\/www.cafedelhomme.com\/pt-br\/restaurante-incomum-em-paris-3\">Restaurante incomum em Paris<\/a><\/li>\n<li class=\"page_item page-item-12242\"><a href=\"https:\/\/www.cafedelhomme.com\/pt-br\/restaurante-incomum-em-paris-9\">Restaurante incomum em Paris<\/a><\/li>\n<li class=\"page_item page-item-12762\"><a href=\"https:\/\/www.cafedelhomme.com\/pt-br\/restaurante-incomum-em-paris-11\">Restaurante incomum em Paris<\/a><\/li>\n<li class=\"page_item page-item-11503\"><a href=\"https:\/\/www.cafedelhomme.com\/pt-br\/restaurante-incomum-em-paris-4\">Restaurante incomum em Paris<\/a><\/li>\n<li class=\"page_item page-item-8448\"><a href=\"https:\/\/www.cafedelhomme.com\/pt-br\/restaurante-na-cobertura-com-vista-para-a-torre-eiffel\">Restaurante na cobertura com vista para a Torre Eiffel<\/a><\/li>\n<li class=\"page_item page-item-9237\"><a href=\"https:\/\/www.cafedelhomme.com\/pt-br\/restaurante-para-refeicoes-em-grupo-em-paris\">Restaurante para refei\u00e7\u00f5es em grupo em Paris<\/a><\/li>\n<li class=\"page_item page-item-8479\"><a href=\"https:\/\/www.cafedelhomme.com\/pt-br\/restaurante-proximo-a-torre-eiffel\">Restaurante pr\u00f3ximo \u00e0 Torre Eiffel<\/a><\/li>\n<li class=\"page_item page-item-8488\"><a href=\"https:\/\/www.cafedelhomme.com\/pt-br\/restaurante-romantico-em-paris\">Restaurante rom\u00e2ntico em Paris<\/a><\/li>\n<li class=\"page_item page-item-8763\"><a href=\"https:\/\/www.cafedelhomme.com\/pt-br\/termos-e-condicoes\">Termos e condi\u00e7\u00f5es<\/a><\/li>\n<li class=\"page_item page-item-8702\"><a href=\"https:\/\/www.cafedelhomme.com\/pt-br\/teste-do-salesforce\">Teste do Salesforce<\/a><\/li>\n<li class=\"page_item page-item-8418\"><a href=\"https:\/\/www.cafedelhomme.com\/pt-br\/visita-virtual\">Visita virtual<\/a><\/li>\n<\/ul>\n<\/div>[\/vc_column_text][\/vc_column][\/vc_row]<\/p>\n<\/div>","protected":false},"excerpt":{"rendered":"<p>[vc_row responsive_css=&#8221;padding_top_large:40px|padding_bottom_large:40px&#8221; css=&#8221;.vc_custom_1689081358122{padding-top: 40px !important;padding-bottom: 40px !important;}&#8221;][vc_column][vc_column_text][\/vc_column_text][\/vc_column][\/vc_row]<\/p>\n","protected":false},"author":8,"featured_media":0,"parent":0,"menu_order":0,"comment_status":"closed","ping_status":"closed","template":"","meta":{"_acf_changed":false,"footnotes":""},"class_list":["post-7980","page","type-page","status-publish","hentry"],"acf":[],"yoast_head":"<!-- This site is optimized with the Yoast SEO Premium plugin v20.10 (Yoast SEO v27.0) - https:\/\/yoast.com\/product\/yoast-seo-premium-wordpress\/ -->\n<title>Mapa do site - Caf\u00e9 de l&#039;Homme<\/title>\n<meta name=\"robots\" content=\"index, follow, max-snippet:-1, max-image-preview:large, max-video-preview:-1\" \/>\n<link rel=\"canonical\" href=\"https:\/\/www.cafedelhomme.com\/pt-br\/mapa-do-site\" \/>\n<meta property=\"og:locale\" content=\"pt_BR\" \/>\n<meta property=\"og:type\" content=\"article\" \/>\n<meta property=\"og:title\" content=\"Mapa do site - Caf\u00e9 de l&#039;Homme\" \/>\n<meta property=\"og:description\" content=\"[vc_row responsive_css=&#8221;padding_top_large:40px|padding_bottom_large:40px&#8221; css=&#8221;.vc_custom_1689081358122{padding-top: 40px !important;padding-bottom: 40px !important;}&#8221;][vc_column][vc_column_text][\/vc_column_text][\/vc_column][\/vc_row]\" \/>\n<meta property=\"og:url\" content=\"https:\/\/www.cafedelhomme.com\/pt-br\/mapa-do-site\" \/>\n<meta property=\"og:site_name\" content=\"Caf\u00e9 de l&#039;Homme\" \/>\n<meta property=\"article:publisher\" content=\"https:\/\/www.facebook.com\/cafedelhomme\" \/>\n<meta property=\"article:modified_time\" content=\"2025-03-07T09:29:45+00:00\" \/>\n<meta name=\"twitter:card\" content=\"summary_large_image\" \/>\n<script type=\"application\/ld+json\" class=\"yoast-schema-graph\">{\"@context\":\"https:\/\/schema.org\",\"@graph\":[{\"@type\":\"WebPage\",\"@id\":\"https:\/\/www.cafedelhomme.com\/pt-br\/mapa-do-site\",\"url\":\"https:\/\/www.cafedelhomme.com\/pt-br\/mapa-do-site\",\"name\":\"Mapa do site - Caf\u00e9 de l'Homme\",\"isPartOf\":{\"@id\":\"https:\/\/www.cafedelhomme.com\/pt-br#website\"},\"datePublished\":\"2023-07-11T13:12:58+00:00\",\"dateModified\":\"2025-03-07T09:29:45+00:00\",\"inLanguage\":\"pt-BR\",\"potentialAction\":[{\"@type\":\"ReadAction\",\"target\":[\"https:\/\/www.cafedelhomme.com\/pt-br\/mapa-do-site\"]}]},{\"@type\":\"WebSite\",\"@id\":\"https:\/\/www.cafedelhomme.com\/pt-br#website\",\"url\":\"https:\/\/www.cafedelhomme.com\/pt-br\",\"name\":\"Caf\u00e9 de l'Homme\",\"description\":\"\",\"publisher\":{\"@id\":\"https:\/\/www.cafedelhomme.com\/pt-br#organization\"},\"potentialAction\":[{\"@type\":\"SearchAction\",\"target\":{\"@type\":\"EntryPoint\",\"urlTemplate\":\"https:\/\/www.cafedelhomme.com\/pt-br?s={search_term_string}\"},\"query-input\":{\"@type\":\"PropertyValueSpecification\",\"valueRequired\":true,\"valueName\":\"search_term_string\"}}],\"inLanguage\":\"pt-BR\"},{\"@type\":\"Organization\",\"@id\":\"https:\/\/www.cafedelhomme.com\/pt-br#organization\",\"name\":\"Caf\u00e9 de l'Homme\",\"url\":\"https:\/\/www.cafedelhomme.com\/pt-br\",\"logo\":{\"@type\":\"ImageObject\",\"inLanguage\":\"pt-BR\",\"@id\":\"https:\/\/www.cafedelhomme.com\/pt-br#\/schema\/logo\/image\/\",\"url\":\"https:\/\/www.cafedelhomme.com\/wp-content\/uploads\/2023\/04\/big-logo-300x163-1.png\",\"contentUrl\":\"https:\/\/www.cafedelhomme.com\/wp-content\/uploads\/2023\/04\/big-logo-300x163-1.png\",\"width\":300,\"height\":163,\"caption\":\"Caf\u00e9 de l'Homme\"},\"image\":{\"@id\":\"https:\/\/www.cafedelhomme.com\/pt-br#\/schema\/logo\/image\/\"},\"sameAs\":[\"https:\/\/www.facebook.com\/cafedelhomme\",\"https:\/\/www.instagram.com\/cafedelhomme\/\"]}]}<\/script>\n<!-- \/ Yoast SEO Premium plugin. -->","yoast_head_json":{"title":"Mapa do site - Caf\u00e9 de l'Homme","robots":{"index":"index","follow":"follow","max-snippet":"max-snippet:-1","max-image-preview":"max-image-preview:large","max-video-preview":"max-video-preview:-1"},"canonical":"https:\/\/www.cafedelhomme.com\/pt-br\/mapa-do-site","og_locale":"pt_BR","og_type":"article","og_title":"Mapa do site - Caf\u00e9 de l'Homme","og_description":"[vc_row responsive_css=&#8221;padding_top_large:40px|padding_bottom_large:40px&#8221; css=&#8221;.vc_custom_1689081358122{padding-top: 40px !important;padding-bottom: 40px !important;}&#8221;][vc_column][vc_column_text][\/vc_column_text][\/vc_column][\/vc_row]","og_url":"https:\/\/www.cafedelhomme.com\/pt-br\/mapa-do-site","og_site_name":"Caf\u00e9 de l'Homme","article_publisher":"https:\/\/www.facebook.com\/cafedelhomme","article_modified_time":"2025-03-07T09:29:45+00:00","twitter_card":"summary_large_image","schema":{"@context":"https:\/\/schema.org","@graph":[{"@type":"WebPage","@id":"https:\/\/www.cafedelhomme.com\/pt-br\/mapa-do-site","url":"https:\/\/www.cafedelhomme.com\/pt-br\/mapa-do-site","name":"Mapa do site - Caf\u00e9 de l'Homme","isPartOf":{"@id":"https:\/\/www.cafedelhomme.com\/pt-br#website"},"datePublished":"2023-07-11T13:12:58+00:00","dateModified":"2025-03-07T09:29:45+00:00","inLanguage":"pt-BR","potentialAction":[{"@type":"ReadAction","target":["https:\/\/www.cafedelhomme.com\/pt-br\/mapa-do-site"]}]},{"@type":"WebSite","@id":"https:\/\/www.cafedelhomme.com\/pt-br#website","url":"https:\/\/www.cafedelhomme.com\/pt-br","name":"Caf\u00e9 de l'Homme","description":"","publisher":{"@id":"https:\/\/www.cafedelhomme.com\/pt-br#organization"},"potentialAction":[{"@type":"SearchAction","target":{"@type":"EntryPoint","urlTemplate":"https:\/\/www.cafedelhomme.com\/pt-br?s={search_term_string}"},"query-input":{"@type":"PropertyValueSpecification","valueRequired":true,"valueName":"search_term_string"}}],"inLanguage":"pt-BR"},{"@type":"Organization","@id":"https:\/\/www.cafedelhomme.com\/pt-br#organization","name":"Caf\u00e9 de l'Homme","url":"https:\/\/www.cafedelhomme.com\/pt-br","logo":{"@type":"ImageObject","inLanguage":"pt-BR","@id":"https:\/\/www.cafedelhomme.com\/pt-br#\/schema\/logo\/image\/","url":"https:\/\/www.cafedelhomme.com\/wp-content\/uploads\/2023\/04\/big-logo-300x163-1.png","contentUrl":"https:\/\/www.cafedelhomme.com\/wp-content\/uploads\/2023\/04\/big-logo-300x163-1.png","width":300,"height":163,"caption":"Caf\u00e9 de l'Homme"},"image":{"@id":"https:\/\/www.cafedelhomme.com\/pt-br#\/schema\/logo\/image\/"},"sameAs":["https:\/\/www.facebook.com\/cafedelhomme","https:\/\/www.instagram.com\/cafedelhomme\/"]}]}},"_links":{"self":[{"href":"https:\/\/www.cafedelhomme.com\/pt-br\/wp-json\/wp\/v2\/pages\/7980","targetHints":{"allow":["GET"]}}],"collection":[{"href":"https:\/\/www.cafedelhomme.com\/pt-br\/wp-json\/wp\/v2\/pages"}],"about":[{"href":"https:\/\/www.cafedelhomme.com\/pt-br\/wp-json\/wp\/v2\/types\/page"}],"author":[{"embeddable":true,"href":"https:\/\/www.cafedelhomme.com\/pt-br\/wp-json\/wp\/v2\/users\/8"}],"replies":[{"embeddable":true,"href":"https:\/\/www.cafedelhomme.com\/pt-br\/wp-json\/wp\/v2\/comments?post=7980"}],"version-history":[{"count":1,"href":"https:\/\/www.cafedelhomme.com\/pt-br\/wp-json\/wp\/v2\/pages\/7980\/revisions"}],"predecessor-version":[{"id":7983,"href":"https:\/\/www.cafedelhomme.com\/pt-br\/wp-json\/wp\/v2\/pages\/7980\/revisions\/7983"}],"wp:attachment":[{"href":"https:\/\/www.cafedelhomme.com\/pt-br\/wp-json\/wp\/v2\/media?parent=7980"}],"curies":[{"name":"wp","href":"https:\/\/api.w.org\/{rel}","templated":true}]}}