{"id":8072,"date":"2023-05-09T14:06:35","date_gmt":"2023-05-09T12:06:35","guid":{"rendered":"https:\/\/www.cafedelhomme.com\/privatizacao-total"},"modified":"2025-03-18T09:06:54","modified_gmt":"2025-03-18T08:06:54","slug":"privatizacao-total","status":"publish","type":"page","link":"https:\/\/www.cafedelhomme.com\/pt-br\/privatizacao-total","title":{"rendered":"Privatiza\u00e7\u00e3o total"},"content":{"rendered":"<div class=\"wpb-content-wrapper\"><p>[vc_row equal_height=&#8221;yes&#8221; enable_overlay=&#8221;yes&#8221; css=&#8221;.vc_custom_1683641001854{background-image: url(https:\/\/www.cafedelhomme.com\/wp-content\/uploads\/2023\/05\/bg-privatisation-totale-page.jpg?id=966) !important;background-position: center !important;background-repeat: no-repeat !important;background-size: cover !important;}&#8221; el_class=&#8221;privatisation_totale&#8221; overlay_bg=&#8221;linear-gradient(180deg, rgba(0, 0, 0, 0) 0.9554140127388535%, rgba(0, 0, 0, 0.4) 99.68152866242038%)&#8221;][vc_column][vc_custom_heading text=&#8221;Privatiza\u00e7\u00e3o total&#8221; font_container=&#8221;tag:h2|text_align:center&#8221;][\/vc_column][\/vc_row][vc_row responsive_css=&#8221;padding_top_large:120px|padding_bottom_large:100px&#8221; el_id=&#8221;introdu\u00e7\u00e3o de migalhas&#8221; el_class=&#8221;intro&#8221; css=&#8221;.vc_custom_1683636463515{padding-top: 60px !important;padding-bottom: 50px !important;}&#8221;][vc_column align=&#8221;text-center&#8221;][vc_raw_html]W2Fkbl9icmVhZGNydW1iXQ==[\/vc_raw_html][\/vc_column][\/vc_row][vc_row el_id=&#8221;duas colunas&#8221; responsive_css=&#8221;padding_bottom_large:160px&#8221; css=&#8221;.vc_custom_1683636349178{padding-bottom: 80px !important;}&#8221;][vc_column][vc_custom_heading text=&#8221;Privatiza\u00e7\u00e3o completa do Caf\u00e9 de l&apos;Homme para uma experi\u00eancia \u00fanica&#8221;][vc_row_inner][vc_column_inner width=&#8221;1\/2&#8243; el_class=&#8221;top_column&#8221;][vc_column_text]Quando totalmente privatizado, o Caf\u00e9 de l&#8217;Homme pode acomodar at\u00e9 250 pessoas em suas diferentes \u00e1reas: sala principal, mezanino e terra\u00e7o.<br \/>\nAdequado para seus eventos, este espa\u00e7o \u00fanico de 550 m2 permitir\u00e1 que voc\u00ea contemple a Torre Eiffel, o Champ de Mars e os jardins do Trocad\u00e9ro, bem como os encantos dos monumentos parisienses.<br \/>\nEleg\u00e2ncia e design arquitet\u00f4nico s\u00e3o combinados neste estabelecimento no Palais de Chaillot. Sua ampla sala de recep\u00e7\u00e3o, decorada com paredes de cedro jateado escovado e bancos e poltronas de freixo, foi cuidadosamente reformada para garantir o seu conforto.[\/vc_column_text][\/vc_column_inner][vc_column_inner width=&#8221;1\/2&#8243; el_class=&#8221;bottom_column&#8221;][vc_column_text]O ambiente \u00e9 perfeito para jantares corporativos e confer\u00eancias de imprensa, enquanto a atmosfera \u00e9 perfeita para semin\u00e1rios, coquet\u00e9is e noites privadas. Quando o tempo est\u00e1 bom, o terra\u00e7o com vista panor\u00e2mica para a Torre Eiffel certamente encantar\u00e1 seus convidados.<br \/>\nO Caf\u00e9 de l&#8217;Homme e sua arte de entreter ajudar\u00e3o voc\u00ea a realizar seu evento sem problemas, com a cria\u00e7\u00e3o de card\u00e1pio, consultoria de sommelier, encena\u00e7\u00e3o e entretenimento&#8230;[\/vc_column_text][\/vc_column_inner][\/vc_row_inner][\/vc_column][\/vc_row][vc_row full_width=&#8221;stretch_row&#8221; gap=&#8221;0&#8243; el_id=&#8221;artigos com controle deslizante&#8221; responsive_css=&#8221;padding_bottom_large:160px&#8221; css=&#8221;.vc_custom_1683637347674{padding-bottom: 80px !important;}&#8221; el_class=&#8221;espaces-prives&#8221;][vc_column][vc_custom_heading text=&#8221;\u00c1reas inclu\u00eddas na privatiza\u00e7\u00e3o&#8221;][vc_column_text el_class=&#8221;text_slider&#8221;]Quando voc\u00ea reserva o Caf\u00e9 de l&#8217;Homme, voc\u00ea n\u00e3o reserva apenas um lugar, voc\u00ea reserva v\u00e1rios. Do charme discreto da table d&#8217;h\u00f4te ao conv\u00edvio de nossos v\u00e1rios terra\u00e7os, com um desvio para a d\u00e9cada de 1930 e o estilo Art D\u00e9co da sala de jantar privativa. Ao reservar o Caf\u00e9 de l&#8217;Homme em sua totalidade, voc\u00ea estar\u00e1 viajando pelo espa\u00e7o e pelo tempo para tornar seu evento uma experi\u00eancia inesquec\u00edvel.[\/vc_column_text][vc_basic_grid post_type=&#8221;cdh_privatisation&#8221; max_items=&#8221;6&#8243; gap=&#8221;25&#8243; item=&#8221;1019&#8243; grid_id=&#8221;vc_gid:1695994664878-795cbd3f-eec4-7&#8243; el_class=&#8221;slider-right&#8221; exclude=&#8221;1659, 1651&#8243;][\/vc_column][\/vc_row][vc_row responsive_css=&#8221;padding_bottom_large:160px&#8221; el_class=&#8221;priv_cafe_de_lhomme&#8221; css=&#8221;.vc_custom_1683639090732{padding-bottom: 80px !important;}&#8221;][vc_column][vc_custom_heading text=&#8221;Privatiza\u00e7\u00e3o do Caf\u00e9 de l&apos;Homme&#8221;][vc_column_text el_class=&#8221;bloc_option&#8221;]<\/p>\n<h3>Op\u00e7\u00e3o de coquetel de recep\u00e7\u00e3o<\/h3>\n<ul>\n<li>At\u00e9 300 pessoas no ver\u00e3o (abril a outubro), em ambientes fechados e ao ar livre.<\/li>\n<li>At\u00e9 200 pessoas durante a temporada de inverno (novembro a mar\u00e7o) em ambiente fechado, com a op\u00e7\u00e3o de usar o terra\u00e7o, dependendo do clima.<\/li>\n<\/ul>\n<h3>Op\u00e7\u00e3o de jantar sentado<\/h3>\n<ul>\n<li>At\u00e9 100 pessoas no restaurante interno<\/li>\n<li>Coquetel de aperitivo no terra\u00e7o, se o tempo permitir<\/li>\n<\/ul>\n<p>[\/vc_column_text][\/vc_column][\/vc_row][vc_row el_id=&#8221;equipamentos&#8221; css=&#8221;.vc_custom_1682603367123{padding-top: 80px !important;padding-bottom: 80px !important;background-color: #faf9f6 !important;}&#8221; responsive_css=&#8221;padding_top_large:145px|padding_bottom_large:168px&#8221;][vc_column align=&#8221;text-center&#8221;][vc_custom_heading text=&#8221;Equipamento&#8221; font_container=&#8221;tag:h2|text_align:center&#8221; css=&#8221;.vc_custom_1682089587254{margin-bottom: 80px !important;}&#8221;][vc_row_inner equal_height=&#8221;yes&#8221; el_class=&#8221;cards&#8221; responsive_css=&#8221;margin_bottom_large:88px&#8221;][vc_column_inner width=&#8221;1\/4&#8243; align=&#8221;text-center&#8221;][vc_single_image image=&#8221;241&#8243; img_size=&#8221;full&#8221; alignment=&#8221;center&#8221;][vc_custom_heading text=&#8221;Ilumina\u00e7\u00e3o&#8221; font_container=&#8221;tag:h3|text_align:center&#8221;][vc_column_text el_class=&#8221;cards_item&#8221;]Cores modulares[\/vc_column_text][\/vc_column_inner][vc_column_inner width=&#8221;1\/4&#8243;][vc_single_image image=&#8221;242&#8243; img_size=&#8221;full&#8221; alignment=&#8221;center&#8221;][vc_custom_heading text=&#8221;Sistema de som&#8221; font_container=&#8221;tag:h3|text_align:center&#8221;][vc_column_text el_class=&#8221;cards_item&#8221;]Alto-falantes e microfones[\/vc_column_text][\/vc_column_inner][vc_column_inner width=&#8221;1\/4&#8243;][vc_single_image image=&#8221;243&#8243; img_size=&#8221;full&#8221; alignment=&#8221;center&#8221;][vc_custom_heading text=&#8221;Proje\u00e7\u00e3o&#8221; font_container=&#8221;tag:h3|text_align:center&#8221;][vc_column_text el_class=&#8221;cards_item&#8221;]Telas gigantes[\/vc_column_text][\/vc_column_inner][vc_column_inner width=&#8221;1\/4&#8243;][vc_single_image image=&#8221;244&#8243; img_size=&#8221;full&#8221; alignment=&#8221;center&#8221;][vc_custom_heading text=&#8221;Internet e wi-fi&#8221; font_container=&#8221;tag:h3|text_align:center&#8221;][vc_column_text el_class=&#8221;cards_item&#8221;]Fibra de alt\u00edssima velocidade[\/vc_column_text][\/vc_column_inner][\/vc_row_inner]<a href=\"#\" class=\"btn btn-naked btn_underline open_equipement ld_button_69fa4eb622e56\">\n\t<span>\n\t\t\n\t\t\t\t\t<span class=\"btn-txt\">d\u00e9tails des \u00e9quipements.<\/span>\n\t\t\t\n\t\t\t\t<\/span>\n<\/a>\n[\/vc_column][\/vc_row][vc_row full_width=&#8221;stretch_row&#8221; equal_height=&#8221;yes&#8221; bg_position=&#8221;center center&#8221; css=&#8221;.vc_custom_1683016397706{padding-top: 80px !important;padding-bottom: 80px !important;background-image: url(https:\/\/www.cafedelhomme.com\/wp-content\/uploads\/2023\/04\/BG-1-1.jpg?id=354) !important;background-position: center !important;background-repeat: no-repeat !important;background-size: cover !important;}&#8221; el_id=&#8221;tela de imagem&#8221; responsive_css=&#8221;padding_top_large:250px|padding_bottom_large:250px&#8221;][vc_column align=&#8221;text-center&#8221;][vc_custom_heading text=&#8221;Damos vida ao seu projeto<br \/>\n&#8221; font_container=&#8221;tag:h2|text_align:center&#8221; el_class=&#8221;title mb-16&#8243;][vc_column_text el_class=&#8221;sub-title mb-40&#8243;]O Caf\u00e9 de l&#8217;Homme e sua arte de entreter ajudar\u00e3o voc\u00ea a tornar seu evento<br \/>\n\u00fanico e prestigiado.[\/vc_column_text]<a href=\"#\" class=\"btn btn-default btn-bordered border-thin btn btn-outline btn-outline-white open-contact ld_button_69fa4eb62301b\">\n\t<span>\n\t\t\n\t\t\t\t\t<span class=\"btn-txt\">Demande de devis personnalis\u00e9<\/span>\n\t\t\t\n\t\t\t\t<\/span>\n<\/a>\n[\/vc_column][\/vc_row]<\/p>\n<\/div>","protected":false},"excerpt":{"rendered":"<p>[vc_row equal_height=&#8221;yes&#8221; enable_overlay=&#8221;yes&#8221; css=&#8221;.vc_custom_1683641001854{background-image: url(https:\/\/www.cafedelhomme.com\/wp-content\/uploads\/2023\/05\/bg-privatisation-totale-page.jpg?id=966) !important;background-position: center !important;background-repeat: no-repeat !important;background-size: cover !important;}&#8221; el_class=&#8221;privatisation_totale&#8221; overlay_bg=&#8221;linear-gradient(180deg, rgba(0, 0, 0, 0) 0.9554140127388535%, rgba(0, 0, 0, 0.4) 99.68152866242038%)&#8221;][vc_column][vc_custom_heading text=&#8221;Privatiza\u00e7\u00e3o total&#8221; font_container=&#8221;tag:h2|text_align:center&#8221;][\/vc_column][\/vc_row][vc_row responsive_css=&#8221;padding_top_large:120px|padding_bottom_large:100px&#8221; el_id=&#8221;introdu\u00e7\u00e3o de migalhas&#8221; el_class=&#8221;intro&#8221; css=&#8221;.vc_custom_1683636463515{padding-top: 60px !important;padding-bottom: 50px !important;}&#8221;][vc_column align=&#8221;text-center&#8221;][vc_raw_html]W2Fkbl9icmVhZGNydW1iXQ==[\/vc_raw_html][\/vc_column][\/vc_row][vc_row el_id=&#8221;duas colunas&#8221; responsive_css=&#8221;padding_bottom_large:160px&#8221; css=&#8221;.vc_custom_1683636349178{padding-bottom: 80px !important;}&#8221;][vc_column][vc_custom_heading text=&#8221;Privatiza\u00e7\u00e3o&#8230;<\/p>\n","protected":false},"author":3,"featured_media":0,"parent":0,"menu_order":0,"comment_status":"closed","ping_status":"closed","template":"","meta":{"_acf_changed":false,"footnotes":""},"class_list":["post-8072","page","type-page","status-publish","hentry"],"acf":[],"yoast_head":"<!-- This site is optimized with the Yoast SEO Premium plugin v20.10 (Yoast SEO v27.0) - https:\/\/yoast.com\/product\/yoast-seo-premium-wordpress\/ -->\n<title>Privatiza\u00e7\u00e3o total - Caf\u00e9 de l&#039;Homme<\/title>\n<meta name=\"robots\" content=\"index, follow, max-snippet:-1, max-image-preview:large, max-video-preview:-1\" \/>\n<link rel=\"canonical\" href=\"https:\/\/www.cafedelhomme.com\/pt-br\/privatizacao-total\" \/>\n<meta property=\"og:locale\" content=\"pt_BR\" \/>\n<meta property=\"og:type\" content=\"article\" \/>\n<meta property=\"og:title\" content=\"Privatiza\u00e7\u00e3o total - Caf\u00e9 de l&#039;Homme\" \/>\n<meta property=\"og:description\" content=\"[vc_row equal_height=&#8221;yes&#8221; enable_overlay=&#8221;yes&#8221; css=&#8221;.vc_custom_1683641001854{background-image: url(https:\/\/www.cafedelhomme.com\/wp-content\/uploads\/2023\/05\/bg-privatisation-totale-page.jpg?id=966) !important;background-position: center !important;background-repeat: no-repeat !important;background-size: cover !important;}&#8221; el_class=&#8221;privatisation_totale&#8221; overlay_bg=&#8221;linear-gradient(180deg, rgba(0, 0, 0, 0) 0.9554140127388535%, rgba(0, 0, 0, 0.4) 99.68152866242038%)&#8221;][vc_column][vc_custom_heading text=&#8221;Privatiza\u00e7\u00e3o total&#8221; font_container=&#8221;tag:h2|text_align:center&#8221;][\/vc_column][\/vc_row][vc_row responsive_css=&#8221;padding_top_large:120px|padding_bottom_large:100px&#8221; el_id=&#8221;introdu\u00e7\u00e3o de migalhas&#8221; el_class=&#8221;intro&#8221; css=&#8221;.vc_custom_1683636463515{padding-top: 60px !important;padding-bottom: 50px !important;}&#8221;][vc_column align=&#8221;text-center&#8221;][vc_raw_html]W2Fkbl9icmVhZGNydW1iXQ==[\/vc_raw_html][\/vc_column][\/vc_row][vc_row el_id=&#8221;duas colunas&#8221; responsive_css=&#8221;padding_bottom_large:160px&#8221; css=&#8221;.vc_custom_1683636349178{padding-bottom: 80px !important;}&#8221;][vc_column][vc_custom_heading text=&#8221;Privatiza\u00e7\u00e3o...\" \/>\n<meta property=\"og:url\" content=\"https:\/\/www.cafedelhomme.com\/pt-br\/privatizacao-total\" \/>\n<meta property=\"og:site_name\" content=\"Caf\u00e9 de l&#039;Homme\" \/>\n<meta property=\"article:publisher\" content=\"https:\/\/www.facebook.com\/cafedelhomme\" \/>\n<meta property=\"article:modified_time\" content=\"2025-03-18T08:06:54+00:00\" \/>\n<meta name=\"twitter:card\" content=\"summary_large_image\" \/>\n<meta name=\"twitter:label1\" content=\"Est. tempo de leitura\" \/>\n\t<meta name=\"twitter:data1\" content=\"5 minutos\" \/>\n<script type=\"application\/ld+json\" class=\"yoast-schema-graph\">{\"@context\":\"https:\/\/schema.org\",\"@graph\":[{\"@type\":\"WebPage\",\"@id\":\"https:\/\/www.cafedelhomme.com\/pt-br\/privatizacao-total\",\"url\":\"https:\/\/www.cafedelhomme.com\/pt-br\/privatizacao-total\",\"name\":\"Privatiza\u00e7\u00e3o total - Caf\u00e9 de l'Homme\",\"isPartOf\":{\"@id\":\"https:\/\/www.cafedelhomme.com\/pt-br#website\"},\"datePublished\":\"2023-05-09T12:06:35+00:00\",\"dateModified\":\"2025-03-18T08:06:54+00:00\",\"inLanguage\":\"pt-BR\",\"potentialAction\":[{\"@type\":\"ReadAction\",\"target\":[\"https:\/\/www.cafedelhomme.com\/pt-br\/privatizacao-total\"]}]},{\"@type\":\"WebSite\",\"@id\":\"https:\/\/www.cafedelhomme.com\/pt-br#website\",\"url\":\"https:\/\/www.cafedelhomme.com\/pt-br\",\"name\":\"Caf\u00e9 de l'Homme\",\"description\":\"\",\"publisher\":{\"@id\":\"https:\/\/www.cafedelhomme.com\/pt-br#organization\"},\"potentialAction\":[{\"@type\":\"SearchAction\",\"target\":{\"@type\":\"EntryPoint\",\"urlTemplate\":\"https:\/\/www.cafedelhomme.com\/pt-br?s={search_term_string}\"},\"query-input\":{\"@type\":\"PropertyValueSpecification\",\"valueRequired\":true,\"valueName\":\"search_term_string\"}}],\"inLanguage\":\"pt-BR\"},{\"@type\":\"Organization\",\"@id\":\"https:\/\/www.cafedelhomme.com\/pt-br#organization\",\"name\":\"Caf\u00e9 de l'Homme\",\"url\":\"https:\/\/www.cafedelhomme.com\/pt-br\",\"logo\":{\"@type\":\"ImageObject\",\"inLanguage\":\"pt-BR\",\"@id\":\"https:\/\/www.cafedelhomme.com\/pt-br#\/schema\/logo\/image\/\",\"url\":\"https:\/\/www.cafedelhomme.com\/wp-content\/uploads\/2023\/04\/big-logo-300x163-1.png\",\"contentUrl\":\"https:\/\/www.cafedelhomme.com\/wp-content\/uploads\/2023\/04\/big-logo-300x163-1.png\",\"width\":300,\"height\":163,\"caption\":\"Caf\u00e9 de l'Homme\"},\"image\":{\"@id\":\"https:\/\/www.cafedelhomme.com\/pt-br#\/schema\/logo\/image\/\"},\"sameAs\":[\"https:\/\/www.facebook.com\/cafedelhomme\",\"https:\/\/www.instagram.com\/cafedelhomme\/\"]}]}<\/script>\n<!-- \/ Yoast SEO Premium plugin. -->","yoast_head_json":{"title":"Privatiza\u00e7\u00e3o total - Caf\u00e9 de l'Homme","robots":{"index":"index","follow":"follow","max-snippet":"max-snippet:-1","max-image-preview":"max-image-preview:large","max-video-preview":"max-video-preview:-1"},"canonical":"https:\/\/www.cafedelhomme.com\/pt-br\/privatizacao-total","og_locale":"pt_BR","og_type":"article","og_title":"Privatiza\u00e7\u00e3o total - Caf\u00e9 de l'Homme","og_description":"[vc_row equal_height=&#8221;yes&#8221; enable_overlay=&#8221;yes&#8221; css=&#8221;.vc_custom_1683641001854{background-image: url(https:\/\/www.cafedelhomme.com\/wp-content\/uploads\/2023\/05\/bg-privatisation-totale-page.jpg?id=966) !important;background-position: center !important;background-repeat: no-repeat !important;background-size: cover !important;}&#8221; el_class=&#8221;privatisation_totale&#8221; overlay_bg=&#8221;linear-gradient(180deg, rgba(0, 0, 0, 0) 0.9554140127388535%, rgba(0, 0, 0, 0.4) 99.68152866242038%)&#8221;][vc_column][vc_custom_heading text=&#8221;Privatiza\u00e7\u00e3o total&#8221; font_container=&#8221;tag:h2|text_align:center&#8221;][\/vc_column][\/vc_row][vc_row responsive_css=&#8221;padding_top_large:120px|padding_bottom_large:100px&#8221; el_id=&#8221;introdu\u00e7\u00e3o de migalhas&#8221; el_class=&#8221;intro&#8221; css=&#8221;.vc_custom_1683636463515{padding-top: 60px !important;padding-bottom: 50px !important;}&#8221;][vc_column align=&#8221;text-center&#8221;][vc_raw_html]W2Fkbl9icmVhZGNydW1iXQ==[\/vc_raw_html][\/vc_column][\/vc_row][vc_row el_id=&#8221;duas colunas&#8221; responsive_css=&#8221;padding_bottom_large:160px&#8221; css=&#8221;.vc_custom_1683636349178{padding-bottom: 80px !important;}&#8221;][vc_column][vc_custom_heading text=&#8221;Privatiza\u00e7\u00e3o...","og_url":"https:\/\/www.cafedelhomme.com\/pt-br\/privatizacao-total","og_site_name":"Caf\u00e9 de l'Homme","article_publisher":"https:\/\/www.facebook.com\/cafedelhomme","article_modified_time":"2025-03-18T08:06:54+00:00","twitter_card":"summary_large_image","twitter_misc":{"Est. tempo de leitura":"5 minutos"},"schema":{"@context":"https:\/\/schema.org","@graph":[{"@type":"WebPage","@id":"https:\/\/www.cafedelhomme.com\/pt-br\/privatizacao-total","url":"https:\/\/www.cafedelhomme.com\/pt-br\/privatizacao-total","name":"Privatiza\u00e7\u00e3o total - Caf\u00e9 de l'Homme","isPartOf":{"@id":"https:\/\/www.cafedelhomme.com\/pt-br#website"},"datePublished":"2023-05-09T12:06:35+00:00","dateModified":"2025-03-18T08:06:54+00:00","inLanguage":"pt-BR","potentialAction":[{"@type":"ReadAction","target":["https:\/\/www.cafedelhomme.com\/pt-br\/privatizacao-total"]}]},{"@type":"WebSite","@id":"https:\/\/www.cafedelhomme.com\/pt-br#website","url":"https:\/\/www.cafedelhomme.com\/pt-br","name":"Caf\u00e9 de l'Homme","description":"","publisher":{"@id":"https:\/\/www.cafedelhomme.com\/pt-br#organization"},"potentialAction":[{"@type":"SearchAction","target":{"@type":"EntryPoint","urlTemplate":"https:\/\/www.cafedelhomme.com\/pt-br?s={search_term_string}"},"query-input":{"@type":"PropertyValueSpecification","valueRequired":true,"valueName":"search_term_string"}}],"inLanguage":"pt-BR"},{"@type":"Organization","@id":"https:\/\/www.cafedelhomme.com\/pt-br#organization","name":"Caf\u00e9 de l'Homme","url":"https:\/\/www.cafedelhomme.com\/pt-br","logo":{"@type":"ImageObject","inLanguage":"pt-BR","@id":"https:\/\/www.cafedelhomme.com\/pt-br#\/schema\/logo\/image\/","url":"https:\/\/www.cafedelhomme.com\/wp-content\/uploads\/2023\/04\/big-logo-300x163-1.png","contentUrl":"https:\/\/www.cafedelhomme.com\/wp-content\/uploads\/2023\/04\/big-logo-300x163-1.png","width":300,"height":163,"caption":"Caf\u00e9 de l'Homme"},"image":{"@id":"https:\/\/www.cafedelhomme.com\/pt-br#\/schema\/logo\/image\/"},"sameAs":["https:\/\/www.facebook.com\/cafedelhomme","https:\/\/www.instagram.com\/cafedelhomme\/"]}]}},"_links":{"self":[{"href":"https:\/\/www.cafedelhomme.com\/pt-br\/wp-json\/wp\/v2\/pages\/8072","targetHints":{"allow":["GET"]}}],"collection":[{"href":"https:\/\/www.cafedelhomme.com\/pt-br\/wp-json\/wp\/v2\/pages"}],"about":[{"href":"https:\/\/www.cafedelhomme.com\/pt-br\/wp-json\/wp\/v2\/types\/page"}],"author":[{"embeddable":true,"href":"https:\/\/www.cafedelhomme.com\/pt-br\/wp-json\/wp\/v2\/users\/3"}],"replies":[{"embeddable":true,"href":"https:\/\/www.cafedelhomme.com\/pt-br\/wp-json\/wp\/v2\/comments?post=8072"}],"version-history":[{"count":10,"href":"https:\/\/www.cafedelhomme.com\/pt-br\/wp-json\/wp\/v2\/pages\/8072\/revisions"}],"predecessor-version":[{"id":8108,"href":"https:\/\/www.cafedelhomme.com\/pt-br\/wp-json\/wp\/v2\/pages\/8072\/revisions\/8108"}],"wp:attachment":[{"href":"https:\/\/www.cafedelhomme.com\/pt-br\/wp-json\/wp\/v2\/media?parent=8072"}],"curies":[{"name":"wp","href":"https:\/\/api.w.org\/{rel}","templated":true}]}}