{"id":8124,"date":"2023-04-19T16:43:14","date_gmt":"2023-04-19T14:43:14","guid":{"rendered":"https:\/\/www.cafedelhomme.com\/cookies"},"modified":"2025-03-25T11:44:48","modified_gmt":"2025-03-25T10:44:48","slug":"cookies","status":"publish","type":"page","link":"https:\/\/www.cafedelhomme.com\/pt-br\/cookies","title":{"rendered":"Cookies"},"content":{"rendered":"<div class=\"wpb-content-wrapper\"><p>[vc_row el_class=&#8221;experience-cdh&#8221; el_id=&#8221;header-cookie&#8221; css=&#8221;.vc_custom_1742898705084{background-color: #121212 !important;}&#8221;][vc_column responsive_css=&#8221;padding_top_large:220px|padding_bottom_large:220px&#8221; css=&#8221;.vc_custom_1683277774171{padding-top: 120px !important;padding-bottom: 230px !important;}&#8221;][vc_custom_heading text=&#8221;Pol\u00edtica de cookies&#8221; font_container=&#8221;tag:h1|text_align:center&#8221; el_class=&#8221;title_cookies&#8221;][vc_column_text el_class=&#8221;subtitle_cookies&#8221;]<\/p>\n<p style=\"text-align: center;\">Quando voc\u00ea acessa o site, os cookies s\u00e3o colocados no seu computador.<br \/>\nEsta se\u00e7\u00e3o oferece uma melhor compreens\u00e3o de como os cookies funcionam e como usar as ferramentas atuais para configur\u00e1-los.<\/p>\n<p>[\/vc_column_text][\/vc_column][\/vc_row][vc_row el_class=&#8221;main_cookies&#8221; responsive_css=&#8221;padding_top_large:60px|padding_bottom_large:60px&#8221; css=&#8221;.vc_custom_1686646871093{padding-top: 30px !important;padding-bottom: 30px !important;}&#8221;][vc_column][vc_custom_heading text=&#8221;O que \u00e9 um cookie?&#8221;][vc_column_text el_class=&#8221;text_cookies&#8221;]Um cookie \u00e9 um arquivo de texto que o servidor (o site) que voc\u00ea est\u00e1 visitando salva no seu disco r\u00edgido ou na mem\u00f3ria do seu navegador e que permite que seu computador armazene v\u00e1rios dados t\u00e9cnicos que possibilitam o controle geral do acesso p\u00fablico ao site (n\u00famero de visitas, frequ\u00eancia de exposi\u00e7\u00e3o a um banner de publicidade, conex\u00e3o com outros sites etc.) ou a personaliza\u00e7\u00e3o das p\u00e1ginas exibidas com vistas \u00e0s suas futuras intera\u00e7\u00f5es com este site (sua conta, sua rota etc.).[\/vc_column_text][vc_custom_heading text=&#8221;Cookies do site&#8221;][vc_column_text el_class=&#8221;text_cookies&#8221;]Esses s\u00e3o cookies colocados pelo nosso site no seu computador, tablet ou telefone celular para fins de navega\u00e7\u00e3o no nosso site.<\/p>\n<p><strong>Dados pessoais coletados automaticamente<\/strong><\/p>\n<p>Quando voc\u00ea navega neste site, seu computador se comunica com um servidor que fornece a ele todos os recursos solicitados, registrando automaticamente cada opera\u00e7\u00e3o em um arquivo espec\u00edfico no qual seu computador \u00e9 identificado pelo endere\u00e7o IP.<\/p>\n<p>Seu navegador transmite automaticamente determinados dados padr\u00e3o para n\u00f3s.<\/p>\n<p>Al\u00e9m do seu endere\u00e7o IP, isso inclui o tipo de navegador que voc\u00ea est\u00e1 usando, suas fun\u00e7\u00f5es, seu sistema operacional, a identifica\u00e7\u00e3o de quaisquer sites de terceiros (Facebook, Twitter, etc.) dos quais voc\u00ea possa ter feito login e a data e hora em que acessou o site.<\/p>\n<p>Essa coleta autom\u00e1tica nos permite monitorar a atividade geral do site, identificar erros e garantir que o site se beneficie dos recursos de hardware adequados.<\/p>\n<p>Esses dados e, em particular, seu endere\u00e7o IP, n\u00e3o nos permitem identificar voc\u00ea pelo nome, a menos que solicitemos ao seu provedor de acesso, o que s\u00f3 \u00e9 poss\u00edvel no contexto de processos judiciais.<\/p>\n<p>Como muitos sites comerciais, coletamos automaticamente informa\u00e7\u00f5es sempre que voc\u00ea visita este site (p\u00e1ginas, links, documentos consultados, n\u00famero de bytes transferidos, etc.).<\/p>\n<p>Essas informa\u00e7\u00f5es pessoais sobre voc\u00ea ajudam a facilitar a consulta a este site, evitando que voc\u00ea tenha que fornecer as mesmas informa\u00e7\u00f5es a cada visita ou personalizando seu conte\u00fado de acordo com quaisquer prefer\u00eancias ou centros de interesse que voc\u00ea possa ter expressado.<\/p>\n<p>Este site tamb\u00e9m usa cookies.<\/p>\n<p>Podemos usar cookies para registrar seu ID de usu\u00e1rio (identidade digital) a fim de facilitar suas buscas por informa\u00e7\u00f5es e suas conex\u00f5es com o site, bem como para armazenar outras informa\u00e7\u00f5es relevantes para a opera\u00e7\u00e3o de sua sess\u00e3o.<\/p>\n<p>Alguns desses cookies, em especial os relacionados \u00e0 sua visita ao site, s\u00e3o automaticamente exclu\u00eddos ao final da sess\u00e3o.<\/p>\n<p>Eles s\u00e3o mantidos dentro dos limites de tempo definidos pela CNIL para a prospec\u00e7\u00e3o de clientes e prospects.<\/p>\n<p>Por fim, outros dados s\u00e3o usados de forma agregada e, portanto, an\u00f4nima, para nos permitir melhorar a ergonomia da navega\u00e7\u00e3o e identificar os centros de interesse dos usu\u00e1rios da Internet como um todo.<\/p>\n<p>Voc\u00ea tem a liberdade de aceitar ou recusar esses cookies. Tudo o que voc\u00ea precisa fazer \u00e9 alterar algumas das configura\u00e7\u00f5es do seu navegador para recusar cookies ou para ser avisado quando um cookie estiver sendo armazenado no seu computador.<\/p>\n<p>Voc\u00ea tamb\u00e9m pode excluir os cookies armazenados no seu computador para apagar permanentemente as informa\u00e7\u00f5es que eles cont\u00eam.[\/vc_column_text][vc_custom_heading text=&#8221;Cookies de terceiros&#8221;][vc_column_text el_class=&#8221;text_cookies&#8221;]<strong>Redes sociais<\/strong><\/p>\n<p>Esses s\u00e3o cookies colocados por empresas terceirizadas. Os \u00fanicos cookies de terceiros colocados ao navegar em nosso site s\u00e3o os de redes sociais.<\/p>\n<p>Essas redes sociais usam cookies para verificar se voc\u00ea est\u00e1 conectado aos servi\u00e7os delas. Isso facilita o uso dos bot\u00f5es de compartilhamento.<\/p>\n<p><strong>Medi\u00e7\u00e3o do p\u00fablico<\/strong><\/p>\n<p>Usamos o Google Analytics para coletar informa\u00e7\u00f5es sobre como voc\u00ea usa nosso site a fim de :<\/p>\n<p>Para nos ajudar a medir e estudar a efic\u00e1cia de nosso conte\u00fado interativo on-line<br \/>\nPara rastrear dados anal\u00edticos sobre o site e o uso do site pelos usu\u00e1rios<br \/>\nPara melhorar os servi\u00e7os do site<br \/>\nO Google Analytics coleta informa\u00e7\u00f5es sobre :<\/p>\n<p>As p\u00e1ginas que voc\u00ea visita e quanto tempo passa nelas<br \/>\nA maneira como voc\u00ea chegou ao site (site de refer\u00eancia, redes sociais, mecanismo de busca etc.)<br \/>\nOs links em que voc\u00ea clica durante sua visita<br \/>\nN\u00e3o coletamos nenhuma informa\u00e7\u00e3o pessoal sobre voc\u00ea (seu nome ou endere\u00e7o, por exemplo).<\/p>\n<p>N\u00e3o autorizamos o Google Analytics a usar ou compartilhar esses dados.<\/p>\n<p>Voc\u00ea pode optar por n\u00e3o enviar informa\u00e7\u00f5es ao Google Analytics.[\/vc_column_text][vc_custom_heading text=&#8221;Gerenciar suas prefer\u00eancias&#8221;][vc_column_text el_class=&#8221;text_cookies&#8221;]Voc\u00ea tem v\u00e1rias maneiras de gerenciar cookies.<\/p>\n<p>Seu navegador tamb\u00e9m pode ser configurado para notific\u00e1-lo quando os cookies forem colocados no seu computador e pedir que voc\u00ea os aceite ou n\u00e3o.<\/p>\n<p>Voc\u00ea pode aceitar ou recusar cookies caso a caso ou recus\u00e1-los sistematicamente.<\/p>\n<p>Observe que as configura\u00e7\u00f5es que voc\u00ea faz podem afetar sua experi\u00eancia em nosso site.<\/p>\n<p>A configura\u00e7\u00e3o de cada navegador \u00e9 diferente. Ela \u00e9 descrita no menu de ajuda do seu navegador, que informar\u00e1 a voc\u00ea como modificar suas prefer\u00eancias de cookies.<\/p>\n<p>Internet Explorer\u2122: http:\/\/windows.microsoft.com\/fr-FR\/windows-vista\/Block-or-allow-cookies<br \/>\nChrome\u2122: http:\/\/support.google.com\/chrome\/bin\/answer.py?hl=fr&amp;hlrm=en&amp;answer=95647<br \/>\nFirefox\u2122: https:\/\/support.mozilla.org\/fr\/kb\/protection-renforcee-contre-pistage-firefox-ordinateur<br \/>\nPara qualquer outro navegador n\u00e3o mencionado acima, sinta-se \u00e0 vontade para consultar a ajuda de gerenciamento de cookies dispon\u00edvel na Internet.[\/vc_column_text][vc_custom_heading text=&#8221;Mensagens&#8221;][vc_column_text el_class=&#8221;text_cookies&#8221;]As mensagens enviadas pela Internet podem ser interceptadas.<br \/>\nN\u00e3o divulgue informa\u00e7\u00f5es pessoais desnecess\u00e1rias ou confidenciais. Se<br \/>\nvoc\u00ea desejar nos enviar tais informa\u00e7\u00f5es, use<br \/>\n.<\/p>\n<p>As mensagens eletr\u00f4nicas enviadas \u00e0 Caf\u00e9 de l&#8217;Homme e os endere\u00e7os eletr\u00f4nicos<br \/>\nusados nos formul\u00e1rios s\u00e3o mantidos para uso da<br \/>\npela Caf\u00e9 de l&#8217;Homme, a menos que voc\u00ea indique o contr\u00e1rio.[\/vc_column_text][vc_custom_heading text=&#8221;Formul\u00e1rios&#8221;][vc_column_text el_class=&#8221;text_cookies&#8221;]As informa\u00e7\u00f5es que voc\u00ea deve fornecer ao fazer um pedido, solicitar informa\u00e7\u00f5es, assinar o boletim informativo, etc., s\u00e3o essenciais para o processamento adequado de sua solicita\u00e7\u00e3o. A equipe do Caf\u00e9 de l&#8217;Homme \u00e9 a \u00fanica destinat\u00e1ria dessas informa\u00e7\u00f5es.[\/vc_column_text][\/vc_column][\/vc_row]<\/p>\n<\/div>","protected":false},"excerpt":{"rendered":"<p>[vc_row el_class=&#8221;experience-cdh&#8221; el_id=&#8221;header-cookie&#8221; css=&#8221;.vc_custom_1742898705084{background-color: #121212 !important;}&#8221;][vc_column responsive_css=&#8221;padding_top_large:220px|padding_bottom_large:220px&#8221; css=&#8221;.vc_custom_1683277774171{padding-top: 120px !important;padding-bottom: 230px !important;}&#8221;][vc_custom_heading text=&#8221;Pol\u00edtica de cookies&#8221; font_container=&#8221;tag:h1|text_align:center&#8221; el_class=&#8221;title_cookies&#8221;][vc_column_text el_class=&#8221;subtitle_cookies&#8221;] Quando voc\u00ea acessa o site, os cookies s\u00e3o colocados no seu computador. Esta se\u00e7\u00e3o oferece uma melhor compreens\u00e3o de como os cookies funcionam e como usar as&#8230;<\/p>\n","protected":false},"author":1,"featured_media":0,"parent":0,"menu_order":0,"comment_status":"closed","ping_status":"closed","template":"","meta":{"_acf_changed":false,"footnotes":""},"class_list":["post-8124","page","type-page","status-publish","hentry"],"acf":[],"yoast_head":"<!-- This site is optimized with the Yoast SEO Premium plugin v20.10 (Yoast SEO v27.0) - https:\/\/yoast.com\/product\/yoast-seo-premium-wordpress\/ -->\n<title>Cookies - Caf\u00e9 de l&#039;Homme<\/title>\n<meta name=\"robots\" content=\"index, follow, max-snippet:-1, max-image-preview:large, max-video-preview:-1\" \/>\n<link rel=\"canonical\" href=\"https:\/\/www.cafedelhomme.com\/pt-br\/cookies\" \/>\n<meta property=\"og:locale\" content=\"pt_BR\" \/>\n<meta property=\"og:type\" content=\"article\" \/>\n<meta property=\"og:title\" content=\"Cookies - Caf\u00e9 de l&#039;Homme\" \/>\n<meta property=\"og:description\" content=\"[vc_row el_class=&#8221;experience-cdh&#8221; el_id=&#8221;header-cookie&#8221; css=&#8221;.vc_custom_1742898705084{background-color: #121212 !important;}&#8221;][vc_column responsive_css=&#8221;padding_top_large:220px|padding_bottom_large:220px&#8221; css=&#8221;.vc_custom_1683277774171{padding-top: 120px !important;padding-bottom: 230px !important;}&#8221;][vc_custom_heading text=&#8221;Pol\u00edtica de cookies&#8221; font_container=&#8221;tag:h1|text_align:center&#8221; el_class=&#8221;title_cookies&#8221;][vc_column_text el_class=&#8221;subtitle_cookies&#8221;] Quando voc\u00ea acessa o site, os cookies s\u00e3o colocados no seu computador. Esta se\u00e7\u00e3o oferece uma melhor compreens\u00e3o de como os cookies funcionam e como usar as...\" \/>\n<meta property=\"og:url\" content=\"https:\/\/www.cafedelhomme.com\/pt-br\/cookies\" \/>\n<meta property=\"og:site_name\" content=\"Caf\u00e9 de l&#039;Homme\" \/>\n<meta property=\"article:publisher\" content=\"https:\/\/www.facebook.com\/cafedelhomme\" \/>\n<meta property=\"article:modified_time\" content=\"2025-03-25T10:44:48+00:00\" \/>\n<meta name=\"twitter:card\" content=\"summary_large_image\" \/>\n<meta name=\"twitter:label1\" content=\"Est. tempo de leitura\" \/>\n\t<meta name=\"twitter:data1\" content=\"5 minutos\" \/>\n<script type=\"application\/ld+json\" class=\"yoast-schema-graph\">{\"@context\":\"https:\/\/schema.org\",\"@graph\":[{\"@type\":\"WebPage\",\"@id\":\"https:\/\/www.cafedelhomme.com\/pt-br\/cookies\",\"url\":\"https:\/\/www.cafedelhomme.com\/pt-br\/cookies\",\"name\":\"Cookies - Caf\u00e9 de l'Homme\",\"isPartOf\":{\"@id\":\"https:\/\/www.cafedelhomme.com\/pt-br#website\"},\"datePublished\":\"2023-04-19T14:43:14+00:00\",\"dateModified\":\"2025-03-25T10:44:48+00:00\",\"inLanguage\":\"pt-BR\",\"potentialAction\":[{\"@type\":\"ReadAction\",\"target\":[\"https:\/\/www.cafedelhomme.com\/pt-br\/cookies\"]}]},{\"@type\":\"WebSite\",\"@id\":\"https:\/\/www.cafedelhomme.com\/pt-br#website\",\"url\":\"https:\/\/www.cafedelhomme.com\/pt-br\",\"name\":\"Caf\u00e9 de l'Homme\",\"description\":\"\",\"publisher\":{\"@id\":\"https:\/\/www.cafedelhomme.com\/pt-br#organization\"},\"potentialAction\":[{\"@type\":\"SearchAction\",\"target\":{\"@type\":\"EntryPoint\",\"urlTemplate\":\"https:\/\/www.cafedelhomme.com\/pt-br?s={search_term_string}\"},\"query-input\":{\"@type\":\"PropertyValueSpecification\",\"valueRequired\":true,\"valueName\":\"search_term_string\"}}],\"inLanguage\":\"pt-BR\"},{\"@type\":\"Organization\",\"@id\":\"https:\/\/www.cafedelhomme.com\/pt-br#organization\",\"name\":\"Caf\u00e9 de l'Homme\",\"url\":\"https:\/\/www.cafedelhomme.com\/pt-br\",\"logo\":{\"@type\":\"ImageObject\",\"inLanguage\":\"pt-BR\",\"@id\":\"https:\/\/www.cafedelhomme.com\/pt-br#\/schema\/logo\/image\/\",\"url\":\"https:\/\/www.cafedelhomme.com\/wp-content\/uploads\/2023\/04\/big-logo-300x163-1.png\",\"contentUrl\":\"https:\/\/www.cafedelhomme.com\/wp-content\/uploads\/2023\/04\/big-logo-300x163-1.png\",\"width\":300,\"height\":163,\"caption\":\"Caf\u00e9 de l'Homme\"},\"image\":{\"@id\":\"https:\/\/www.cafedelhomme.com\/pt-br#\/schema\/logo\/image\/\"},\"sameAs\":[\"https:\/\/www.facebook.com\/cafedelhomme\",\"https:\/\/www.instagram.com\/cafedelhomme\/\"]}]}<\/script>\n<!-- \/ Yoast SEO Premium plugin. -->","yoast_head_json":{"title":"Cookies - Caf\u00e9 de l'Homme","robots":{"index":"index","follow":"follow","max-snippet":"max-snippet:-1","max-image-preview":"max-image-preview:large","max-video-preview":"max-video-preview:-1"},"canonical":"https:\/\/www.cafedelhomme.com\/pt-br\/cookies","og_locale":"pt_BR","og_type":"article","og_title":"Cookies - Caf\u00e9 de l'Homme","og_description":"[vc_row el_class=&#8221;experience-cdh&#8221; el_id=&#8221;header-cookie&#8221; css=&#8221;.vc_custom_1742898705084{background-color: #121212 !important;}&#8221;][vc_column responsive_css=&#8221;padding_top_large:220px|padding_bottom_large:220px&#8221; css=&#8221;.vc_custom_1683277774171{padding-top: 120px !important;padding-bottom: 230px !important;}&#8221;][vc_custom_heading text=&#8221;Pol\u00edtica de cookies&#8221; font_container=&#8221;tag:h1|text_align:center&#8221; el_class=&#8221;title_cookies&#8221;][vc_column_text el_class=&#8221;subtitle_cookies&#8221;] Quando voc\u00ea acessa o site, os cookies s\u00e3o colocados no seu computador. Esta se\u00e7\u00e3o oferece uma melhor compreens\u00e3o de como os cookies funcionam e como usar as...","og_url":"https:\/\/www.cafedelhomme.com\/pt-br\/cookies","og_site_name":"Caf\u00e9 de l'Homme","article_publisher":"https:\/\/www.facebook.com\/cafedelhomme","article_modified_time":"2025-03-25T10:44:48+00:00","twitter_card":"summary_large_image","twitter_misc":{"Est. tempo de leitura":"5 minutos"},"schema":{"@context":"https:\/\/schema.org","@graph":[{"@type":"WebPage","@id":"https:\/\/www.cafedelhomme.com\/pt-br\/cookies","url":"https:\/\/www.cafedelhomme.com\/pt-br\/cookies","name":"Cookies - Caf\u00e9 de l'Homme","isPartOf":{"@id":"https:\/\/www.cafedelhomme.com\/pt-br#website"},"datePublished":"2023-04-19T14:43:14+00:00","dateModified":"2025-03-25T10:44:48+00:00","inLanguage":"pt-BR","potentialAction":[{"@type":"ReadAction","target":["https:\/\/www.cafedelhomme.com\/pt-br\/cookies"]}]},{"@type":"WebSite","@id":"https:\/\/www.cafedelhomme.com\/pt-br#website","url":"https:\/\/www.cafedelhomme.com\/pt-br","name":"Caf\u00e9 de l'Homme","description":"","publisher":{"@id":"https:\/\/www.cafedelhomme.com\/pt-br#organization"},"potentialAction":[{"@type":"SearchAction","target":{"@type":"EntryPoint","urlTemplate":"https:\/\/www.cafedelhomme.com\/pt-br?s={search_term_string}"},"query-input":{"@type":"PropertyValueSpecification","valueRequired":true,"valueName":"search_term_string"}}],"inLanguage":"pt-BR"},{"@type":"Organization","@id":"https:\/\/www.cafedelhomme.com\/pt-br#organization","name":"Caf\u00e9 de l'Homme","url":"https:\/\/www.cafedelhomme.com\/pt-br","logo":{"@type":"ImageObject","inLanguage":"pt-BR","@id":"https:\/\/www.cafedelhomme.com\/pt-br#\/schema\/logo\/image\/","url":"https:\/\/www.cafedelhomme.com\/wp-content\/uploads\/2023\/04\/big-logo-300x163-1.png","contentUrl":"https:\/\/www.cafedelhomme.com\/wp-content\/uploads\/2023\/04\/big-logo-300x163-1.png","width":300,"height":163,"caption":"Caf\u00e9 de l'Homme"},"image":{"@id":"https:\/\/www.cafedelhomme.com\/pt-br#\/schema\/logo\/image\/"},"sameAs":["https:\/\/www.facebook.com\/cafedelhomme","https:\/\/www.instagram.com\/cafedelhomme\/"]}]}},"_links":{"self":[{"href":"https:\/\/www.cafedelhomme.com\/pt-br\/wp-json\/wp\/v2\/pages\/8124","targetHints":{"allow":["GET"]}}],"collection":[{"href":"https:\/\/www.cafedelhomme.com\/pt-br\/wp-json\/wp\/v2\/pages"}],"about":[{"href":"https:\/\/www.cafedelhomme.com\/pt-br\/wp-json\/wp\/v2\/types\/page"}],"author":[{"embeddable":true,"href":"https:\/\/www.cafedelhomme.com\/pt-br\/wp-json\/wp\/v2\/users\/1"}],"replies":[{"embeddable":true,"href":"https:\/\/www.cafedelhomme.com\/pt-br\/wp-json\/wp\/v2\/comments?post=8124"}],"version-history":[{"count":3,"href":"https:\/\/www.cafedelhomme.com\/pt-br\/wp-json\/wp\/v2\/pages\/8124\/revisions"}],"predecessor-version":[{"id":9279,"href":"https:\/\/www.cafedelhomme.com\/pt-br\/wp-json\/wp\/v2\/pages\/8124\/revisions\/9279"}],"wp:attachment":[{"href":"https:\/\/www.cafedelhomme.com\/pt-br\/wp-json\/wp\/v2\/media?parent=8124"}],"curies":[{"name":"wp","href":"https:\/\/api.w.org\/{rel}","templated":true}]}}