{"id":8151,"date":"2023-06-12T10:17:42","date_gmt":"2023-06-12T08:17:42","guid":{"rendered":"https:\/\/www.cafedelhomme.com\/nossos-produtos-excepcionais"},"modified":"2025-03-18T09:47:06","modified_gmt":"2025-03-18T08:47:06","slug":"nossos-produtos-excepcionais","status":"publish","type":"page","link":"https:\/\/www.cafedelhomme.com\/pt-br\/nossos-produtos-excepcionais","title":{"rendered":"Nossos produtos excepcionais"},"content":{"rendered":"<div class=\"wpb-content-wrapper\"><p>[vc_row responsive_css=&#8221;padding_top_large:285px|padding_bottom_large:285px&#8221; el_id=&#8221;\u00edndices&#8221; css=&#8221;.vc_custom_1686558318026{padding-top: 80px !important;padding-bottom: 70px !important;}&#8221; el_class=&#8221;produits_exception&#8221;][vc_column][vc_custom_heading text=&#8221;Nossos produtos excepcionais&#8221; font_container=&#8221;tag:h1|text_align:center&#8221;][vc_row_inner][vc_column_inner el_class=&#8221;figure_description&#8221;][vc_column_text el_class=&#8221;description&#8221;]Nossos produtos s\u00e3o provenientes dos melhores fornecedores em todas as regi\u00f5es da Fran\u00e7a, e sua rastreabilidade garante um controle de qualidade perfeito durante toda a sua jornada. Assim como o local, eles criam combina\u00e7\u00f5es elegantes e equilibradas de tradi\u00e7\u00e3o e inova\u00e7\u00e3o. O Caf\u00e9 de l&#8217;Homme segue os passos da tradi\u00e7\u00e3o culin\u00e1ria francesa, respeitando cada produto de forma a honrar esse lugar m\u00e1gico e cultural.[\/vc_column_text][vc_column_text el_class=&#8221;description&#8221;]<em>&#8220;Todo homem cria sem saber, <\/em><em>Assim como voc\u00ea respira, <\/em><em>Mas o artista sente que est\u00e1 criando, <\/em><em>Seu ato envolve todo o seu ser, <\/em><em>Sua amada dor o fortalece&#8221;.<\/em>[\/vc_column_text][vc_column_text]Paul Valery[\/vc_column_text][\/vc_column_inner][\/vc_row_inner][\/vc_column][\/vc_row][vc_row el_id=&#8221;img-e-texto&#8221; responsive_css=&#8221;padding_top_large:160px|padding_bottom_large:80px&#8221; css=&#8221;.vc_custom_1682610552612{padding-bottom: 40px !important;}&#8221;][vc_column][vc_row_inner equal_height=&#8221;yes&#8221; content_placement=&#8221;middle&#8221;][vc_column_inner width=&#8221;1\/2&#8243; el_class=&#8221;picture_top&#8221;][vc_single_image image=&#8221;2037&#8243; img_size=&#8221;full&#8221;][\/vc_column_inner][vc_column_inner width=&#8221;1\/2&#8243; el_class=&#8221;text_right&#8221;][vc_custom_heading text=&#8221;Charles Heidsieck&#8221;][vc_column_text]Fundada em 1851, em Reims, essa casa produz champanhes vigorosos na mais pura tradi\u00e7\u00e3o vin\u00edcola. Charles Heidsieck cultiva um estilo original com uma personalidade ineg\u00e1vel.[\/vc_column_text]<a href=\"https:\/\/charlesheidsieck.com\/fr\" target=\"_blank\" class=\"btn btn-naked btn_underline ld_button_69ddfc30e6866\">\n\t<span>\n\t\t\n\t\t\t\t\t<span class=\"btn-txt\">d\u00e9couvrez.<\/span>\n\t\t\t\n\t\t\t\t<\/span>\n<\/a>\n[\/vc_column_inner][\/vc_row_inner][vc_row_inner equal_height=&#8221;yes&#8221; content_placement=&#8221;middle&#8221;][vc_column_inner width=&#8221;1\/2&#8243; el_class=&#8221;text_left&#8221;][vc_custom_heading text=&#8221;Casa Paris&#8221;][vc_column_text]A Maison Paris combina a experi\u00eancia de seus produtores com suas tradi\u00e7\u00f5es familiares para produzir foies gras multipremiados. A busca constante pela qualidade est\u00e1 em nosso DNA desde 1907.[\/vc_column_text]<a href=\"https:\/\/www.foiegrasmaisonparis.com\/\" target=\"_blank\" class=\"btn btn-naked btn_underline ld_button_69ddfc30e6a19\">\n\t<span>\n\t\t\n\t\t\t\t\t<span class=\"btn-txt\">d\u00e9couvrez.<\/span>\n\t\t\t\n\t\t\t\t<\/span>\n<\/a>\n[\/vc_column_inner][vc_column_inner width=&#8221;1\/2&#8243; el_class=&#8221;picture_bottom&#8221;][vc_single_image image=&#8221;2044&#8243; img_size=&#8221;full&#8221;][\/vc_column_inner][\/vc_row_inner][vc_row_inner equal_height=&#8221;yes&#8221; content_placement=&#8221;middle&#8221; el_class=&#8221;order-cat-pdts&#8221;][vc_column_inner width=&#8221;1\/2&#8243; el_class=&#8221;picture_top&#8221;][vc_single_image image=&#8221;2053&#8243; img_size=&#8221;full&#8221;][\/vc_column_inner][vc_column_inner width=&#8221;1\/2&#8243; el_class=&#8221;text_right&#8221;][vc_custom_heading text=&#8221;Grey Goose&#8221;][vc_column_text]A Grey Goose seleciona o melhor trigo franc\u00eas e \u00e1gua de nascente natural para criar uma vodca como nenhuma outra. Sua destila\u00e7\u00e3o \u00e9 controlada por um destilador mestre para revelar a ess\u00eancia de cada ingrediente.[\/vc_column_text]<a href=\"https:\/\/www.greygoose.com\/fr-fr\/\" target=\"_blank\" class=\"btn btn-naked btn_underline ld_button_69ddfc30e6b58\">\n\t<span>\n\t\t\n\t\t\t\t\t<span class=\"btn-txt\">d\u00e9couvrez.<\/span>\n\t\t\t\n\t\t\t\t<\/span>\n<\/a>\n[\/vc_column_inner][\/vc_row_inner][\/vc_column][\/vc_row]<\/p>\n<\/div>","protected":false},"excerpt":{"rendered":"<p>[vc_row responsive_css=&#8221;padding_top_large:285px|padding_bottom_large:285px&#8221; el_id=&#8221;\u00edndices&#8221; css=&#8221;.vc_custom_1686558318026{padding-top: 80px !important;padding-bottom: 70px !important;}&#8221; el_class=&#8221;produits_exception&#8221;][vc_column][vc_custom_heading text=&#8221;Nossos produtos excepcionais&#8221; font_container=&#8221;tag:h1|text_align:center&#8221;][vc_row_inner][vc_column_inner el_class=&#8221;figure_description&#8221;][vc_column_text el_class=&#8221;description&#8221;]Nossos produtos s\u00e3o provenientes dos melhores fornecedores em todas as regi\u00f5es da Fran\u00e7a, e sua rastreabilidade garante um controle de qualidade perfeito durante toda a sua jornada. Assim como o local,&#8230;<\/p>\n","protected":false},"author":3,"featured_media":0,"parent":0,"menu_order":0,"comment_status":"closed","ping_status":"closed","template":"","meta":{"_acf_changed":false,"footnotes":""},"class_list":["post-8151","page","type-page","status-publish","hentry"],"acf":[],"yoast_head":"<!-- This site is optimized with the Yoast SEO Premium plugin v20.10 (Yoast SEO v27.0) - https:\/\/yoast.com\/product\/yoast-seo-premium-wordpress\/ -->\n<title>Nossos produtos excepcionais - Caf\u00e9 de l&#039;Homme<\/title>\n<meta name=\"robots\" content=\"index, follow, max-snippet:-1, max-image-preview:large, max-video-preview:-1\" \/>\n<link rel=\"canonical\" href=\"https:\/\/www.cafedelhomme.com\/pt-br\/nossos-produtos-excepcionais\" \/>\n<meta property=\"og:locale\" content=\"pt_BR\" \/>\n<meta property=\"og:type\" content=\"article\" \/>\n<meta property=\"og:title\" content=\"Nossos produtos excepcionais - Caf\u00e9 de l&#039;Homme\" \/>\n<meta property=\"og:description\" content=\"[vc_row responsive_css=&#8221;padding_top_large:285px|padding_bottom_large:285px&#8221; el_id=&#8221;\u00edndices&#8221; css=&#8221;.vc_custom_1686558318026{padding-top: 80px !important;padding-bottom: 70px !important;}&#8221; el_class=&#8221;produits_exception&#8221;][vc_column][vc_custom_heading text=&#8221;Nossos produtos excepcionais&#8221; font_container=&#8221;tag:h1|text_align:center&#8221;][vc_row_inner][vc_column_inner el_class=&#8221;figure_description&#8221;][vc_column_text el_class=&#8221;description&#8221;]Nossos produtos s\u00e3o provenientes dos melhores fornecedores em todas as regi\u00f5es da Fran\u00e7a, e sua rastreabilidade garante um controle de qualidade perfeito durante toda a sua jornada. Assim como o local,...\" \/>\n<meta property=\"og:url\" content=\"https:\/\/www.cafedelhomme.com\/pt-br\/nossos-produtos-excepcionais\" \/>\n<meta property=\"og:site_name\" content=\"Caf\u00e9 de l&#039;Homme\" \/>\n<meta property=\"article:publisher\" content=\"https:\/\/www.facebook.com\/cafedelhomme\" \/>\n<meta property=\"article:modified_time\" content=\"2025-03-18T08:47:06+00:00\" \/>\n<meta name=\"twitter:card\" content=\"summary_large_image\" \/>\n<meta name=\"twitter:label1\" content=\"Est. tempo de leitura\" \/>\n\t<meta name=\"twitter:data1\" content=\"3 minutos\" \/>\n<script type=\"application\/ld+json\" class=\"yoast-schema-graph\">{\"@context\":\"https:\/\/schema.org\",\"@graph\":[{\"@type\":\"WebPage\",\"@id\":\"https:\/\/www.cafedelhomme.com\/pt-br\/nossos-produtos-excepcionais\",\"url\":\"https:\/\/www.cafedelhomme.com\/pt-br\/nossos-produtos-excepcionais\",\"name\":\"Nossos produtos excepcionais - Caf\u00e9 de l'Homme\",\"isPartOf\":{\"@id\":\"https:\/\/www.cafedelhomme.com\/pt-br#website\"},\"datePublished\":\"2023-06-12T08:17:42+00:00\",\"dateModified\":\"2025-03-18T08:47:06+00:00\",\"inLanguage\":\"pt-BR\",\"potentialAction\":[{\"@type\":\"ReadAction\",\"target\":[\"https:\/\/www.cafedelhomme.com\/pt-br\/nossos-produtos-excepcionais\"]}]},{\"@type\":\"WebSite\",\"@id\":\"https:\/\/www.cafedelhomme.com\/pt-br#website\",\"url\":\"https:\/\/www.cafedelhomme.com\/pt-br\",\"name\":\"Caf\u00e9 de l'Homme\",\"description\":\"\",\"publisher\":{\"@id\":\"https:\/\/www.cafedelhomme.com\/pt-br#organization\"},\"potentialAction\":[{\"@type\":\"SearchAction\",\"target\":{\"@type\":\"EntryPoint\",\"urlTemplate\":\"https:\/\/www.cafedelhomme.com\/pt-br?s={search_term_string}\"},\"query-input\":{\"@type\":\"PropertyValueSpecification\",\"valueRequired\":true,\"valueName\":\"search_term_string\"}}],\"inLanguage\":\"pt-BR\"},{\"@type\":\"Organization\",\"@id\":\"https:\/\/www.cafedelhomme.com\/pt-br#organization\",\"name\":\"Caf\u00e9 de l'Homme\",\"url\":\"https:\/\/www.cafedelhomme.com\/pt-br\",\"logo\":{\"@type\":\"ImageObject\",\"inLanguage\":\"pt-BR\",\"@id\":\"https:\/\/www.cafedelhomme.com\/pt-br#\/schema\/logo\/image\/\",\"url\":\"https:\/\/www.cafedelhomme.com\/wp-content\/uploads\/2023\/04\/big-logo-300x163-1.png\",\"contentUrl\":\"https:\/\/www.cafedelhomme.com\/wp-content\/uploads\/2023\/04\/big-logo-300x163-1.png\",\"width\":300,\"height\":163,\"caption\":\"Caf\u00e9 de l'Homme\"},\"image\":{\"@id\":\"https:\/\/www.cafedelhomme.com\/pt-br#\/schema\/logo\/image\/\"},\"sameAs\":[\"https:\/\/www.facebook.com\/cafedelhomme\",\"https:\/\/www.instagram.com\/cafedelhomme\/\"]}]}<\/script>\n<!-- \/ Yoast SEO Premium plugin. -->","yoast_head_json":{"title":"Nossos produtos excepcionais - Caf\u00e9 de l'Homme","robots":{"index":"index","follow":"follow","max-snippet":"max-snippet:-1","max-image-preview":"max-image-preview:large","max-video-preview":"max-video-preview:-1"},"canonical":"https:\/\/www.cafedelhomme.com\/pt-br\/nossos-produtos-excepcionais","og_locale":"pt_BR","og_type":"article","og_title":"Nossos produtos excepcionais - Caf\u00e9 de l'Homme","og_description":"[vc_row responsive_css=&#8221;padding_top_large:285px|padding_bottom_large:285px&#8221; el_id=&#8221;\u00edndices&#8221; css=&#8221;.vc_custom_1686558318026{padding-top: 80px !important;padding-bottom: 70px !important;}&#8221; el_class=&#8221;produits_exception&#8221;][vc_column][vc_custom_heading text=&#8221;Nossos produtos excepcionais&#8221; font_container=&#8221;tag:h1|text_align:center&#8221;][vc_row_inner][vc_column_inner el_class=&#8221;figure_description&#8221;][vc_column_text el_class=&#8221;description&#8221;]Nossos produtos s\u00e3o provenientes dos melhores fornecedores em todas as regi\u00f5es da Fran\u00e7a, e sua rastreabilidade garante um controle de qualidade perfeito durante toda a sua jornada. Assim como o local,...","og_url":"https:\/\/www.cafedelhomme.com\/pt-br\/nossos-produtos-excepcionais","og_site_name":"Caf\u00e9 de l'Homme","article_publisher":"https:\/\/www.facebook.com\/cafedelhomme","article_modified_time":"2025-03-18T08:47:06+00:00","twitter_card":"summary_large_image","twitter_misc":{"Est. tempo de leitura":"3 minutos"},"schema":{"@context":"https:\/\/schema.org","@graph":[{"@type":"WebPage","@id":"https:\/\/www.cafedelhomme.com\/pt-br\/nossos-produtos-excepcionais","url":"https:\/\/www.cafedelhomme.com\/pt-br\/nossos-produtos-excepcionais","name":"Nossos produtos excepcionais - Caf\u00e9 de l'Homme","isPartOf":{"@id":"https:\/\/www.cafedelhomme.com\/pt-br#website"},"datePublished":"2023-06-12T08:17:42+00:00","dateModified":"2025-03-18T08:47:06+00:00","inLanguage":"pt-BR","potentialAction":[{"@type":"ReadAction","target":["https:\/\/www.cafedelhomme.com\/pt-br\/nossos-produtos-excepcionais"]}]},{"@type":"WebSite","@id":"https:\/\/www.cafedelhomme.com\/pt-br#website","url":"https:\/\/www.cafedelhomme.com\/pt-br","name":"Caf\u00e9 de l'Homme","description":"","publisher":{"@id":"https:\/\/www.cafedelhomme.com\/pt-br#organization"},"potentialAction":[{"@type":"SearchAction","target":{"@type":"EntryPoint","urlTemplate":"https:\/\/www.cafedelhomme.com\/pt-br?s={search_term_string}"},"query-input":{"@type":"PropertyValueSpecification","valueRequired":true,"valueName":"search_term_string"}}],"inLanguage":"pt-BR"},{"@type":"Organization","@id":"https:\/\/www.cafedelhomme.com\/pt-br#organization","name":"Caf\u00e9 de l'Homme","url":"https:\/\/www.cafedelhomme.com\/pt-br","logo":{"@type":"ImageObject","inLanguage":"pt-BR","@id":"https:\/\/www.cafedelhomme.com\/pt-br#\/schema\/logo\/image\/","url":"https:\/\/www.cafedelhomme.com\/wp-content\/uploads\/2023\/04\/big-logo-300x163-1.png","contentUrl":"https:\/\/www.cafedelhomme.com\/wp-content\/uploads\/2023\/04\/big-logo-300x163-1.png","width":300,"height":163,"caption":"Caf\u00e9 de l'Homme"},"image":{"@id":"https:\/\/www.cafedelhomme.com\/pt-br#\/schema\/logo\/image\/"},"sameAs":["https:\/\/www.facebook.com\/cafedelhomme","https:\/\/www.instagram.com\/cafedelhomme\/"]}]}},"_links":{"self":[{"href":"https:\/\/www.cafedelhomme.com\/pt-br\/wp-json\/wp\/v2\/pages\/8151","targetHints":{"allow":["GET"]}}],"collection":[{"href":"https:\/\/www.cafedelhomme.com\/pt-br\/wp-json\/wp\/v2\/pages"}],"about":[{"href":"https:\/\/www.cafedelhomme.com\/pt-br\/wp-json\/wp\/v2\/types\/page"}],"author":[{"embeddable":true,"href":"https:\/\/www.cafedelhomme.com\/pt-br\/wp-json\/wp\/v2\/users\/3"}],"replies":[{"embeddable":true,"href":"https:\/\/www.cafedelhomme.com\/pt-br\/wp-json\/wp\/v2\/comments?post=8151"}],"version-history":[{"count":8,"href":"https:\/\/www.cafedelhomme.com\/pt-br\/wp-json\/wp\/v2\/pages\/8151\/revisions"}],"predecessor-version":[{"id":8168,"href":"https:\/\/www.cafedelhomme.com\/pt-br\/wp-json\/wp\/v2\/pages\/8151\/revisions\/8168"}],"wp:attachment":[{"href":"https:\/\/www.cafedelhomme.com\/pt-br\/wp-json\/wp\/v2\/media?parent=8151"}],"curies":[{"name":"wp","href":"https:\/\/api.w.org\/{rel}","templated":true}]}}