{"id":8409,"date":"2025-01-13T15:16:24","date_gmt":"2025-01-13T14:16:24","guid":{"rendered":"https:\/\/www.cafedelhomme.com\/informacoes-sobre-a-promocao-welcome2025"},"modified":"2025-03-18T09:54:56","modified_gmt":"2025-03-18T08:54:56","slug":"informacoes-sobre-a-promocao-welcome2025","status":"publish","type":"page","link":"https:\/\/www.cafedelhomme.com\/pt-br\/informacoes-sobre-a-promocao-welcome2025","title":{"rendered":"Informa\u00e7\u00f5es sobre a promo\u00e7\u00e3o WELCOME2025"},"content":{"rendered":"<div class=\"wpb-content-wrapper\"><p>[vc_row css=&#8221;.vc_custom_1736778282838{padding-top: 80px !important;padding-bottom: 120px !important;}&#8221; el_class=&#8221;newsletter-infos&#8221;][vc_column][vc_custom_heading text=&#8221;Informa\u00e7\u00f5es sobre a promo\u00e7\u00e3o WELCOME2025&#8243; css=&#8221;&#8221;][vc_column_text css=&#8221;&#8221;]<i data-stringify-type=\"italic\"><strong>Resumo das condi\u00e7\u00f5es<\/strong>: Oferta v\u00e1lida somente para uma refei\u00e7\u00e3o de segunda a quinta-feira em janeiro de 2025. Limitada \u00e0s primeiras 100 reservas com o c\u00f3digo &#8221; <\/i><b data-stringify-type=\"bold\"><i data-stringify-type=\"italic\">BEM-VINDO2025<\/i><\/b><i data-stringify-type=\"italic\">&#8220;. Enquanto durarem os estoques. O abuso de \u00e1lcool \u00e9 perigoso para sua sa\u00fade, portanto, consuma-o com modera\u00e7\u00e3o.  <\/i><\/p>\n<p>&nbsp;<\/p>\n<div class=\"AppleOriginalContents\">\n<blockquote>\n<div>\n<p data-sourcepos=\"19:1-19:36\"><strong>Artigo 1\u00ba. Empresa organizadora <\/strong><\/p>\n<p data-sourcepos=\"21:1-21:389\">O Caf\u00e9 de l&#8217;Homme, uma sociedade por a\u00e7\u00f5es simplificada com capital de <span class=\"numdisplay\">\u20ac 40.000,00<\/span>, registrada no RCS de Paris B 478 343 304<br \/>\nsob o n\u00famero 478343304, com sede social em 17 PL TROCADERO ET 11 NOVEMBRE 75016 PARIS (doravante denominada &#8220;Empresa Organizadora&#8221;), est\u00e1 organizando, de 13\/01\/2025 a 31\/01\/2025 inclusive, uma opera\u00e7\u00e3o promocional intitulada &#8220;WELCOME2025&#8221; (doravante denominada &#8220;Opera\u00e7\u00e3o&#8221;).<\/p>\n<p data-sourcepos=\"23:1-23:27\"><strong>Artigo 2. Participantes <\/strong><\/p>\n<p data-sourcepos=\"25:1-25:331\">A Opera\u00e7\u00e3o <span class=\"citation-0 citation-end-0\">est\u00e1 aberta a qualquer pessoa f\u00edsica maior de idade residente na Fran\u00e7a continental, excluindo os membros da equipe da Empresa Organizadora<\/span> e suas fam\u00edlias, bem como qualquer pessoa que tenha participado direta ou indiretamente da concep\u00e7\u00e3o, produ\u00e7\u00e3o ou gerenciamento da Opera\u00e7\u00e3o.<span class=\"button-container hide-from-message-actions ng-star-inserted\">   <\/span><\/p>\n<div class=\"container ng-tns-c4202831708-25 hide\">\n<div class=\"carousel-container ng-tns-c4202831708-25\">\n<div class=\"carousel-content ng-tns-c4202831708-25\">\n<div class=\"sources-carousel-source ng-tns-c4202831708-25 hide ng-star-inserted\" data-test-id=\"sources-carousel-source\"><\/div>\n<\/div>\n<\/div>\n<\/div>\n<div><\/div>\n<p data-sourcepos=\"27:1-27:41\"><strong>Artigo 3. Termos e condi\u00e7\u00f5es de participa\u00e7\u00e3o <\/strong><\/p>\n<p data-sourcepos=\"29:1-32:80\">Para participar da Opera\u00e7\u00e3o, \u00e9 necess\u00e1rio que voc\u00ea: 3.1 Fazer uma reserva para uma refei\u00e7\u00e3o no Caf\u00e9 de l&#8217;Homme para uma data entre 01\/01\/2025 e 31\/01\/2025, inclusive. 3.2. Mencionar o c\u00f3digo &#8220;WELCOME2025&#8221; no momento da reserva, seja por telefone ou no campo &#8220;Coment\u00e1rios&#8221; ou equivalente ao fazer a reserva on-line. 3.3. A reserva deve ser validada e confirmada pela Empresa Organizadora.     <\/p>\n<p data-sourcepos=\"34:1-34:46\"><strong>Artigo 4. Determina\u00e7\u00e3o de benefici\u00e1rios <\/strong><\/p>\n<p data-sourcepos=\"36:1-36:438\">Somente as primeiras 100 reservas, de no m\u00e1ximo 6 pessoas, validadas e confirmadas, respeitando as condi\u00e7\u00f5es do Artigo 3, ser\u00e3o eleg\u00edveis para a oferta. A Empresa Organizadora estabelecer\u00e1 um sistema de reservas cronol\u00f3gicas para garantir o cumprimento rigoroso desse limite. Cada reserva eleg\u00edvel ser\u00e1 marcada com um carimbo de data e hora e registrada em um arquivo dedicado, que poder\u00e1 ser consultado mediante solicita\u00e7\u00e3o da Empresa Organizadora.  <\/p>\n<\/div>\n<\/blockquote>\n<blockquote>\n<p data-sourcepos=\"38:1-38:23\"><strong>Artigo 5. Pr\u00eamio <\/strong><\/p>\n<p data-sourcepos=\"40:1-40:265\">Ser\u00e1 oferecida a cada cliente de uma reserva eleg\u00edvel, conforme definido no Artigo 4, uma (1) ta\u00e7a de champanhe Charles Heidsieck brut, servida durante sua refei\u00e7\u00e3o no Caf\u00e9 de l&#8217;Homme. O pr\u00eamio \u00e9 nominativo, intransfer\u00edvel, n\u00e3o pode ser trocado e n\u00e3o \u00e9 reembols\u00e1vel. <\/p>\n<p data-sourcepos=\"42:1-42:41\"><strong>Artigo 6. Atribui\u00e7\u00e3o do pr\u00eamio <\/strong><\/p>\n<p data-sourcepos=\"44:1-44:248\">As ta\u00e7as de champanhe ser\u00e3o servidas aos clientes das reservas eleg\u00edveis durante sua refei\u00e7\u00e3o no Caf\u00e9 de l&#8217;Homme em janeiro de 2025. A Empresa Organizadora se reserva o direito de verificar a identidade dos clientes e a validade de suas reservas. <\/p>\n<p data-sourcepos=\"46:1-46:42\"><strong>Artigo 7. Modifica\u00e7\u00e3o da opera\u00e7\u00e3o <\/strong><\/p>\n<p data-sourcepos=\"48:1-48:266\"><span class=\"citation-1\">A Empresa Organizadora <\/span><span class=\"citation-1 citation-2 citation-end-1\">se reserva o direito de encurtar, estender, modificar ou cancelar a Opera\u00e7\u00e3o em caso de for\u00e7a maior<\/span><span class=\"citation-2 citation-end-2\"> ou se circunst\u00e2ncias<\/span> excepcionais assim o exigirem, sem que sua responsabilidade seja incorrida como resultado.<\/p>\n<div class=\"container ng-tns-c4202831708-26 hide\">\n<div class=\"carousel-container ng-tns-c4202831708-26\">\n<div class=\"carousel-content ng-tns-c4202831708-26\">\n<div class=\"sources-carousel-source ng-tns-c4202831708-26 hide ng-star-inserted\" data-test-id=\"sources-carousel-source\"><\/div>\n<div class=\"sources-carousel-source ng-tns-c4202831708-26 hide ng-star-inserted\" data-test-id=\"sources-carousel-source\"><\/div>\n<\/div>\n<\/div>\n<\/div>\n<div><\/div>\n<p data-sourcepos=\"50:1-50:29\"><strong>Artigo 8. Responsabilidade civil <\/strong><\/p>\n<p data-sourcepos=\"52:1-52:202\">A Empresa Organizadora n\u00e3o poder\u00e1 ser responsabilizada por qualquer mau funcionamento da rede da Internet, das linhas telef\u00f4nicas ou do equipamento de recep\u00e7\u00e3o que impe\u00e7a o bom andamento da Opera\u00e7\u00e3o.<\/p>\n<p data-sourcepos=\"54:1-54:35\"><strong>Artigo 9. Dados pessoais <\/strong><\/p>\n<p data-sourcepos=\"56:1-56:589\">Os dados pessoais coletados como parte da Opera\u00e7\u00e3o destinam-se ao uso pela Empresa Organizadora e s\u00e3o necess\u00e1rios para levar em conta a participa\u00e7\u00e3o e conceder o pr\u00eamio. Eles ser\u00e3o processados de acordo com os regulamentos aplic\u00e1veis \u00e0 prote\u00e7\u00e3o de dados pessoais (em particular o RGPD e o   <span class=\"citation-3\">a lei francesa de prote\u00e7\u00e3o de dados de 6 de janeiro de 1978, conforme alterada). Os participantes   <\/span><span class=\"citation-3 citation-4 citation-end-3\">t\u00eam o direito de acesso, retifica\u00e7\u00e3o<\/span><span class=\"citation-4 citation-end-4\"> e exclus\u00e3o dos dados que lhes dizem respeito, que podem ser exercidos entrando em contato com<\/span> a Empresa Organizadora.<\/p>\n<p data-sourcepos=\"58:1-58:40\"><strong>Artigo 10. Aceita\u00e7\u00e3o das Regras <\/strong><\/p>\n<p data-sourcepos=\"60:1-60:202\">A participa\u00e7\u00e3o na Opera\u00e7\u00e3o implica a aceita\u00e7\u00e3o total destas regras, dispon\u00edveis no site do Caf\u00e9 de l&#8217;Homme e mediante solicita\u00e7\u00e3o \u00e0 Empresa Organizadora.<\/p>\n<p data-sourcepos=\"62:1-62:41\"><strong>Artigo 11. Lei aplic\u00e1vel e disputas <\/strong><\/p>\n<p data-sourcepos=\"64:1-64:209\">A Opera\u00e7\u00e3o e estas regras s\u00e3o regidas pela lei francesa. Na aus\u00eancia de um acordo amig\u00e1vel, qualquer disputa relacionada \u00e0 interpreta\u00e7\u00e3o ou execu\u00e7\u00e3o destas regras dever\u00e1 ser submetida aos tribunais competentes. <\/p>\n<div class=\"AppleOriginalContents\">\n<p data-sourcepos=\"66:1-66:45\"><strong>Artigo 12. Limites e estoque dispon\u00edvel <\/strong><\/p>\n<p data-sourcepos=\"68:1-68:653\">A Empresa Organizadora providenciou um estoque suficiente de ta\u00e7as de champanhe Charles Heidsieck brut para toda a dura\u00e7\u00e3o da Opera\u00e7\u00e3o. No entanto, esta oferta \u00e9 v\u00e1lida enquanto durarem os estoques. Caso o pr\u00eamio mencionado no Artigo 5 esteja em falta no estoque, fora do controle da Empresa Organizadora, esta se reserva o direito de substituir o pr\u00eamio inicialmente planejado por um pr\u00eamio de natureza e valor equivalentes ou superiores, sem que isso implique em sua responsabilidade. Nenhuma compensa\u00e7\u00e3o financeira poder\u00e1 ser reivindicada no caso de indisponibilidade do pr\u00eamio inicial.   <\/p>\n<\/div>\n<\/blockquote>\n<div class=\"AppleOriginalContents\"><img decoding=\"async\" class=\"size-full wp-image-7447 aligncenter\" src=\"https:\/\/www.cafedelhomme.com\/wp-content\/uploads\/2025\/01\/0b86456-2.jpg\" alt=\"\" width=\"1000\" height=\"156\" srcset=\"https:\/\/www.cafedelhomme.com\/wp-content\/uploads\/2025\/01\/0b86456-2.jpg 1000w, https:\/\/www.cafedelhomme.com\/wp-content\/uploads\/2025\/01\/0b86456-2-300x47.jpg 300w\" sizes=\"(max-width: 1000px) 100vw, 1000px\" \/><\/div>\n<div class=\"AppleOriginalContents\"><\/div>\n<div class=\"AppleOriginalContents\"><\/div>\n<blockquote>\n<p data-sourcepos=\"66:1-66:101\">\n<\/blockquote>\n<\/div>\n<p>[\/vc_column_text][\/vc_column][\/vc_row]<\/p>\n<\/div>","protected":false},"excerpt":{"rendered":"<p>[vc_row css=&#8221;.vc_custom_1736778282838{padding-top: 80px !important;padding-bottom: 120px !important;}&#8221; el_class=&#8221;newsletter-infos&#8221;][vc_column][vc_custom_heading text=&#8221;Informa\u00e7\u00f5es sobre a promo\u00e7\u00e3o WELCOME2025&#8243; css=&#8221;&#8221;][vc_column_text css=&#8221;&#8221;]Resumo das condi\u00e7\u00f5es: Oferta v\u00e1lida somente para uma refei\u00e7\u00e3o de segunda a quinta-feira em janeiro de 2025. Limitada \u00e0s primeiras 100 reservas com o c\u00f3digo &#8221; BEM-VINDO2025&#8220;. Enquanto durarem os estoques. O&#8230;<\/p>\n","protected":false},"author":14,"featured_media":0,"parent":0,"menu_order":0,"comment_status":"closed","ping_status":"closed","template":"","meta":{"_acf_changed":false,"footnotes":""},"class_list":["post-8409","page","type-page","status-publish","hentry"],"acf":[],"yoast_head":"<!-- This site is optimized with the Yoast SEO Premium plugin v20.10 (Yoast SEO v27.0) - https:\/\/yoast.com\/product\/yoast-seo-premium-wordpress\/ -->\n<title>Informa\u00e7\u00f5es sobre a promo\u00e7\u00e3o WELCOME2025 - Caf\u00e9 de l&#039;Homme<\/title>\n<meta name=\"robots\" content=\"noindex, nofollow\" \/>\n<meta property=\"og:locale\" content=\"pt_BR\" \/>\n<meta property=\"og:type\" content=\"article\" \/>\n<meta property=\"og:title\" content=\"Informa\u00e7\u00f5es sobre a promo\u00e7\u00e3o WELCOME2025 - Caf\u00e9 de l&#039;Homme\" \/>\n<meta property=\"og:description\" content=\"[vc_row css=&#8221;.vc_custom_1736778282838{padding-top: 80px !important;padding-bottom: 120px !important;}&#8221; el_class=&#8221;newsletter-infos&#8221;][vc_column][vc_custom_heading text=&#8221;Informa\u00e7\u00f5es sobre a promo\u00e7\u00e3o WELCOME2025&#8243; css=&#8221;&#8221;][vc_column_text css=&#8221;&#8221;]Resumo das condi\u00e7\u00f5es: Oferta v\u00e1lida somente para uma refei\u00e7\u00e3o de segunda a quinta-feira em janeiro de 2025. Limitada \u00e0s primeiras 100 reservas com o c\u00f3digo &#8221; BEM-VINDO2025&#8220;. Enquanto durarem os estoques. O...\" \/>\n<meta property=\"og:url\" content=\"https:\/\/www.cafedelhomme.com\/pt-br\/informacoes-sobre-a-promocao-welcome2025\" \/>\n<meta property=\"og:site_name\" content=\"Caf\u00e9 de l&#039;Homme\" \/>\n<meta property=\"article:publisher\" content=\"https:\/\/www.facebook.com\/cafedelhomme\" \/>\n<meta property=\"article:modified_time\" content=\"2025-03-18T08:54:56+00:00\" \/>\n<meta property=\"og:image\" content=\"https:\/\/www.cafedelhomme.com\/wp-content\/uploads\/2025\/01\/0b86456-2.jpg\" \/>\n\t<meta property=\"og:image:width\" content=\"1000\" \/>\n\t<meta property=\"og:image:height\" content=\"156\" \/>\n\t<meta property=\"og:image:type\" content=\"image\/jpeg\" \/>\n<meta name=\"twitter:card\" content=\"summary_large_image\" \/>\n<meta name=\"twitter:label1\" content=\"Est. tempo de leitura\" \/>\n\t<meta name=\"twitter:data1\" content=\"4 minutos\" \/>\n<script type=\"application\/ld+json\" class=\"yoast-schema-graph\">{\"@context\":\"https:\/\/schema.org\",\"@graph\":[{\"@type\":\"WebPage\",\"@id\":\"https:\/\/www.cafedelhomme.com\/pt-br\/informacoes-sobre-a-promocao-welcome2025\",\"url\":\"https:\/\/www.cafedelhomme.com\/pt-br\/informacoes-sobre-a-promocao-welcome2025\",\"name\":\"Informa\u00e7\u00f5es sobre a promo\u00e7\u00e3o WELCOME2025 - Caf\u00e9 de l'Homme\",\"isPartOf\":{\"@id\":\"https:\/\/www.cafedelhomme.com\/pt-br#website\"},\"primaryImageOfPage\":{\"@id\":\"https:\/\/www.cafedelhomme.com\/pt-br\/informacoes-sobre-a-promocao-welcome2025#primaryimage\"},\"image\":{\"@id\":\"https:\/\/www.cafedelhomme.com\/pt-br\/informacoes-sobre-a-promocao-welcome2025#primaryimage\"},\"thumbnailUrl\":\"https:\/\/www.cafedelhomme.com\/wp-content\/uploads\/2025\/01\/0b86456-2.jpg\",\"datePublished\":\"2025-01-13T14:16:24+00:00\",\"dateModified\":\"2025-03-18T08:54:56+00:00\",\"inLanguage\":\"pt-BR\",\"potentialAction\":[{\"@type\":\"ReadAction\",\"target\":[\"https:\/\/www.cafedelhomme.com\/pt-br\/informacoes-sobre-a-promocao-welcome2025\"]}]},{\"@type\":\"ImageObject\",\"inLanguage\":\"pt-BR\",\"@id\":\"https:\/\/www.cafedelhomme.com\/pt-br\/informacoes-sobre-a-promocao-welcome2025#primaryimage\",\"url\":\"https:\/\/www.cafedelhomme.com\/wp-content\/uploads\/2025\/01\/0b86456-2.jpg\",\"contentUrl\":\"https:\/\/www.cafedelhomme.com\/wp-content\/uploads\/2025\/01\/0b86456-2.jpg\"},{\"@type\":\"WebSite\",\"@id\":\"https:\/\/www.cafedelhomme.com\/pt-br#website\",\"url\":\"https:\/\/www.cafedelhomme.com\/pt-br\",\"name\":\"Caf\u00e9 de l'Homme\",\"description\":\"\",\"publisher\":{\"@id\":\"https:\/\/www.cafedelhomme.com\/pt-br#organization\"},\"potentialAction\":[{\"@type\":\"SearchAction\",\"target\":{\"@type\":\"EntryPoint\",\"urlTemplate\":\"https:\/\/www.cafedelhomme.com\/pt-br?s={search_term_string}\"},\"query-input\":{\"@type\":\"PropertyValueSpecification\",\"valueRequired\":true,\"valueName\":\"search_term_string\"}}],\"inLanguage\":\"pt-BR\"},{\"@type\":\"Organization\",\"@id\":\"https:\/\/www.cafedelhomme.com\/pt-br#organization\",\"name\":\"Caf\u00e9 de l'Homme\",\"url\":\"https:\/\/www.cafedelhomme.com\/pt-br\",\"logo\":{\"@type\":\"ImageObject\",\"inLanguage\":\"pt-BR\",\"@id\":\"https:\/\/www.cafedelhomme.com\/pt-br#\/schema\/logo\/image\/\",\"url\":\"https:\/\/www.cafedelhomme.com\/wp-content\/uploads\/2023\/04\/big-logo-300x163-1.png\",\"contentUrl\":\"https:\/\/www.cafedelhomme.com\/wp-content\/uploads\/2023\/04\/big-logo-300x163-1.png\",\"width\":300,\"height\":163,\"caption\":\"Caf\u00e9 de l'Homme\"},\"image\":{\"@id\":\"https:\/\/www.cafedelhomme.com\/pt-br#\/schema\/logo\/image\/\"},\"sameAs\":[\"https:\/\/www.facebook.com\/cafedelhomme\",\"https:\/\/www.instagram.com\/cafedelhomme\/\"]}]}<\/script>\n<!-- \/ Yoast SEO Premium plugin. -->","yoast_head_json":{"title":"Informa\u00e7\u00f5es sobre a promo\u00e7\u00e3o WELCOME2025 - Caf\u00e9 de l'Homme","robots":{"index":"noindex","follow":"nofollow"},"og_locale":"pt_BR","og_type":"article","og_title":"Informa\u00e7\u00f5es sobre a promo\u00e7\u00e3o WELCOME2025 - Caf\u00e9 de l'Homme","og_description":"[vc_row css=&#8221;.vc_custom_1736778282838{padding-top: 80px !important;padding-bottom: 120px !important;}&#8221; el_class=&#8221;newsletter-infos&#8221;][vc_column][vc_custom_heading text=&#8221;Informa\u00e7\u00f5es sobre a promo\u00e7\u00e3o WELCOME2025&#8243; css=&#8221;&#8221;][vc_column_text css=&#8221;&#8221;]Resumo das condi\u00e7\u00f5es: Oferta v\u00e1lida somente para uma refei\u00e7\u00e3o de segunda a quinta-feira em janeiro de 2025. Limitada \u00e0s primeiras 100 reservas com o c\u00f3digo &#8221; BEM-VINDO2025&#8220;. Enquanto durarem os estoques. O...","og_url":"https:\/\/www.cafedelhomme.com\/pt-br\/informacoes-sobre-a-promocao-welcome2025","og_site_name":"Caf\u00e9 de l'Homme","article_publisher":"https:\/\/www.facebook.com\/cafedelhomme","article_modified_time":"2025-03-18T08:54:56+00:00","og_image":[{"width":1000,"height":156,"url":"https:\/\/www.cafedelhomme.com\/wp-content\/uploads\/2025\/01\/0b86456-2.jpg","type":"image\/jpeg"}],"twitter_card":"summary_large_image","twitter_misc":{"Est. tempo de leitura":"4 minutos"},"schema":{"@context":"https:\/\/schema.org","@graph":[{"@type":"WebPage","@id":"https:\/\/www.cafedelhomme.com\/pt-br\/informacoes-sobre-a-promocao-welcome2025","url":"https:\/\/www.cafedelhomme.com\/pt-br\/informacoes-sobre-a-promocao-welcome2025","name":"Informa\u00e7\u00f5es sobre a promo\u00e7\u00e3o WELCOME2025 - Caf\u00e9 de l'Homme","isPartOf":{"@id":"https:\/\/www.cafedelhomme.com\/pt-br#website"},"primaryImageOfPage":{"@id":"https:\/\/www.cafedelhomme.com\/pt-br\/informacoes-sobre-a-promocao-welcome2025#primaryimage"},"image":{"@id":"https:\/\/www.cafedelhomme.com\/pt-br\/informacoes-sobre-a-promocao-welcome2025#primaryimage"},"thumbnailUrl":"https:\/\/www.cafedelhomme.com\/wp-content\/uploads\/2025\/01\/0b86456-2.jpg","datePublished":"2025-01-13T14:16:24+00:00","dateModified":"2025-03-18T08:54:56+00:00","inLanguage":"pt-BR","potentialAction":[{"@type":"ReadAction","target":["https:\/\/www.cafedelhomme.com\/pt-br\/informacoes-sobre-a-promocao-welcome2025"]}]},{"@type":"ImageObject","inLanguage":"pt-BR","@id":"https:\/\/www.cafedelhomme.com\/pt-br\/informacoes-sobre-a-promocao-welcome2025#primaryimage","url":"https:\/\/www.cafedelhomme.com\/wp-content\/uploads\/2025\/01\/0b86456-2.jpg","contentUrl":"https:\/\/www.cafedelhomme.com\/wp-content\/uploads\/2025\/01\/0b86456-2.jpg"},{"@type":"WebSite","@id":"https:\/\/www.cafedelhomme.com\/pt-br#website","url":"https:\/\/www.cafedelhomme.com\/pt-br","name":"Caf\u00e9 de l'Homme","description":"","publisher":{"@id":"https:\/\/www.cafedelhomme.com\/pt-br#organization"},"potentialAction":[{"@type":"SearchAction","target":{"@type":"EntryPoint","urlTemplate":"https:\/\/www.cafedelhomme.com\/pt-br?s={search_term_string}"},"query-input":{"@type":"PropertyValueSpecification","valueRequired":true,"valueName":"search_term_string"}}],"inLanguage":"pt-BR"},{"@type":"Organization","@id":"https:\/\/www.cafedelhomme.com\/pt-br#organization","name":"Caf\u00e9 de l'Homme","url":"https:\/\/www.cafedelhomme.com\/pt-br","logo":{"@type":"ImageObject","inLanguage":"pt-BR","@id":"https:\/\/www.cafedelhomme.com\/pt-br#\/schema\/logo\/image\/","url":"https:\/\/www.cafedelhomme.com\/wp-content\/uploads\/2023\/04\/big-logo-300x163-1.png","contentUrl":"https:\/\/www.cafedelhomme.com\/wp-content\/uploads\/2023\/04\/big-logo-300x163-1.png","width":300,"height":163,"caption":"Caf\u00e9 de l'Homme"},"image":{"@id":"https:\/\/www.cafedelhomme.com\/pt-br#\/schema\/logo\/image\/"},"sameAs":["https:\/\/www.facebook.com\/cafedelhomme","https:\/\/www.instagram.com\/cafedelhomme\/"]}]}},"_links":{"self":[{"href":"https:\/\/www.cafedelhomme.com\/pt-br\/wp-json\/wp\/v2\/pages\/8409","targetHints":{"allow":["GET"]}}],"collection":[{"href":"https:\/\/www.cafedelhomme.com\/pt-br\/wp-json\/wp\/v2\/pages"}],"about":[{"href":"https:\/\/www.cafedelhomme.com\/pt-br\/wp-json\/wp\/v2\/types\/page"}],"author":[{"embeddable":true,"href":"https:\/\/www.cafedelhomme.com\/pt-br\/wp-json\/wp\/v2\/users\/14"}],"replies":[{"embeddable":true,"href":"https:\/\/www.cafedelhomme.com\/pt-br\/wp-json\/wp\/v2\/comments?post=8409"}],"version-history":[{"count":6,"href":"https:\/\/www.cafedelhomme.com\/pt-br\/wp-json\/wp\/v2\/pages\/8409\/revisions"}],"predecessor-version":[{"id":8431,"href":"https:\/\/www.cafedelhomme.com\/pt-br\/wp-json\/wp\/v2\/pages\/8409\/revisions\/8431"}],"wp:attachment":[{"href":"https:\/\/www.cafedelhomme.com\/pt-br\/wp-json\/wp\/v2\/media?parent=8409"}],"curies":[{"name":"wp","href":"https:\/\/api.w.org\/{rel}","templated":true}]}}