{"id":8418,"date":"2024-12-24T14:23:58","date_gmt":"2024-12-24T13:23:58","guid":{"rendered":"https:\/\/www.cafedelhomme.com\/visita-virtual"},"modified":"2025-03-18T09:54:56","modified_gmt":"2025-03-18T08:54:56","slug":"visita-virtual","status":"publish","type":"page","link":"https:\/\/www.cafedelhomme.com\/pt-br\/visita-virtual","title":{"rendered":"Visita virtual"},"content":{"rendered":"<div class=\"wpb-content-wrapper\"><p>[vc_row full_width=&#8221;stretch_row&#8221; content_placement=&#8221;top&#8221; css=&#8221;.vc_custom_1735047650780{background-color: #000000 !important;background-position: center !important;background-repeat: no-repeat !important;background-size: cover !important;}&#8221; el_class=&#8221;vv&#8221;][vc_column][vc_raw_html css=&#8221;&#8221;]PGlmcmFtZSBzcmM9Imh0dHBzOi8vd3d3LnZpc2l0bWUzNjAuY29tL3Zpc2l0ZXMvQ0RILyIgc3R5bGU9ImJvcmRlcjowcHggI2ZmZmZmZiBub25lOyIgbmFtZT0idmlzaXRlLXZpcnR1ZWxsZSIgc2Nyb2xsaW5nPSJubyIgZnJhbWVib3JkZXI9IjEiIG1hcmdpbmhlaWdodD0iMHB4IiBtYXJnaW53aWR0aD0iMHB4IiBoZWlnaHQ9IjEwMCUiIHdpZHRoPSIxMDAlIiBhbGxvd2Z1bGxzY3JlZW49IiI+PC9pZnJhbWU+[\/vc_raw_html][\/vc_column][\/vc_row]<\/p>\n<\/div>","protected":false},"excerpt":{"rendered":"<p>[vc_row full_width=&#8221;stretch_row&#8221; content_placement=&#8221;top&#8221; css=&#8221;.vc_custom_1735047650780{background-color: #000000 !important;background-position: center !important;background-repeat: no-repeat !important;background-size: cover !important;}&#8221; el_class=&#8221;vv&#8221;][vc_column][vc_raw_html css=&#8221;&#8221;]PGlmcmFtZSBzcmM9Imh0dHBzOi8vd3d3LnZpc2l0bWUzNjAuY29tL3Zpc2l0ZXMvQ0RILyIgc3R5bGU9ImJvcmRlcjowcHggI2ZmZmZmZiBub25lOyIgbmFtZT0idmlzaXRlLXZpcnR1ZWxsZSIgc2Nyb2xsaW5nPSJubyIgZnJhbWVib3JkZXI9IjEiIG1hcmdpbmhlaWdodD0iMHB4IiBtYXJnaW53aWR0aD0iMHB4IiBoZWlnaHQ9IjEwMCUiIHdpZHRoPSIxMDAlIiBhbGxvd2Z1bGxzY3JlZW49IiI+PC9pZnJhbWU+[\/vc_raw_html][\/vc_column][\/vc_row]<\/p>\n","protected":false},"author":14,"featured_media":8419,"parent":0,"menu_order":0,"comment_status":"closed","ping_status":"closed","template":"","meta":{"_acf_changed":false,"footnotes":""},"class_list":["post-8418","page","type-page","status-publish","has-post-thumbnail","hentry"],"acf":[],"yoast_head":"<!-- This site is optimized with the Yoast SEO Premium plugin v20.10 (Yoast SEO v27.0) - https:\/\/yoast.com\/product\/yoast-seo-premium-wordpress\/ -->\n<title>Visita virtual - Caf\u00e9 de l&#039;Homme<\/title>\n<meta name=\"description\" content=\"Descubra o Caf\u00e9 de l&#039;Homme, um restaurante pr\u00f3ximo \u00e0 Torre Eiffel, localizado no Trocadero. Desfrute de um jantar ou almo\u00e7o no terra\u00e7o com uma vista deslumbrante de Paris.\" \/>\n<meta name=\"robots\" content=\"index, follow, max-snippet:-1, max-image-preview:large, max-video-preview:-1\" \/>\n<link rel=\"canonical\" href=\"https:\/\/www.cafedelhomme.com\/pt-br\/visita-virtual\" \/>\n<meta property=\"og:locale\" content=\"pt_BR\" \/>\n<meta property=\"og:type\" content=\"article\" \/>\n<meta property=\"og:title\" content=\"Visita virtual - Caf\u00e9 de l&#039;Homme\" \/>\n<meta property=\"og:description\" content=\"Descubra o melhor restaurante com terra\u00e7o em Paris 16 e aprecie a vista da Torre Eiffel em um almo\u00e7o ou jantar gourmet\" \/>\n<meta property=\"og:url\" content=\"https:\/\/www.cafedelhomme.com\/pt-br\/visita-virtual\" \/>\n<meta property=\"og:site_name\" content=\"Caf\u00e9 de l&#039;Homme\" \/>\n<meta property=\"article:publisher\" content=\"https:\/\/www.facebook.com\/cafedelhomme\" \/>\n<meta property=\"article:modified_time\" content=\"2025-03-18T08:54:56+00:00\" \/>\n<meta property=\"og:image\" content=\"https:\/\/www.cafedelhomme.com\/wp-content\/uploads\/2024\/07\/CDH_25-05-23\u00a9pmonetta-6960-1.webp\" \/>\n\t<meta property=\"og:image:width\" content=\"1280\" \/>\n\t<meta property=\"og:image:height\" content=\"1920\" \/>\n\t<meta property=\"og:image:type\" content=\"image\/webp\" \/>\n<meta name=\"twitter:card\" content=\"summary_large_image\" \/>\n<script type=\"application\/ld+json\" class=\"yoast-schema-graph\">{\"@context\":\"https:\/\/schema.org\",\"@graph\":[{\"@type\":\"WebPage\",\"@id\":\"https:\/\/www.cafedelhomme.com\/pt-br\/visita-virtual\",\"url\":\"https:\/\/www.cafedelhomme.com\/pt-br\/visita-virtual\",\"name\":\"Visita virtual - Caf\u00e9 de l'Homme\",\"isPartOf\":{\"@id\":\"https:\/\/www.cafedelhomme.com\/pt-br#website\"},\"primaryImageOfPage\":{\"@id\":\"https:\/\/www.cafedelhomme.com\/pt-br\/visita-virtual#primaryimage\"},\"image\":{\"@id\":\"https:\/\/www.cafedelhomme.com\/pt-br\/visita-virtual#primaryimage\"},\"thumbnailUrl\":\"https:\/\/www.cafedelhomme.com\/wp-content\/uploads\/2024\/07\/CDH_25-05-23\u00a9pmonetta-6960-1.webp\",\"datePublished\":\"2024-12-24T13:23:58+00:00\",\"dateModified\":\"2025-03-18T08:54:56+00:00\",\"description\":\"Descubra o Caf\u00e9 de l'Homme, um restaurante pr\u00f3ximo \u00e0 Torre Eiffel, localizado no Trocadero. Desfrute de um jantar ou almo\u00e7o no terra\u00e7o com uma vista deslumbrante de Paris.\",\"inLanguage\":\"pt-BR\",\"potentialAction\":[{\"@type\":\"ReadAction\",\"target\":[\"https:\/\/www.cafedelhomme.com\/pt-br\/visita-virtual\"]}]},{\"@type\":\"ImageObject\",\"inLanguage\":\"pt-BR\",\"@id\":\"https:\/\/www.cafedelhomme.com\/pt-br\/visita-virtual#primaryimage\",\"url\":\"https:\/\/www.cafedelhomme.com\/wp-content\/uploads\/2024\/07\/CDH_25-05-23\u00a9pmonetta-6960-1.webp\",\"contentUrl\":\"https:\/\/www.cafedelhomme.com\/wp-content\/uploads\/2024\/07\/CDH_25-05-23\u00a9pmonetta-6960-1.webp\",\"width\":1280,\"height\":1920},{\"@type\":\"WebSite\",\"@id\":\"https:\/\/www.cafedelhomme.com\/pt-br#website\",\"url\":\"https:\/\/www.cafedelhomme.com\/pt-br\",\"name\":\"Caf\u00e9 de l'Homme\",\"description\":\"\",\"publisher\":{\"@id\":\"https:\/\/www.cafedelhomme.com\/pt-br#organization\"},\"potentialAction\":[{\"@type\":\"SearchAction\",\"target\":{\"@type\":\"EntryPoint\",\"urlTemplate\":\"https:\/\/www.cafedelhomme.com\/pt-br?s={search_term_string}\"},\"query-input\":{\"@type\":\"PropertyValueSpecification\",\"valueRequired\":true,\"valueName\":\"search_term_string\"}}],\"inLanguage\":\"pt-BR\"},{\"@type\":\"Organization\",\"@id\":\"https:\/\/www.cafedelhomme.com\/pt-br#organization\",\"name\":\"Caf\u00e9 de l'Homme\",\"url\":\"https:\/\/www.cafedelhomme.com\/pt-br\",\"logo\":{\"@type\":\"ImageObject\",\"inLanguage\":\"pt-BR\",\"@id\":\"https:\/\/www.cafedelhomme.com\/pt-br#\/schema\/logo\/image\/\",\"url\":\"https:\/\/www.cafedelhomme.com\/wp-content\/uploads\/2023\/04\/big-logo-300x163-1.png\",\"contentUrl\":\"https:\/\/www.cafedelhomme.com\/wp-content\/uploads\/2023\/04\/big-logo-300x163-1.png\",\"width\":300,\"height\":163,\"caption\":\"Caf\u00e9 de l'Homme\"},\"image\":{\"@id\":\"https:\/\/www.cafedelhomme.com\/pt-br#\/schema\/logo\/image\/\"},\"sameAs\":[\"https:\/\/www.facebook.com\/cafedelhomme\",\"https:\/\/www.instagram.com\/cafedelhomme\/\"]}]}<\/script>\n<!-- \/ Yoast SEO Premium plugin. -->","yoast_head_json":{"title":"Visita virtual - Caf\u00e9 de l'Homme","description":"Descubra o Caf\u00e9 de l'Homme, um restaurante pr\u00f3ximo \u00e0 Torre Eiffel, localizado no Trocadero. Desfrute de um jantar ou almo\u00e7o no terra\u00e7o com uma vista deslumbrante de Paris.","robots":{"index":"index","follow":"follow","max-snippet":"max-snippet:-1","max-image-preview":"max-image-preview:large","max-video-preview":"max-video-preview:-1"},"canonical":"https:\/\/www.cafedelhomme.com\/pt-br\/visita-virtual","og_locale":"pt_BR","og_type":"article","og_title":"Visita virtual - Caf\u00e9 de l'Homme","og_description":"Descubra o melhor restaurante com terra\u00e7o em Paris 16 e aprecie a vista da Torre Eiffel em um almo\u00e7o ou jantar gourmet","og_url":"https:\/\/www.cafedelhomme.com\/pt-br\/visita-virtual","og_site_name":"Caf\u00e9 de l'Homme","article_publisher":"https:\/\/www.facebook.com\/cafedelhomme","article_modified_time":"2025-03-18T08:54:56+00:00","og_image":[{"width":1280,"height":1920,"url":"https:\/\/www.cafedelhomme.com\/wp-content\/uploads\/2024\/07\/CDH_25-05-23\u00a9pmonetta-6960-1.webp","type":"image\/webp"}],"twitter_card":"summary_large_image","schema":{"@context":"https:\/\/schema.org","@graph":[{"@type":"WebPage","@id":"https:\/\/www.cafedelhomme.com\/pt-br\/visita-virtual","url":"https:\/\/www.cafedelhomme.com\/pt-br\/visita-virtual","name":"Visita virtual - Caf\u00e9 de l'Homme","isPartOf":{"@id":"https:\/\/www.cafedelhomme.com\/pt-br#website"},"primaryImageOfPage":{"@id":"https:\/\/www.cafedelhomme.com\/pt-br\/visita-virtual#primaryimage"},"image":{"@id":"https:\/\/www.cafedelhomme.com\/pt-br\/visita-virtual#primaryimage"},"thumbnailUrl":"https:\/\/www.cafedelhomme.com\/wp-content\/uploads\/2024\/07\/CDH_25-05-23\u00a9pmonetta-6960-1.webp","datePublished":"2024-12-24T13:23:58+00:00","dateModified":"2025-03-18T08:54:56+00:00","description":"Descubra o Caf\u00e9 de l'Homme, um restaurante pr\u00f3ximo \u00e0 Torre Eiffel, localizado no Trocadero. Desfrute de um jantar ou almo\u00e7o no terra\u00e7o com uma vista deslumbrante de Paris.","inLanguage":"pt-BR","potentialAction":[{"@type":"ReadAction","target":["https:\/\/www.cafedelhomme.com\/pt-br\/visita-virtual"]}]},{"@type":"ImageObject","inLanguage":"pt-BR","@id":"https:\/\/www.cafedelhomme.com\/pt-br\/visita-virtual#primaryimage","url":"https:\/\/www.cafedelhomme.com\/wp-content\/uploads\/2024\/07\/CDH_25-05-23\u00a9pmonetta-6960-1.webp","contentUrl":"https:\/\/www.cafedelhomme.com\/wp-content\/uploads\/2024\/07\/CDH_25-05-23\u00a9pmonetta-6960-1.webp","width":1280,"height":1920},{"@type":"WebSite","@id":"https:\/\/www.cafedelhomme.com\/pt-br#website","url":"https:\/\/www.cafedelhomme.com\/pt-br","name":"Caf\u00e9 de l'Homme","description":"","publisher":{"@id":"https:\/\/www.cafedelhomme.com\/pt-br#organization"},"potentialAction":[{"@type":"SearchAction","target":{"@type":"EntryPoint","urlTemplate":"https:\/\/www.cafedelhomme.com\/pt-br?s={search_term_string}"},"query-input":{"@type":"PropertyValueSpecification","valueRequired":true,"valueName":"search_term_string"}}],"inLanguage":"pt-BR"},{"@type":"Organization","@id":"https:\/\/www.cafedelhomme.com\/pt-br#organization","name":"Caf\u00e9 de l'Homme","url":"https:\/\/www.cafedelhomme.com\/pt-br","logo":{"@type":"ImageObject","inLanguage":"pt-BR","@id":"https:\/\/www.cafedelhomme.com\/pt-br#\/schema\/logo\/image\/","url":"https:\/\/www.cafedelhomme.com\/wp-content\/uploads\/2023\/04\/big-logo-300x163-1.png","contentUrl":"https:\/\/www.cafedelhomme.com\/wp-content\/uploads\/2023\/04\/big-logo-300x163-1.png","width":300,"height":163,"caption":"Caf\u00e9 de l'Homme"},"image":{"@id":"https:\/\/www.cafedelhomme.com\/pt-br#\/schema\/logo\/image\/"},"sameAs":["https:\/\/www.facebook.com\/cafedelhomme","https:\/\/www.instagram.com\/cafedelhomme\/"]}]}},"_links":{"self":[{"href":"https:\/\/www.cafedelhomme.com\/pt-br\/wp-json\/wp\/v2\/pages\/8418","targetHints":{"allow":["GET"]}}],"collection":[{"href":"https:\/\/www.cafedelhomme.com\/pt-br\/wp-json\/wp\/v2\/pages"}],"about":[{"href":"https:\/\/www.cafedelhomme.com\/pt-br\/wp-json\/wp\/v2\/types\/page"}],"author":[{"embeddable":true,"href":"https:\/\/www.cafedelhomme.com\/pt-br\/wp-json\/wp\/v2\/users\/14"}],"replies":[{"embeddable":true,"href":"https:\/\/www.cafedelhomme.com\/pt-br\/wp-json\/wp\/v2\/comments?post=8418"}],"version-history":[{"count":1,"href":"https:\/\/www.cafedelhomme.com\/pt-br\/wp-json\/wp\/v2\/pages\/8418\/revisions"}],"predecessor-version":[{"id":8424,"href":"https:\/\/www.cafedelhomme.com\/pt-br\/wp-json\/wp\/v2\/pages\/8418\/revisions\/8424"}],"wp:featuredmedia":[{"embeddable":true,"href":"https:\/\/www.cafedelhomme.com\/pt-br\/wp-json\/wp\/v2\/media\/8419"}],"wp:attachment":[{"href":"https:\/\/www.cafedelhomme.com\/pt-br\/wp-json\/wp\/v2\/media?parent=8418"}],"curies":[{"name":"wp","href":"https:\/\/api.w.org\/{rel}","templated":true}]}}