{"id":9195,"date":"2023-11-17T14:40:10","date_gmt":"2023-11-17T13:40:10","guid":{"rendered":"https:\/\/www.cafedelhomme.com\/regras-de-procedimento"},"modified":"2025-03-24T10:36:14","modified_gmt":"2025-03-24T09:36:14","slug":"regras-de-procedimento","status":"publish","type":"page","link":"https:\/\/www.cafedelhomme.com\/pt-br\/regras-de-procedimento","title":{"rendered":"Regras de procedimento"},"content":{"rendered":"<div class=\"wpb-content-wrapper\"><p>[vc_row el_class=&#8221;experience-cdh&#8221; el_id=&#8221;cabe\u00e7alho-p\u00e1gina-simples&#8221; css=&#8221;.vc_custom_1686573948510{background-image: url(https:\/\/www.cafedelhomme.com\/wp-content\/uploads\/2023\/04\/bg-key-figures-scaled.jpg?id=406) !important;}&#8221;][vc_column responsive_css=&#8221;padding_top_large:220px|padding_bottom_large:220px&#8221; css=&#8221;.vc_custom_1683277774171{padding-top: 120px !important;padding-bottom: 230px !important;}&#8221;][vc_custom_heading text=&#8221;Regras do restaurante&#8221; font_container=&#8221;tag:h1|text_align:center&#8221; el_class=&#8221;title_termes_conditions&#8221;][\/vc_column][\/vc_row][vc_row el_class=&#8221;main_termes_conditions&#8221;][vc_column][vc_column_text css=&#8221;.vc_custom_1700227511041{margin-top: 50px !important;}&#8221;]Bem-vindo ao nosso estabelecimento gastron\u00f4mico, onde convidamos voc\u00ea a desfrutar de uma experi\u00eancia culin\u00e1ria excepcional. Para garantir uma atmosfera harmoniosa para todos os nossos h\u00f3spedes, leia nossas regras da casa, criadas para garantir um ambiente agrad\u00e1vel e refinado.[\/vc_column_text][vc_custom_heading text=&#8221;1. Vestimenta correta necess\u00e1ria&#8221; font_container=&#8221;tag:h3|text_align:left&#8221; css=&#8221;.vc_custom_1700226624484{margin-top: 100px !important;}&#8221;][vc_column_text]<\/p>\n<p class=\"p1\">Pedimos que voc\u00ea se vista bem e com eleg\u00e2ncia para ajudar a manter a atmosfera distinta do nosso restaurante.<\/p>\n<p>[\/vc_column_text][vc_custom_heading text=&#8221;2. Animais proibidos&#8221; font_container=&#8221;tag:h3|text_align:left&#8221; css=&#8221;.vc_custom_1700226650993{margin-top: 80px !important;}&#8221;][vc_column_text]<\/p>\n<p class=\"p1\">Para garantir o conforto e o bem-estar de todos os nossos h\u00f3spedes, n\u00e3o s\u00e3o permitidos animais de estima\u00e7\u00e3o em nosso estabelecimento. Obrigado pela sua compreens\u00e3o. <\/p>\n<p>[\/vc_column_text][vc_custom_heading text=&#8221;3. Crian\u00e7as menores de 12 anos N\u00e3o recomendado entre 12h e 17h&#8221; font_container=&#8221;tag:h3|text_align:left&#8221; css=&#8221;.vc_custom_1700226672897{margin-top: 80px !important;}&#8221;][vc_column_text]<\/p>\n<p class=\"p1\">Entre as 12h e as 17h, recomendamos que os pais escolham hor\u00e1rios mais adequados para h\u00f3spedes jovens. Isso \u00e9 para garantir a melhor experi\u00eancia poss\u00edvel para nossos clientes e para manter um ambiente descontra\u00eddo. <\/p>\n<p>[\/vc_column_text][vc_custom_heading text=&#8221;4. Crian\u00e7as menores de 16 anos N\u00e3o recomendado ap\u00f3s as 18 horas&#8221; font_container=&#8221;tag:h3|text_align:left&#8221; css=&#8221;.vc_custom_1700226701537{margin-top: 80px !important;}&#8221;][vc_column_text]<\/p>\n<div class=\"page\" title=\"P\u00e1gina 2\">\n<div class=\"layoutArea\">\n<div class=\"column\">\n<p class=\"p1\">A partir das 18h, para preservar a paz e a tranquilidade do local, aconselhamos os pais a considerar alternativas mais adequadas para crian\u00e7as menores de 16 anos. O objetivo dessa abordagem \u00e9 oferecer a todos os nossos clientes uma atmosfera na qual eles possam desfrutar de suas refei\u00e7\u00f5es com total tranquilidade. <\/p>\n<\/div>\n<\/div>\n<\/div>\n<p>[\/vc_column_text][vc_custom_heading text=&#8221;5. Uso moderado de dispositivos eletr\u00f4nicos&#8221; font_container=&#8221;tag:h3|text_align:left&#8221; css=&#8221;.vc_custom_1700226729605{margin-top: 80px !important;}&#8221;][vc_column_text]<\/p>\n<div class=\"page\" title=\"P\u00e1gina 2\">\n<div class=\"layoutArea\">\n<div class=\"column\">\n<p class=\"p1\">Incentivamos nossos h\u00f3spedes a manter uma atmosfera pac\u00edfica, limitando o uso de dispositivos eletr\u00f4nicos, como telefones celulares e tablets, principalmente nas \u00e1reas comuns.<\/p>\n<\/div>\n<\/div>\n<\/div>\n<p>[\/vc_column_text][vc_custom_heading text=&#8221;6. Respeito \u00e0 tranquilidade das instala\u00e7\u00f5es&#8221; font_container=&#8221;tag:h3|text_align:left&#8221; css=&#8221;.vc_custom_1700226763324{margin-top: 80px !important;}&#8221;][vc_column_text]<\/p>\n<div class=\"page\" title=\"P\u00e1gina 2\">\n<div class=\"layoutArea\">\n<div class=\"column\">\n<div class=\"page\" title=\"P\u00e1gina 3\">\n<div class=\"layoutArea\">\n<div class=\"column\">\n<p class=\"p1\">Pedimos aos nossos clientes que mantenham suas conversas discretas, para preservar a tranquilidade do local e garantir uma experi\u00eancia gastron\u00f4mica descontra\u00edda para todos.<\/p>\n<\/div>\n<\/div>\n<\/div>\n<\/div>\n<\/div>\n<\/div>\n<p>[\/vc_column_text][vc_custom_heading text=&#8221;7. Cancelamentos e atrasos&#8221; font_container=&#8221;tag:h3|text_align:left&#8221; css=&#8221;.vc_custom_1700227277151{margin-top: 80px !important;}&#8221;][vc_column_text]<\/p>\n<div class=\"page\" title=\"P\u00e1gina 2\">\n<div class=\"layoutArea\">\n<div class=\"column\">\n<div class=\"page\" title=\"P\u00e1gina 3\">\n<div class=\"layoutArea\">\n<div class=\"column\">\n<p class=\"p1\">Em caso de atraso, informe-nos o mais r\u00e1pido poss\u00edvel. Se voc\u00ea precisar cancelar, avise-nos com pelo menos 24 horas de anteced\u00eancia. <\/p>\n<\/div>\n<\/div>\n<\/div>\n<\/div>\n<\/div>\n<\/div>\n<p>[\/vc_column_text][vc_custom_heading text=&#8221;8. N\u00e3o fumar&#8221; font_container=&#8221;tag:h3|text_align:left&#8221; css=&#8221;.vc_custom_1700227294896{margin-top: 80px !important;}&#8221;][vc_column_text]<\/p>\n<div class=\"page\" title=\"P\u00e1gina 2\">\n<div class=\"layoutArea\">\n<div class=\"column\">\n<div class=\"page\" title=\"P\u00e1gina 3\">\n<div class=\"layoutArea\">\n<div class=\"column\">\n<div class=\"page\" title=\"P\u00e1gina 4\">\n<div class=\"layoutArea\">\n<div class=\"column\">\n<p class=\"p1\">De acordo com a legisla\u00e7\u00e3o vigente, \u00e9 estritamente proibido fumar dentro do estabelecimento. \u00c1reas externas dedicadas est\u00e3o dispon\u00edveis para fumantes <\/p>\n<\/div>\n<\/div>\n<\/div>\n<\/div>\n<\/div>\n<\/div>\n<\/div>\n<\/div>\n<\/div>\n<p>[\/vc_column_text][vc_custom_heading text=&#8221;9. Confidencialidade e privacidade&#8221; font_container=&#8221;tag:h3|text_align:left&#8221; css=&#8221;.vc_custom_1700227331848{margin-top: 80px !important;}&#8221;][vc_column_text]<\/p>\n<p class=\"p1\">Respeite a privacidade dos outros clientes, evitando qualquer intrus\u00e3o visual ou auditiva no espa\u00e7o deles. A discri\u00e7\u00e3o ajuda a manter a atmosfera exclusiva de nosso restaurante. <\/p>\n<p class=\"p1\" style=\"margin-bottom: 50px;\">Obrigado por levar em considera\u00e7\u00e3o essas regras, que foram criadas para garantir uma experi\u00eancia excepcional a todos os nossos clientes. A equipe do Caf\u00e9 de l&#8217;Homme est\u00e1 \u00e0 sua disposi\u00e7\u00e3o para qualquer solicita\u00e7\u00e3o espec\u00edfica e deseja a voc\u00ea um momento delicioso conosco. <\/p>\n<p>[\/vc_column_text][\/vc_column][\/vc_row]<\/p>\n<\/div>","protected":false},"excerpt":{"rendered":"<p>[vc_row el_class=&#8221;experience-cdh&#8221; el_id=&#8221;cabe\u00e7alho-p\u00e1gina-simples&#8221; css=&#8221;.vc_custom_1686573948510{background-image: url(https:\/\/www.cafedelhomme.com\/wp-content\/uploads\/2023\/04\/bg-key-figures-scaled.jpg?id=406) !important;}&#8221;][vc_column responsive_css=&#8221;padding_top_large:220px|padding_bottom_large:220px&#8221; css=&#8221;.vc_custom_1683277774171{padding-top: 120px !important;padding-bottom: 230px !important;}&#8221;][vc_custom_heading text=&#8221;Regras do restaurante&#8221; font_container=&#8221;tag:h1|text_align:center&#8221; el_class=&#8221;title_termes_conditions&#8221;][\/vc_column][\/vc_row][vc_row el_class=&#8221;main_termes_conditions&#8221;][vc_column][vc_column_text css=&#8221;.vc_custom_1700227511041{margin-top: 50px !important;}&#8221;]Bem-vindo ao nosso estabelecimento gastron\u00f4mico, onde convidamos voc\u00ea a desfrutar de uma experi\u00eancia culin\u00e1ria excepcional. Para garantir uma atmosfera harmoniosa para todos os nossos h\u00f3spedes,&#8230;<\/p>\n","protected":false},"author":1,"featured_media":0,"parent":0,"menu_order":0,"comment_status":"closed","ping_status":"closed","template":"","meta":{"_acf_changed":false,"footnotes":""},"class_list":["post-9195","page","type-page","status-publish","hentry"],"acf":[],"yoast_head":"<!-- This site is optimized with the Yoast SEO Premium plugin v20.10 (Yoast SEO v27.0) - https:\/\/yoast.com\/product\/yoast-seo-premium-wordpress\/ -->\n<title>Regras de procedimento - Caf\u00e9 de l&#039;Homme<\/title>\n<meta name=\"robots\" content=\"index, follow, max-snippet:-1, max-image-preview:large, max-video-preview:-1\" \/>\n<link rel=\"canonical\" href=\"https:\/\/www.cafedelhomme.com\/pt-br\/regras-de-procedimento\" \/>\n<meta property=\"og:locale\" content=\"pt_BR\" \/>\n<meta property=\"og:type\" content=\"article\" \/>\n<meta property=\"og:title\" content=\"Regras de procedimento - Caf\u00e9 de l&#039;Homme\" \/>\n<meta property=\"og:description\" content=\"[vc_row el_class=&#8221;experience-cdh&#8221; el_id=&#8221;cabe\u00e7alho-p\u00e1gina-simples&#8221; css=&#8221;.vc_custom_1686573948510{background-image: url(https:\/\/www.cafedelhomme.com\/wp-content\/uploads\/2023\/04\/bg-key-figures-scaled.jpg?id=406) !important;}&#8221;][vc_column responsive_css=&#8221;padding_top_large:220px|padding_bottom_large:220px&#8221; css=&#8221;.vc_custom_1683277774171{padding-top: 120px !important;padding-bottom: 230px !important;}&#8221;][vc_custom_heading text=&#8221;Regras do restaurante&#8221; font_container=&#8221;tag:h1|text_align:center&#8221; el_class=&#8221;title_termes_conditions&#8221;][\/vc_column][\/vc_row][vc_row el_class=&#8221;main_termes_conditions&#8221;][vc_column][vc_column_text css=&#8221;.vc_custom_1700227511041{margin-top: 50px !important;}&#8221;]Bem-vindo ao nosso estabelecimento gastron\u00f4mico, onde convidamos voc\u00ea a desfrutar de uma experi\u00eancia culin\u00e1ria excepcional. Para garantir uma atmosfera harmoniosa para todos os nossos h\u00f3spedes,...\" \/>\n<meta property=\"og:url\" content=\"https:\/\/www.cafedelhomme.com\/pt-br\/regras-de-procedimento\" \/>\n<meta property=\"og:site_name\" content=\"Caf\u00e9 de l&#039;Homme\" \/>\n<meta property=\"article:publisher\" content=\"https:\/\/www.facebook.com\/cafedelhomme\" \/>\n<meta property=\"article:modified_time\" content=\"2025-03-24T09:36:14+00:00\" \/>\n<meta name=\"twitter:card\" content=\"summary_large_image\" \/>\n<meta name=\"twitter:label1\" content=\"Est. tempo de leitura\" \/>\n\t<meta name=\"twitter:data1\" content=\"4 minutos\" \/>\n<script type=\"application\/ld+json\" class=\"yoast-schema-graph\">{\"@context\":\"https:\/\/schema.org\",\"@graph\":[{\"@type\":\"WebPage\",\"@id\":\"https:\/\/www.cafedelhomme.com\/pt-br\/regras-de-procedimento\",\"url\":\"https:\/\/www.cafedelhomme.com\/pt-br\/regras-de-procedimento\",\"name\":\"Regras de procedimento - Caf\u00e9 de l'Homme\",\"isPartOf\":{\"@id\":\"https:\/\/www.cafedelhomme.com\/pt-br#website\"},\"datePublished\":\"2023-11-17T13:40:10+00:00\",\"dateModified\":\"2025-03-24T09:36:14+00:00\",\"inLanguage\":\"pt-BR\",\"potentialAction\":[{\"@type\":\"ReadAction\",\"target\":[\"https:\/\/www.cafedelhomme.com\/pt-br\/regras-de-procedimento\"]}]},{\"@type\":\"WebSite\",\"@id\":\"https:\/\/www.cafedelhomme.com\/pt-br#website\",\"url\":\"https:\/\/www.cafedelhomme.com\/pt-br\",\"name\":\"Caf\u00e9 de l'Homme\",\"description\":\"\",\"publisher\":{\"@id\":\"https:\/\/www.cafedelhomme.com\/pt-br#organization\"},\"potentialAction\":[{\"@type\":\"SearchAction\",\"target\":{\"@type\":\"EntryPoint\",\"urlTemplate\":\"https:\/\/www.cafedelhomme.com\/pt-br?s={search_term_string}\"},\"query-input\":{\"@type\":\"PropertyValueSpecification\",\"valueRequired\":true,\"valueName\":\"search_term_string\"}}],\"inLanguage\":\"pt-BR\"},{\"@type\":\"Organization\",\"@id\":\"https:\/\/www.cafedelhomme.com\/pt-br#organization\",\"name\":\"Caf\u00e9 de l'Homme\",\"url\":\"https:\/\/www.cafedelhomme.com\/pt-br\",\"logo\":{\"@type\":\"ImageObject\",\"inLanguage\":\"pt-BR\",\"@id\":\"https:\/\/www.cafedelhomme.com\/pt-br#\/schema\/logo\/image\/\",\"url\":\"https:\/\/www.cafedelhomme.com\/wp-content\/uploads\/2023\/04\/big-logo-300x163-1.png\",\"contentUrl\":\"https:\/\/www.cafedelhomme.com\/wp-content\/uploads\/2023\/04\/big-logo-300x163-1.png\",\"width\":300,\"height\":163,\"caption\":\"Caf\u00e9 de l'Homme\"},\"image\":{\"@id\":\"https:\/\/www.cafedelhomme.com\/pt-br#\/schema\/logo\/image\/\"},\"sameAs\":[\"https:\/\/www.facebook.com\/cafedelhomme\",\"https:\/\/www.instagram.com\/cafedelhomme\/\"]}]}<\/script>\n<!-- \/ Yoast SEO Premium plugin. -->","yoast_head_json":{"title":"Regras de procedimento - Caf\u00e9 de l'Homme","robots":{"index":"index","follow":"follow","max-snippet":"max-snippet:-1","max-image-preview":"max-image-preview:large","max-video-preview":"max-video-preview:-1"},"canonical":"https:\/\/www.cafedelhomme.com\/pt-br\/regras-de-procedimento","og_locale":"pt_BR","og_type":"article","og_title":"Regras de procedimento - Caf\u00e9 de l'Homme","og_description":"[vc_row el_class=&#8221;experience-cdh&#8221; el_id=&#8221;cabe\u00e7alho-p\u00e1gina-simples&#8221; css=&#8221;.vc_custom_1686573948510{background-image: url(https:\/\/www.cafedelhomme.com\/wp-content\/uploads\/2023\/04\/bg-key-figures-scaled.jpg?id=406) !important;}&#8221;][vc_column responsive_css=&#8221;padding_top_large:220px|padding_bottom_large:220px&#8221; css=&#8221;.vc_custom_1683277774171{padding-top: 120px !important;padding-bottom: 230px !important;}&#8221;][vc_custom_heading text=&#8221;Regras do restaurante&#8221; font_container=&#8221;tag:h1|text_align:center&#8221; el_class=&#8221;title_termes_conditions&#8221;][\/vc_column][\/vc_row][vc_row el_class=&#8221;main_termes_conditions&#8221;][vc_column][vc_column_text css=&#8221;.vc_custom_1700227511041{margin-top: 50px !important;}&#8221;]Bem-vindo ao nosso estabelecimento gastron\u00f4mico, onde convidamos voc\u00ea a desfrutar de uma experi\u00eancia culin\u00e1ria excepcional. Para garantir uma atmosfera harmoniosa para todos os nossos h\u00f3spedes,...","og_url":"https:\/\/www.cafedelhomme.com\/pt-br\/regras-de-procedimento","og_site_name":"Caf\u00e9 de l'Homme","article_publisher":"https:\/\/www.facebook.com\/cafedelhomme","article_modified_time":"2025-03-24T09:36:14+00:00","twitter_card":"summary_large_image","twitter_misc":{"Est. tempo de leitura":"4 minutos"},"schema":{"@context":"https:\/\/schema.org","@graph":[{"@type":"WebPage","@id":"https:\/\/www.cafedelhomme.com\/pt-br\/regras-de-procedimento","url":"https:\/\/www.cafedelhomme.com\/pt-br\/regras-de-procedimento","name":"Regras de procedimento - Caf\u00e9 de l'Homme","isPartOf":{"@id":"https:\/\/www.cafedelhomme.com\/pt-br#website"},"datePublished":"2023-11-17T13:40:10+00:00","dateModified":"2025-03-24T09:36:14+00:00","inLanguage":"pt-BR","potentialAction":[{"@type":"ReadAction","target":["https:\/\/www.cafedelhomme.com\/pt-br\/regras-de-procedimento"]}]},{"@type":"WebSite","@id":"https:\/\/www.cafedelhomme.com\/pt-br#website","url":"https:\/\/www.cafedelhomme.com\/pt-br","name":"Caf\u00e9 de l'Homme","description":"","publisher":{"@id":"https:\/\/www.cafedelhomme.com\/pt-br#organization"},"potentialAction":[{"@type":"SearchAction","target":{"@type":"EntryPoint","urlTemplate":"https:\/\/www.cafedelhomme.com\/pt-br?s={search_term_string}"},"query-input":{"@type":"PropertyValueSpecification","valueRequired":true,"valueName":"search_term_string"}}],"inLanguage":"pt-BR"},{"@type":"Organization","@id":"https:\/\/www.cafedelhomme.com\/pt-br#organization","name":"Caf\u00e9 de l'Homme","url":"https:\/\/www.cafedelhomme.com\/pt-br","logo":{"@type":"ImageObject","inLanguage":"pt-BR","@id":"https:\/\/www.cafedelhomme.com\/pt-br#\/schema\/logo\/image\/","url":"https:\/\/www.cafedelhomme.com\/wp-content\/uploads\/2023\/04\/big-logo-300x163-1.png","contentUrl":"https:\/\/www.cafedelhomme.com\/wp-content\/uploads\/2023\/04\/big-logo-300x163-1.png","width":300,"height":163,"caption":"Caf\u00e9 de l'Homme"},"image":{"@id":"https:\/\/www.cafedelhomme.com\/pt-br#\/schema\/logo\/image\/"},"sameAs":["https:\/\/www.facebook.com\/cafedelhomme","https:\/\/www.instagram.com\/cafedelhomme\/"]}]}},"_links":{"self":[{"href":"https:\/\/www.cafedelhomme.com\/pt-br\/wp-json\/wp\/v2\/pages\/9195","targetHints":{"allow":["GET"]}}],"collection":[{"href":"https:\/\/www.cafedelhomme.com\/pt-br\/wp-json\/wp\/v2\/pages"}],"about":[{"href":"https:\/\/www.cafedelhomme.com\/pt-br\/wp-json\/wp\/v2\/types\/page"}],"author":[{"embeddable":true,"href":"https:\/\/www.cafedelhomme.com\/pt-br\/wp-json\/wp\/v2\/users\/1"}],"replies":[{"embeddable":true,"href":"https:\/\/www.cafedelhomme.com\/pt-br\/wp-json\/wp\/v2\/comments?post=9195"}],"version-history":[{"count":1,"href":"https:\/\/www.cafedelhomme.com\/pt-br\/wp-json\/wp\/v2\/pages\/9195\/revisions"}],"predecessor-version":[{"id":9198,"href":"https:\/\/www.cafedelhomme.com\/pt-br\/wp-json\/wp\/v2\/pages\/9195\/revisions\/9198"}],"wp:attachment":[{"href":"https:\/\/www.cafedelhomme.com\/pt-br\/wp-json\/wp\/v2\/media?parent=9195"}],"curies":[{"name":"wp","href":"https:\/\/api.w.org\/{rel}","templated":true}]}}